{"id":9903,"date":"2021-10-20T08:49:12","date_gmt":"2021-10-20T06:49:13","guid":{"rendered":"http:\/\/maquinser.com\/?post_type=product&#038;p=9903"},"modified":"2023-05-10T16:55:45","modified_gmt":"2023-05-10T14:55:45","slug":"matsuura-mx-420-pc10","status":"publish","type":"product","link":"https:\/\/maquinser.com\/pt-pt\/produto\/matsuura-mx-420-pc10\/","title":{"rendered":"Matsuura MX-420 PC10"},"content":{"rendered":"[vc_row][vc_column][vc_column_text]O centro de maquina\u00e7\u00e3o vertical de 5 eixos MX-420 PC10 da Matsuura consegue uma grande \u00e1rea de trabalho com uma pequena \u00e1rea de ocupa\u00e7\u00e3o. Com uma \u00e1rea de trabalho maior: D 420 x H 300 mm (aumento de 90 mm no di\u00e2metro em compara\u00e7\u00e3o com o D 330 x H 300 mm do MX-330 PC10), o MX-420 PC10 pode maquinar uma maior variedade de pe\u00e7as, poupando espa\u00e7o nas instala\u00e7\u00f5es do cliente.<\/p>\n<p>Herdando os conceitos b\u00e1sicos de &#8220;Seguran\u00e7a&#8221; e &#8220;Facilidade de Utiliza\u00e7\u00e3o&#8221; da s\u00e9rie MX, o centro MX-420 PC10 apresenta uma &#8220;Fun\u00e7\u00e3o de Monitoriza\u00e7\u00e3o do Estado de Funcionamento&#8221; normalizada para apresentar o estado de funcionamento no ecr\u00e3 NC como suporte IoT. Opcionalmente, pode enviar dados de funcionamento da m\u00e1quina para um sistema anfitri\u00e3o utilizando um protocolo de comunica\u00e7\u00e3o aberto, &#8220;MTConnect&#8221;, concebido para m\u00e1quinas-ferramentas.<\/p>\n<p>O MX-420 PC10 inclui a normaliza\u00e7\u00e3o do sistema de paletes (PC10) para suportar o funcionamento aut\u00f3nomo alargado e a produ\u00e7\u00e3o mista de alto e baixo volume.[\/vc_column_text][\/vc_column][\/vc_row][vc_row][vc_column][vc_video link=&#8221;https:\/\/youtu.be\/RwYqF-2iGCo&#8221; css_animation=&#8221;fadeIn&#8221;]<div class=\"vcex-spacing wpex-w-100 wpex-clear\" style=\"height:20px\"><\/div>[\/vc_column][\/vc_row]\n","protected":false},"excerpt":{"rendered":"<p>A s\u00e9rie MX foi lan\u00e7ada em 2010 com os slogans &#8220;Seguran\u00e7a&#8221; e &#8220;Facilidade de utiliza\u00e7\u00e3o&#8221; para uma maquina\u00e7\u00e3o de 5 eixos simples e fi\u00e1vel. Desde a sua estreia em 2010, a gama expandiu-se para quatro modelos com o MX-520, MX-850, MX420 e MX-330, com toda a s\u00e9rie a ganhar uma forte reputa\u00e7\u00e3o pela sua facilidade de utiliza\u00e7\u00e3o, capacidade de maquina\u00e7\u00e3o competitiva e excelente rela\u00e7\u00e3o custo-efic\u00e1cia. Esta s\u00e9rie construiu uma forte base de clientes em v\u00e1rias ind\u00fastrias em todo o mundo como modelos de n\u00edvel de entrada para maquina\u00e7\u00e3o de 5 eixos.<\/p>\n","protected":false},"featured_media":9906,"comment_status":"closed","ping_status":"closed","template":"","meta":[],"product_brand":[143],"product_cat":[1059,684,687],"product_tag":[],"class_list":{"0":"post-9903","1":"product","2":"type-product","3":"status-publish","4":"has-post-thumbnail","6":"product_brand-matsuura","7":"product_cat-centro-de-usinagem-vertical","8":"product_cat-centros-de-usinagem","9":"product_cat-cnc-5-eixos","10":"entry","11":"has-media","13":"first","14":"instock","15":"featured","16":"shipping-taxable","17":"product-type-simple","18":"col","19":"wpex-woo-entry","20":"span_1_of_4"},"yoast_head":"<!-- This site is optimized with the Yoast SEO plugin v27.2 - https:\/\/yoast.com\/product\/yoast-seo-wordpress\/ -->\n<title>Matsuura MX-420<\/title>\n<meta name=\"robots\" content=\"index, follow, max-snippet:-1, max-image-preview:large, max-video-preview:-1\" \/>\n<link rel=\"canonical\" href=\"https:\/\/maquinser.com\/pt-pt\/produto\/matsuura-mx-420-pc10\/\" \/>\n<meta property=\"og:locale\" content=\"pt_PT\" \/>\n<meta property=\"og:type\" content=\"article\" \/>\n<meta property=\"og:title\" content=\"Matsuura MX-420\" \/>\n<meta property=\"og:description\" content=\"A s\u00e9rie MX foi lan\u00e7ada em 2010 com os slogans &quot;Seguran\u00e7a&quot; e &quot;Facilidade de utiliza\u00e7\u00e3o&quot; para uma maquina\u00e7\u00e3o de 5 eixos simples e fi\u00e1vel. Desde a sua estreia em 2010, a gama expandiu-se para quatro modelos com o MX-520, MX-850, MX420 e MX-330, com toda a s\u00e9rie a ganhar uma forte reputa\u00e7\u00e3o pela sua facilidade de utiliza\u00e7\u00e3o, capacidade de maquina\u00e7\u00e3o competitiva e excelente rela\u00e7\u00e3o custo-efic\u00e1cia. Esta s\u00e9rie construiu uma forte base de clientes em v\u00e1rias ind\u00fastrias em todo o mundo como modelos de n\u00edvel de entrada para maquina\u00e7\u00e3o de 5 eixos.\" \/>\n<meta property=\"og:url\" content=\"https:\/\/maquinser.com\/pt-pt\/produto\/matsuura-mx-420-pc10\/\" \/>\n<meta property=\"og:site_name\" content=\"Maquinser - Maquinaria y Servicios para la Industria Metalmec\u00e1nica\" \/>\n<meta property=\"article:publisher\" content=\"http:\/\/fb.me\/Maquinser\" \/>\n<meta property=\"article:modified_time\" content=\"2023-05-10T14:55:45+00:00\" \/>\n<meta property=\"og:image\" content=\"https:\/\/maquinser.com\/wp-content\/uploads\/2021\/10\/web_MX420-PC10.png\" \/>\n\t<meta property=\"og:image:width\" content=\"945\" \/>\n\t<meta property=\"og:image:height\" content=\"945\" \/>\n\t<meta property=\"og:image:type\" content=\"image\/png\" \/>\n<meta name=\"twitter:card\" content=\"summary_large_image\" \/>\n<meta name=\"twitter:site\" content=\"@Maquinser\" \/>\n<meta name=\"twitter:label1\" content=\"Tempo estimado de leitura\" \/>\n\t<meta name=\"twitter:data1\" content=\"1 minuto\" \/>\n<script type=\"application\/ld+json\" class=\"yoast-schema-graph\">{\"@context\":\"https:\/\/schema.org\",\"@graph\":[{\"@type\":\"WebPage\",\"@id\":\"https:\/\/maquinser.com\/pt-pt\/produto\/matsuura-mx-420-pc10\/\",\"url\":\"https:\/\/maquinser.com\/pt-pt\/produto\/matsuura-mx-420-pc10\/\",\"name\":\"Matsuura MX-420\",\"isPartOf\":{\"@id\":\"https:\/\/maquinser.com\/#website\"},\"primaryImageOfPage\":{\"@id\":\"https:\/\/maquinser.com\/pt-pt\/produto\/matsuura-mx-420-pc10\/#primaryimage\"},\"image\":{\"@id\":\"https:\/\/maquinser.com\/pt-pt\/produto\/matsuura-mx-420-pc10\/#primaryimage\"},\"thumbnailUrl\":\"https:\/\/maquinser.com\/wp-content\/uploads\/2021\/10\/web_MX420-PC10.png\",\"datePublished\":\"2021-10-20T06:49:13+00:00\",\"dateModified\":\"2023-05-10T14:55:45+00:00\",\"breadcrumb\":{\"@id\":\"https:\/\/maquinser.com\/pt-pt\/produto\/matsuura-mx-420-pc10\/#breadcrumb\"},\"inLanguage\":\"pt-PT\",\"potentialAction\":[{\"@type\":\"ReadAction\",\"target\":[\"https:\/\/maquinser.com\/pt-pt\/produto\/matsuura-mx-420-pc10\/\"]}]},{\"@type\":\"ImageObject\",\"inLanguage\":\"pt-PT\",\"@id\":\"https:\/\/maquinser.com\/pt-pt\/produto\/matsuura-mx-420-pc10\/#primaryimage\",\"url\":\"https:\/\/maquinser.com\/wp-content\/uploads\/2021\/10\/web_MX420-PC10.png\",\"contentUrl\":\"https:\/\/maquinser.com\/wp-content\/uploads\/2021\/10\/web_MX420-PC10.png\",\"width\":945,\"height\":945},{\"@type\":\"BreadcrumbList\",\"@id\":\"https:\/\/maquinser.com\/pt-pt\/produto\/matsuura-mx-420-pc10\/#breadcrumb\",\"itemListElement\":[{\"@type\":\"ListItem\",\"position\":1,\"name\":\"Portada\",\"item\":\"https:\/\/maquinser.com\/pt-pt\/\"},{\"@type\":\"ListItem\",\"position\":2,\"name\":\"Cat\u00e1logo\",\"item\":\"https:\/\/maquinser.com\/catalogo\/\"},{\"@type\":\"ListItem\",\"position\":3,\"name\":\"Matsuura MX-420 PC10\"}]},{\"@type\":\"WebSite\",\"@id\":\"https:\/\/maquinser.com\/#website\",\"url\":\"https:\/\/maquinser.com\/\",\"name\":\"Maquinser - Maquinaria y Servicios para la Industria Metalmec\u00e1nica\",\"description\":\"\",\"publisher\":{\"@id\":\"https:\/\/maquinser.com\/#organization\"},\"potentialAction\":[{\"@type\":\"SearchAction\",\"target\":{\"@type\":\"EntryPoint\",\"urlTemplate\":\"https:\/\/maquinser.com\/?s={search_term_string}\"},\"query-input\":{\"@type\":\"PropertyValueSpecification\",\"valueRequired\":true,\"valueName\":\"search_term_string\"}}],\"inLanguage\":\"pt-PT\"},{\"@type\":\"Organization\",\"@id\":\"https:\/\/maquinser.com\/#organization\",\"name\":\"Maquinser\",\"url\":\"https:\/\/maquinser.com\/\",\"logo\":{\"@type\":\"ImageObject\",\"inLanguage\":\"pt-PT\",\"@id\":\"https:\/\/maquinser.com\/#\/schema\/logo\/image\/\",\"url\":\"http:\/\/maquinser.com\/wp-content\/uploads\/2016\/10\/MAQUINSER_Logo_oficial.jpg\",\"contentUrl\":\"http:\/\/maquinser.com\/wp-content\/uploads\/2016\/10\/MAQUINSER_Logo_oficial.jpg\",\"width\":1411,\"height\":326,\"caption\":\"Maquinser\"},\"image\":{\"@id\":\"https:\/\/maquinser.com\/#\/schema\/logo\/image\/\"},\"sameAs\":[\"http:\/\/fb.me\/Maquinser\",\"https:\/\/x.com\/Maquinser\",\"http:\/\/maquinser20s.a.\"]}]}<\/script>\n<!-- \/ Yoast SEO plugin. -->","yoast_head_json":{"title":"Matsuura MX-420","robots":{"index":"index","follow":"follow","max-snippet":"max-snippet:-1","max-image-preview":"max-image-preview:large","max-video-preview":"max-video-preview:-1"},"canonical":"https:\/\/maquinser.com\/pt-pt\/produto\/matsuura-mx-420-pc10\/","og_locale":"pt_PT","og_type":"article","og_title":"Matsuura MX-420","og_description":"A s\u00e9rie MX foi lan\u00e7ada em 2010 com os slogans \"Seguran\u00e7a\" e \"Facilidade de utiliza\u00e7\u00e3o\" para uma maquina\u00e7\u00e3o de 5 eixos simples e fi\u00e1vel. Desde a sua estreia em 2010, a gama expandiu-se para quatro modelos com o MX-520, MX-850, MX420 e MX-330, com toda a s\u00e9rie a ganhar uma forte reputa\u00e7\u00e3o pela sua facilidade de utiliza\u00e7\u00e3o, capacidade de maquina\u00e7\u00e3o competitiva e excelente rela\u00e7\u00e3o custo-efic\u00e1cia. Esta s\u00e9rie construiu uma forte base de clientes em v\u00e1rias ind\u00fastrias em todo o mundo como modelos de n\u00edvel de entrada para maquina\u00e7\u00e3o de 5 eixos.","og_url":"https:\/\/maquinser.com\/pt-pt\/produto\/matsuura-mx-420-pc10\/","og_site_name":"Maquinser - Maquinaria y Servicios para la Industria Metalmec\u00e1nica","article_publisher":"http:\/\/fb.me\/Maquinser","article_modified_time":"2023-05-10T14:55:45+00:00","og_image":[{"width":945,"height":945,"url":"https:\/\/maquinser.com\/wp-content\/uploads\/2021\/10\/web_MX420-PC10.png","type":"image\/png"}],"twitter_card":"summary_large_image","twitter_site":"@Maquinser","twitter_misc":{"Tempo estimado de leitura":"1 minuto"},"schema":{"@context":"https:\/\/schema.org","@graph":[{"@type":"WebPage","@id":"https:\/\/maquinser.com\/pt-pt\/produto\/matsuura-mx-420-pc10\/","url":"https:\/\/maquinser.com\/pt-pt\/produto\/matsuura-mx-420-pc10\/","name":"Matsuura MX-420","isPartOf":{"@id":"https:\/\/maquinser.com\/#website"},"primaryImageOfPage":{"@id":"https:\/\/maquinser.com\/pt-pt\/produto\/matsuura-mx-420-pc10\/#primaryimage"},"image":{"@id":"https:\/\/maquinser.com\/pt-pt\/produto\/matsuura-mx-420-pc10\/#primaryimage"},"thumbnailUrl":"https:\/\/maquinser.com\/wp-content\/uploads\/2021\/10\/web_MX420-PC10.png","datePublished":"2021-10-20T06:49:13+00:00","dateModified":"2023-05-10T14:55:45+00:00","breadcrumb":{"@id":"https:\/\/maquinser.com\/pt-pt\/produto\/matsuura-mx-420-pc10\/#breadcrumb"},"inLanguage":"pt-PT","potentialAction":[{"@type":"ReadAction","target":["https:\/\/maquinser.com\/pt-pt\/produto\/matsuura-mx-420-pc10\/"]}]},{"@type":"ImageObject","inLanguage":"pt-PT","@id":"https:\/\/maquinser.com\/pt-pt\/produto\/matsuura-mx-420-pc10\/#primaryimage","url":"https:\/\/maquinser.com\/wp-content\/uploads\/2021\/10\/web_MX420-PC10.png","contentUrl":"https:\/\/maquinser.com\/wp-content\/uploads\/2021\/10\/web_MX420-PC10.png","width":945,"height":945},{"@type":"BreadcrumbList","@id":"https:\/\/maquinser.com\/pt-pt\/produto\/matsuura-mx-420-pc10\/#breadcrumb","itemListElement":[{"@type":"ListItem","position":1,"name":"Portada","item":"https:\/\/maquinser.com\/pt-pt\/"},{"@type":"ListItem","position":2,"name":"Cat\u00e1logo","item":"https:\/\/maquinser.com\/catalogo\/"},{"@type":"ListItem","position":3,"name":"Matsuura MX-420 PC10"}]},{"@type":"WebSite","@id":"https:\/\/maquinser.com\/#website","url":"https:\/\/maquinser.com\/","name":"Maquinser - Maquinaria y Servicios para la Industria Metalmec\u00e1nica","description":"","publisher":{"@id":"https:\/\/maquinser.com\/#organization"},"potentialAction":[{"@type":"SearchAction","target":{"@type":"EntryPoint","urlTemplate":"https:\/\/maquinser.com\/?s={search_term_string}"},"query-input":{"@type":"PropertyValueSpecification","valueRequired":true,"valueName":"search_term_string"}}],"inLanguage":"pt-PT"},{"@type":"Organization","@id":"https:\/\/maquinser.com\/#organization","name":"Maquinser","url":"https:\/\/maquinser.com\/","logo":{"@type":"ImageObject","inLanguage":"pt-PT","@id":"https:\/\/maquinser.com\/#\/schema\/logo\/image\/","url":"http:\/\/maquinser.com\/wp-content\/uploads\/2016\/10\/MAQUINSER_Logo_oficial.jpg","contentUrl":"http:\/\/maquinser.com\/wp-content\/uploads\/2016\/10\/MAQUINSER_Logo_oficial.jpg","width":1411,"height":326,"caption":"Maquinser"},"image":{"@id":"https:\/\/maquinser.com\/#\/schema\/logo\/image\/"},"sameAs":["http:\/\/fb.me\/Maquinser","https:\/\/x.com\/Maquinser","http:\/\/maquinser20s.a."]}]}},"_links":{"self":[{"href":"https:\/\/maquinser.com\/pt-pt\/wp-json\/wp\/v2\/product\/9903","targetHints":{"allow":["GET"]}}],"collection":[{"href":"https:\/\/maquinser.com\/pt-pt\/wp-json\/wp\/v2\/product"}],"about":[{"href":"https:\/\/maquinser.com\/pt-pt\/wp-json\/wp\/v2\/types\/product"}],"replies":[{"embeddable":true,"href":"https:\/\/maquinser.com\/pt-pt\/wp-json\/wp\/v2\/comments?post=9903"}],"wp:featuredmedia":[{"embeddable":true,"href":"https:\/\/maquinser.com\/pt-pt\/wp-json\/wp\/v2\/media\/9906"}],"wp:attachment":[{"href":"https:\/\/maquinser.com\/pt-pt\/wp-json\/wp\/v2\/media?parent=9903"}],"wp:term":[{"taxonomy":"product_brand","embeddable":true,"href":"https:\/\/maquinser.com\/pt-pt\/wp-json\/wp\/v2\/product_brand?post=9903"},{"taxonomy":"product_cat","embeddable":true,"href":"https:\/\/maquinser.com\/pt-pt\/wp-json\/wp\/v2\/product_cat?post=9903"},{"taxonomy":"product_tag","embeddable":true,"href":"https:\/\/maquinser.com\/pt-pt\/wp-json\/wp\/v2\/product_tag?post=9903"}],"curies":[{"name":"wp","href":"https:\/\/api.w.org\/{rel}","templated":true}]}}