{"id":9764,"date":"2021-07-26T15:16:10","date_gmt":"2021-07-26T13:16:12","guid":{"rendered":"http:\/\/maquinser.com\/?post_type=product&#038;p=9764"},"modified":"2023-05-10T16:42:13","modified_gmt":"2023-05-10T14:42:13","slug":"vertical-machining-center-mx520-pc4","status":"publish","type":"product","link":"https:\/\/maquinser.com\/pt-pt\/produto\/vertical-machining-center-mx520-pc4\/","title":{"rendered":"Matsuura MX 520 PC4"},"content":{"rendered":"<p>O centro de maquinagem vertical MX-520 PC4 \u00e9 uma vers\u00e3o automatizada de 4 paletes do modelo MX-520 de mesa \u00fanica de 5 eixos do centro de maquinagem vertical. Oferecendo facilidade de utiliza\u00e7\u00e3o e maquina\u00e7\u00e3o fi\u00e1vel de 5 eixos, a s\u00e9rie MX proporciona versatilidade de maquina\u00e7\u00e3o din\u00e2mica, alta precis\u00e3o, fiabilidade e excelente desempenho econ\u00f3mico.<\/p>\n<p>O MX 520 \u00e9 um centro de maquinagem de 5 eixos sem palete que leva os padr\u00f5es de qualidade e precis\u00e3o das m\u00e1quinas Matsuura a v\u00e1rios clientes que precisam de uma m\u00e1quina tecnol\u00f3gica para pe\u00e7as \u00fanicas ou pequenas s\u00e9ries.<\/p>\n<p>Com uma mesa rotativa de 500 mm de di\u00e2metro, X:630; Y:560 e Y de 510 mm Eixo A: -125\u00b0 + 10\u00b0 e eixo B 360\u00b0, 12.000 rpm, fuso de 11 kW e trocador de ferramentas de 40 posi\u00e7\u00f5es, \u00e9 uma excelente escolha para os maquinistas que procuram um produto de maior valor acrescentado ou simplesmente uma melhoria nos seus processos de maquina\u00e7\u00e3o.<\/p>\n<p>O centro de maquinagem vertical de 5 eixos MX-520 PC4 foi concebido em resposta \u00e0 procura dos clientes por uma solu\u00e7\u00e3o de automatiza\u00e7\u00e3o para o centro de maquinagem vertical de 5 eixos MX-520 e est\u00e1 equipado com 90 ferramentas e um interface rob\u00f4 universal instalado para maximizar o potencial de automatiza\u00e7\u00e3o desta adi\u00e7\u00e3o t\u00e3o esperada \u00e0 gama de 5 eixos da Matsuura.<\/p>\n<p>&nbsp;<\/p>\n<p>&nbsp;<\/p>\n<div class=\"wpex-responsive-media\"><iframe loading=\"lazy\" title=\"Matsuura MX-520 PC4\" width=\"980\" height=\"551\" src=\"https:\/\/www.youtube.com\/embed\/hu1_cAkAJyo?feature=oembed\"  allow=\"accelerometer; autoplay; clipboard-write; encrypted-media; gyroscope; picture-in-picture\" allowfullscreen><\/iframe><\/div>\n<div class=\"wpex-responsive-media\"><iframe loading=\"lazy\" title=\"Matsuura MX-520 PC4 fully automated+machine simulation\" width=\"980\" height=\"551\" src=\"https:\/\/www.youtube.com\/embed\/TaS_fJJGlv8?feature=oembed\"  allow=\"accelerometer; autoplay; clipboard-write; encrypted-media; gyroscope; picture-in-picture\" allowfullscreen><\/iframe><\/div>\n","protected":false},"excerpt":{"rendered":"<p>O centro de maquinagem vertical MX-520 PC4 \u00e9 uma vers\u00e3o automatizada de 4 paletes do modelo MX-520 de mesa \u00fanica de 5 eixos do centro de maquinagem vertical. Oferecendo facilidade de utiliza\u00e7\u00e3o e maquina\u00e7\u00e3o fi\u00e1vel de 5 eixos, a s\u00e9rie MX proporciona versatilidade de maquina\u00e7\u00e3o din\u00e2mica, alta precis\u00e3o, fiabilidade e excelente desempenho econ\u00f3mico. O MX&hellip;<\/p>\n","protected":false},"featured_media":8292,"comment_status":"closed","ping_status":"closed","template":"","meta":[],"product_brand":[143],"product_cat":[1059,684,687],"product_tag":[],"class_list":{"0":"post-9764","1":"product","2":"type-product","3":"status-publish","4":"has-post-thumbnail","6":"product_brand-matsuura","7":"product_cat-centro-de-usinagem-vertical","8":"product_cat-centros-de-usinagem","9":"product_cat-cnc-5-eixos","10":"entry","11":"has-media","13":"first","14":"instock","15":"featured","16":"shipping-taxable","17":"product-type-simple","18":"col","19":"wpex-woo-entry","20":"span_1_of_4"},"yoast_head":"<!-- This site is optimized with the Yoast SEO plugin v27.2 - https:\/\/yoast.com\/product\/yoast-seo-wordpress\/ -->\n<title>Matsuura MX-520<\/title>\n<meta name=\"description\" content=\"O centro de maquinagem MX-520 PC4 \u00e9 uma vers\u00e3o automatizada de 4 paletes que oferece facilidade de utiliza\u00e7\u00e3o e maquinagem de 5 eixos.\" \/>\n<meta name=\"robots\" content=\"index, follow, max-snippet:-1, max-image-preview:large, max-video-preview:-1\" \/>\n<link rel=\"canonical\" href=\"https:\/\/maquinser.com\/pt-pt\/produto\/vertical-machining-center-mx520-pc4\/\" \/>\n<meta property=\"og:locale\" content=\"pt_PT\" \/>\n<meta property=\"og:type\" content=\"article\" \/>\n<meta property=\"og:title\" content=\"Matsuura MX-520\" \/>\n<meta property=\"og:description\" content=\"O centro de maquinagem MX-520 PC4 \u00e9 uma vers\u00e3o automatizada de 4 paletes que oferece facilidade de utiliza\u00e7\u00e3o e maquinagem de 5 eixos.\" \/>\n<meta property=\"og:url\" content=\"https:\/\/maquinser.com\/pt-pt\/produto\/vertical-machining-center-mx520-pc4\/\" \/>\n<meta property=\"og:site_name\" content=\"Maquinser - Maquinaria y Servicios para la Industria Metalmec\u00e1nica\" \/>\n<meta property=\"article:publisher\" content=\"http:\/\/fb.me\/Maquinser\" \/>\n<meta property=\"article:modified_time\" content=\"2023-05-10T14:42:13+00:00\" \/>\n<meta property=\"og:image\" content=\"https:\/\/maquinser.com\/wp-content\/uploads\/2019\/12\/web_MAtsuura-MX520-PC4-2020.jpg\" \/>\n\t<meta property=\"og:image:width\" content=\"945\" \/>\n\t<meta property=\"og:image:height\" content=\"945\" \/>\n\t<meta property=\"og:image:type\" content=\"image\/jpeg\" \/>\n<meta name=\"twitter:card\" content=\"summary_large_image\" \/>\n<meta name=\"twitter:site\" content=\"@Maquinser\" \/>\n<meta name=\"twitter:label1\" content=\"Tempo estimado de leitura\" \/>\n\t<meta name=\"twitter:data1\" content=\"1 minuto\" \/>\n<script type=\"application\/ld+json\" class=\"yoast-schema-graph\">{\"@context\":\"https:\/\/schema.org\",\"@graph\":[{\"@type\":\"WebPage\",\"@id\":\"https:\/\/maquinser.com\/pt-pt\/produto\/vertical-machining-center-mx520-pc4\/\",\"url\":\"https:\/\/maquinser.com\/pt-pt\/produto\/vertical-machining-center-mx520-pc4\/\",\"name\":\"Matsuura MX-520\",\"isPartOf\":{\"@id\":\"https:\/\/maquinser.com\/#website\"},\"primaryImageOfPage\":{\"@id\":\"https:\/\/maquinser.com\/pt-pt\/produto\/vertical-machining-center-mx520-pc4\/#primaryimage\"},\"image\":{\"@id\":\"https:\/\/maquinser.com\/pt-pt\/produto\/vertical-machining-center-mx520-pc4\/#primaryimage\"},\"thumbnailUrl\":\"https:\/\/maquinser.com\/wp-content\/uploads\/2019\/12\/web_MAtsuura-MX520-PC4-2020.jpg\",\"datePublished\":\"2021-07-26T13:16:12+00:00\",\"dateModified\":\"2023-05-10T14:42:13+00:00\",\"description\":\"O centro de maquinagem MX-520 PC4 \u00e9 uma vers\u00e3o automatizada de 4 paletes que oferece facilidade de utiliza\u00e7\u00e3o e maquinagem de 5 eixos.\",\"breadcrumb\":{\"@id\":\"https:\/\/maquinser.com\/pt-pt\/produto\/vertical-machining-center-mx520-pc4\/#breadcrumb\"},\"inLanguage\":\"pt-PT\",\"potentialAction\":[{\"@type\":\"ReadAction\",\"target\":[\"https:\/\/maquinser.com\/pt-pt\/produto\/vertical-machining-center-mx520-pc4\/\"]}]},{\"@type\":\"ImageObject\",\"inLanguage\":\"pt-PT\",\"@id\":\"https:\/\/maquinser.com\/pt-pt\/produto\/vertical-machining-center-mx520-pc4\/#primaryimage\",\"url\":\"https:\/\/maquinser.com\/wp-content\/uploads\/2019\/12\/web_MAtsuura-MX520-PC4-2020.jpg\",\"contentUrl\":\"https:\/\/maquinser.com\/wp-content\/uploads\/2019\/12\/web_MAtsuura-MX520-PC4-2020.jpg\",\"width\":945,\"height\":945},{\"@type\":\"BreadcrumbList\",\"@id\":\"https:\/\/maquinser.com\/pt-pt\/produto\/vertical-machining-center-mx520-pc4\/#breadcrumb\",\"itemListElement\":[{\"@type\":\"ListItem\",\"position\":1,\"name\":\"Portada\",\"item\":\"https:\/\/maquinser.com\/pt-pt\/\"},{\"@type\":\"ListItem\",\"position\":2,\"name\":\"Cat\u00e1logo\",\"item\":\"https:\/\/maquinser.com\/en\/shop\/\"},{\"@type\":\"ListItem\",\"position\":3,\"name\":\"Matsuura MX 520 PC4\"}]},{\"@type\":\"WebSite\",\"@id\":\"https:\/\/maquinser.com\/#website\",\"url\":\"https:\/\/maquinser.com\/\",\"name\":\"Maquinser - Maquinaria y Servicios para la Industria Metalmec\u00e1nica\",\"description\":\"\",\"publisher\":{\"@id\":\"https:\/\/maquinser.com\/#organization\"},\"potentialAction\":[{\"@type\":\"SearchAction\",\"target\":{\"@type\":\"EntryPoint\",\"urlTemplate\":\"https:\/\/maquinser.com\/?s={search_term_string}\"},\"query-input\":{\"@type\":\"PropertyValueSpecification\",\"valueRequired\":true,\"valueName\":\"search_term_string\"}}],\"inLanguage\":\"pt-PT\"},{\"@type\":\"Organization\",\"@id\":\"https:\/\/maquinser.com\/#organization\",\"name\":\"Maquinser\",\"url\":\"https:\/\/maquinser.com\/\",\"logo\":{\"@type\":\"ImageObject\",\"inLanguage\":\"pt-PT\",\"@id\":\"https:\/\/maquinser.com\/#\/schema\/logo\/image\/\",\"url\":\"http:\/\/maquinser.com\/wp-content\/uploads\/2016\/10\/MAQUINSER_Logo_oficial.jpg\",\"contentUrl\":\"http:\/\/maquinser.com\/wp-content\/uploads\/2016\/10\/MAQUINSER_Logo_oficial.jpg\",\"width\":1411,\"height\":326,\"caption\":\"Maquinser\"},\"image\":{\"@id\":\"https:\/\/maquinser.com\/#\/schema\/logo\/image\/\"},\"sameAs\":[\"http:\/\/fb.me\/Maquinser\",\"https:\/\/x.com\/Maquinser\",\"http:\/\/maquinser20s.a.\"]}]}<\/script>\n<!-- \/ Yoast SEO plugin. -->","yoast_head_json":{"title":"Matsuura MX-520","description":"O centro de maquinagem MX-520 PC4 \u00e9 uma vers\u00e3o automatizada de 4 paletes que oferece facilidade de utiliza\u00e7\u00e3o e maquinagem de 5 eixos.","robots":{"index":"index","follow":"follow","max-snippet":"max-snippet:-1","max-image-preview":"max-image-preview:large","max-video-preview":"max-video-preview:-1"},"canonical":"https:\/\/maquinser.com\/pt-pt\/produto\/vertical-machining-center-mx520-pc4\/","og_locale":"pt_PT","og_type":"article","og_title":"Matsuura MX-520","og_description":"O centro de maquinagem MX-520 PC4 \u00e9 uma vers\u00e3o automatizada de 4 paletes que oferece facilidade de utiliza\u00e7\u00e3o e maquinagem de 5 eixos.","og_url":"https:\/\/maquinser.com\/pt-pt\/produto\/vertical-machining-center-mx520-pc4\/","og_site_name":"Maquinser - Maquinaria y Servicios para la Industria Metalmec\u00e1nica","article_publisher":"http:\/\/fb.me\/Maquinser","article_modified_time":"2023-05-10T14:42:13+00:00","og_image":[{"width":945,"height":945,"url":"https:\/\/maquinser.com\/wp-content\/uploads\/2019\/12\/web_MAtsuura-MX520-PC4-2020.jpg","type":"image\/jpeg"}],"twitter_card":"summary_large_image","twitter_site":"@Maquinser","twitter_misc":{"Tempo estimado de leitura":"1 minuto"},"schema":{"@context":"https:\/\/schema.org","@graph":[{"@type":"WebPage","@id":"https:\/\/maquinser.com\/pt-pt\/produto\/vertical-machining-center-mx520-pc4\/","url":"https:\/\/maquinser.com\/pt-pt\/produto\/vertical-machining-center-mx520-pc4\/","name":"Matsuura MX-520","isPartOf":{"@id":"https:\/\/maquinser.com\/#website"},"primaryImageOfPage":{"@id":"https:\/\/maquinser.com\/pt-pt\/produto\/vertical-machining-center-mx520-pc4\/#primaryimage"},"image":{"@id":"https:\/\/maquinser.com\/pt-pt\/produto\/vertical-machining-center-mx520-pc4\/#primaryimage"},"thumbnailUrl":"https:\/\/maquinser.com\/wp-content\/uploads\/2019\/12\/web_MAtsuura-MX520-PC4-2020.jpg","datePublished":"2021-07-26T13:16:12+00:00","dateModified":"2023-05-10T14:42:13+00:00","description":"O centro de maquinagem MX-520 PC4 \u00e9 uma vers\u00e3o automatizada de 4 paletes que oferece facilidade de utiliza\u00e7\u00e3o e maquinagem de 5 eixos.","breadcrumb":{"@id":"https:\/\/maquinser.com\/pt-pt\/produto\/vertical-machining-center-mx520-pc4\/#breadcrumb"},"inLanguage":"pt-PT","potentialAction":[{"@type":"ReadAction","target":["https:\/\/maquinser.com\/pt-pt\/produto\/vertical-machining-center-mx520-pc4\/"]}]},{"@type":"ImageObject","inLanguage":"pt-PT","@id":"https:\/\/maquinser.com\/pt-pt\/produto\/vertical-machining-center-mx520-pc4\/#primaryimage","url":"https:\/\/maquinser.com\/wp-content\/uploads\/2019\/12\/web_MAtsuura-MX520-PC4-2020.jpg","contentUrl":"https:\/\/maquinser.com\/wp-content\/uploads\/2019\/12\/web_MAtsuura-MX520-PC4-2020.jpg","width":945,"height":945},{"@type":"BreadcrumbList","@id":"https:\/\/maquinser.com\/pt-pt\/produto\/vertical-machining-center-mx520-pc4\/#breadcrumb","itemListElement":[{"@type":"ListItem","position":1,"name":"Portada","item":"https:\/\/maquinser.com\/pt-pt\/"},{"@type":"ListItem","position":2,"name":"Cat\u00e1logo","item":"https:\/\/maquinser.com\/en\/shop\/"},{"@type":"ListItem","position":3,"name":"Matsuura MX 520 PC4"}]},{"@type":"WebSite","@id":"https:\/\/maquinser.com\/#website","url":"https:\/\/maquinser.com\/","name":"Maquinser - Maquinaria y Servicios para la Industria Metalmec\u00e1nica","description":"","publisher":{"@id":"https:\/\/maquinser.com\/#organization"},"potentialAction":[{"@type":"SearchAction","target":{"@type":"EntryPoint","urlTemplate":"https:\/\/maquinser.com\/?s={search_term_string}"},"query-input":{"@type":"PropertyValueSpecification","valueRequired":true,"valueName":"search_term_string"}}],"inLanguage":"pt-PT"},{"@type":"Organization","@id":"https:\/\/maquinser.com\/#organization","name":"Maquinser","url":"https:\/\/maquinser.com\/","logo":{"@type":"ImageObject","inLanguage":"pt-PT","@id":"https:\/\/maquinser.com\/#\/schema\/logo\/image\/","url":"http:\/\/maquinser.com\/wp-content\/uploads\/2016\/10\/MAQUINSER_Logo_oficial.jpg","contentUrl":"http:\/\/maquinser.com\/wp-content\/uploads\/2016\/10\/MAQUINSER_Logo_oficial.jpg","width":1411,"height":326,"caption":"Maquinser"},"image":{"@id":"https:\/\/maquinser.com\/#\/schema\/logo\/image\/"},"sameAs":["http:\/\/fb.me\/Maquinser","https:\/\/x.com\/Maquinser","http:\/\/maquinser20s.a."]}]}},"_links":{"self":[{"href":"https:\/\/maquinser.com\/pt-pt\/wp-json\/wp\/v2\/product\/9764","targetHints":{"allow":["GET"]}}],"collection":[{"href":"https:\/\/maquinser.com\/pt-pt\/wp-json\/wp\/v2\/product"}],"about":[{"href":"https:\/\/maquinser.com\/pt-pt\/wp-json\/wp\/v2\/types\/product"}],"replies":[{"embeddable":true,"href":"https:\/\/maquinser.com\/pt-pt\/wp-json\/wp\/v2\/comments?post=9764"}],"wp:featuredmedia":[{"embeddable":true,"href":"https:\/\/maquinser.com\/pt-pt\/wp-json\/wp\/v2\/media\/8292"}],"wp:attachment":[{"href":"https:\/\/maquinser.com\/pt-pt\/wp-json\/wp\/v2\/media?parent=9764"}],"wp:term":[{"taxonomy":"product_brand","embeddable":true,"href":"https:\/\/maquinser.com\/pt-pt\/wp-json\/wp\/v2\/product_brand?post=9764"},{"taxonomy":"product_cat","embeddable":true,"href":"https:\/\/maquinser.com\/pt-pt\/wp-json\/wp\/v2\/product_cat?post=9764"},{"taxonomy":"product_tag","embeddable":true,"href":"https:\/\/maquinser.com\/pt-pt\/wp-json\/wp\/v2\/product_tag?post=9764"}],"curies":[{"name":"wp","href":"https:\/\/api.w.org\/{rel}","templated":true}]}}