{"id":9625,"date":"2021-06-07T15:13:32","date_gmt":"2021-06-07T13:13:34","guid":{"rendered":"http:\/\/maquinser.com\/?post_type=product&#038;p=9625"},"modified":"2021-06-08T15:50:47","modified_gmt":"2021-06-08T13:50:47","slug":"matsuura-vx-1000","status":"publish","type":"product","link":"https:\/\/maquinser.com\/pt-pt\/produto\/matsuura-vx-1000\/","title":{"rendered":"Matsuura VX-1000"},"content":{"rendered":"[vc_row][vc_column][vc_column_text]\n<p><strong>O Matsuura VX-1000 tem tudo isso. Desenho ergon\u00f3mico, conforto e seguran\u00e7a do operador.<\/strong><\/p>\n<p>O VX-1000 foi concebido para maximizar o conforto do operador e aumentar a produ\u00e7\u00e3o. Toques simples, tais como o gerador de impulsos manual remoto e uma abertura de 1.150 mm proporcionam ao operador uma facilidade de utiliza\u00e7\u00e3o e reduzem o tempo de prepara\u00e7\u00e3o.<\/p>\n<p><strong>Posicionamento de alta precis\u00e3o<\/strong><\/p>\n<p>A elevada precis\u00e3o e rigidez s\u00e3o caracter\u00edsticas padr\u00e3o de todos os fusos de esferas e guias lineares &#8211; oferecendo dinamismo e desempenho repet\u00edvel ao longo de muitos anos de opera\u00e7\u00e3o.<\/p>\n<p>VX-1000, uma m\u00e1quina consumada, n\u00e3o importa a tarefa, n\u00e3o importa o material.<\/p>\n<p><strong>Excelente gest\u00e3o de chips<\/strong><\/p>\n<p>As modernas oficinas mec\u00e2nicas e ambientes de produ\u00e7\u00e3o exigem uma gest\u00e3o comprovada dos chips. O tempo de inactividade devido a puxadores bloqueados e &#8220;armadilhas de chips&#8221; de m\u00e1 concep\u00e7\u00e3o da m\u00e1quina s\u00e3o inaceit\u00e1veis, uma vez que os fabricantes reduzem o seu tempo de coloca\u00e7\u00e3o no mercado e melhoram os r\u00e1cios de custo por pe\u00e7a. O VX-1000 herda todo o sucesso dos anteriores projectos de m\u00e1quinas Matsuura e dos seus comprovados sistemas de desenho de gest\u00e3o de chips.<\/p>\n<p>&nbsp;<\/p>\n<div class=\"wpex-responsive-media\"><iframe loading=\"lazy\" title=\"Matsuura VX 1000\" width=\"980\" height=\"551\" src=\"https:\/\/www.youtube.com\/embed\/HSQbCXkPeU0?feature=oembed\"  allow=\"accelerometer; autoplay; clipboard-write; encrypted-media; gyroscope; picture-in-picture\" allowfullscreen><\/iframe><\/div>\n<p>&nbsp;<\/p>\n<h4>Art\u00edculo Actualmente en <span style=\"color: #3366ff;\"><a style=\"color: #3366ff;\" href=\"https:\/\/maquinser.com\/promociones-maquinser\/#Matsuura_promo\">PROMOCI\u00d3N<\/a><\/span>. Si quiere recibir m\u00e1s informaci\u00f3n, rellene el formulario<\/h4>\n[vc_row local_scroll_id=&#8221;Formulario-promo&#8221;][vc_column][vc_empty_space height=&#8221;25px&#8221;]\n<div class=\"wpcf7 no-js\" id=\"wpcf7-f22-o1\" lang=\"es-ES\" dir=\"ltr\" data-wpcf7-id=\"22\">\n<div class=\"screen-reader-response\"><p role=\"status\" aria-live=\"polite\" aria-atomic=\"true\"><\/p> <ul><\/ul><\/div>\n<form action=\"\/pt-pt\/wp-json\/wp\/v2\/product\/9625#wpcf7-f22-o1\" method=\"post\" class=\"wpcf7-form init 8d35e684fd03 cmatic-disconn cmatic-aud-2 cmatic-mapd0-0 cmatic-v0976 cmatic-sent-0 cmatic-total-0\" aria-label=\"Formulario de contacto\" novalidate=\"novalidate\" data-status=\"init\">\n<fieldset class=\"hidden-fields-container\"><input type=\"hidden\" name=\"_wpcf7\" value=\"22\" \/><input type=\"hidden\" name=\"_wpcf7_version\" value=\"6.1.5\" \/><input type=\"hidden\" name=\"_wpcf7_locale\" value=\"es_ES\" \/><input type=\"hidden\" name=\"_wpcf7_unit_tag\" value=\"wpcf7-f22-o1\" \/><input type=\"hidden\" name=\"_wpcf7_container_post\" value=\"0\" \/><input type=\"hidden\" name=\"_wpcf7_posted_data_hash\" value=\"\" \/><input type=\"hidden\" name=\"_wpcf7_recaptcha_response\" value=\"\" \/>\n<\/fieldset>\n<link rel=\"stylesheet\" href=\"https:\/\/maquinser.com\/wp-content\/plugins\/pdf-forms-for-contact-form-7\/css\/frontend.css\" \/><script type=\"text\/javascript\" src=\"https:\/\/maquinser.com\/wp-content\/plugins\/pdf-forms-for-contact-form-7\/js\/frontend.js?ver=2.2.5\"><\/script><div class=\"vc_row wpb_row vc_row-fluid  \">\n\t<div class=\"vc_col-sm-6 wpb_column clr column_container  \">\n\t\t<p>Nombre y apellidos *<br \/>\n<span class=\"wpcf7-form-control-wrap\" data-name=\"your-name\"><input size=\"40\" maxlength=\"400\" class=\"wpcf7-form-control wpcf7-text wpcf7-validates-as-required\" aria-required=\"true\" aria-invalid=\"false\" value=\"\" type=\"text\" name=\"your-name\" \/><\/span>\n\t\t<\/p>\n\t\t<p>Empresa<br \/>\n<span class=\"wpcf7-form-control-wrap\" data-name=\"text-192\"><input size=\"40\" maxlength=\"400\" class=\"wpcf7-form-control wpcf7-text\" aria-invalid=\"false\" value=\"\" type=\"text\" name=\"text-192\" \/><\/span>\n\t\t<\/p>\n\t\t<p>Telefono *<br \/>\n<span class=\"wpcf7-form-control-wrap\" data-name=\"tel-290\"><input size=\"40\" maxlength=\"400\" class=\"wpcf7-form-control wpcf7-tel wpcf7-validates-as-required wpcf7-text wpcf7-validates-as-tel\" aria-required=\"true\" aria-invalid=\"false\" value=\"\" type=\"tel\" name=\"tel-290\" \/><\/span>\n\t\t<\/p>\n\t\t<p>Su e-mail *<br \/>\n<span class=\"wpcf7-form-control-wrap\" data-name=\"your-email\"><input size=\"40\" maxlength=\"400\" class=\"wpcf7-form-control wpcf7-email wpcf7-validates-as-required wpcf7-text wpcf7-validates-as-email\" aria-required=\"true\" aria-invalid=\"false\" value=\"\" type=\"email\" name=\"your-email\" \/><\/span>\n\t\t<\/p>\n\t\t<p>Website<br \/>\n<span class=\"wpcf7-form-control-wrap\" data-name=\"url-778\"><input size=\"40\" maxlength=\"400\" class=\"wpcf7-form-control wpcf7-url wpcf7-text wpcf7-validates-as-url\" aria-invalid=\"false\" value=\"\" type=\"url\" name=\"url-778\" \/><\/span>\n\t\t<\/p>\n\t<\/div>\n\t<div class=\"vc_col-sm-6 wpb_column clr column_container  \">\n\t\t<p>Asunto<br \/>\n<span class=\"wpcf7-form-control-wrap\" data-name=\"your-subject\"><input size=\"40\" maxlength=\"400\" class=\"wpcf7-form-control wpcf7-text\" aria-invalid=\"false\" value=\"\" type=\"text\" name=\"your-subject\" \/><\/span>\n\t\t<\/p>\n\t\t<p>Su mensaje *<br \/>\n<span class=\"wpcf7-form-control-wrap\" data-name=\"your-message\"><textarea cols=\"40\" rows=\"10\" maxlength=\"2000\" class=\"wpcf7-form-control wpcf7-textarea\" aria-invalid=\"false\" name=\"your-message\"><\/textarea><\/span>\n\t\t<\/p>\n\t\t<p style=\"font-size:9px;\">* los campos marcados son obligatorios\n\t\t<\/p>\n\t<\/div>\n<\/div>\n<p style=\"font-size:11px;\"> MAQUINSER, S.A. como responsable del tratamiento, tratar\u00e1 tus datos con la finalidad de dar respuesta a tu consulta o petici\u00f3n. La base leg\u00edtima es tu consentimiento el cual puedes revocar en cualquier momento comunic\u00e1ndolo a maquinser@maquinser.com. No se ceder\u00e1n datos a terceros salvo obligaci\u00f3n legal. Puedes acceder, rectificar y suprimir tus datos, as\u00ed como ejercer otros derechos consultando la informaci\u00f3n adicional y detallada sobre protecci\u00f3n de datos en nuestra Pol\u00edtica de Privacidad.\n<\/p>\n<p style=\"font-size:11px;\"><span class=\"wpcf7-form-control-wrap\" data-name=\"acceptance-249\"><span class=\"wpcf7-form-control wpcf7-acceptance\"><span class=\"wpcf7-list-item\"><input type=\"checkbox\" name=\"acceptance-249\" value=\"1\" aria-invalid=\"false\" \/><\/span><\/span><\/span>He le\u00eddo y acepto las condiciones contenidas en la <a href=\"\/politica-de-privacidad\/\">pol\u00edtica de privacidad<\/a> sobre el tratamiento de mis datos para gestionar mi consulta o petici\u00f3n.\n<\/p>\n<p><strong>Nos gustar\u00eda que nos prestaras tu consentimiento para:<\/strong>\n<\/p>\n<p style=\"font-size:11px;\"><span class=\"wpcf7-form-control-wrap\" data-name=\"acceptance-249\"><span class=\"wpcf7-form-control wpcf7-acceptance\"><span class=\"wpcf7-list-item\"><input type=\"checkbox\" name=\"acceptance-249\" value=\"1\" aria-invalid=\"false\" \/><\/span><\/span><\/span>Enviarte informaci\u00f3n comercial sobre los productos, servicios, novedades de MAQUINSER, S.A.\n<\/p>\n<p><input class=\"wpcf7-form-control wpcf7-submit has-spinner\" type=\"submit\" value=\"Enviar\" \/>\n<\/p><div class=\"wpcf7-response-output\" aria-hidden=\"true\"><\/div>\n<\/form>\n<\/div>\n[\/vc_column][\/vc_row]\n","protected":false},"excerpt":{"rendered":"<p>[vc_row][vc_column][vc_column_text] O Matsuura VX-1000 tem tudo isso. Desenho ergon\u00f3mico, conforto e seguran\u00e7a do operador. O VX-1000 foi concebido para maximizar o conforto do operador e aumentar a produ\u00e7\u00e3o. Toques simples, tais como o gerador de impulsos manual remoto e uma abertura de 1.150 mm proporcionam ao operador uma facilidade de utiliza\u00e7\u00e3o e reduzem o tempo&hellip;<\/p>\n","protected":false},"featured_media":9629,"comment_status":"closed","ping_status":"closed","template":"","meta":[],"product_brand":[143],"product_cat":[1059,684],"product_tag":[],"class_list":{"0":"post-9625","1":"product","2":"type-product","3":"status-publish","4":"has-post-thumbnail","6":"product_brand-matsuura","7":"product_cat-centro-de-usinagem-vertical","8":"product_cat-centros-de-usinagem","9":"entry","10":"has-media","12":"first","13":"instock","14":"featured","15":"shipping-taxable","16":"product-type-simple","17":"col","18":"wpex-woo-entry","19":"span_1_of_4"},"yoast_head":"<!-- This site is optimized with the Yoast SEO plugin v27.2 - https:\/\/yoast.com\/product\/yoast-seo-wordpress\/ -->\n<title>Matsuura VX-1000, aumento significativo da produ\u00e7\u00e3o<\/title>\n<meta name=\"description\" content=\"O Matsuura VX-1000 Vertical CNC maximiza o conforto e aumenta a produ\u00e7\u00e3o atrav\u00e9s da facilidade de utiliza\u00e7\u00e3o e da redu\u00e7\u00e3o do tempo de prepara\u00e7\u00e3o.\" \/>\n<meta name=\"robots\" content=\"index, follow, max-snippet:-1, max-image-preview:large, max-video-preview:-1\" \/>\n<link rel=\"canonical\" href=\"https:\/\/maquinser.com\/pt-pt\/produto\/matsuura-vx-1000\/\" \/>\n<meta property=\"og:locale\" content=\"pt_PT\" \/>\n<meta property=\"og:type\" content=\"article\" \/>\n<meta property=\"og:title\" content=\"Matsuura VX-1000, aumento significativo da produ\u00e7\u00e3o\" \/>\n<meta property=\"og:description\" content=\"O Matsuura VX-1000 Vertical CNC maximiza o conforto e aumenta a produ\u00e7\u00e3o atrav\u00e9s da facilidade de utiliza\u00e7\u00e3o e da redu\u00e7\u00e3o do tempo de prepara\u00e7\u00e3o.\" \/>\n<meta property=\"og:url\" content=\"https:\/\/maquinser.com\/pt-pt\/produto\/matsuura-vx-1000\/\" \/>\n<meta property=\"og:site_name\" content=\"Maquinser - Maquinaria y Servicios para la Industria Metalmec\u00e1nica\" \/>\n<meta property=\"article:publisher\" content=\"http:\/\/fb.me\/Maquinser\" \/>\n<meta property=\"article:modified_time\" content=\"2021-06-08T13:50:47+00:00\" \/>\n<meta property=\"og:image\" content=\"https:\/\/maquinser.com\/wp-content\/uploads\/2021\/06\/web_vx-1000.jpg\" \/>\n\t<meta property=\"og:image:width\" content=\"945\" \/>\n\t<meta property=\"og:image:height\" content=\"945\" \/>\n\t<meta property=\"og:image:type\" content=\"image\/jpeg\" \/>\n<meta name=\"twitter:card\" content=\"summary_large_image\" \/>\n<meta name=\"twitter:site\" content=\"@Maquinser\" \/>\n<meta name=\"twitter:label1\" content=\"Tempo estimado de leitura\" \/>\n\t<meta name=\"twitter:data1\" content=\"1 minuto\" \/>\n<script type=\"application\/ld+json\" class=\"yoast-schema-graph\">{\"@context\":\"https:\/\/schema.org\",\"@graph\":[{\"@type\":\"WebPage\",\"@id\":\"https:\/\/maquinser.com\/pt-pt\/produto\/matsuura-vx-1000\/\",\"url\":\"https:\/\/maquinser.com\/pt-pt\/produto\/matsuura-vx-1000\/\",\"name\":\"Matsuura VX-1000, aumento significativo da produ\u00e7\u00e3o\",\"isPartOf\":{\"@id\":\"https:\/\/maquinser.com\/#website\"},\"primaryImageOfPage\":{\"@id\":\"https:\/\/maquinser.com\/pt-pt\/produto\/matsuura-vx-1000\/#primaryimage\"},\"image\":{\"@id\":\"https:\/\/maquinser.com\/pt-pt\/produto\/matsuura-vx-1000\/#primaryimage\"},\"thumbnailUrl\":\"https:\/\/maquinser.com\/wp-content\/uploads\/2021\/06\/web_vx-1000.jpg\",\"datePublished\":\"2021-06-07T13:13:34+00:00\",\"dateModified\":\"2021-06-08T13:50:47+00:00\",\"description\":\"O Matsuura VX-1000 Vertical CNC maximiza o conforto e aumenta a produ\u00e7\u00e3o atrav\u00e9s da facilidade de utiliza\u00e7\u00e3o e da redu\u00e7\u00e3o do tempo de prepara\u00e7\u00e3o.\",\"breadcrumb\":{\"@id\":\"https:\/\/maquinser.com\/pt-pt\/produto\/matsuura-vx-1000\/#breadcrumb\"},\"inLanguage\":\"pt-PT\",\"potentialAction\":[{\"@type\":\"ReadAction\",\"target\":[\"https:\/\/maquinser.com\/pt-pt\/produto\/matsuura-vx-1000\/\"]}]},{\"@type\":\"ImageObject\",\"inLanguage\":\"pt-PT\",\"@id\":\"https:\/\/maquinser.com\/pt-pt\/produto\/matsuura-vx-1000\/#primaryimage\",\"url\":\"https:\/\/maquinser.com\/wp-content\/uploads\/2021\/06\/web_vx-1000.jpg\",\"contentUrl\":\"https:\/\/maquinser.com\/wp-content\/uploads\/2021\/06\/web_vx-1000.jpg\",\"width\":945,\"height\":945,\"caption\":\"VX-1000\"},{\"@type\":\"BreadcrumbList\",\"@id\":\"https:\/\/maquinser.com\/pt-pt\/produto\/matsuura-vx-1000\/#breadcrumb\",\"itemListElement\":[{\"@type\":\"ListItem\",\"position\":1,\"name\":\"Portada\",\"item\":\"https:\/\/maquinser.com\/pt-pt\/\"},{\"@type\":\"ListItem\",\"position\":2,\"name\":\"Cat\u00e1logo\",\"item\":\"https:\/\/maquinser.com\/en\/shop\/\"},{\"@type\":\"ListItem\",\"position\":3,\"name\":\"Matsuura VX-1000\"}]},{\"@type\":\"WebSite\",\"@id\":\"https:\/\/maquinser.com\/#website\",\"url\":\"https:\/\/maquinser.com\/\",\"name\":\"Maquinser - Maquinaria y Servicios para la Industria Metalmec\u00e1nica\",\"description\":\"\",\"publisher\":{\"@id\":\"https:\/\/maquinser.com\/#organization\"},\"potentialAction\":[{\"@type\":\"SearchAction\",\"target\":{\"@type\":\"EntryPoint\",\"urlTemplate\":\"https:\/\/maquinser.com\/?s={search_term_string}\"},\"query-input\":{\"@type\":\"PropertyValueSpecification\",\"valueRequired\":true,\"valueName\":\"search_term_string\"}}],\"inLanguage\":\"pt-PT\"},{\"@type\":\"Organization\",\"@id\":\"https:\/\/maquinser.com\/#organization\",\"name\":\"Maquinser\",\"url\":\"https:\/\/maquinser.com\/\",\"logo\":{\"@type\":\"ImageObject\",\"inLanguage\":\"pt-PT\",\"@id\":\"https:\/\/maquinser.com\/#\/schema\/logo\/image\/\",\"url\":\"http:\/\/maquinser.com\/wp-content\/uploads\/2016\/10\/MAQUINSER_Logo_oficial.jpg\",\"contentUrl\":\"http:\/\/maquinser.com\/wp-content\/uploads\/2016\/10\/MAQUINSER_Logo_oficial.jpg\",\"width\":1411,\"height\":326,\"caption\":\"Maquinser\"},\"image\":{\"@id\":\"https:\/\/maquinser.com\/#\/schema\/logo\/image\/\"},\"sameAs\":[\"http:\/\/fb.me\/Maquinser\",\"https:\/\/x.com\/Maquinser\",\"http:\/\/maquinser20s.a.\"]}]}<\/script>\n<!-- \/ Yoast SEO plugin. -->","yoast_head_json":{"title":"Matsuura VX-1000, aumento significativo da produ\u00e7\u00e3o","description":"O Matsuura VX-1000 Vertical CNC maximiza o conforto e aumenta a produ\u00e7\u00e3o atrav\u00e9s da facilidade de utiliza\u00e7\u00e3o e da redu\u00e7\u00e3o do tempo de prepara\u00e7\u00e3o.","robots":{"index":"index","follow":"follow","max-snippet":"max-snippet:-1","max-image-preview":"max-image-preview:large","max-video-preview":"max-video-preview:-1"},"canonical":"https:\/\/maquinser.com\/pt-pt\/produto\/matsuura-vx-1000\/","og_locale":"pt_PT","og_type":"article","og_title":"Matsuura VX-1000, aumento significativo da produ\u00e7\u00e3o","og_description":"O Matsuura VX-1000 Vertical CNC maximiza o conforto e aumenta a produ\u00e7\u00e3o atrav\u00e9s da facilidade de utiliza\u00e7\u00e3o e da redu\u00e7\u00e3o do tempo de prepara\u00e7\u00e3o.","og_url":"https:\/\/maquinser.com\/pt-pt\/produto\/matsuura-vx-1000\/","og_site_name":"Maquinser - Maquinaria y Servicios para la Industria Metalmec\u00e1nica","article_publisher":"http:\/\/fb.me\/Maquinser","article_modified_time":"2021-06-08T13:50:47+00:00","og_image":[{"width":945,"height":945,"url":"https:\/\/maquinser.com\/wp-content\/uploads\/2021\/06\/web_vx-1000.jpg","type":"image\/jpeg"}],"twitter_card":"summary_large_image","twitter_site":"@Maquinser","twitter_misc":{"Tempo estimado de leitura":"1 minuto"},"schema":{"@context":"https:\/\/schema.org","@graph":[{"@type":"WebPage","@id":"https:\/\/maquinser.com\/pt-pt\/produto\/matsuura-vx-1000\/","url":"https:\/\/maquinser.com\/pt-pt\/produto\/matsuura-vx-1000\/","name":"Matsuura VX-1000, aumento significativo da produ\u00e7\u00e3o","isPartOf":{"@id":"https:\/\/maquinser.com\/#website"},"primaryImageOfPage":{"@id":"https:\/\/maquinser.com\/pt-pt\/produto\/matsuura-vx-1000\/#primaryimage"},"image":{"@id":"https:\/\/maquinser.com\/pt-pt\/produto\/matsuura-vx-1000\/#primaryimage"},"thumbnailUrl":"https:\/\/maquinser.com\/wp-content\/uploads\/2021\/06\/web_vx-1000.jpg","datePublished":"2021-06-07T13:13:34+00:00","dateModified":"2021-06-08T13:50:47+00:00","description":"O Matsuura VX-1000 Vertical CNC maximiza o conforto e aumenta a produ\u00e7\u00e3o atrav\u00e9s da facilidade de utiliza\u00e7\u00e3o e da redu\u00e7\u00e3o do tempo de prepara\u00e7\u00e3o.","breadcrumb":{"@id":"https:\/\/maquinser.com\/pt-pt\/produto\/matsuura-vx-1000\/#breadcrumb"},"inLanguage":"pt-PT","potentialAction":[{"@type":"ReadAction","target":["https:\/\/maquinser.com\/pt-pt\/produto\/matsuura-vx-1000\/"]}]},{"@type":"ImageObject","inLanguage":"pt-PT","@id":"https:\/\/maquinser.com\/pt-pt\/produto\/matsuura-vx-1000\/#primaryimage","url":"https:\/\/maquinser.com\/wp-content\/uploads\/2021\/06\/web_vx-1000.jpg","contentUrl":"https:\/\/maquinser.com\/wp-content\/uploads\/2021\/06\/web_vx-1000.jpg","width":945,"height":945,"caption":"VX-1000"},{"@type":"BreadcrumbList","@id":"https:\/\/maquinser.com\/pt-pt\/produto\/matsuura-vx-1000\/#breadcrumb","itemListElement":[{"@type":"ListItem","position":1,"name":"Portada","item":"https:\/\/maquinser.com\/pt-pt\/"},{"@type":"ListItem","position":2,"name":"Cat\u00e1logo","item":"https:\/\/maquinser.com\/en\/shop\/"},{"@type":"ListItem","position":3,"name":"Matsuura VX-1000"}]},{"@type":"WebSite","@id":"https:\/\/maquinser.com\/#website","url":"https:\/\/maquinser.com\/","name":"Maquinser - Maquinaria y Servicios para la Industria Metalmec\u00e1nica","description":"","publisher":{"@id":"https:\/\/maquinser.com\/#organization"},"potentialAction":[{"@type":"SearchAction","target":{"@type":"EntryPoint","urlTemplate":"https:\/\/maquinser.com\/?s={search_term_string}"},"query-input":{"@type":"PropertyValueSpecification","valueRequired":true,"valueName":"search_term_string"}}],"inLanguage":"pt-PT"},{"@type":"Organization","@id":"https:\/\/maquinser.com\/#organization","name":"Maquinser","url":"https:\/\/maquinser.com\/","logo":{"@type":"ImageObject","inLanguage":"pt-PT","@id":"https:\/\/maquinser.com\/#\/schema\/logo\/image\/","url":"http:\/\/maquinser.com\/wp-content\/uploads\/2016\/10\/MAQUINSER_Logo_oficial.jpg","contentUrl":"http:\/\/maquinser.com\/wp-content\/uploads\/2016\/10\/MAQUINSER_Logo_oficial.jpg","width":1411,"height":326,"caption":"Maquinser"},"image":{"@id":"https:\/\/maquinser.com\/#\/schema\/logo\/image\/"},"sameAs":["http:\/\/fb.me\/Maquinser","https:\/\/x.com\/Maquinser","http:\/\/maquinser20s.a."]}]}},"_links":{"self":[{"href":"https:\/\/maquinser.com\/pt-pt\/wp-json\/wp\/v2\/product\/9625","targetHints":{"allow":["GET"]}}],"collection":[{"href":"https:\/\/maquinser.com\/pt-pt\/wp-json\/wp\/v2\/product"}],"about":[{"href":"https:\/\/maquinser.com\/pt-pt\/wp-json\/wp\/v2\/types\/product"}],"replies":[{"embeddable":true,"href":"https:\/\/maquinser.com\/pt-pt\/wp-json\/wp\/v2\/comments?post=9625"}],"wp:featuredmedia":[{"embeddable":true,"href":"https:\/\/maquinser.com\/pt-pt\/wp-json\/wp\/v2\/media\/9629"}],"wp:attachment":[{"href":"https:\/\/maquinser.com\/pt-pt\/wp-json\/wp\/v2\/media?parent=9625"}],"wp:term":[{"taxonomy":"product_brand","embeddable":true,"href":"https:\/\/maquinser.com\/pt-pt\/wp-json\/wp\/v2\/product_brand?post=9625"},{"taxonomy":"product_cat","embeddable":true,"href":"https:\/\/maquinser.com\/pt-pt\/wp-json\/wp\/v2\/product_cat?post=9625"},{"taxonomy":"product_tag","embeddable":true,"href":"https:\/\/maquinser.com\/pt-pt\/wp-json\/wp\/v2\/product_tag?post=9625"}],"curies":[{"name":"wp","href":"https:\/\/api.w.org\/{rel}","templated":true}]}}