{"id":9457,"date":"2020-10-19T09:59:27","date_gmt":"2020-10-19T08:59:27","guid":{"rendered":"http:\/\/maquinser.com\/product\/matsuura-mam-72-52v\/"},"modified":"2021-05-19T10:53:46","modified_gmt":"2021-05-19T08:53:46","slug":"matsuura-mam-72-52v","status":"publish","type":"product","link":"https:\/\/maquinser.com\/pt-pt\/produto\/matsuura-mam-72-52v\/","title":{"rendered":"Matsuura MAM 72-52V"},"content":{"rendered":"<h1><strong>Integraci\u00f3n STANDARD de un Sistema Multipallet de 15 unidades.<\/strong><\/h1>\n<h3>Centro de Mecanizado Vertical de 5 Ejes<\/h3>\n<p>Matsuura Machinery Corporation ha desarrollado un nuevo centro de mecanizado vertical de 5 ejes de alta velocidad y gran capacidad, llamado <strong><em>MAM72-52V<\/em><\/strong>.<\/p>\n<p>La serie <strong><em>MAM72 <\/em><\/strong>(con miles de m\u00e1quinas operando con \u00e9xito mundialmente desde su debut en 1991) origin\u00f3 el concepto de sistema de palet de torre y permanece sin rival en el mercado.<\/p>\n<p>La integraci\u00f3n de proceso, un mecanizado de 5 ejes complejo y una funcionalidad vers\u00e1til en todos los ambientes de mecanizado, la producci\u00f3n de volumen y piezas variable y una operaci\u00f3n desatendida prolongada y fiable son una caracter\u00edstica\u00a0 est\u00e1ndar de la serie MAM72.<\/p>\n<p>Nuestras muchas d\u00e9cadas de experiencia y conocimientos t\u00e9cnicos y tecnol\u00f3gicos en rendimiento de mecanizado desatendido han culminado en la creaci\u00f3n de la MAM72-52V, dise\u00f1ada para manejar un tama\u00f1o de pieza mayor que nuestros modelos existentes, ofrecer tiempos de respuesta m\u00e1s r\u00e1pidos al mercado y proporcionar una productividad a\u00fan mayor para satisfacer los constantes requisitos comerciales de los clientes para obtener tiempos de ciclo cada vez m\u00e1s r\u00e1pidos y un mayor rendimiento de los costes.<\/p>\n<p>Con la MAM72-52, el m\u00e1ximo tama\u00f1o de pieza es D520 mm x H400 mm con un aumento del 23% en di\u00e1metro, un aumento del 50% en peso, y un 75% de aumento en volumen comparado con modelos existentes.<\/p>\n<p>Adem\u00e1s, la nueva mesa de 4\u00ba\/5\u00ba eje desarrollada equipada con motores de transmisi\u00f3n directa alcanza un desplazamiento transversal r\u00e1pido de 50 min-1 y 100 min-1 respectivamente, proporcionando alta velocidad y alta precisi\u00f3n en una misma m\u00e1quina. Revisando la estructura de la m\u00e1quina, una accesibilidad mejorada y una buena operatibilidad para el ajuste est\u00e1n garantizadas ya que la distancia desde el frontal de la m\u00e1quina (extremo del recipiente de aceite) hasta el centro del palet se reduce a 564 mm y hasta el centro del husillo, 134mm.<\/p>\n<p>La MAM72-52V es una m\u00e1quina todo-en-uno que proporciona una producci\u00f3n pieza variable y volumen variable y una operaci\u00f3n desatendida prolongada, incorporando un almac\u00e9n matrix de herramientas (130 herramientas\/base del almac\u00e9n de 300 herramientas), un sistema de palet de torre (PC15) y un sistema de retirada de virutas (extractor de virutas espiral, extractor de virutas elevado) como equipamiento est\u00e1ndar. Adem\u00e1s, para hacer frente a las recientes tendencias IoT, est\u00e1 disponible una caracter\u00edstica opcional para enviar los datos de funcionamiento de la m\u00e1quina a un sistema central utilizando un protocolo de comunicaci\u00f3n llamado &#8220;MTConnect&#8221; dise\u00f1ado para m\u00e1quinas herramienta.<\/p>\n<p>Las m\u00e1quinas Matsuura han sido apreciadas durante 20 a\u00f1os por su atractivo dise\u00f1o de dos tonos de azul marino y claro. Esta vez, hemos a\u00f1adido un matiz de color plateado, que evoca una imagen futur\u00edstica, obteniendo un dise\u00f1o elegante y sofisticado. Este nuevo dise\u00f1o expresa nuestra pasi\u00f3n por &#8220;Monozukuri&#8221;, tecnolog\u00edas de fabricaci\u00f3n, y nuestra promesa por el progreso y el \u00e9xito hacia el futuro.<\/p>\n<div class=\"wpex-responsive-media\"><iframe loading=\"lazy\" title=\"MAM72-52V ATC01\" width=\"980\" height=\"551\" src=\"https:\/\/www.youtube.com\/embed\/PCupKVJdquY?feature=oembed\"  allow=\"accelerometer; autoplay; clipboard-write; encrypted-media; gyroscope; picture-in-picture\" allowfullscreen><\/iframe><\/div>\n<p><strong>\u00a0<\/strong><strong><em>MAM72-52V<\/em><\/strong><strong><em>\u00a0<\/em><\/strong><strong><em>\u00a0<\/em><\/strong><\/p>\n<ol>\n<li><strong>Tama\u00f1o m\u00e1x. pieza: <\/strong><\/li>\n<\/ol>\n<p>D520 mm \u00b4 H400 mm (Modelo existente: D420 mm \u00b4 H350 mm) 300 kg [660 lb.]\n<ol start=\"2\">\n<li><strong>MAXIA husillo <\/strong>(desde mecanizado pesado a mecanizado de alta velocidad)<\/li>\n<\/ol>\n<p>15,000 min-1\/ 150 Nm (Est\u00e1ndar)<br \/>\n15,000 min-1\/ 187 Nm (Opcional)<br \/>\n20,000 min-1\/ 108,4 Nm<\/p>\n<ol start=\"3\">\n<li><strong>4\u00ba\/5\u00ba ejes integrados de alta velocidad, alta precisi\u00f3n y alta rigidez de dise\u00f1o<\/strong><\/li>\n<\/ol>\n<p>Avance transversal r\u00e1pido: 50 min-1 (4\u00ba eje), 100 min-1 (5\u00ba eje)<br \/>\nSistema de transmisi\u00f3n: Motor de transmisi\u00f3n directa<\/p>\n<p>Escala giratoria como est\u00e1ndar<\/p>\n<ol start=\"4\">\n<li><strong>Facilidad de operaci\u00f3n y mantenimiento<\/strong><\/li>\n<\/ol>\n<p>Distancia desde la m\u00e1quina hasta el centro del husillo: 134 mm<br \/>\nDistancia desde el frontal de la m\u00e1quina (extremo colector aceite) hasta centro del palet: 564 mm<\/p>\n<p>Distancia desde el suelo hasta la superficie superior del palet: 1.050 mm<\/p>\n<ol start=\"5\">\n<li><strong>M\u00e1quina todo-en-uno<\/strong><\/li>\n<\/ol>\n<p>Para producci\u00f3n de pieza\/volumen variable y operaci\u00f3n desatendida prolongada<\/p>\n<p><strong>Almac\u00e9n matrix recientemente desarrollado:<\/strong><\/p>\n<p>130 ~ 330 herramientas (base de almac\u00e9n de 330 herramientas). 130 herramientas &#8211; est\u00e1ndar<\/p>\n<p>370 ~ 530 tools (base de almac\u00e9n de 530 herramientas) \u2013 opcional<\/p>\n<p><strong>Sistema de palet m\u00faltiple<\/strong><br \/>\nSistema de palet de torre (PC15), est\u00e1ndar<br \/>\nExtractor de virutas espiral, extractor de virutas elevado, est\u00e1ndar<\/p>\n<ol start=\"6\">\n<li><strong>Extracci\u00f3n de virutas<\/strong><strong>\u00a0<\/strong><\/li>\n<\/ol>\n<ol start=\"7\">\n<li><strong>\u00c1rea interna reducida <\/strong><br \/>\nHasta un 10% comparado con modelos existentes mientras aumenta la capacidad de pieza un 75%)<\/li>\n<\/ol>\n<p>Capacidad de transferencia del extractor espiral aumentada un 28% comparada con otros modelos.<\/p>\n","protected":false},"excerpt":{"rendered":"<p>Integraci\u00f3n STANDARD de un Sistema Multipallet de 15 unidades. Centro de Mecanizado Vertical de 5 Ejes Matsuura Machinery Corporation ha desarrollado un nuevo centro de mecanizado vertical de 5 ejes de alta velocidad y gran capacidad, llamado MAM72-52V. La serie MAM72 (con miles de m\u00e1quinas operando con \u00e9xito mundialmente desde su debut en 1991) origin\u00f3&hellip;<\/p>\n","protected":false},"featured_media":9077,"comment_status":"closed","ping_status":"closed","template":"","meta":[],"product_brand":[143],"product_cat":[1059,684,687,680],"product_tag":[],"class_list":{"0":"post-9457","1":"product","2":"type-product","3":"status-publish","4":"has-post-thumbnail","6":"product_brand-matsuura","7":"product_cat-centro-de-usinagem-vertical","8":"product_cat-centros-de-usinagem","9":"product_cat-cnc-5-eixos","10":"product_cat-cnc-multitarefa","11":"entry","12":"has-media","14":"first","15":"instock","16":"featured","17":"shipping-taxable","18":"product-type-simple","19":"col","20":"wpex-woo-entry","21":"span_1_of_4"},"yoast_head":"<!-- This site is optimized with the Yoast SEO plugin v27.5 - https:\/\/yoast.com\/product\/yoast-seo-wordpress\/ -->\n<title>Matsuura MAM 72-52V<\/title>\n<meta name=\"description\" content=\"Matsuura Machinery Corporation ha desarrollado un nuevo centro de mecanizado vertical de 5 ejes de alta velocidad y gran capacidad, llamado MAM72-52V.\" \/>\n<meta name=\"robots\" content=\"index, follow, max-snippet:-1, max-image-preview:large, max-video-preview:-1\" \/>\n<link rel=\"canonical\" href=\"https:\/\/maquinser.com\/pt-pt\/produto\/matsuura-mam-72-52v\/\" \/>\n<meta property=\"og:locale\" content=\"pt_PT\" \/>\n<meta property=\"og:type\" content=\"article\" \/>\n<meta property=\"og:title\" content=\"Matsuura MAM 72-52V\" \/>\n<meta property=\"og:description\" content=\"Matsuura Machinery Corporation ha desarrollado un nuevo centro de mecanizado vertical de 5 ejes de alta velocidad y gran capacidad, llamado MAM72-52V.\" \/>\n<meta property=\"og:url\" content=\"https:\/\/maquinser.com\/pt-pt\/produto\/matsuura-mam-72-52v\/\" \/>\n<meta property=\"og:site_name\" content=\"Maquinser - Maquinaria y Servicios para la Industria Metalmec\u00e1nica\" \/>\n<meta property=\"article:publisher\" content=\"http:\/\/fb.me\/Maquinser\" \/>\n<meta property=\"article:modified_time\" content=\"2021-05-19T08:53:46+00:00\" \/>\n<meta property=\"og:image\" content=\"https:\/\/maquinser.com\/wp-content\/uploads\/2020\/10\/web_MAM_72-52V.jpg\" \/>\n\t<meta property=\"og:image:width\" content=\"945\" \/>\n\t<meta property=\"og:image:height\" content=\"945\" \/>\n\t<meta property=\"og:image:type\" content=\"image\/jpeg\" \/>\n<meta name=\"twitter:card\" content=\"summary_large_image\" \/>\n<meta name=\"twitter:site\" content=\"@Maquinser\" \/>\n<meta name=\"twitter:label1\" content=\"Tempo estimado de leitura\" \/>\n\t<meta name=\"twitter:data1\" content=\"4 minutos\" \/>\n<script type=\"application\/ld+json\" class=\"yoast-schema-graph\">{\"@context\":\"https:\\\/\\\/schema.org\",\"@graph\":[{\"@type\":\"WebPage\",\"@id\":\"https:\\\/\\\/maquinser.com\\\/pt-pt\\\/produto\\\/matsuura-mam-72-52v\\\/\",\"url\":\"https:\\\/\\\/maquinser.com\\\/pt-pt\\\/produto\\\/matsuura-mam-72-52v\\\/\",\"name\":\"Matsuura MAM 72-52V\",\"isPartOf\":{\"@id\":\"https:\\\/\\\/maquinser.com\\\/pt-pt\\\/#website\"},\"primaryImageOfPage\":{\"@id\":\"https:\\\/\\\/maquinser.com\\\/pt-pt\\\/produto\\\/matsuura-mam-72-52v\\\/#primaryimage\"},\"image\":{\"@id\":\"https:\\\/\\\/maquinser.com\\\/pt-pt\\\/produto\\\/matsuura-mam-72-52v\\\/#primaryimage\"},\"thumbnailUrl\":\"https:\\\/\\\/maquinser.com\\\/wp-content\\\/uploads\\\/2020\\\/10\\\/web_MAM_72-52V.jpg\",\"datePublished\":\"2020-10-19T08:59:27+00:00\",\"dateModified\":\"2021-05-19T08:53:46+00:00\",\"description\":\"Matsuura Machinery Corporation ha desarrollado un nuevo centro de mecanizado vertical de 5 ejes de alta velocidad y gran capacidad, llamado MAM72-52V.\",\"breadcrumb\":{\"@id\":\"https:\\\/\\\/maquinser.com\\\/pt-pt\\\/produto\\\/matsuura-mam-72-52v\\\/#breadcrumb\"},\"inLanguage\":\"pt-PT\",\"potentialAction\":[{\"@type\":\"ReadAction\",\"target\":[\"https:\\\/\\\/maquinser.com\\\/pt-pt\\\/produto\\\/matsuura-mam-72-52v\\\/\"]}]},{\"@type\":\"ImageObject\",\"inLanguage\":\"pt-PT\",\"@id\":\"https:\\\/\\\/maquinser.com\\\/pt-pt\\\/produto\\\/matsuura-mam-72-52v\\\/#primaryimage\",\"url\":\"https:\\\/\\\/maquinser.com\\\/wp-content\\\/uploads\\\/2020\\\/10\\\/web_MAM_72-52V.jpg\",\"contentUrl\":\"https:\\\/\\\/maquinser.com\\\/wp-content\\\/uploads\\\/2020\\\/10\\\/web_MAM_72-52V.jpg\",\"width\":945,\"height\":945},{\"@type\":\"BreadcrumbList\",\"@id\":\"https:\\\/\\\/maquinser.com\\\/pt-pt\\\/produto\\\/matsuura-mam-72-52v\\\/#breadcrumb\",\"itemListElement\":[{\"@type\":\"ListItem\",\"position\":1,\"name\":\"Portada\",\"item\":\"https:\\\/\\\/maquinser.com\\\/pt-pt\\\/\"},{\"@type\":\"ListItem\",\"position\":2,\"name\":\"Loja\",\"item\":\"https:\\\/\\\/maquinser.com\\\/pt-pt\\\/loja\\\/\"},{\"@type\":\"ListItem\",\"position\":3,\"name\":\"Matsuura MAM 72-52V\"}]},{\"@type\":\"WebSite\",\"@id\":\"https:\\\/\\\/maquinser.com\\\/pt-pt\\\/#website\",\"url\":\"https:\\\/\\\/maquinser.com\\\/pt-pt\\\/\",\"name\":\"Maquinser - Maquinaria y Servicios para la Industria Metalmec\u00e1nica\",\"description\":\"\",\"publisher\":{\"@id\":\"https:\\\/\\\/maquinser.com\\\/pt-pt\\\/#organization\"},\"potentialAction\":[{\"@type\":\"SearchAction\",\"target\":{\"@type\":\"EntryPoint\",\"urlTemplate\":\"https:\\\/\\\/maquinser.com\\\/pt-pt\\\/?s={search_term_string}\"},\"query-input\":{\"@type\":\"PropertyValueSpecification\",\"valueRequired\":true,\"valueName\":\"search_term_string\"}}],\"inLanguage\":\"pt-PT\"},{\"@type\":\"Organization\",\"@id\":\"https:\\\/\\\/maquinser.com\\\/pt-pt\\\/#organization\",\"name\":\"Maquinser\",\"url\":\"https:\\\/\\\/maquinser.com\\\/pt-pt\\\/\",\"logo\":{\"@type\":\"ImageObject\",\"inLanguage\":\"pt-PT\",\"@id\":\"https:\\\/\\\/maquinser.com\\\/pt-pt\\\/#\\\/schema\\\/logo\\\/image\\\/\",\"url\":\"http:\\\/\\\/maquinser.com\\\/wp-content\\\/uploads\\\/2016\\\/10\\\/MAQUINSER_Logo_oficial.jpg\",\"contentUrl\":\"http:\\\/\\\/maquinser.com\\\/wp-content\\\/uploads\\\/2016\\\/10\\\/MAQUINSER_Logo_oficial.jpg\",\"width\":1411,\"height\":326,\"caption\":\"Maquinser\"},\"image\":{\"@id\":\"https:\\\/\\\/maquinser.com\\\/pt-pt\\\/#\\\/schema\\\/logo\\\/image\\\/\"},\"sameAs\":[\"http:\\\/\\\/fb.me\\\/Maquinser\",\"https:\\\/\\\/x.com\\\/Maquinser\",\"http:\\\/\\\/maquinser20s.a.\"]}]}<\/script>\n<!-- \/ Yoast SEO plugin. -->","yoast_head_json":{"title":"Matsuura MAM 72-52V","description":"Matsuura Machinery Corporation ha desarrollado un nuevo centro de mecanizado vertical de 5 ejes de alta velocidad y gran capacidad, llamado MAM72-52V.","robots":{"index":"index","follow":"follow","max-snippet":"max-snippet:-1","max-image-preview":"max-image-preview:large","max-video-preview":"max-video-preview:-1"},"canonical":"https:\/\/maquinser.com\/pt-pt\/produto\/matsuura-mam-72-52v\/","og_locale":"pt_PT","og_type":"article","og_title":"Matsuura MAM 72-52V","og_description":"Matsuura Machinery Corporation ha desarrollado un nuevo centro de mecanizado vertical de 5 ejes de alta velocidad y gran capacidad, llamado MAM72-52V.","og_url":"https:\/\/maquinser.com\/pt-pt\/produto\/matsuura-mam-72-52v\/","og_site_name":"Maquinser - Maquinaria y Servicios para la Industria Metalmec\u00e1nica","article_publisher":"http:\/\/fb.me\/Maquinser","article_modified_time":"2021-05-19T08:53:46+00:00","og_image":[{"width":945,"height":945,"url":"https:\/\/maquinser.com\/wp-content\/uploads\/2020\/10\/web_MAM_72-52V.jpg","type":"image\/jpeg"}],"twitter_card":"summary_large_image","twitter_site":"@Maquinser","twitter_misc":{"Tempo estimado de leitura":"4 minutos"},"schema":{"@context":"https:\/\/schema.org","@graph":[{"@type":"WebPage","@id":"https:\/\/maquinser.com\/pt-pt\/produto\/matsuura-mam-72-52v\/","url":"https:\/\/maquinser.com\/pt-pt\/produto\/matsuura-mam-72-52v\/","name":"Matsuura MAM 72-52V","isPartOf":{"@id":"https:\/\/maquinser.com\/pt-pt\/#website"},"primaryImageOfPage":{"@id":"https:\/\/maquinser.com\/pt-pt\/produto\/matsuura-mam-72-52v\/#primaryimage"},"image":{"@id":"https:\/\/maquinser.com\/pt-pt\/produto\/matsuura-mam-72-52v\/#primaryimage"},"thumbnailUrl":"https:\/\/maquinser.com\/wp-content\/uploads\/2020\/10\/web_MAM_72-52V.jpg","datePublished":"2020-10-19T08:59:27+00:00","dateModified":"2021-05-19T08:53:46+00:00","description":"Matsuura Machinery Corporation ha desarrollado un nuevo centro de mecanizado vertical de 5 ejes de alta velocidad y gran capacidad, llamado MAM72-52V.","breadcrumb":{"@id":"https:\/\/maquinser.com\/pt-pt\/produto\/matsuura-mam-72-52v\/#breadcrumb"},"inLanguage":"pt-PT","potentialAction":[{"@type":"ReadAction","target":["https:\/\/maquinser.com\/pt-pt\/produto\/matsuura-mam-72-52v\/"]}]},{"@type":"ImageObject","inLanguage":"pt-PT","@id":"https:\/\/maquinser.com\/pt-pt\/produto\/matsuura-mam-72-52v\/#primaryimage","url":"https:\/\/maquinser.com\/wp-content\/uploads\/2020\/10\/web_MAM_72-52V.jpg","contentUrl":"https:\/\/maquinser.com\/wp-content\/uploads\/2020\/10\/web_MAM_72-52V.jpg","width":945,"height":945},{"@type":"BreadcrumbList","@id":"https:\/\/maquinser.com\/pt-pt\/produto\/matsuura-mam-72-52v\/#breadcrumb","itemListElement":[{"@type":"ListItem","position":1,"name":"Portada","item":"https:\/\/maquinser.com\/pt-pt\/"},{"@type":"ListItem","position":2,"name":"Loja","item":"https:\/\/maquinser.com\/pt-pt\/loja\/"},{"@type":"ListItem","position":3,"name":"Matsuura MAM 72-52V"}]},{"@type":"WebSite","@id":"https:\/\/maquinser.com\/pt-pt\/#website","url":"https:\/\/maquinser.com\/pt-pt\/","name":"Maquinser - Maquinaria y Servicios para la Industria Metalmec\u00e1nica","description":"","publisher":{"@id":"https:\/\/maquinser.com\/pt-pt\/#organization"},"potentialAction":[{"@type":"SearchAction","target":{"@type":"EntryPoint","urlTemplate":"https:\/\/maquinser.com\/pt-pt\/?s={search_term_string}"},"query-input":{"@type":"PropertyValueSpecification","valueRequired":true,"valueName":"search_term_string"}}],"inLanguage":"pt-PT"},{"@type":"Organization","@id":"https:\/\/maquinser.com\/pt-pt\/#organization","name":"Maquinser","url":"https:\/\/maquinser.com\/pt-pt\/","logo":{"@type":"ImageObject","inLanguage":"pt-PT","@id":"https:\/\/maquinser.com\/pt-pt\/#\/schema\/logo\/image\/","url":"http:\/\/maquinser.com\/wp-content\/uploads\/2016\/10\/MAQUINSER_Logo_oficial.jpg","contentUrl":"http:\/\/maquinser.com\/wp-content\/uploads\/2016\/10\/MAQUINSER_Logo_oficial.jpg","width":1411,"height":326,"caption":"Maquinser"},"image":{"@id":"https:\/\/maquinser.com\/pt-pt\/#\/schema\/logo\/image\/"},"sameAs":["http:\/\/fb.me\/Maquinser","https:\/\/x.com\/Maquinser","http:\/\/maquinser20s.a."]}]}},"_links":{"self":[{"href":"https:\/\/maquinser.com\/pt-pt\/wp-json\/wp\/v2\/product\/9457","targetHints":{"allow":["GET"]}}],"collection":[{"href":"https:\/\/maquinser.com\/pt-pt\/wp-json\/wp\/v2\/product"}],"about":[{"href":"https:\/\/maquinser.com\/pt-pt\/wp-json\/wp\/v2\/types\/product"}],"replies":[{"embeddable":true,"href":"https:\/\/maquinser.com\/pt-pt\/wp-json\/wp\/v2\/comments?post=9457"}],"wp:featuredmedia":[{"embeddable":true,"href":"https:\/\/maquinser.com\/pt-pt\/wp-json\/wp\/v2\/media\/9077"}],"wp:attachment":[{"href":"https:\/\/maquinser.com\/pt-pt\/wp-json\/wp\/v2\/media?parent=9457"}],"wp:term":[{"taxonomy":"product_brand","embeddable":true,"href":"https:\/\/maquinser.com\/pt-pt\/wp-json\/wp\/v2\/product_brand?post=9457"},{"taxonomy":"product_cat","embeddable":true,"href":"https:\/\/maquinser.com\/pt-pt\/wp-json\/wp\/v2\/product_cat?post=9457"},{"taxonomy":"product_tag","embeddable":true,"href":"https:\/\/maquinser.com\/pt-pt\/wp-json\/wp\/v2\/product_tag?post=9457"}],"curies":[{"name":"wp","href":"https:\/\/api.w.org\/{rel}","templated":true}]}}