{"id":6753,"date":"2019-01-23T09:21:19","date_gmt":"2019-01-23T08:21:20","guid":{"rendered":"http:\/\/maquinser.com\/?post_type=product&#038;p=6753"},"modified":"2021-04-27T14:30:56","modified_gmt":"2021-04-27T13:30:56","slug":"torno-de-alta-velocidad-muratec-mw-35","status":"publish","type":"product","link":"https:\/\/maquinser.com\/pt-pt\/produto\/torno-de-alta-velocidad-muratec-mw-35\/","title":{"rendered":"Muratec MW 35"},"content":{"rendered":"<p><strong>Torno de alta velocidad Muratec MW 35 &#8211;&gt; Mecanizado con doble husillo<br \/>\n<\/strong><strong><em>Para producci\u00f3n en masa de piezas peque\u00f1as. Ciclos cortos, husillo de aceleraci\u00f3n r\u00e1pida.<\/em><\/strong><\/p>\n<p>Muratec MW 35 fue dise\u00f1ada para el torneado de alta velocidad y la reducci\u00f3n de ciclos de tiempo. Es capaz de producir piezas en menos de 3 segundos. Adem\u00e1s, su doble husillo nos permite realizar operaciones simult\u00e1neas. A\u00fan as\u00ed, la MW 35 no s\u00f3lo permite reducir los ciclos de tiempo, si no que su tama\u00f1o compacto hace que sea una gran oportunidad para renovar el equipamiento antiguo del usuario a la par que doblar la producci\u00f3n.<\/p>\n<div class=\"wpex-responsive-media\"><iframe loading=\"lazy\" width=\"980\" height=\"551\" src=\"https:\/\/www.youtube.com\/embed\/TEDvCm08ji4?feature=oembed\"  allow=\"accelerometer; autoplay; encrypted-media; gyroscope; picture-in-picture\" allowfullscreen><\/iframe><\/div>\n","protected":false},"excerpt":{"rendered":"<p><strong>Torno de alta velocidad.\u00a0 Mecanizado con doble husillo.<\/strong><\/p>\n","protected":false},"featured_media":6756,"comment_status":"closed","ping_status":"closed","template":"","meta":[],"product_brand":[142],"product_cat":[698,705],"product_tag":[],"class_list":{"0":"post-6753","1":"product","2":"type-product","3":"status-publish","4":"has-post-thumbnail","6":"product_brand-muratec","7":"product_cat-torneamento","8":"product_cat-torneamento-horizontal","9":"entry","10":"has-media","12":"first","13":"instock","14":"featured","15":"shipping-taxable","16":"product-type-simple","17":"col","18":"wpex-woo-entry","19":"span_1_of_4"},"yoast_head":"<!-- This site is optimized with the Yoast SEO plugin v27.2 - https:\/\/yoast.com\/product\/yoast-seo-wordpress\/ -->\n<title>Muratec MW 35<\/title>\n<meta name=\"description\" content=\"Torno de alta velocidad Muratec MW 35 &gt; Mecanizado con doble husillo. Producci\u00f3n en masa de piezas peque\u00f1as. Ciclos cortos, husillo de aceleraci\u00f3n r\u00e1pida.\" \/>\n<meta name=\"robots\" content=\"index, follow, max-snippet:-1, max-image-preview:large, max-video-preview:-1\" \/>\n<link rel=\"canonical\" href=\"https:\/\/maquinser.com\/pt-pt\/produto\/torno-de-alta-velocidad-muratec-mw-35\/\" \/>\n<meta property=\"og:locale\" content=\"pt_PT\" \/>\n<meta property=\"og:type\" content=\"article\" \/>\n<meta property=\"og:title\" content=\"Muratec MW 35\" \/>\n<meta property=\"og:description\" content=\"Torno de alta velocidad Muratec MW 35 &gt; Mecanizado con doble husillo. Producci\u00f3n en masa de piezas peque\u00f1as. Ciclos cortos, husillo de aceleraci\u00f3n r\u00e1pida.\" \/>\n<meta property=\"og:url\" content=\"https:\/\/maquinser.com\/pt-pt\/produto\/torno-de-alta-velocidad-muratec-mw-35\/\" \/>\n<meta property=\"og:site_name\" content=\"Maquinser - Maquinaria y Servicios para la Industria Metalmec\u00e1nica\" \/>\n<meta property=\"article:publisher\" content=\"http:\/\/fb.me\/Maquinser\" \/>\n<meta property=\"article:modified_time\" content=\"2021-04-27T13:30:56+00:00\" \/>\n<meta property=\"og:image\" content=\"https:\/\/maquinser.com\/wp-content\/uploads\/2019\/01\/web_Muratec_MW35.jpg\" \/>\n\t<meta property=\"og:image:width\" content=\"945\" \/>\n\t<meta property=\"og:image:height\" content=\"945\" \/>\n\t<meta property=\"og:image:type\" content=\"image\/jpeg\" \/>\n<meta name=\"twitter:card\" content=\"summary_large_image\" \/>\n<meta name=\"twitter:site\" content=\"@Maquinser\" \/>\n<meta name=\"twitter:label1\" content=\"Tempo estimado de leitura\" \/>\n\t<meta name=\"twitter:data1\" content=\"1 minuto\" \/>\n<script type=\"application\/ld+json\" class=\"yoast-schema-graph\">{\"@context\":\"https:\/\/schema.org\",\"@graph\":[{\"@type\":\"WebPage\",\"@id\":\"https:\/\/maquinser.com\/pt-pt\/produto\/torno-de-alta-velocidad-muratec-mw-35\/\",\"url\":\"https:\/\/maquinser.com\/pt-pt\/produto\/torno-de-alta-velocidad-muratec-mw-35\/\",\"name\":\"Muratec MW 35\",\"isPartOf\":{\"@id\":\"https:\/\/maquinser.com\/#website\"},\"primaryImageOfPage\":{\"@id\":\"https:\/\/maquinser.com\/pt-pt\/produto\/torno-de-alta-velocidad-muratec-mw-35\/#primaryimage\"},\"image\":{\"@id\":\"https:\/\/maquinser.com\/pt-pt\/produto\/torno-de-alta-velocidad-muratec-mw-35\/#primaryimage\"},\"thumbnailUrl\":\"https:\/\/maquinser.com\/wp-content\/uploads\/2019\/01\/web_Muratec_MW35.jpg\",\"datePublished\":\"2019-01-23T08:21:20+00:00\",\"dateModified\":\"2021-04-27T13:30:56+00:00\",\"description\":\"Torno de alta velocidad Muratec MW 35 > Mecanizado con doble husillo. Producci\u00f3n en masa de piezas peque\u00f1as. Ciclos cortos, husillo de aceleraci\u00f3n r\u00e1pida.\",\"breadcrumb\":{\"@id\":\"https:\/\/maquinser.com\/pt-pt\/produto\/torno-de-alta-velocidad-muratec-mw-35\/#breadcrumb\"},\"inLanguage\":\"pt-PT\",\"potentialAction\":[{\"@type\":\"ReadAction\",\"target\":[\"https:\/\/maquinser.com\/pt-pt\/produto\/torno-de-alta-velocidad-muratec-mw-35\/\"]}]},{\"@type\":\"ImageObject\",\"inLanguage\":\"pt-PT\",\"@id\":\"https:\/\/maquinser.com\/pt-pt\/produto\/torno-de-alta-velocidad-muratec-mw-35\/#primaryimage\",\"url\":\"https:\/\/maquinser.com\/wp-content\/uploads\/2019\/01\/web_Muratec_MW35.jpg\",\"contentUrl\":\"https:\/\/maquinser.com\/wp-content\/uploads\/2019\/01\/web_Muratec_MW35.jpg\",\"width\":945,\"height\":945},{\"@type\":\"BreadcrumbList\",\"@id\":\"https:\/\/maquinser.com\/pt-pt\/produto\/torno-de-alta-velocidad-muratec-mw-35\/#breadcrumb\",\"itemListElement\":[{\"@type\":\"ListItem\",\"position\":1,\"name\":\"Portada\",\"item\":\"https:\/\/maquinser.com\/pt-pt\/\"},{\"@type\":\"ListItem\",\"position\":2,\"name\":\"Cat\u00e1logo\",\"item\":\"https:\/\/maquinser.com\/catalogo\/\"},{\"@type\":\"ListItem\",\"position\":3,\"name\":\"Muratec MW 35\"}]},{\"@type\":\"WebSite\",\"@id\":\"https:\/\/maquinser.com\/#website\",\"url\":\"https:\/\/maquinser.com\/\",\"name\":\"Maquinser - Maquinaria y Servicios para la Industria Metalmec\u00e1nica\",\"description\":\"\",\"publisher\":{\"@id\":\"https:\/\/maquinser.com\/#organization\"},\"potentialAction\":[{\"@type\":\"SearchAction\",\"target\":{\"@type\":\"EntryPoint\",\"urlTemplate\":\"https:\/\/maquinser.com\/?s={search_term_string}\"},\"query-input\":{\"@type\":\"PropertyValueSpecification\",\"valueRequired\":true,\"valueName\":\"search_term_string\"}}],\"inLanguage\":\"pt-PT\"},{\"@type\":\"Organization\",\"@id\":\"https:\/\/maquinser.com\/#organization\",\"name\":\"Maquinser\",\"url\":\"https:\/\/maquinser.com\/\",\"logo\":{\"@type\":\"ImageObject\",\"inLanguage\":\"pt-PT\",\"@id\":\"https:\/\/maquinser.com\/#\/schema\/logo\/image\/\",\"url\":\"http:\/\/maquinser.com\/wp-content\/uploads\/2016\/10\/MAQUINSER_Logo_oficial.jpg\",\"contentUrl\":\"http:\/\/maquinser.com\/wp-content\/uploads\/2016\/10\/MAQUINSER_Logo_oficial.jpg\",\"width\":1411,\"height\":326,\"caption\":\"Maquinser\"},\"image\":{\"@id\":\"https:\/\/maquinser.com\/#\/schema\/logo\/image\/\"},\"sameAs\":[\"http:\/\/fb.me\/Maquinser\",\"https:\/\/x.com\/Maquinser\",\"http:\/\/maquinser20s.a.\"]}]}<\/script>\n<!-- \/ Yoast SEO plugin. -->","yoast_head_json":{"title":"Muratec MW 35","description":"Torno de alta velocidad Muratec MW 35 > Mecanizado con doble husillo. Producci\u00f3n en masa de piezas peque\u00f1as. Ciclos cortos, husillo de aceleraci\u00f3n r\u00e1pida.","robots":{"index":"index","follow":"follow","max-snippet":"max-snippet:-1","max-image-preview":"max-image-preview:large","max-video-preview":"max-video-preview:-1"},"canonical":"https:\/\/maquinser.com\/pt-pt\/produto\/torno-de-alta-velocidad-muratec-mw-35\/","og_locale":"pt_PT","og_type":"article","og_title":"Muratec MW 35","og_description":"Torno de alta velocidad Muratec MW 35 > Mecanizado con doble husillo. Producci\u00f3n en masa de piezas peque\u00f1as. Ciclos cortos, husillo de aceleraci\u00f3n r\u00e1pida.","og_url":"https:\/\/maquinser.com\/pt-pt\/produto\/torno-de-alta-velocidad-muratec-mw-35\/","og_site_name":"Maquinser - Maquinaria y Servicios para la Industria Metalmec\u00e1nica","article_publisher":"http:\/\/fb.me\/Maquinser","article_modified_time":"2021-04-27T13:30:56+00:00","og_image":[{"width":945,"height":945,"url":"https:\/\/maquinser.com\/wp-content\/uploads\/2019\/01\/web_Muratec_MW35.jpg","type":"image\/jpeg"}],"twitter_card":"summary_large_image","twitter_site":"@Maquinser","twitter_misc":{"Tempo estimado de leitura":"1 minuto"},"schema":{"@context":"https:\/\/schema.org","@graph":[{"@type":"WebPage","@id":"https:\/\/maquinser.com\/pt-pt\/produto\/torno-de-alta-velocidad-muratec-mw-35\/","url":"https:\/\/maquinser.com\/pt-pt\/produto\/torno-de-alta-velocidad-muratec-mw-35\/","name":"Muratec MW 35","isPartOf":{"@id":"https:\/\/maquinser.com\/#website"},"primaryImageOfPage":{"@id":"https:\/\/maquinser.com\/pt-pt\/produto\/torno-de-alta-velocidad-muratec-mw-35\/#primaryimage"},"image":{"@id":"https:\/\/maquinser.com\/pt-pt\/produto\/torno-de-alta-velocidad-muratec-mw-35\/#primaryimage"},"thumbnailUrl":"https:\/\/maquinser.com\/wp-content\/uploads\/2019\/01\/web_Muratec_MW35.jpg","datePublished":"2019-01-23T08:21:20+00:00","dateModified":"2021-04-27T13:30:56+00:00","description":"Torno de alta velocidad Muratec MW 35 > Mecanizado con doble husillo. Producci\u00f3n en masa de piezas peque\u00f1as. Ciclos cortos, husillo de aceleraci\u00f3n r\u00e1pida.","breadcrumb":{"@id":"https:\/\/maquinser.com\/pt-pt\/produto\/torno-de-alta-velocidad-muratec-mw-35\/#breadcrumb"},"inLanguage":"pt-PT","potentialAction":[{"@type":"ReadAction","target":["https:\/\/maquinser.com\/pt-pt\/produto\/torno-de-alta-velocidad-muratec-mw-35\/"]}]},{"@type":"ImageObject","inLanguage":"pt-PT","@id":"https:\/\/maquinser.com\/pt-pt\/produto\/torno-de-alta-velocidad-muratec-mw-35\/#primaryimage","url":"https:\/\/maquinser.com\/wp-content\/uploads\/2019\/01\/web_Muratec_MW35.jpg","contentUrl":"https:\/\/maquinser.com\/wp-content\/uploads\/2019\/01\/web_Muratec_MW35.jpg","width":945,"height":945},{"@type":"BreadcrumbList","@id":"https:\/\/maquinser.com\/pt-pt\/produto\/torno-de-alta-velocidad-muratec-mw-35\/#breadcrumb","itemListElement":[{"@type":"ListItem","position":1,"name":"Portada","item":"https:\/\/maquinser.com\/pt-pt\/"},{"@type":"ListItem","position":2,"name":"Cat\u00e1logo","item":"https:\/\/maquinser.com\/catalogo\/"},{"@type":"ListItem","position":3,"name":"Muratec MW 35"}]},{"@type":"WebSite","@id":"https:\/\/maquinser.com\/#website","url":"https:\/\/maquinser.com\/","name":"Maquinser - Maquinaria y Servicios para la Industria Metalmec\u00e1nica","description":"","publisher":{"@id":"https:\/\/maquinser.com\/#organization"},"potentialAction":[{"@type":"SearchAction","target":{"@type":"EntryPoint","urlTemplate":"https:\/\/maquinser.com\/?s={search_term_string}"},"query-input":{"@type":"PropertyValueSpecification","valueRequired":true,"valueName":"search_term_string"}}],"inLanguage":"pt-PT"},{"@type":"Organization","@id":"https:\/\/maquinser.com\/#organization","name":"Maquinser","url":"https:\/\/maquinser.com\/","logo":{"@type":"ImageObject","inLanguage":"pt-PT","@id":"https:\/\/maquinser.com\/#\/schema\/logo\/image\/","url":"http:\/\/maquinser.com\/wp-content\/uploads\/2016\/10\/MAQUINSER_Logo_oficial.jpg","contentUrl":"http:\/\/maquinser.com\/wp-content\/uploads\/2016\/10\/MAQUINSER_Logo_oficial.jpg","width":1411,"height":326,"caption":"Maquinser"},"image":{"@id":"https:\/\/maquinser.com\/#\/schema\/logo\/image\/"},"sameAs":["http:\/\/fb.me\/Maquinser","https:\/\/x.com\/Maquinser","http:\/\/maquinser20s.a."]}]}},"_links":{"self":[{"href":"https:\/\/maquinser.com\/pt-pt\/wp-json\/wp\/v2\/product\/6753","targetHints":{"allow":["GET"]}}],"collection":[{"href":"https:\/\/maquinser.com\/pt-pt\/wp-json\/wp\/v2\/product"}],"about":[{"href":"https:\/\/maquinser.com\/pt-pt\/wp-json\/wp\/v2\/types\/product"}],"replies":[{"embeddable":true,"href":"https:\/\/maquinser.com\/pt-pt\/wp-json\/wp\/v2\/comments?post=6753"}],"wp:featuredmedia":[{"embeddable":true,"href":"https:\/\/maquinser.com\/pt-pt\/wp-json\/wp\/v2\/media\/6756"}],"wp:attachment":[{"href":"https:\/\/maquinser.com\/pt-pt\/wp-json\/wp\/v2\/media?parent=6753"}],"wp:term":[{"taxonomy":"product_brand","embeddable":true,"href":"https:\/\/maquinser.com\/pt-pt\/wp-json\/wp\/v2\/product_brand?post=6753"},{"taxonomy":"product_cat","embeddable":true,"href":"https:\/\/maquinser.com\/pt-pt\/wp-json\/wp\/v2\/product_cat?post=6753"},{"taxonomy":"product_tag","embeddable":true,"href":"https:\/\/maquinser.com\/pt-pt\/wp-json\/wp\/v2\/product_tag?post=6753"}],"curies":[{"name":"wp","href":"https:\/\/api.w.org\/{rel}","templated":true}]}}