{"id":6616,"date":"2018-12-11T11:21:23","date_gmt":"2018-12-11T10:21:24","guid":{"rendered":"http:\/\/maquinser.com\/?post_type=product&#038;p=6616"},"modified":"2024-03-01T09:29:29","modified_gmt":"2024-03-01T08:29:29","slug":"tsugami-b0326-ii","status":"publish","type":"product","link":"https:\/\/maquinser.com\/pt-pt\/produto\/tsugami-b0326-ii\/","title":{"rendered":"Tsugami B0386E-III"},"content":{"rendered":"<h2><strong>PRODUTIVIDADE DA CABE\u00c7OTE M\u00d3VEL COM FOR\u00c7A DA CABE\u00c7A FIXA <\/strong><\/h2>\n<p><span style=\"font-size: 14px;\">A Tsugami B0386E-III \u00e9 uma m\u00e1quina que combina o melhor de dois mundos. A sua cinem\u00e1tica de cabe\u00e7ote m\u00f3vel d\u00e1-lhe uma produtividade inigual\u00e1vel pelos seus concorrentes de cabe\u00e7a fixa. Ao mesmo tempo, o facto de ser uma m\u00e1quina de \u00f838 mm, concebida desde o in\u00edcio para este di\u00e2metro, significa que as suas caracter\u00edsticas de rigidez e pot\u00eancia n\u00e3o t\u00eam nada a invejar a outras m\u00e1quinas maiores. A sua base de quase 5 toneladas, o seu fuso de 11 kW e as suas ferramentas motorizadas opcionais de at\u00e9 2,5 kW falam por si para deixar claro que n\u00e3o h\u00e1 limites para esta m\u00e1quina. <\/span><\/p>\n<p><span style=\"font-size: 14px;\">No que diz respeito \u00e0 cinem\u00e1tica, com 6 eixos lineares mais 2 eixos C, encontramos uma m\u00e1quina muito r\u00e1pida, com dois pentes solid\u00e1rios e um sistema de contra-opera\u00e7\u00e3o do eixo Y que pode acolher at\u00e9 8 ferramentas accionadas. No total, pode montar at\u00e9 41 ferramentas (com porta-ferramentas opcionais), das quais at\u00e9 24 podem ser accionadas. A cabe\u00e7a, o contra-ponto e o mandril est\u00e3o equipados com motores integrados sem correia, que s\u00e3o altamente din\u00e2micos para uma acelera\u00e7\u00e3o m\u00e1xima e uma precis\u00e3o de indexa\u00e7\u00e3o melhorada. Pe\u00e7as de trabalho at\u00e9 70 mm de comprimento podem ser maquinadas sem bucha de guia. O software de programa\u00e7\u00e3o autom\u00e1tica Abile, inclu\u00eddo no pacote b\u00e1sico da m\u00e1quina, permite a gera\u00e7\u00e3o de programas a partir de s\u00f3lidos, a sua simula\u00e7\u00e3o virtual, a verifica\u00e7\u00e3o de colis\u00f5es e o c\u00e1lculo de tempos. A programa\u00e7\u00e3o manual tamb\u00e9m \u00e9 poss\u00edvel atrav\u00e9s do seu controlo FANUC 32i-B.<\/span><\/p>\n","protected":false},"excerpt":{"rendered":"<p>PRODUTIVIDADE DA CABE\u00c7OTE M\u00d3VEL COM FOR\u00c7A DA CABE\u00c7A FIXA A Tsugami B0386E-III \u00e9 uma m\u00e1quina que combina o melhor de dois mundos. A sua cinem\u00e1tica de cabe\u00e7ote m\u00f3vel d\u00e1-lhe uma produtividade inigual\u00e1vel pelos seus concorrentes de cabe\u00e7a fixa. Ao mesmo tempo, o facto de ser uma m\u00e1quina de \u00f838 mm, concebida desde o in\u00edcio para&hellip;<\/p>\n","protected":false},"featured_media":6393,"comment_status":"closed","ping_status":"closed","template":"","meta":[],"product_brand":[356],"product_cat":[684,698,702],"product_tag":[],"class_list":{"0":"post-6616","1":"product","2":"type-product","3":"status-publish","4":"has-post-thumbnail","6":"product_brand-tsugami","7":"product_cat-centros-de-usinagem","8":"product_cat-torneamento","9":"product_cat-torneamento-cabeca-movel","10":"entry","11":"has-media","13":"first","14":"instock","15":"featured","16":"shipping-taxable","17":"product-type-simple","18":"col","19":"wpex-woo-entry","20":"span_1_of_4"},"yoast_head":"<!-- This site is optimized with the Yoast SEO plugin v27.2 - https:\/\/yoast.com\/product\/yoast-seo-wordpress\/ -->\n<title>Tsugami B0386E-III<\/title>\n<meta name=\"description\" content=\"A Tsugami B0386E-III \u00e9 uma m\u00e1quina que combina o melhor de dois mundos. uma produtividade inigual\u00e1vel pelos seus concorrentes de cabe\u00e7a fixa.\" \/>\n<meta name=\"robots\" content=\"index, follow, max-snippet:-1, max-image-preview:large, max-video-preview:-1\" \/>\n<link rel=\"canonical\" href=\"https:\/\/maquinser.com\/pt-pt\/produto\/tsugami-b0326-ii\/\" \/>\n<meta property=\"og:locale\" content=\"pt_PT\" \/>\n<meta property=\"og:type\" content=\"article\" \/>\n<meta property=\"og:title\" content=\"Tsugami B0386E-III\" \/>\n<meta property=\"og:description\" content=\"A Tsugami B0386E-III \u00e9 uma m\u00e1quina que combina o melhor de dois mundos. uma produtividade inigual\u00e1vel pelos seus concorrentes de cabe\u00e7a fixa.\" \/>\n<meta property=\"og:url\" content=\"https:\/\/maquinser.com\/pt-pt\/produto\/tsugami-b0326-ii\/\" \/>\n<meta property=\"og:site_name\" content=\"Maquinser - Maquinaria y Servicios para la Industria Metalmec\u00e1nica\" \/>\n<meta property=\"article:publisher\" content=\"http:\/\/fb.me\/Maquinser\" \/>\n<meta property=\"article:modified_time\" content=\"2024-03-01T08:29:29+00:00\" \/>\n<meta property=\"og:image\" content=\"https:\/\/maquinser.com\/wp-content\/uploads\/2018\/11\/web_tsugami_B0386E-III.jpg\" \/>\n\t<meta property=\"og:image:width\" content=\"945\" \/>\n\t<meta property=\"og:image:height\" content=\"945\" \/>\n\t<meta property=\"og:image:type\" content=\"image\/jpeg\" \/>\n<meta name=\"twitter:card\" content=\"summary_large_image\" \/>\n<meta name=\"twitter:site\" content=\"@Maquinser\" \/>\n<meta name=\"twitter:label1\" content=\"Tempo estimado de leitura\" \/>\n\t<meta name=\"twitter:data1\" content=\"2 minutos\" \/>\n<script type=\"application\/ld+json\" class=\"yoast-schema-graph\">{\"@context\":\"https:\/\/schema.org\",\"@graph\":[{\"@type\":\"WebPage\",\"@id\":\"https:\/\/maquinser.com\/pt-pt\/produto\/tsugami-b0326-ii\/\",\"url\":\"https:\/\/maquinser.com\/pt-pt\/produto\/tsugami-b0326-ii\/\",\"name\":\"Tsugami B0386E-III\",\"isPartOf\":{\"@id\":\"https:\/\/maquinser.com\/#website\"},\"primaryImageOfPage\":{\"@id\":\"https:\/\/maquinser.com\/pt-pt\/produto\/tsugami-b0326-ii\/#primaryimage\"},\"image\":{\"@id\":\"https:\/\/maquinser.com\/pt-pt\/produto\/tsugami-b0326-ii\/#primaryimage\"},\"thumbnailUrl\":\"https:\/\/maquinser.com\/wp-content\/uploads\/2018\/11\/web_tsugami_B0386E-III.jpg\",\"datePublished\":\"2018-12-11T10:21:24+00:00\",\"dateModified\":\"2024-03-01T08:29:29+00:00\",\"description\":\"A Tsugami B0386E-III \u00e9 uma m\u00e1quina que combina o melhor de dois mundos. uma produtividade inigual\u00e1vel pelos seus concorrentes de cabe\u00e7a fixa.\",\"breadcrumb\":{\"@id\":\"https:\/\/maquinser.com\/pt-pt\/produto\/tsugami-b0326-ii\/#breadcrumb\"},\"inLanguage\":\"pt-PT\",\"potentialAction\":[{\"@type\":\"ReadAction\",\"target\":[\"https:\/\/maquinser.com\/pt-pt\/produto\/tsugami-b0326-ii\/\"]}]},{\"@type\":\"ImageObject\",\"inLanguage\":\"pt-PT\",\"@id\":\"https:\/\/maquinser.com\/pt-pt\/produto\/tsugami-b0326-ii\/#primaryimage\",\"url\":\"https:\/\/maquinser.com\/wp-content\/uploads\/2018\/11\/web_tsugami_B0386E-III.jpg\",\"contentUrl\":\"https:\/\/maquinser.com\/wp-content\/uploads\/2018\/11\/web_tsugami_B0386E-III.jpg\",\"width\":945,\"height\":945},{\"@type\":\"BreadcrumbList\",\"@id\":\"https:\/\/maquinser.com\/pt-pt\/produto\/tsugami-b0326-ii\/#breadcrumb\",\"itemListElement\":[{\"@type\":\"ListItem\",\"position\":1,\"name\":\"Portada\",\"item\":\"https:\/\/maquinser.com\/pt-pt\/\"},{\"@type\":\"ListItem\",\"position\":2,\"name\":\"Cat\u00e1logo\",\"item\":\"https:\/\/maquinser.com\/catalogo\/\"},{\"@type\":\"ListItem\",\"position\":3,\"name\":\"Tsugami B0386E-III\"}]},{\"@type\":\"WebSite\",\"@id\":\"https:\/\/maquinser.com\/#website\",\"url\":\"https:\/\/maquinser.com\/\",\"name\":\"Maquinser - Maquinaria y Servicios para la Industria Metalmec\u00e1nica\",\"description\":\"\",\"publisher\":{\"@id\":\"https:\/\/maquinser.com\/#organization\"},\"potentialAction\":[{\"@type\":\"SearchAction\",\"target\":{\"@type\":\"EntryPoint\",\"urlTemplate\":\"https:\/\/maquinser.com\/?s={search_term_string}\"},\"query-input\":{\"@type\":\"PropertyValueSpecification\",\"valueRequired\":true,\"valueName\":\"search_term_string\"}}],\"inLanguage\":\"pt-PT\"},{\"@type\":\"Organization\",\"@id\":\"https:\/\/maquinser.com\/#organization\",\"name\":\"Maquinser\",\"url\":\"https:\/\/maquinser.com\/\",\"logo\":{\"@type\":\"ImageObject\",\"inLanguage\":\"pt-PT\",\"@id\":\"https:\/\/maquinser.com\/#\/schema\/logo\/image\/\",\"url\":\"http:\/\/maquinser.com\/wp-content\/uploads\/2016\/10\/MAQUINSER_Logo_oficial.jpg\",\"contentUrl\":\"http:\/\/maquinser.com\/wp-content\/uploads\/2016\/10\/MAQUINSER_Logo_oficial.jpg\",\"width\":1411,\"height\":326,\"caption\":\"Maquinser\"},\"image\":{\"@id\":\"https:\/\/maquinser.com\/#\/schema\/logo\/image\/\"},\"sameAs\":[\"http:\/\/fb.me\/Maquinser\",\"https:\/\/x.com\/Maquinser\",\"http:\/\/maquinser20s.a.\"]}]}<\/script>\n<!-- \/ Yoast SEO plugin. -->","yoast_head_json":{"title":"Tsugami B0386E-III","description":"A Tsugami B0386E-III \u00e9 uma m\u00e1quina que combina o melhor de dois mundos. uma produtividade inigual\u00e1vel pelos seus concorrentes de cabe\u00e7a fixa.","robots":{"index":"index","follow":"follow","max-snippet":"max-snippet:-1","max-image-preview":"max-image-preview:large","max-video-preview":"max-video-preview:-1"},"canonical":"https:\/\/maquinser.com\/pt-pt\/produto\/tsugami-b0326-ii\/","og_locale":"pt_PT","og_type":"article","og_title":"Tsugami B0386E-III","og_description":"A Tsugami B0386E-III \u00e9 uma m\u00e1quina que combina o melhor de dois mundos. uma produtividade inigual\u00e1vel pelos seus concorrentes de cabe\u00e7a fixa.","og_url":"https:\/\/maquinser.com\/pt-pt\/produto\/tsugami-b0326-ii\/","og_site_name":"Maquinser - Maquinaria y Servicios para la Industria Metalmec\u00e1nica","article_publisher":"http:\/\/fb.me\/Maquinser","article_modified_time":"2024-03-01T08:29:29+00:00","og_image":[{"width":945,"height":945,"url":"https:\/\/maquinser.com\/wp-content\/uploads\/2018\/11\/web_tsugami_B0386E-III.jpg","type":"image\/jpeg"}],"twitter_card":"summary_large_image","twitter_site":"@Maquinser","twitter_misc":{"Tempo estimado de leitura":"2 minutos"},"schema":{"@context":"https:\/\/schema.org","@graph":[{"@type":"WebPage","@id":"https:\/\/maquinser.com\/pt-pt\/produto\/tsugami-b0326-ii\/","url":"https:\/\/maquinser.com\/pt-pt\/produto\/tsugami-b0326-ii\/","name":"Tsugami B0386E-III","isPartOf":{"@id":"https:\/\/maquinser.com\/#website"},"primaryImageOfPage":{"@id":"https:\/\/maquinser.com\/pt-pt\/produto\/tsugami-b0326-ii\/#primaryimage"},"image":{"@id":"https:\/\/maquinser.com\/pt-pt\/produto\/tsugami-b0326-ii\/#primaryimage"},"thumbnailUrl":"https:\/\/maquinser.com\/wp-content\/uploads\/2018\/11\/web_tsugami_B0386E-III.jpg","datePublished":"2018-12-11T10:21:24+00:00","dateModified":"2024-03-01T08:29:29+00:00","description":"A Tsugami B0386E-III \u00e9 uma m\u00e1quina que combina o melhor de dois mundos. uma produtividade inigual\u00e1vel pelos seus concorrentes de cabe\u00e7a fixa.","breadcrumb":{"@id":"https:\/\/maquinser.com\/pt-pt\/produto\/tsugami-b0326-ii\/#breadcrumb"},"inLanguage":"pt-PT","potentialAction":[{"@type":"ReadAction","target":["https:\/\/maquinser.com\/pt-pt\/produto\/tsugami-b0326-ii\/"]}]},{"@type":"ImageObject","inLanguage":"pt-PT","@id":"https:\/\/maquinser.com\/pt-pt\/produto\/tsugami-b0326-ii\/#primaryimage","url":"https:\/\/maquinser.com\/wp-content\/uploads\/2018\/11\/web_tsugami_B0386E-III.jpg","contentUrl":"https:\/\/maquinser.com\/wp-content\/uploads\/2018\/11\/web_tsugami_B0386E-III.jpg","width":945,"height":945},{"@type":"BreadcrumbList","@id":"https:\/\/maquinser.com\/pt-pt\/produto\/tsugami-b0326-ii\/#breadcrumb","itemListElement":[{"@type":"ListItem","position":1,"name":"Portada","item":"https:\/\/maquinser.com\/pt-pt\/"},{"@type":"ListItem","position":2,"name":"Cat\u00e1logo","item":"https:\/\/maquinser.com\/catalogo\/"},{"@type":"ListItem","position":3,"name":"Tsugami B0386E-III"}]},{"@type":"WebSite","@id":"https:\/\/maquinser.com\/#website","url":"https:\/\/maquinser.com\/","name":"Maquinser - Maquinaria y Servicios para la Industria Metalmec\u00e1nica","description":"","publisher":{"@id":"https:\/\/maquinser.com\/#organization"},"potentialAction":[{"@type":"SearchAction","target":{"@type":"EntryPoint","urlTemplate":"https:\/\/maquinser.com\/?s={search_term_string}"},"query-input":{"@type":"PropertyValueSpecification","valueRequired":true,"valueName":"search_term_string"}}],"inLanguage":"pt-PT"},{"@type":"Organization","@id":"https:\/\/maquinser.com\/#organization","name":"Maquinser","url":"https:\/\/maquinser.com\/","logo":{"@type":"ImageObject","inLanguage":"pt-PT","@id":"https:\/\/maquinser.com\/#\/schema\/logo\/image\/","url":"http:\/\/maquinser.com\/wp-content\/uploads\/2016\/10\/MAQUINSER_Logo_oficial.jpg","contentUrl":"http:\/\/maquinser.com\/wp-content\/uploads\/2016\/10\/MAQUINSER_Logo_oficial.jpg","width":1411,"height":326,"caption":"Maquinser"},"image":{"@id":"https:\/\/maquinser.com\/#\/schema\/logo\/image\/"},"sameAs":["http:\/\/fb.me\/Maquinser","https:\/\/x.com\/Maquinser","http:\/\/maquinser20s.a."]}]}},"_links":{"self":[{"href":"https:\/\/maquinser.com\/pt-pt\/wp-json\/wp\/v2\/product\/6616","targetHints":{"allow":["GET"]}}],"collection":[{"href":"https:\/\/maquinser.com\/pt-pt\/wp-json\/wp\/v2\/product"}],"about":[{"href":"https:\/\/maquinser.com\/pt-pt\/wp-json\/wp\/v2\/types\/product"}],"replies":[{"embeddable":true,"href":"https:\/\/maquinser.com\/pt-pt\/wp-json\/wp\/v2\/comments?post=6616"}],"wp:featuredmedia":[{"embeddable":true,"href":"https:\/\/maquinser.com\/pt-pt\/wp-json\/wp\/v2\/media\/6393"}],"wp:attachment":[{"href":"https:\/\/maquinser.com\/pt-pt\/wp-json\/wp\/v2\/media?parent=6616"}],"wp:term":[{"taxonomy":"product_brand","embeddable":true,"href":"https:\/\/maquinser.com\/pt-pt\/wp-json\/wp\/v2\/product_brand?post=6616"},{"taxonomy":"product_cat","embeddable":true,"href":"https:\/\/maquinser.com\/pt-pt\/wp-json\/wp\/v2\/product_cat?post=6616"},{"taxonomy":"product_tag","embeddable":true,"href":"https:\/\/maquinser.com\/pt-pt\/wp-json\/wp\/v2\/product_tag?post=6616"}],"curies":[{"name":"wp","href":"https:\/\/api.w.org\/{rel}","templated":true}]}}