{"id":6368,"date":"2018-11-02T17:35:19","date_gmt":"2018-11-02T16:35:20","guid":{"rendered":"http:\/\/maquinser.com\/?post_type=product&#038;p=6368"},"modified":"2021-04-27T15:57:44","modified_gmt":"2021-04-27T14:57:44","slug":"matsuura-mam-72-70v","status":"publish","type":"product","link":"https:\/\/maquinser.com\/pt-pt\/produto\/matsuura-mam-72-70v\/","title":{"rendered":"Matsuura MAM 72-70V"},"content":{"rendered":"<p>A Matsuura Machinery Corporation desenvolveu um novo centro de maquinagem vertical de 5 eixos de alta velocidade e alta capacidade, chamado Matsuura MAM 72-70V, e est\u00e1 hoje a aceitar encomendas.<\/p>\n<p>A s\u00e9rie MAM72 (com milhares de m\u00e1quinas em funcionamento com sucesso em todo o mundo desde a sua estreia em 1991) deu origem ao conceito de sistema de paletes torre e continua a ser inigual\u00e1vel no mercado.<\/p>\n<p>Integra\u00e7\u00e3o de processos, maquina\u00e7\u00e3o complexa de 5 eixos e funcionalidade vers\u00e1til em todos os ambientes de maquina\u00e7\u00e3o, produ\u00e7\u00e3o de pe\u00e7as vari\u00e1veis e de volume e opera\u00e7\u00e3o prolongada e fi\u00e1vel sem assist\u00eancia s\u00e3o uma caracter\u00edstica padr\u00e3o da s\u00e9rie MAM72.<\/p>\n<p>Com um desempenho inigual\u00e1vel, e a plataforma globalmente fi\u00e1vel &#8220;go to&#8221; para uma s\u00e9rie de ind\u00fastrias de precis\u00e3o, a reputa\u00e7\u00e3o da s\u00e9rie MAM72 ser\u00e1 ainda mais refor\u00e7ada com o nosso MAM72-70V. As nossas muitas d\u00e9cadas de know-how tecnol\u00f3gico l\u00edder e a nossa per\u00edcia no desempenho de maquina\u00e7\u00e3o sem supervis\u00e3o combinaram-se na cria\u00e7\u00e3o do MAM72-70V, concebido para lidar com pe\u00e7as de maior dimens\u00e3o do que os nossos modelos existentes, fornecer tempos de resposta mais r\u00e1pidos ao mercado e proporcionar uma produtividade ainda maior para satisfazer as exig\u00eancias comerciais incans\u00e1veis dos clientes para tempos de ciclo ainda mais r\u00e1pidos e desempenho de baixo custo.<\/p>\n<p>Com o Matsuura MAM 72-70V, a dimens\u00e3o m\u00e1xima da pe\u00e7a \u00e9 de 700mm x 500mm com uma capacidade de carga de 500kgs por palete: um aumento de 11% em di\u00e2metro\/altura, um aumento de 43% em peso, e um aumento de 38% em volume em compara\u00e7\u00e3o com o MAM72-63V.<\/p>\n<p>Uma mesa recentemente desenvolvida para o 4\u00ba\/5\u00ba eixo, equipada com um motor de rolos comprovado para o 4\u00ba eixo e um motor de accionamento directo para o 5\u00ba eixo, atinge um curso transversal r\u00e1pido de 50 min-1 e 100 min-1 respectivamente, alta velocidade, alta precis\u00e3o e durabilidade para um maior desempenho durante toda a vida \u00fatil da m\u00e1quina. Ao melhorar a estrutura da m\u00e1quina, o acesso ergon\u00f3mico melhorado do operador e a facilidade de opera\u00e7\u00e3o de ajuste e manuten\u00e7\u00e3o s\u00e3o assegurados. A dist\u00e2ncia da frente da m\u00e1quina (extremidade do colector de \u00f3leo) at\u00e9 ao centro da palete \u00e9 de apenas 620mm.<\/p>\n<p>A oferta de paletes e trocadores de ferramentas fi\u00e1veis e ultra-r\u00e1pidos \u00e9 um dado adquirido na s\u00e9rie MAM72 e o Matsuura MAM 72 &#8211; 70V n\u00e3o \u00e9 diferente a este respeito; a m\u00e1quina padr\u00e3o estar\u00e1 dispon\u00edvel com palete dupla. A capacidade de armazenamento de ferramentas pode ser aumentada para 530 ferramentas (armaz\u00e9m tipo matriz), e uma capacidade de armazenamento de paletes opcional pode armazenar 18 paletes no nosso lend\u00e1rio sistema de paletes torre.<\/p>\n<p>O MAM72-70V incorpora IoT, fornecendo medi\u00e7\u00e3o remota e monitoriza\u00e7\u00e3o em tempo real do estado, estado e desempenho da m\u00e1quina.<\/p>\n<p>&nbsp;<\/p>\n<p><a href=\"http:\/\/maquinser.com\/wp-content\/uploads\/2018\/11\/comparacion-MAM72-series.jpg\" target=\"_blank\" rel=\"noopener noreferrer\"><img loading=\"lazy\" decoding=\"async\" class=\"alignnone wp-image-6374 size-full\" src=\"http:\/\/maquinser.com\/wp-content\/uploads\/2018\/11\/comparacion-MAM72-series.jpg\" alt=\"\" width=\"635\" height=\"256\" srcset=\"https:\/\/maquinser.com\/wp-content\/uploads\/2018\/11\/comparacion-MAM72-series.jpg 635w, https:\/\/maquinser.com\/wp-content\/uploads\/2018\/11\/comparacion-MAM72-series-600x242.jpg 600w, https:\/\/maquinser.com\/wp-content\/uploads\/2018\/11\/comparacion-MAM72-series-300x121.jpg 300w\" sizes=\"auto, (max-width: 635px) 100vw, 635px\" \/><\/a><\/p>\n","protected":false},"excerpt":{"rendered":"<p>A Matsuura Machinery Corporation desenvolveu um novo centro de maquinagem vertical de 5 eixos de alta velocidade e alta capacidade, chamado Matsuura MAM 72-70V, e est\u00e1 hoje a aceitar encomendas. A s\u00e9rie MAM72 (com milhares de m\u00e1quinas em funcionamento com sucesso em todo o mundo desde a sua estreia em 1991) deu origem ao conceito&hellip;<\/p>\n","protected":false},"featured_media":6371,"comment_status":"closed","ping_status":"closed","template":"","meta":[],"product_brand":[143],"product_cat":[1059,684,687,680],"product_tag":[],"class_list":{"0":"post-6368","1":"product","2":"type-product","3":"status-publish","4":"has-post-thumbnail","6":"product_brand-matsuura","7":"product_cat-centro-de-usinagem-vertical","8":"product_cat-centros-de-usinagem","9":"product_cat-cnc-5-eixos","10":"product_cat-cnc-multitarefa","11":"entry","12":"has-media","14":"first","15":"instock","16":"featured","17":"shipping-taxable","18":"product-type-simple","19":"col","20":"wpex-woo-entry","21":"span_1_of_4"},"yoast_head":"<!-- This site is optimized with the Yoast SEO plugin v27.5 - https:\/\/yoast.com\/product\/yoast-seo-wordpress\/ -->\n<title>Matsuura MAM 72 - 70V<\/title>\n<meta name=\"description\" content=\"A Matsuura Machinery Corporation desenvolveu um novo centro de maquina\u00e7\u00e3o vertical de 5 eixos de alta velocidade e alta capacidade: Matsuura MAM 72 - 70V.\" \/>\n<meta name=\"robots\" content=\"index, follow, max-snippet:-1, max-image-preview:large, max-video-preview:-1\" \/>\n<link rel=\"canonical\" href=\"https:\/\/maquinser.com\/pt-pt\/produto\/matsuura-mam-72-70v\/\" \/>\n<meta property=\"og:locale\" content=\"pt_PT\" \/>\n<meta property=\"og:type\" content=\"article\" \/>\n<meta property=\"og:title\" content=\"Matsuura MAM 72 - 70V\" \/>\n<meta property=\"og:description\" content=\"A Matsuura Machinery Corporation desenvolveu um novo centro de maquina\u00e7\u00e3o vertical de 5 eixos de alta velocidade e alta capacidade: Matsuura MAM 72 - 70V.\" \/>\n<meta property=\"og:url\" content=\"https:\/\/maquinser.com\/pt-pt\/produto\/matsuura-mam-72-70v\/\" \/>\n<meta property=\"og:site_name\" content=\"Maquinser - Maquinaria y Servicios para la Industria Metalmec\u00e1nica\" \/>\n<meta property=\"article:publisher\" content=\"http:\/\/fb.me\/Maquinser\" \/>\n<meta property=\"article:modified_time\" content=\"2021-04-27T14:57:44+00:00\" \/>\n<meta property=\"og:image\" content=\"https:\/\/maquinser.com\/wp-content\/uploads\/2018\/11\/web_MAM_72_70V.jpg\" \/>\n\t<meta property=\"og:image:width\" content=\"945\" \/>\n\t<meta property=\"og:image:height\" content=\"945\" \/>\n\t<meta property=\"og:image:type\" content=\"image\/jpeg\" \/>\n<meta name=\"twitter:card\" content=\"summary_large_image\" \/>\n<meta name=\"twitter:site\" content=\"@Maquinser\" \/>\n<meta name=\"twitter:label1\" content=\"Tempo estimado de leitura\" \/>\n\t<meta name=\"twitter:data1\" content=\"3 minutos\" \/>\n<script type=\"application\/ld+json\" class=\"yoast-schema-graph\">{\"@context\":\"https:\\\/\\\/schema.org\",\"@graph\":[{\"@type\":\"WebPage\",\"@id\":\"https:\\\/\\\/maquinser.com\\\/pt-pt\\\/produto\\\/matsuura-mam-72-70v\\\/\",\"url\":\"https:\\\/\\\/maquinser.com\\\/pt-pt\\\/produto\\\/matsuura-mam-72-70v\\\/\",\"name\":\"Matsuura MAM 72 - 70V\",\"isPartOf\":{\"@id\":\"https:\\\/\\\/maquinser.com\\\/pt-pt\\\/#website\"},\"primaryImageOfPage\":{\"@id\":\"https:\\\/\\\/maquinser.com\\\/pt-pt\\\/produto\\\/matsuura-mam-72-70v\\\/#primaryimage\"},\"image\":{\"@id\":\"https:\\\/\\\/maquinser.com\\\/pt-pt\\\/produto\\\/matsuura-mam-72-70v\\\/#primaryimage\"},\"thumbnailUrl\":\"https:\\\/\\\/maquinser.com\\\/wp-content\\\/uploads\\\/2018\\\/11\\\/web_MAM_72_70V.jpg\",\"datePublished\":\"2018-11-02T16:35:20+00:00\",\"dateModified\":\"2021-04-27T14:57:44+00:00\",\"description\":\"A Matsuura Machinery Corporation desenvolveu um novo centro de maquina\u00e7\u00e3o vertical de 5 eixos de alta velocidade e alta capacidade: Matsuura MAM 72 - 70V.\",\"breadcrumb\":{\"@id\":\"https:\\\/\\\/maquinser.com\\\/pt-pt\\\/produto\\\/matsuura-mam-72-70v\\\/#breadcrumb\"},\"inLanguage\":\"pt-PT\",\"potentialAction\":[{\"@type\":\"ReadAction\",\"target\":[\"https:\\\/\\\/maquinser.com\\\/pt-pt\\\/produto\\\/matsuura-mam-72-70v\\\/\"]}]},{\"@type\":\"ImageObject\",\"inLanguage\":\"pt-PT\",\"@id\":\"https:\\\/\\\/maquinser.com\\\/pt-pt\\\/produto\\\/matsuura-mam-72-70v\\\/#primaryimage\",\"url\":\"https:\\\/\\\/maquinser.com\\\/wp-content\\\/uploads\\\/2018\\\/11\\\/web_MAM_72_70V.jpg\",\"contentUrl\":\"https:\\\/\\\/maquinser.com\\\/wp-content\\\/uploads\\\/2018\\\/11\\\/web_MAM_72_70V.jpg\",\"width\":945,\"height\":945},{\"@type\":\"BreadcrumbList\",\"@id\":\"https:\\\/\\\/maquinser.com\\\/pt-pt\\\/produto\\\/matsuura-mam-72-70v\\\/#breadcrumb\",\"itemListElement\":[{\"@type\":\"ListItem\",\"position\":1,\"name\":\"Portada\",\"item\":\"https:\\\/\\\/maquinser.com\\\/pt-pt\\\/\"},{\"@type\":\"ListItem\",\"position\":2,\"name\":\"Loja\",\"item\":\"https:\\\/\\\/maquinser.com\\\/pt-pt\\\/loja\\\/\"},{\"@type\":\"ListItem\",\"position\":3,\"name\":\"Matsuura MAM 72-70V\"}]},{\"@type\":\"WebSite\",\"@id\":\"https:\\\/\\\/maquinser.com\\\/pt-pt\\\/#website\",\"url\":\"https:\\\/\\\/maquinser.com\\\/pt-pt\\\/\",\"name\":\"Maquinser - Maquinaria y Servicios para la Industria Metalmec\u00e1nica\",\"description\":\"\",\"publisher\":{\"@id\":\"https:\\\/\\\/maquinser.com\\\/pt-pt\\\/#organization\"},\"potentialAction\":[{\"@type\":\"SearchAction\",\"target\":{\"@type\":\"EntryPoint\",\"urlTemplate\":\"https:\\\/\\\/maquinser.com\\\/pt-pt\\\/?s={search_term_string}\"},\"query-input\":{\"@type\":\"PropertyValueSpecification\",\"valueRequired\":true,\"valueName\":\"search_term_string\"}}],\"inLanguage\":\"pt-PT\"},{\"@type\":\"Organization\",\"@id\":\"https:\\\/\\\/maquinser.com\\\/pt-pt\\\/#organization\",\"name\":\"Maquinser\",\"url\":\"https:\\\/\\\/maquinser.com\\\/pt-pt\\\/\",\"logo\":{\"@type\":\"ImageObject\",\"inLanguage\":\"pt-PT\",\"@id\":\"https:\\\/\\\/maquinser.com\\\/pt-pt\\\/#\\\/schema\\\/logo\\\/image\\\/\",\"url\":\"http:\\\/\\\/maquinser.com\\\/wp-content\\\/uploads\\\/2016\\\/10\\\/MAQUINSER_Logo_oficial.jpg\",\"contentUrl\":\"http:\\\/\\\/maquinser.com\\\/wp-content\\\/uploads\\\/2016\\\/10\\\/MAQUINSER_Logo_oficial.jpg\",\"width\":1411,\"height\":326,\"caption\":\"Maquinser\"},\"image\":{\"@id\":\"https:\\\/\\\/maquinser.com\\\/pt-pt\\\/#\\\/schema\\\/logo\\\/image\\\/\"},\"sameAs\":[\"http:\\\/\\\/fb.me\\\/Maquinser\",\"https:\\\/\\\/x.com\\\/Maquinser\",\"http:\\\/\\\/maquinser20s.a.\"]}]}<\/script>\n<!-- \/ Yoast SEO plugin. -->","yoast_head_json":{"title":"Matsuura MAM 72 - 70V","description":"A Matsuura Machinery Corporation desenvolveu um novo centro de maquina\u00e7\u00e3o vertical de 5 eixos de alta velocidade e alta capacidade: Matsuura MAM 72 - 70V.","robots":{"index":"index","follow":"follow","max-snippet":"max-snippet:-1","max-image-preview":"max-image-preview:large","max-video-preview":"max-video-preview:-1"},"canonical":"https:\/\/maquinser.com\/pt-pt\/produto\/matsuura-mam-72-70v\/","og_locale":"pt_PT","og_type":"article","og_title":"Matsuura MAM 72 - 70V","og_description":"A Matsuura Machinery Corporation desenvolveu um novo centro de maquina\u00e7\u00e3o vertical de 5 eixos de alta velocidade e alta capacidade: Matsuura MAM 72 - 70V.","og_url":"https:\/\/maquinser.com\/pt-pt\/produto\/matsuura-mam-72-70v\/","og_site_name":"Maquinser - Maquinaria y Servicios para la Industria Metalmec\u00e1nica","article_publisher":"http:\/\/fb.me\/Maquinser","article_modified_time":"2021-04-27T14:57:44+00:00","og_image":[{"width":945,"height":945,"url":"https:\/\/maquinser.com\/wp-content\/uploads\/2018\/11\/web_MAM_72_70V.jpg","type":"image\/jpeg"}],"twitter_card":"summary_large_image","twitter_site":"@Maquinser","twitter_misc":{"Tempo estimado de leitura":"3 minutos"},"schema":{"@context":"https:\/\/schema.org","@graph":[{"@type":"WebPage","@id":"https:\/\/maquinser.com\/pt-pt\/produto\/matsuura-mam-72-70v\/","url":"https:\/\/maquinser.com\/pt-pt\/produto\/matsuura-mam-72-70v\/","name":"Matsuura MAM 72 - 70V","isPartOf":{"@id":"https:\/\/maquinser.com\/pt-pt\/#website"},"primaryImageOfPage":{"@id":"https:\/\/maquinser.com\/pt-pt\/produto\/matsuura-mam-72-70v\/#primaryimage"},"image":{"@id":"https:\/\/maquinser.com\/pt-pt\/produto\/matsuura-mam-72-70v\/#primaryimage"},"thumbnailUrl":"https:\/\/maquinser.com\/wp-content\/uploads\/2018\/11\/web_MAM_72_70V.jpg","datePublished":"2018-11-02T16:35:20+00:00","dateModified":"2021-04-27T14:57:44+00:00","description":"A Matsuura Machinery Corporation desenvolveu um novo centro de maquina\u00e7\u00e3o vertical de 5 eixos de alta velocidade e alta capacidade: Matsuura MAM 72 - 70V.","breadcrumb":{"@id":"https:\/\/maquinser.com\/pt-pt\/produto\/matsuura-mam-72-70v\/#breadcrumb"},"inLanguage":"pt-PT","potentialAction":[{"@type":"ReadAction","target":["https:\/\/maquinser.com\/pt-pt\/produto\/matsuura-mam-72-70v\/"]}]},{"@type":"ImageObject","inLanguage":"pt-PT","@id":"https:\/\/maquinser.com\/pt-pt\/produto\/matsuura-mam-72-70v\/#primaryimage","url":"https:\/\/maquinser.com\/wp-content\/uploads\/2018\/11\/web_MAM_72_70V.jpg","contentUrl":"https:\/\/maquinser.com\/wp-content\/uploads\/2018\/11\/web_MAM_72_70V.jpg","width":945,"height":945},{"@type":"BreadcrumbList","@id":"https:\/\/maquinser.com\/pt-pt\/produto\/matsuura-mam-72-70v\/#breadcrumb","itemListElement":[{"@type":"ListItem","position":1,"name":"Portada","item":"https:\/\/maquinser.com\/pt-pt\/"},{"@type":"ListItem","position":2,"name":"Loja","item":"https:\/\/maquinser.com\/pt-pt\/loja\/"},{"@type":"ListItem","position":3,"name":"Matsuura MAM 72-70V"}]},{"@type":"WebSite","@id":"https:\/\/maquinser.com\/pt-pt\/#website","url":"https:\/\/maquinser.com\/pt-pt\/","name":"Maquinser - Maquinaria y Servicios para la Industria Metalmec\u00e1nica","description":"","publisher":{"@id":"https:\/\/maquinser.com\/pt-pt\/#organization"},"potentialAction":[{"@type":"SearchAction","target":{"@type":"EntryPoint","urlTemplate":"https:\/\/maquinser.com\/pt-pt\/?s={search_term_string}"},"query-input":{"@type":"PropertyValueSpecification","valueRequired":true,"valueName":"search_term_string"}}],"inLanguage":"pt-PT"},{"@type":"Organization","@id":"https:\/\/maquinser.com\/pt-pt\/#organization","name":"Maquinser","url":"https:\/\/maquinser.com\/pt-pt\/","logo":{"@type":"ImageObject","inLanguage":"pt-PT","@id":"https:\/\/maquinser.com\/pt-pt\/#\/schema\/logo\/image\/","url":"http:\/\/maquinser.com\/wp-content\/uploads\/2016\/10\/MAQUINSER_Logo_oficial.jpg","contentUrl":"http:\/\/maquinser.com\/wp-content\/uploads\/2016\/10\/MAQUINSER_Logo_oficial.jpg","width":1411,"height":326,"caption":"Maquinser"},"image":{"@id":"https:\/\/maquinser.com\/pt-pt\/#\/schema\/logo\/image\/"},"sameAs":["http:\/\/fb.me\/Maquinser","https:\/\/x.com\/Maquinser","http:\/\/maquinser20s.a."]}]}},"_links":{"self":[{"href":"https:\/\/maquinser.com\/pt-pt\/wp-json\/wp\/v2\/product\/6368","targetHints":{"allow":["GET"]}}],"collection":[{"href":"https:\/\/maquinser.com\/pt-pt\/wp-json\/wp\/v2\/product"}],"about":[{"href":"https:\/\/maquinser.com\/pt-pt\/wp-json\/wp\/v2\/types\/product"}],"replies":[{"embeddable":true,"href":"https:\/\/maquinser.com\/pt-pt\/wp-json\/wp\/v2\/comments?post=6368"}],"wp:featuredmedia":[{"embeddable":true,"href":"https:\/\/maquinser.com\/pt-pt\/wp-json\/wp\/v2\/media\/6371"}],"wp:attachment":[{"href":"https:\/\/maquinser.com\/pt-pt\/wp-json\/wp\/v2\/media?parent=6368"}],"wp:term":[{"taxonomy":"product_brand","embeddable":true,"href":"https:\/\/maquinser.com\/pt-pt\/wp-json\/wp\/v2\/product_brand?post=6368"},{"taxonomy":"product_cat","embeddable":true,"href":"https:\/\/maquinser.com\/pt-pt\/wp-json\/wp\/v2\/product_cat?post=6368"},{"taxonomy":"product_tag","embeddable":true,"href":"https:\/\/maquinser.com\/pt-pt\/wp-json\/wp\/v2\/product_tag?post=6368"}],"curies":[{"name":"wp","href":"https:\/\/api.w.org\/{rel}","templated":true}]}}