{"id":5478,"date":"2017-12-04T17:38:33","date_gmt":"2017-12-04T16:38:33","guid":{"rendered":"http:\/\/maquinser.com\/product\/lumex-avance-60\/"},"modified":"2021-06-03T17:44:01","modified_gmt":"2021-06-03T15:44:01","slug":"lumex-avance-60","status":"publish","type":"product","link":"https:\/\/maquinser.com\/pt-pt\/produto\/lumex-avance-60\/","title":{"rendered":"Lumex Avance 60"},"content":{"rendered":"","protected":false},"excerpt":{"rendered":"<p>Impressora h\u00edbrida 3D met\u00e1lica. Desenhe qualquer coisa que possa imaginar, sem as restri\u00e7\u00f5es de outros processos de maquina\u00e7\u00e3o.<\/p>\n","protected":false},"featured_media":4320,"comment_status":"closed","ping_status":"closed","template":"","meta":[],"product_brand":[359,143],"product_cat":[690,692],"product_tag":[],"class_list":{"0":"post-5478","1":"product","2":"type-product","3":"status-publish","4":"has-post-thumbnail","6":"product_brand-lumex-avance","7":"product_brand-matsuura","8":"product_cat-fabricacao-de-aditivos","9":"product_cat-fabricacao-aditivos-metalicos","10":"entry","11":"has-media","13":"first","14":"instock","15":"shipping-taxable","16":"product-type-simple","17":"col","18":"wpex-woo-entry","19":"span_1_of_4"},"yoast_head":"<!-- This site is optimized with the Yoast SEO plugin v27.5 - https:\/\/yoast.com\/product\/yoast-seo-wordpress\/ -->\n<title>Matsuura Lumex Avance 60 Tecnolog\u00eda de Fabricaci\u00f3n aditiva<\/title>\n<meta name=\"description\" content=\"Lumex Avance, Impressora Metal H\u00edbrida 3D. fonte de qualidade, pot\u00eancia e futuro\" \/>\n<meta name=\"robots\" content=\"index, follow, max-snippet:-1, max-image-preview:large, max-video-preview:-1\" \/>\n<link rel=\"canonical\" href=\"https:\/\/maquinser.com\/pt-pt\/produto\/lumex-avance-60\/\" \/>\n<meta property=\"og:locale\" content=\"pt_PT\" \/>\n<meta property=\"og:type\" content=\"article\" \/>\n<meta property=\"og:title\" content=\"Matsuura Lumex Avance 60 Tecnolog\u00eda de Fabricaci\u00f3n aditiva\" \/>\n<meta property=\"og:description\" content=\"Lumex Avance, Impressora Metal H\u00edbrida 3D. fonte de qualidade, pot\u00eancia e futuro\" \/>\n<meta property=\"og:url\" content=\"https:\/\/maquinser.com\/pt-pt\/produto\/lumex-avance-60\/\" \/>\n<meta property=\"og:site_name\" content=\"Maquinser - Maquinaria y Servicios para la Industria Metalmec\u00e1nica\" \/>\n<meta property=\"article:publisher\" content=\"http:\/\/fb.me\/Maquinser\" \/>\n<meta property=\"article:modified_time\" content=\"2021-06-03T15:44:01+00:00\" \/>\n<meta property=\"og:image\" content=\"https:\/\/maquinser.com\/wp-content\/uploads\/2017\/12\/web_lumex_avance_60_v2.jpg\" \/>\n\t<meta property=\"og:image:width\" content=\"945\" \/>\n\t<meta property=\"og:image:height\" content=\"945\" \/>\n\t<meta property=\"og:image:type\" content=\"image\/jpeg\" \/>\n<meta name=\"twitter:card\" content=\"summary_large_image\" \/>\n<meta name=\"twitter:site\" content=\"@Maquinser\" \/>\n<script type=\"application\/ld+json\" class=\"yoast-schema-graph\">{\"@context\":\"https:\\\/\\\/schema.org\",\"@graph\":[{\"@type\":\"WebPage\",\"@id\":\"https:\\\/\\\/maquinser.com\\\/pt-pt\\\/produto\\\/lumex-avance-60\\\/\",\"url\":\"https:\\\/\\\/maquinser.com\\\/pt-pt\\\/produto\\\/lumex-avance-60\\\/\",\"name\":\"Matsuura Lumex Avance 60 Tecnolog\u00eda de Fabricaci\u00f3n aditiva\",\"isPartOf\":{\"@id\":\"https:\\\/\\\/maquinser.com\\\/pt-pt\\\/#website\"},\"primaryImageOfPage\":{\"@id\":\"https:\\\/\\\/maquinser.com\\\/pt-pt\\\/produto\\\/lumex-avance-60\\\/#primaryimage\"},\"image\":{\"@id\":\"https:\\\/\\\/maquinser.com\\\/pt-pt\\\/produto\\\/lumex-avance-60\\\/#primaryimage\"},\"thumbnailUrl\":\"https:\\\/\\\/maquinser.com\\\/wp-content\\\/uploads\\\/2017\\\/12\\\/web_lumex_avance_60_v2.jpg\",\"datePublished\":\"2017-12-04T16:38:33+00:00\",\"dateModified\":\"2021-06-03T15:44:01+00:00\",\"description\":\"Lumex Avance, Impressora Metal H\u00edbrida 3D. fonte de qualidade, pot\u00eancia e futuro\",\"breadcrumb\":{\"@id\":\"https:\\\/\\\/maquinser.com\\\/pt-pt\\\/produto\\\/lumex-avance-60\\\/#breadcrumb\"},\"inLanguage\":\"pt-PT\",\"potentialAction\":[{\"@type\":\"ReadAction\",\"target\":[\"https:\\\/\\\/maquinser.com\\\/pt-pt\\\/produto\\\/lumex-avance-60\\\/\"]}]},{\"@type\":\"ImageObject\",\"inLanguage\":\"pt-PT\",\"@id\":\"https:\\\/\\\/maquinser.com\\\/pt-pt\\\/produto\\\/lumex-avance-60\\\/#primaryimage\",\"url\":\"https:\\\/\\\/maquinser.com\\\/wp-content\\\/uploads\\\/2017\\\/12\\\/web_lumex_avance_60_v2.jpg\",\"contentUrl\":\"https:\\\/\\\/maquinser.com\\\/wp-content\\\/uploads\\\/2017\\\/12\\\/web_lumex_avance_60_v2.jpg\",\"width\":945,\"height\":945},{\"@type\":\"BreadcrumbList\",\"@id\":\"https:\\\/\\\/maquinser.com\\\/pt-pt\\\/produto\\\/lumex-avance-60\\\/#breadcrumb\",\"itemListElement\":[{\"@type\":\"ListItem\",\"position\":1,\"name\":\"Portada\",\"item\":\"https:\\\/\\\/maquinser.com\\\/pt-pt\\\/\"},{\"@type\":\"ListItem\",\"position\":2,\"name\":\"Loja\",\"item\":\"https:\\\/\\\/maquinser.com\\\/pt-pt\\\/loja\\\/\"},{\"@type\":\"ListItem\",\"position\":3,\"name\":\"Lumex Avance 60\"}]},{\"@type\":\"WebSite\",\"@id\":\"https:\\\/\\\/maquinser.com\\\/pt-pt\\\/#website\",\"url\":\"https:\\\/\\\/maquinser.com\\\/pt-pt\\\/\",\"name\":\"Maquinser - Maquinaria y Servicios para la Industria Metalmec\u00e1nica\",\"description\":\"\",\"publisher\":{\"@id\":\"https:\\\/\\\/maquinser.com\\\/pt-pt\\\/#organization\"},\"potentialAction\":[{\"@type\":\"SearchAction\",\"target\":{\"@type\":\"EntryPoint\",\"urlTemplate\":\"https:\\\/\\\/maquinser.com\\\/pt-pt\\\/?s={search_term_string}\"},\"query-input\":{\"@type\":\"PropertyValueSpecification\",\"valueRequired\":true,\"valueName\":\"search_term_string\"}}],\"inLanguage\":\"pt-PT\"},{\"@type\":\"Organization\",\"@id\":\"https:\\\/\\\/maquinser.com\\\/pt-pt\\\/#organization\",\"name\":\"Maquinser\",\"url\":\"https:\\\/\\\/maquinser.com\\\/pt-pt\\\/\",\"logo\":{\"@type\":\"ImageObject\",\"inLanguage\":\"pt-PT\",\"@id\":\"https:\\\/\\\/maquinser.com\\\/pt-pt\\\/#\\\/schema\\\/logo\\\/image\\\/\",\"url\":\"http:\\\/\\\/maquinser.com\\\/wp-content\\\/uploads\\\/2016\\\/10\\\/MAQUINSER_Logo_oficial.jpg\",\"contentUrl\":\"http:\\\/\\\/maquinser.com\\\/wp-content\\\/uploads\\\/2016\\\/10\\\/MAQUINSER_Logo_oficial.jpg\",\"width\":1411,\"height\":326,\"caption\":\"Maquinser\"},\"image\":{\"@id\":\"https:\\\/\\\/maquinser.com\\\/pt-pt\\\/#\\\/schema\\\/logo\\\/image\\\/\"},\"sameAs\":[\"http:\\\/\\\/fb.me\\\/Maquinser\",\"https:\\\/\\\/x.com\\\/Maquinser\",\"http:\\\/\\\/maquinser20s.a.\"]}]}<\/script>\n<!-- \/ Yoast SEO plugin. -->","yoast_head_json":{"title":"Matsuura Lumex Avance 60 Tecnolog\u00eda de Fabricaci\u00f3n aditiva","description":"Lumex Avance, Impressora Metal H\u00edbrida 3D. fonte de qualidade, pot\u00eancia e futuro","robots":{"index":"index","follow":"follow","max-snippet":"max-snippet:-1","max-image-preview":"max-image-preview:large","max-video-preview":"max-video-preview:-1"},"canonical":"https:\/\/maquinser.com\/pt-pt\/produto\/lumex-avance-60\/","og_locale":"pt_PT","og_type":"article","og_title":"Matsuura Lumex Avance 60 Tecnolog\u00eda de Fabricaci\u00f3n aditiva","og_description":"Lumex Avance, Impressora Metal H\u00edbrida 3D. fonte de qualidade, pot\u00eancia e futuro","og_url":"https:\/\/maquinser.com\/pt-pt\/produto\/lumex-avance-60\/","og_site_name":"Maquinser - Maquinaria y Servicios para la Industria Metalmec\u00e1nica","article_publisher":"http:\/\/fb.me\/Maquinser","article_modified_time":"2021-06-03T15:44:01+00:00","og_image":[{"width":945,"height":945,"url":"https:\/\/maquinser.com\/wp-content\/uploads\/2017\/12\/web_lumex_avance_60_v2.jpg","type":"image\/jpeg"}],"twitter_card":"summary_large_image","twitter_site":"@Maquinser","schema":{"@context":"https:\/\/schema.org","@graph":[{"@type":"WebPage","@id":"https:\/\/maquinser.com\/pt-pt\/produto\/lumex-avance-60\/","url":"https:\/\/maquinser.com\/pt-pt\/produto\/lumex-avance-60\/","name":"Matsuura Lumex Avance 60 Tecnolog\u00eda de Fabricaci\u00f3n aditiva","isPartOf":{"@id":"https:\/\/maquinser.com\/pt-pt\/#website"},"primaryImageOfPage":{"@id":"https:\/\/maquinser.com\/pt-pt\/produto\/lumex-avance-60\/#primaryimage"},"image":{"@id":"https:\/\/maquinser.com\/pt-pt\/produto\/lumex-avance-60\/#primaryimage"},"thumbnailUrl":"https:\/\/maquinser.com\/wp-content\/uploads\/2017\/12\/web_lumex_avance_60_v2.jpg","datePublished":"2017-12-04T16:38:33+00:00","dateModified":"2021-06-03T15:44:01+00:00","description":"Lumex Avance, Impressora Metal H\u00edbrida 3D. fonte de qualidade, pot\u00eancia e futuro","breadcrumb":{"@id":"https:\/\/maquinser.com\/pt-pt\/produto\/lumex-avance-60\/#breadcrumb"},"inLanguage":"pt-PT","potentialAction":[{"@type":"ReadAction","target":["https:\/\/maquinser.com\/pt-pt\/produto\/lumex-avance-60\/"]}]},{"@type":"ImageObject","inLanguage":"pt-PT","@id":"https:\/\/maquinser.com\/pt-pt\/produto\/lumex-avance-60\/#primaryimage","url":"https:\/\/maquinser.com\/wp-content\/uploads\/2017\/12\/web_lumex_avance_60_v2.jpg","contentUrl":"https:\/\/maquinser.com\/wp-content\/uploads\/2017\/12\/web_lumex_avance_60_v2.jpg","width":945,"height":945},{"@type":"BreadcrumbList","@id":"https:\/\/maquinser.com\/pt-pt\/produto\/lumex-avance-60\/#breadcrumb","itemListElement":[{"@type":"ListItem","position":1,"name":"Portada","item":"https:\/\/maquinser.com\/pt-pt\/"},{"@type":"ListItem","position":2,"name":"Loja","item":"https:\/\/maquinser.com\/pt-pt\/loja\/"},{"@type":"ListItem","position":3,"name":"Lumex Avance 60"}]},{"@type":"WebSite","@id":"https:\/\/maquinser.com\/pt-pt\/#website","url":"https:\/\/maquinser.com\/pt-pt\/","name":"Maquinser - Maquinaria y Servicios para la Industria Metalmec\u00e1nica","description":"","publisher":{"@id":"https:\/\/maquinser.com\/pt-pt\/#organization"},"potentialAction":[{"@type":"SearchAction","target":{"@type":"EntryPoint","urlTemplate":"https:\/\/maquinser.com\/pt-pt\/?s={search_term_string}"},"query-input":{"@type":"PropertyValueSpecification","valueRequired":true,"valueName":"search_term_string"}}],"inLanguage":"pt-PT"},{"@type":"Organization","@id":"https:\/\/maquinser.com\/pt-pt\/#organization","name":"Maquinser","url":"https:\/\/maquinser.com\/pt-pt\/","logo":{"@type":"ImageObject","inLanguage":"pt-PT","@id":"https:\/\/maquinser.com\/pt-pt\/#\/schema\/logo\/image\/","url":"http:\/\/maquinser.com\/wp-content\/uploads\/2016\/10\/MAQUINSER_Logo_oficial.jpg","contentUrl":"http:\/\/maquinser.com\/wp-content\/uploads\/2016\/10\/MAQUINSER_Logo_oficial.jpg","width":1411,"height":326,"caption":"Maquinser"},"image":{"@id":"https:\/\/maquinser.com\/pt-pt\/#\/schema\/logo\/image\/"},"sameAs":["http:\/\/fb.me\/Maquinser","https:\/\/x.com\/Maquinser","http:\/\/maquinser20s.a."]}]}},"_links":{"self":[{"href":"https:\/\/maquinser.com\/pt-pt\/wp-json\/wp\/v2\/product\/5478","targetHints":{"allow":["GET"]}}],"collection":[{"href":"https:\/\/maquinser.com\/pt-pt\/wp-json\/wp\/v2\/product"}],"about":[{"href":"https:\/\/maquinser.com\/pt-pt\/wp-json\/wp\/v2\/types\/product"}],"replies":[{"embeddable":true,"href":"https:\/\/maquinser.com\/pt-pt\/wp-json\/wp\/v2\/comments?post=5478"}],"wp:featuredmedia":[{"embeddable":true,"href":"https:\/\/maquinser.com\/pt-pt\/wp-json\/wp\/v2\/media\/4320"}],"wp:attachment":[{"href":"https:\/\/maquinser.com\/pt-pt\/wp-json\/wp\/v2\/media?parent=5478"}],"wp:term":[{"taxonomy":"product_brand","embeddable":true,"href":"https:\/\/maquinser.com\/pt-pt\/wp-json\/wp\/v2\/product_brand?post=5478"},{"taxonomy":"product_cat","embeddable":true,"href":"https:\/\/maquinser.com\/pt-pt\/wp-json\/wp\/v2\/product_cat?post=5478"},{"taxonomy":"product_tag","embeddable":true,"href":"https:\/\/maquinser.com\/pt-pt\/wp-json\/wp\/v2\/product_tag?post=5478"}],"curies":[{"name":"wp","href":"https:\/\/api.w.org\/{rel}","templated":true}]}}