{"id":5448,"date":"2018-01-29T10:02:28","date_gmt":"2018-01-29T09:02:28","guid":{"rendered":"http:\/\/maquinser.com\/product\/matsuura-vx-660\/"},"modified":"2021-10-20T11:27:56","modified_gmt":"2021-10-20T09:27:56","slug":"matsuura-vx-660","status":"publish","type":"product","link":"https:\/\/maquinser.com\/pt-pt\/produto\/matsuura-vx-660\/","title":{"rendered":"Matsuura VX-660"},"content":{"rendered":"[vc_row][vc_column][vc_column_text]A robusta Matsuura VX-660 \u00e9 a nova m\u00e1quina de maquina\u00e7\u00e3o vertical pesada da Matsuura, pioneira na tecnologia de centros de maquina\u00e7\u00e3o vertical, com mais de 40 anos de experi\u00eancia neste campo.<\/p>\n<p>Este vers\u00e1til centro de maquina\u00e7\u00e3o vertical de 3 eixos tem a capacidade de trabalhar a alta velocidade, com alta precis\u00e3o, ocupando dimens\u00f5es f\u00edsicas menores do que a sua irm\u00e3 maior (17% menor do que o VX-1000). Mesmo assim, tem um longo eixo Y de 550mm. O Matsuura VX-660 vem equipado com um \u00e1rvore de alto desempenho, at\u00e9 15.000 min-1 e rigidez BT40\/15K, e um magazine padr\u00e3o com 30 ferramentas, convert\u00edvel a 48\/60. Pode trabalhar numa vasta gama de materiais, desde alum\u00ednio, ferro fundido e uma variedade de a\u00e7os, pesando at\u00e9 500Kg.<\/p>\n<p>O CNC Vx-660 \u00e9 constru\u00eddo com as mais recentes tecnologias da marca japonesa, a pre\u00e7os muito competitivos.<\/p>\n<p>&nbsp;<\/p>\n<div class=\"wpex-responsive-media\"><iframe loading=\"lazy\" width=\"980\" height=\"551\" src=\"https:\/\/www.youtube.com\/embed\/7eAT37p-32g?feature=oembed\"  allow=\"autoplay; encrypted-media\" allowfullscreen><\/iframe><\/div>\n","protected":false},"excerpt":{"rendered":"<p>[vc_row][vc_column][vc_column_text]A robusta Matsuura VX-660 \u00e9 a nova m\u00e1quina de maquina\u00e7\u00e3o vertical pesada da Matsuura, pioneira na tecnologia de centros de maquina\u00e7\u00e3o vertical, com mais de 40 anos de experi\u00eancia neste campo. Este vers\u00e1til centro de maquina\u00e7\u00e3o vertical de 3 eixos tem a capacidade de trabalhar a alta velocidade, com alta precis\u00e3o, ocupando dimens\u00f5es f\u00edsicas menores&hellip;<\/p>\n","protected":false},"featured_media":4877,"comment_status":"closed","ping_status":"closed","template":"","meta":[],"product_brand":[143],"product_cat":[1059,684],"product_tag":[],"class_list":{"0":"post-5448","1":"product","2":"type-product","3":"status-publish","4":"has-post-thumbnail","6":"product_brand-matsuura","7":"product_cat-centro-de-usinagem-vertical","8":"product_cat-centros-de-usinagem","9":"entry","10":"has-media","12":"first","13":"instock","14":"featured","15":"shipping-taxable","16":"product-type-simple","17":"col","18":"wpex-woo-entry","19":"span_1_of_4"},"yoast_head":"<!-- This site is optimized with the Yoast SEO plugin v27.2 - https:\/\/yoast.com\/product\/yoast-seo-wordpress\/ -->\n<title>Centro de mecanizado Vertical Matsuura VX-660<\/title>\n<meta name=\"description\" content=\"A robusta Matsuura VX-660 \u00e9 a nova m\u00e1quina de maquina\u00e7\u00e3o vertical pesada da Matsuura, a pioneira da tecnologia de centros de maquina\u00e7\u00e3o vertical, com mais de 40 anos de experi\u00eancia neste campo.\" \/>\n<meta name=\"robots\" content=\"index, follow, max-snippet:-1, max-image-preview:large, max-video-preview:-1\" \/>\n<link rel=\"canonical\" href=\"https:\/\/maquinser.com\/pt-pt\/produto\/matsuura-vx-660\/\" \/>\n<meta property=\"og:locale\" content=\"pt_PT\" \/>\n<meta property=\"og:type\" content=\"article\" \/>\n<meta property=\"og:title\" content=\"Centro de mecanizado Vertical Matsuura VX-660\" \/>\n<meta property=\"og:description\" content=\"A robusta Matsuura VX-660 \u00e9 a nova m\u00e1quina de maquina\u00e7\u00e3o vertical pesada da Matsuura, a pioneira da tecnologia de centros de maquina\u00e7\u00e3o vertical, com mais de 40 anos de experi\u00eancia neste campo.\" \/>\n<meta property=\"og:url\" content=\"https:\/\/maquinser.com\/pt-pt\/produto\/matsuura-vx-660\/\" \/>\n<meta property=\"og:site_name\" content=\"Maquinser - Maquinaria y Servicios para la Industria Metalmec\u00e1nica\" \/>\n<meta property=\"article:publisher\" content=\"http:\/\/fb.me\/Maquinser\" \/>\n<meta property=\"article:modified_time\" content=\"2021-10-20T09:27:56+00:00\" \/>\n<meta property=\"og:image\" content=\"https:\/\/maquinser.com\/wp-content\/uploads\/2018\/01\/VX-660.jpg\" \/>\n\t<meta property=\"og:image:width\" content=\"1034\" \/>\n\t<meta property=\"og:image:height\" content=\"1175\" \/>\n\t<meta property=\"og:image:type\" content=\"image\/jpeg\" \/>\n<meta name=\"twitter:card\" content=\"summary_large_image\" \/>\n<meta name=\"twitter:site\" content=\"@Maquinser\" \/>\n<meta name=\"twitter:label1\" content=\"Tempo estimado de leitura\" \/>\n\t<meta name=\"twitter:data1\" content=\"1 minuto\" \/>\n<script type=\"application\/ld+json\" class=\"yoast-schema-graph\">{\"@context\":\"https:\/\/schema.org\",\"@graph\":[{\"@type\":\"WebPage\",\"@id\":\"https:\/\/maquinser.com\/pt-pt\/produto\/matsuura-vx-660\/\",\"url\":\"https:\/\/maquinser.com\/pt-pt\/produto\/matsuura-vx-660\/\",\"name\":\"Centro de mecanizado Vertical Matsuura VX-660\",\"isPartOf\":{\"@id\":\"https:\/\/maquinser.com\/#website\"},\"primaryImageOfPage\":{\"@id\":\"https:\/\/maquinser.com\/pt-pt\/produto\/matsuura-vx-660\/#primaryimage\"},\"image\":{\"@id\":\"https:\/\/maquinser.com\/pt-pt\/produto\/matsuura-vx-660\/#primaryimage\"},\"thumbnailUrl\":\"https:\/\/maquinser.com\/wp-content\/uploads\/2018\/01\/VX-660.jpg\",\"datePublished\":\"2018-01-29T09:02:28+00:00\",\"dateModified\":\"2021-10-20T09:27:56+00:00\",\"description\":\"A robusta Matsuura VX-660 \u00e9 a nova m\u00e1quina de maquina\u00e7\u00e3o vertical pesada da Matsuura, a pioneira da tecnologia de centros de maquina\u00e7\u00e3o vertical, com mais de 40 anos de experi\u00eancia neste campo.\",\"breadcrumb\":{\"@id\":\"https:\/\/maquinser.com\/pt-pt\/produto\/matsuura-vx-660\/#breadcrumb\"},\"inLanguage\":\"pt-PT\",\"potentialAction\":[{\"@type\":\"ReadAction\",\"target\":[\"https:\/\/maquinser.com\/pt-pt\/produto\/matsuura-vx-660\/\"]}]},{\"@type\":\"ImageObject\",\"inLanguage\":\"pt-PT\",\"@id\":\"https:\/\/maquinser.com\/pt-pt\/produto\/matsuura-vx-660\/#primaryimage\",\"url\":\"https:\/\/maquinser.com\/wp-content\/uploads\/2018\/01\/VX-660.jpg\",\"contentUrl\":\"https:\/\/maquinser.com\/wp-content\/uploads\/2018\/01\/VX-660.jpg\",\"width\":1034,\"height\":1175,\"caption\":\"Matsuura VX-660\"},{\"@type\":\"BreadcrumbList\",\"@id\":\"https:\/\/maquinser.com\/pt-pt\/produto\/matsuura-vx-660\/#breadcrumb\",\"itemListElement\":[{\"@type\":\"ListItem\",\"position\":1,\"name\":\"Portada\",\"item\":\"https:\/\/maquinser.com\/pt-pt\/\"},{\"@type\":\"ListItem\",\"position\":2,\"name\":\"Cat\u00e1logo\",\"item\":\"https:\/\/maquinser.com\/catalogo\/\"},{\"@type\":\"ListItem\",\"position\":3,\"name\":\"Matsuura VX-660\"}]},{\"@type\":\"WebSite\",\"@id\":\"https:\/\/maquinser.com\/#website\",\"url\":\"https:\/\/maquinser.com\/\",\"name\":\"Maquinser - Maquinaria y Servicios para la Industria Metalmec\u00e1nica\",\"description\":\"\",\"publisher\":{\"@id\":\"https:\/\/maquinser.com\/#organization\"},\"potentialAction\":[{\"@type\":\"SearchAction\",\"target\":{\"@type\":\"EntryPoint\",\"urlTemplate\":\"https:\/\/maquinser.com\/?s={search_term_string}\"},\"query-input\":{\"@type\":\"PropertyValueSpecification\",\"valueRequired\":true,\"valueName\":\"search_term_string\"}}],\"inLanguage\":\"pt-PT\"},{\"@type\":\"Organization\",\"@id\":\"https:\/\/maquinser.com\/#organization\",\"name\":\"Maquinser\",\"url\":\"https:\/\/maquinser.com\/\",\"logo\":{\"@type\":\"ImageObject\",\"inLanguage\":\"pt-PT\",\"@id\":\"https:\/\/maquinser.com\/#\/schema\/logo\/image\/\",\"url\":\"http:\/\/maquinser.com\/wp-content\/uploads\/2016\/10\/MAQUINSER_Logo_oficial.jpg\",\"contentUrl\":\"http:\/\/maquinser.com\/wp-content\/uploads\/2016\/10\/MAQUINSER_Logo_oficial.jpg\",\"width\":1411,\"height\":326,\"caption\":\"Maquinser\"},\"image\":{\"@id\":\"https:\/\/maquinser.com\/#\/schema\/logo\/image\/\"},\"sameAs\":[\"http:\/\/fb.me\/Maquinser\",\"https:\/\/x.com\/Maquinser\",\"http:\/\/maquinser20s.a.\"]}]}<\/script>\n<!-- \/ Yoast SEO plugin. -->","yoast_head_json":{"title":"Centro de mecanizado Vertical Matsuura VX-660","description":"A robusta Matsuura VX-660 \u00e9 a nova m\u00e1quina de maquina\u00e7\u00e3o vertical pesada da Matsuura, a pioneira da tecnologia de centros de maquina\u00e7\u00e3o vertical, com mais de 40 anos de experi\u00eancia neste campo.","robots":{"index":"index","follow":"follow","max-snippet":"max-snippet:-1","max-image-preview":"max-image-preview:large","max-video-preview":"max-video-preview:-1"},"canonical":"https:\/\/maquinser.com\/pt-pt\/produto\/matsuura-vx-660\/","og_locale":"pt_PT","og_type":"article","og_title":"Centro de mecanizado Vertical Matsuura VX-660","og_description":"A robusta Matsuura VX-660 \u00e9 a nova m\u00e1quina de maquina\u00e7\u00e3o vertical pesada da Matsuura, a pioneira da tecnologia de centros de maquina\u00e7\u00e3o vertical, com mais de 40 anos de experi\u00eancia neste campo.","og_url":"https:\/\/maquinser.com\/pt-pt\/produto\/matsuura-vx-660\/","og_site_name":"Maquinser - Maquinaria y Servicios para la Industria Metalmec\u00e1nica","article_publisher":"http:\/\/fb.me\/Maquinser","article_modified_time":"2021-10-20T09:27:56+00:00","og_image":[{"width":1034,"height":1175,"url":"https:\/\/maquinser.com\/wp-content\/uploads\/2018\/01\/VX-660.jpg","type":"image\/jpeg"}],"twitter_card":"summary_large_image","twitter_site":"@Maquinser","twitter_misc":{"Tempo estimado de leitura":"1 minuto"},"schema":{"@context":"https:\/\/schema.org","@graph":[{"@type":"WebPage","@id":"https:\/\/maquinser.com\/pt-pt\/produto\/matsuura-vx-660\/","url":"https:\/\/maquinser.com\/pt-pt\/produto\/matsuura-vx-660\/","name":"Centro de mecanizado Vertical Matsuura VX-660","isPartOf":{"@id":"https:\/\/maquinser.com\/#website"},"primaryImageOfPage":{"@id":"https:\/\/maquinser.com\/pt-pt\/produto\/matsuura-vx-660\/#primaryimage"},"image":{"@id":"https:\/\/maquinser.com\/pt-pt\/produto\/matsuura-vx-660\/#primaryimage"},"thumbnailUrl":"https:\/\/maquinser.com\/wp-content\/uploads\/2018\/01\/VX-660.jpg","datePublished":"2018-01-29T09:02:28+00:00","dateModified":"2021-10-20T09:27:56+00:00","description":"A robusta Matsuura VX-660 \u00e9 a nova m\u00e1quina de maquina\u00e7\u00e3o vertical pesada da Matsuura, a pioneira da tecnologia de centros de maquina\u00e7\u00e3o vertical, com mais de 40 anos de experi\u00eancia neste campo.","breadcrumb":{"@id":"https:\/\/maquinser.com\/pt-pt\/produto\/matsuura-vx-660\/#breadcrumb"},"inLanguage":"pt-PT","potentialAction":[{"@type":"ReadAction","target":["https:\/\/maquinser.com\/pt-pt\/produto\/matsuura-vx-660\/"]}]},{"@type":"ImageObject","inLanguage":"pt-PT","@id":"https:\/\/maquinser.com\/pt-pt\/produto\/matsuura-vx-660\/#primaryimage","url":"https:\/\/maquinser.com\/wp-content\/uploads\/2018\/01\/VX-660.jpg","contentUrl":"https:\/\/maquinser.com\/wp-content\/uploads\/2018\/01\/VX-660.jpg","width":1034,"height":1175,"caption":"Matsuura VX-660"},{"@type":"BreadcrumbList","@id":"https:\/\/maquinser.com\/pt-pt\/produto\/matsuura-vx-660\/#breadcrumb","itemListElement":[{"@type":"ListItem","position":1,"name":"Portada","item":"https:\/\/maquinser.com\/pt-pt\/"},{"@type":"ListItem","position":2,"name":"Cat\u00e1logo","item":"https:\/\/maquinser.com\/catalogo\/"},{"@type":"ListItem","position":3,"name":"Matsuura VX-660"}]},{"@type":"WebSite","@id":"https:\/\/maquinser.com\/#website","url":"https:\/\/maquinser.com\/","name":"Maquinser - Maquinaria y Servicios para la Industria Metalmec\u00e1nica","description":"","publisher":{"@id":"https:\/\/maquinser.com\/#organization"},"potentialAction":[{"@type":"SearchAction","target":{"@type":"EntryPoint","urlTemplate":"https:\/\/maquinser.com\/?s={search_term_string}"},"query-input":{"@type":"PropertyValueSpecification","valueRequired":true,"valueName":"search_term_string"}}],"inLanguage":"pt-PT"},{"@type":"Organization","@id":"https:\/\/maquinser.com\/#organization","name":"Maquinser","url":"https:\/\/maquinser.com\/","logo":{"@type":"ImageObject","inLanguage":"pt-PT","@id":"https:\/\/maquinser.com\/#\/schema\/logo\/image\/","url":"http:\/\/maquinser.com\/wp-content\/uploads\/2016\/10\/MAQUINSER_Logo_oficial.jpg","contentUrl":"http:\/\/maquinser.com\/wp-content\/uploads\/2016\/10\/MAQUINSER_Logo_oficial.jpg","width":1411,"height":326,"caption":"Maquinser"},"image":{"@id":"https:\/\/maquinser.com\/#\/schema\/logo\/image\/"},"sameAs":["http:\/\/fb.me\/Maquinser","https:\/\/x.com\/Maquinser","http:\/\/maquinser20s.a."]}]}},"_links":{"self":[{"href":"https:\/\/maquinser.com\/pt-pt\/wp-json\/wp\/v2\/product\/5448","targetHints":{"allow":["GET"]}}],"collection":[{"href":"https:\/\/maquinser.com\/pt-pt\/wp-json\/wp\/v2\/product"}],"about":[{"href":"https:\/\/maquinser.com\/pt-pt\/wp-json\/wp\/v2\/types\/product"}],"replies":[{"embeddable":true,"href":"https:\/\/maquinser.com\/pt-pt\/wp-json\/wp\/v2\/comments?post=5448"}],"wp:featuredmedia":[{"embeddable":true,"href":"https:\/\/maquinser.com\/pt-pt\/wp-json\/wp\/v2\/media\/4877"}],"wp:attachment":[{"href":"https:\/\/maquinser.com\/pt-pt\/wp-json\/wp\/v2\/media?parent=5448"}],"wp:term":[{"taxonomy":"product_brand","embeddable":true,"href":"https:\/\/maquinser.com\/pt-pt\/wp-json\/wp\/v2\/product_brand?post=5448"},{"taxonomy":"product_cat","embeddable":true,"href":"https:\/\/maquinser.com\/pt-pt\/wp-json\/wp\/v2\/product_cat?post=5448"},{"taxonomy":"product_tag","embeddable":true,"href":"https:\/\/maquinser.com\/pt-pt\/wp-json\/wp\/v2\/product_tag?post=5448"}],"curies":[{"name":"wp","href":"https:\/\/api.w.org\/{rel}","templated":true}]}}