{"id":12546,"date":"2024-03-01T09:34:13","date_gmt":"2024-03-01T08:34:13","guid":{"rendered":"https:\/\/maquinser.com\/product\/tsugami-b0326e-iii\/"},"modified":"2024-03-01T09:38:51","modified_gmt":"2024-03-01T08:38:51","slug":"tsugami-b0326e-iii","status":"publish","type":"product","link":"https:\/\/maquinser.com\/pt-pt\/produto\/tsugami-b0326e-iii\/","title":{"rendered":"Tsugami B0326E-III"},"content":{"rendered":"<p><span style=\"font-size: 14px;\">Sua cinem\u00e1tica \u00e9 baseada em duas matrizes integradas, ambas com possibilidade de montagem de ferramentas motorizadas e um cabe\u00e7ote que funciona em sistema de ferramentas pr\u00f3prio, com ou sem eixo Y2, dependendo se \u00e9 a vers\u00e3o de 5 ou 6 eixos.<\/span><\/p>\n<p><span style=\"font-size: 14px;\">Com capacidade m\u00e1xima de 43 ferramentas (opcionais), das quais at\u00e9 26 podem ser motorizadas (com quatro sistemas motorizados independentes), poucas pe\u00e7as escapam \u00e0s possibilidades destas m\u00e1quinas.<\/span><\/p>\n<p><span style=\"font-size: 14px;\">Cabe\u00e7ote, contracabe\u00e7a e porta-cano montam motores sem correia integrados, muito din\u00e2micos para trabalhos com acelera\u00e7\u00f5es m\u00e1ximas e melhor precis\u00e3o na indexa\u00e7\u00e3o. O trabalho sem cano \u00e9 vi\u00e1vel em pe\u00e7as de at\u00e9 70 mm de comprimento (B032).<\/span><\/p>\n<p><span style=\"font-size: 14px;\">O software de programa\u00e7\u00e3o autom\u00e1tica Abile, inclu\u00eddo no pacote b\u00e1sico da m\u00e1quina, permite a gera\u00e7\u00e3o de programas a partir de s\u00f3lidos, sua simula\u00e7\u00e3o virtual, verifica\u00e7\u00e3o de colis\u00f5es e c\u00e1lculo de tempo. A programa\u00e7\u00e3o manual tamb\u00e9m \u00e9 poss\u00edvel atrav\u00e9s do controlo FANUC.<\/span><\/p>\n","protected":false},"excerpt":{"rendered":"<h2><span style=\"font-size: 16px;\">Tsugami B0265E-III\/B0266E-III\/B0325E-III\/B0326E-III s\u00e3o uma fam\u00edlia de m\u00e1quinas para trabalhar at\u00e9 di\u00e2metros de 26 e 32 mil\u00edmetros respectivamente e em configura\u00e7\u00f5es de 5 e 6 eixos lineares (mais dois eixos C).<\/span><\/h2>\n","protected":false},"featured_media":8654,"comment_status":"closed","ping_status":"closed","template":"","meta":[],"product_brand":[356],"product_cat":[684,698,705],"product_tag":[],"class_list":{"0":"post-12546","1":"product","2":"type-product","3":"status-publish","4":"has-post-thumbnail","6":"product_brand-tsugami","7":"product_cat-centros-de-usinagem","8":"product_cat-torneamento","9":"product_cat-torneamento-horizontal","10":"entry","11":"has-media","13":"first","14":"instock","15":"featured","16":"shipping-taxable","17":"product-type-simple","18":"col","19":"wpex-woo-entry","20":"span_1_of_4"},"yoast_head":"<!-- This site is optimized with the Yoast SEO plugin v27.2 - https:\/\/yoast.com\/product\/yoast-seo-wordpress\/ -->\n<title>Tsugami B0326-III<\/title>\n<meta name=\"description\" content=\"Tsugami B0326E-III s\u00e3o uma fam\u00edlia de m\u00e1quinas para trabalhar at\u00e9 di\u00e2metros de 26 e 32 mil\u00edmetros e em configura\u00e7\u00f5es de 5 e 6 eixos lineares\" \/>\n<meta name=\"robots\" content=\"index, follow, max-snippet:-1, max-image-preview:large, max-video-preview:-1\" \/>\n<link rel=\"canonical\" href=\"https:\/\/maquinser.com\/pt-pt\/produto\/tsugami-b0326e-iii\/\" \/>\n<meta property=\"og:locale\" content=\"pt_PT\" \/>\n<meta property=\"og:type\" content=\"article\" \/>\n<meta property=\"og:title\" content=\"Tsugami B0326-III\" \/>\n<meta property=\"og:description\" content=\"Tsugami B0326E-III s\u00e3o uma fam\u00edlia de m\u00e1quinas para trabalhar at\u00e9 di\u00e2metros de 26 e 32 mil\u00edmetros e em configura\u00e7\u00f5es de 5 e 6 eixos lineares\" \/>\n<meta property=\"og:url\" content=\"https:\/\/maquinser.com\/pt-pt\/produto\/tsugami-b0326e-iii\/\" \/>\n<meta property=\"og:site_name\" content=\"Maquinser - Maquinaria y Servicios para la Industria Metalmec\u00e1nica\" \/>\n<meta property=\"article:publisher\" content=\"http:\/\/fb.me\/Maquinser\" \/>\n<meta property=\"article:modified_time\" content=\"2024-03-01T08:38:51+00:00\" \/>\n<meta property=\"og:image\" content=\"https:\/\/maquinser.com\/wp-content\/uploads\/2020\/06\/B0326E-\u2162.jpg\" \/>\n\t<meta property=\"og:image:width\" content=\"1633\" \/>\n\t<meta property=\"og:image:height\" content=\"1447\" \/>\n\t<meta property=\"og:image:type\" content=\"image\/jpeg\" \/>\n<meta name=\"twitter:card\" content=\"summary_large_image\" \/>\n<meta name=\"twitter:site\" content=\"@Maquinser\" \/>\n<meta name=\"twitter:label1\" content=\"Tempo estimado de leitura\" \/>\n\t<meta name=\"twitter:data1\" content=\"1 minuto\" \/>\n<script type=\"application\/ld+json\" class=\"yoast-schema-graph\">{\"@context\":\"https:\/\/schema.org\",\"@graph\":[{\"@type\":\"WebPage\",\"@id\":\"https:\/\/maquinser.com\/pt-pt\/produto\/tsugami-b0326e-iii\/\",\"url\":\"https:\/\/maquinser.com\/pt-pt\/produto\/tsugami-b0326e-iii\/\",\"name\":\"Tsugami B0326-III\",\"isPartOf\":{\"@id\":\"https:\/\/maquinser.com\/#website\"},\"primaryImageOfPage\":{\"@id\":\"https:\/\/maquinser.com\/pt-pt\/produto\/tsugami-b0326e-iii\/#primaryimage\"},\"image\":{\"@id\":\"https:\/\/maquinser.com\/pt-pt\/produto\/tsugami-b0326e-iii\/#primaryimage\"},\"thumbnailUrl\":\"https:\/\/maquinser.com\/wp-content\/uploads\/2020\/06\/B0326E-\u2162.jpg\",\"datePublished\":\"2024-03-01T08:34:13+00:00\",\"dateModified\":\"2024-03-01T08:38:51+00:00\",\"description\":\"Tsugami B0326E-III s\u00e3o uma fam\u00edlia de m\u00e1quinas para trabalhar at\u00e9 di\u00e2metros de 26 e 32 mil\u00edmetros e em configura\u00e7\u00f5es de 5 e 6 eixos lineares\",\"breadcrumb\":{\"@id\":\"https:\/\/maquinser.com\/pt-pt\/produto\/tsugami-b0326e-iii\/#breadcrumb\"},\"inLanguage\":\"pt-PT\",\"potentialAction\":[{\"@type\":\"ReadAction\",\"target\":[\"https:\/\/maquinser.com\/pt-pt\/produto\/tsugami-b0326e-iii\/\"]}]},{\"@type\":\"ImageObject\",\"inLanguage\":\"pt-PT\",\"@id\":\"https:\/\/maquinser.com\/pt-pt\/produto\/tsugami-b0326e-iii\/#primaryimage\",\"url\":\"https:\/\/maquinser.com\/wp-content\/uploads\/2020\/06\/B0326E-\u2162.jpg\",\"contentUrl\":\"https:\/\/maquinser.com\/wp-content\/uploads\/2020\/06\/B0326E-\u2162.jpg\",\"width\":1633,\"height\":1447},{\"@type\":\"BreadcrumbList\",\"@id\":\"https:\/\/maquinser.com\/pt-pt\/produto\/tsugami-b0326e-iii\/#breadcrumb\",\"itemListElement\":[{\"@type\":\"ListItem\",\"position\":1,\"name\":\"Portada\",\"item\":\"https:\/\/maquinser.com\/pt-pt\/\"},{\"@type\":\"ListItem\",\"position\":2,\"name\":\"Cat\u00e1logo\",\"item\":\"https:\/\/maquinser.com\/catalogo\/\"},{\"@type\":\"ListItem\",\"position\":3,\"name\":\"Tsugami B0326E-III\"}]},{\"@type\":\"WebSite\",\"@id\":\"https:\/\/maquinser.com\/#website\",\"url\":\"https:\/\/maquinser.com\/\",\"name\":\"Maquinser - Maquinaria y Servicios para la Industria Metalmec\u00e1nica\",\"description\":\"\",\"publisher\":{\"@id\":\"https:\/\/maquinser.com\/#organization\"},\"potentialAction\":[{\"@type\":\"SearchAction\",\"target\":{\"@type\":\"EntryPoint\",\"urlTemplate\":\"https:\/\/maquinser.com\/?s={search_term_string}\"},\"query-input\":{\"@type\":\"PropertyValueSpecification\",\"valueRequired\":true,\"valueName\":\"search_term_string\"}}],\"inLanguage\":\"pt-PT\"},{\"@type\":\"Organization\",\"@id\":\"https:\/\/maquinser.com\/#organization\",\"name\":\"Maquinser\",\"url\":\"https:\/\/maquinser.com\/\",\"logo\":{\"@type\":\"ImageObject\",\"inLanguage\":\"pt-PT\",\"@id\":\"https:\/\/maquinser.com\/#\/schema\/logo\/image\/\",\"url\":\"http:\/\/maquinser.com\/wp-content\/uploads\/2016\/10\/MAQUINSER_Logo_oficial.jpg\",\"contentUrl\":\"http:\/\/maquinser.com\/wp-content\/uploads\/2016\/10\/MAQUINSER_Logo_oficial.jpg\",\"width\":1411,\"height\":326,\"caption\":\"Maquinser\"},\"image\":{\"@id\":\"https:\/\/maquinser.com\/#\/schema\/logo\/image\/\"},\"sameAs\":[\"http:\/\/fb.me\/Maquinser\",\"https:\/\/x.com\/Maquinser\",\"http:\/\/maquinser20s.a.\"]}]}<\/script>\n<!-- \/ Yoast SEO plugin. -->","yoast_head_json":{"title":"Tsugami B0326-III","description":"Tsugami B0326E-III s\u00e3o uma fam\u00edlia de m\u00e1quinas para trabalhar at\u00e9 di\u00e2metros de 26 e 32 mil\u00edmetros e em configura\u00e7\u00f5es de 5 e 6 eixos lineares","robots":{"index":"index","follow":"follow","max-snippet":"max-snippet:-1","max-image-preview":"max-image-preview:large","max-video-preview":"max-video-preview:-1"},"canonical":"https:\/\/maquinser.com\/pt-pt\/produto\/tsugami-b0326e-iii\/","og_locale":"pt_PT","og_type":"article","og_title":"Tsugami B0326-III","og_description":"Tsugami B0326E-III s\u00e3o uma fam\u00edlia de m\u00e1quinas para trabalhar at\u00e9 di\u00e2metros de 26 e 32 mil\u00edmetros e em configura\u00e7\u00f5es de 5 e 6 eixos lineares","og_url":"https:\/\/maquinser.com\/pt-pt\/produto\/tsugami-b0326e-iii\/","og_site_name":"Maquinser - Maquinaria y Servicios para la Industria Metalmec\u00e1nica","article_publisher":"http:\/\/fb.me\/Maquinser","article_modified_time":"2024-03-01T08:38:51+00:00","og_image":[{"width":1633,"height":1447,"url":"https:\/\/maquinser.com\/wp-content\/uploads\/2020\/06\/B0326E-\u2162.jpg","type":"image\/jpeg"}],"twitter_card":"summary_large_image","twitter_site":"@Maquinser","twitter_misc":{"Tempo estimado de leitura":"1 minuto"},"schema":{"@context":"https:\/\/schema.org","@graph":[{"@type":"WebPage","@id":"https:\/\/maquinser.com\/pt-pt\/produto\/tsugami-b0326e-iii\/","url":"https:\/\/maquinser.com\/pt-pt\/produto\/tsugami-b0326e-iii\/","name":"Tsugami B0326-III","isPartOf":{"@id":"https:\/\/maquinser.com\/#website"},"primaryImageOfPage":{"@id":"https:\/\/maquinser.com\/pt-pt\/produto\/tsugami-b0326e-iii\/#primaryimage"},"image":{"@id":"https:\/\/maquinser.com\/pt-pt\/produto\/tsugami-b0326e-iii\/#primaryimage"},"thumbnailUrl":"https:\/\/maquinser.com\/wp-content\/uploads\/2020\/06\/B0326E-\u2162.jpg","datePublished":"2024-03-01T08:34:13+00:00","dateModified":"2024-03-01T08:38:51+00:00","description":"Tsugami B0326E-III s\u00e3o uma fam\u00edlia de m\u00e1quinas para trabalhar at\u00e9 di\u00e2metros de 26 e 32 mil\u00edmetros e em configura\u00e7\u00f5es de 5 e 6 eixos lineares","breadcrumb":{"@id":"https:\/\/maquinser.com\/pt-pt\/produto\/tsugami-b0326e-iii\/#breadcrumb"},"inLanguage":"pt-PT","potentialAction":[{"@type":"ReadAction","target":["https:\/\/maquinser.com\/pt-pt\/produto\/tsugami-b0326e-iii\/"]}]},{"@type":"ImageObject","inLanguage":"pt-PT","@id":"https:\/\/maquinser.com\/pt-pt\/produto\/tsugami-b0326e-iii\/#primaryimage","url":"https:\/\/maquinser.com\/wp-content\/uploads\/2020\/06\/B0326E-\u2162.jpg","contentUrl":"https:\/\/maquinser.com\/wp-content\/uploads\/2020\/06\/B0326E-\u2162.jpg","width":1633,"height":1447},{"@type":"BreadcrumbList","@id":"https:\/\/maquinser.com\/pt-pt\/produto\/tsugami-b0326e-iii\/#breadcrumb","itemListElement":[{"@type":"ListItem","position":1,"name":"Portada","item":"https:\/\/maquinser.com\/pt-pt\/"},{"@type":"ListItem","position":2,"name":"Cat\u00e1logo","item":"https:\/\/maquinser.com\/catalogo\/"},{"@type":"ListItem","position":3,"name":"Tsugami B0326E-III"}]},{"@type":"WebSite","@id":"https:\/\/maquinser.com\/#website","url":"https:\/\/maquinser.com\/","name":"Maquinser - Maquinaria y Servicios para la Industria Metalmec\u00e1nica","description":"","publisher":{"@id":"https:\/\/maquinser.com\/#organization"},"potentialAction":[{"@type":"SearchAction","target":{"@type":"EntryPoint","urlTemplate":"https:\/\/maquinser.com\/?s={search_term_string}"},"query-input":{"@type":"PropertyValueSpecification","valueRequired":true,"valueName":"search_term_string"}}],"inLanguage":"pt-PT"},{"@type":"Organization","@id":"https:\/\/maquinser.com\/#organization","name":"Maquinser","url":"https:\/\/maquinser.com\/","logo":{"@type":"ImageObject","inLanguage":"pt-PT","@id":"https:\/\/maquinser.com\/#\/schema\/logo\/image\/","url":"http:\/\/maquinser.com\/wp-content\/uploads\/2016\/10\/MAQUINSER_Logo_oficial.jpg","contentUrl":"http:\/\/maquinser.com\/wp-content\/uploads\/2016\/10\/MAQUINSER_Logo_oficial.jpg","width":1411,"height":326,"caption":"Maquinser"},"image":{"@id":"https:\/\/maquinser.com\/#\/schema\/logo\/image\/"},"sameAs":["http:\/\/fb.me\/Maquinser","https:\/\/x.com\/Maquinser","http:\/\/maquinser20s.a."]}]}},"_links":{"self":[{"href":"https:\/\/maquinser.com\/pt-pt\/wp-json\/wp\/v2\/product\/12546","targetHints":{"allow":["GET"]}}],"collection":[{"href":"https:\/\/maquinser.com\/pt-pt\/wp-json\/wp\/v2\/product"}],"about":[{"href":"https:\/\/maquinser.com\/pt-pt\/wp-json\/wp\/v2\/types\/product"}],"replies":[{"embeddable":true,"href":"https:\/\/maquinser.com\/pt-pt\/wp-json\/wp\/v2\/comments?post=12546"}],"wp:featuredmedia":[{"embeddable":true,"href":"https:\/\/maquinser.com\/pt-pt\/wp-json\/wp\/v2\/media\/8654"}],"wp:attachment":[{"href":"https:\/\/maquinser.com\/pt-pt\/wp-json\/wp\/v2\/media?parent=12546"}],"wp:term":[{"taxonomy":"product_brand","embeddable":true,"href":"https:\/\/maquinser.com\/pt-pt\/wp-json\/wp\/v2\/product_brand?post=12546"},{"taxonomy":"product_cat","embeddable":true,"href":"https:\/\/maquinser.com\/pt-pt\/wp-json\/wp\/v2\/product_cat?post=12546"},{"taxonomy":"product_tag","embeddable":true,"href":"https:\/\/maquinser.com\/pt-pt\/wp-json\/wp\/v2\/product_tag?post=12546"}],"curies":[{"name":"wp","href":"https:\/\/api.w.org\/{rel}","templated":true}]}}