{"id":11510,"date":"2022-05-02T11:01:57","date_gmt":"2022-05-02T09:01:57","guid":{"rendered":"https:\/\/maquinser.com\/product\/muratec-mwr120\/"},"modified":"2023-05-10T16:41:21","modified_gmt":"2023-05-10T14:41:21","slug":"muratec-mwr120","status":"publish","type":"product","link":"https:\/\/maquinser.com\/pt-pt\/produto\/muratec-mwr120\/","title":{"rendered":"MURATEC MWR120"},"content":{"rendered":"[vc_row][vc_column][vc_column_text]Centro de torneamento de alta precis\u00e3o, compacto, com dois fusos e processamento combinado de alta precis\u00e3o da fam\u00edlia MW, equipado com a fun\u00e7\u00e3o do eixo Y. Capacidade de processamento combinado numa m\u00e1quina compacta. A MWR120 mant\u00e9m a estrutura compacta dos tornos CNC de dois fusos da s\u00e9rie MW, mas tamb\u00e9m incorpora as capacidades de processamento combinado da m\u00e1quina multitarefa de alta produtividade da s\u00e9rie MT. Estas duas caracter\u00edsticas criam uma m\u00e1quina de processamento combinado \u00fanica que incorpora os pontos fortes de ambas as s\u00e9ries Muratec. A grande variedade de refer\u00eancias poss\u00edveis de serem maquinadas e o baixo volume, oferecem um elevado grau de liberdade, o que proporcionar\u00e1 aos maquinistas um grande aliado para a manufactura do futuro. &#8211; Carenagem de nova gera\u00e7\u00e3o. &#8211; A mesma estrutura que o modelo MW-120EX. &#8211; Motores de fuso incorporados (Built-In). &#8211; Eixo X com curso de 240mm. &#8211; Eixo Z com curso de 200mm. &#8211; Eixo Y com curso de \u00b160mm. &#8211; Rob\u00f4 de p\u00f3rtico com estrutura CFRP (Carbon Fibre Reinforced Plastic) com alta velocidade (X\/Y\/Z) 240\/175\/65m\/min. &#8211; Hta motorizado com sistema de accionamento directo, sem engrenagens. &#8211; Hta motorizada dispon\u00edvel em 6.000 e 8.000 rpm.[\/vc_column_text][\/vc_column][\/vc_row]\n","protected":false},"excerpt":{"rendered":"<p>[vc_row][vc_column][vc_column_text]Centro de torneamento de alta precis\u00e3o, compacto, com dois fusos e processamento combinado de alta precis\u00e3o da fam\u00edlia MW, equipado com a fun\u00e7\u00e3o do eixo Y. Capacidade de processamento combinado numa m\u00e1quina compacta. A MWR120 mant\u00e9m a estrutura compacta dos tornos CNC de dois fusos da s\u00e9rie MW, mas tamb\u00e9m incorpora as capacidades de processamento&hellip;<\/p>\n","protected":false},"featured_media":10862,"comment_status":"closed","ping_status":"closed","template":"","meta":[],"product_brand":[142],"product_cat":[684,698,705],"product_tag":[],"class_list":{"0":"post-11510","1":"product","2":"type-product","3":"status-publish","4":"has-post-thumbnail","6":"product_brand-muratec","7":"product_cat-centros-de-usinagem","8":"product_cat-torneamento","9":"product_cat-torneamento-horizontal","10":"entry","11":"has-media","13":"first","14":"instock","15":"shipping-taxable","16":"product-type-simple","17":"col","18":"wpex-woo-entry","19":"span_1_of_4"},"yoast_head":"<!-- This site is optimized with the Yoast SEO plugin v27.5 - https:\/\/yoast.com\/product\/yoast-seo-wordpress\/ -->\n<title>MURATEC MWR120 - Maquinser - Maquinaria y Servicios para la Industria Metalmec\u00e1nica<\/title>\n<meta name=\"robots\" content=\"index, follow, max-snippet:-1, max-image-preview:large, max-video-preview:-1\" \/>\n<link rel=\"canonical\" href=\"https:\/\/maquinser.com\/pt-pt\/produto\/muratec-mwr120\/\" \/>\n<meta property=\"og:locale\" content=\"pt_PT\" \/>\n<meta property=\"og:type\" content=\"article\" \/>\n<meta property=\"og:title\" content=\"MURATEC MWR120 - Maquinser - Maquinaria y Servicios para la Industria Metalmec\u00e1nica\" \/>\n<meta property=\"og:description\" content=\"[vc_row][vc_column][vc_column_text]Centro de torneamento de alta precis\u00e3o, compacto, com dois fusos e processamento combinado de alta precis\u00e3o da fam\u00edlia MW, equipado com a fun\u00e7\u00e3o do eixo Y. Capacidade de processamento combinado numa m\u00e1quina compacta. A MWR120 mant\u00e9m a estrutura compacta dos tornos CNC de dois fusos da s\u00e9rie MW, mas tamb\u00e9m incorpora as capacidades de processamento&hellip;\" \/>\n<meta property=\"og:url\" content=\"https:\/\/maquinser.com\/pt-pt\/produto\/muratec-mwr120\/\" \/>\n<meta property=\"og:site_name\" content=\"Maquinser - Maquinaria y Servicios para la Industria Metalmec\u00e1nica\" \/>\n<meta property=\"article:publisher\" content=\"http:\/\/fb.me\/Maquinser\" \/>\n<meta property=\"article:modified_time\" content=\"2023-05-10T14:41:21+00:00\" \/>\n<meta property=\"og:image\" content=\"https:\/\/maquinser.com\/wp-content\/uploads\/2022\/05\/web_Muratec_MWR120.jpg\" \/>\n\t<meta property=\"og:image:width\" content=\"945\" \/>\n\t<meta property=\"og:image:height\" content=\"945\" \/>\n\t<meta property=\"og:image:type\" content=\"image\/jpeg\" \/>\n<meta name=\"twitter:card\" content=\"summary_large_image\" \/>\n<meta name=\"twitter:site\" content=\"@Maquinser\" \/>\n<meta name=\"twitter:label1\" content=\"Tempo estimado de leitura\" \/>\n\t<meta name=\"twitter:data1\" content=\"1 minuto\" \/>\n<script type=\"application\/ld+json\" class=\"yoast-schema-graph\">{\"@context\":\"https:\\\/\\\/schema.org\",\"@graph\":[{\"@type\":\"WebPage\",\"@id\":\"https:\\\/\\\/maquinser.com\\\/pt-pt\\\/produto\\\/muratec-mwr120\\\/\",\"url\":\"https:\\\/\\\/maquinser.com\\\/pt-pt\\\/produto\\\/muratec-mwr120\\\/\",\"name\":\"MURATEC MWR120 - Maquinser - Maquinaria y Servicios para la Industria Metalmec\u00e1nica\",\"isPartOf\":{\"@id\":\"https:\\\/\\\/maquinser.com\\\/pt-pt\\\/#website\"},\"primaryImageOfPage\":{\"@id\":\"https:\\\/\\\/maquinser.com\\\/pt-pt\\\/produto\\\/muratec-mwr120\\\/#primaryimage\"},\"image\":{\"@id\":\"https:\\\/\\\/maquinser.com\\\/pt-pt\\\/produto\\\/muratec-mwr120\\\/#primaryimage\"},\"thumbnailUrl\":\"https:\\\/\\\/maquinser.com\\\/wp-content\\\/uploads\\\/2022\\\/05\\\/web_Muratec_MWR120.jpg\",\"datePublished\":\"2022-05-02T09:01:57+00:00\",\"dateModified\":\"2023-05-10T14:41:21+00:00\",\"breadcrumb\":{\"@id\":\"https:\\\/\\\/maquinser.com\\\/pt-pt\\\/produto\\\/muratec-mwr120\\\/#breadcrumb\"},\"inLanguage\":\"pt-PT\",\"potentialAction\":[{\"@type\":\"ReadAction\",\"target\":[\"https:\\\/\\\/maquinser.com\\\/pt-pt\\\/produto\\\/muratec-mwr120\\\/\"]}]},{\"@type\":\"ImageObject\",\"inLanguage\":\"pt-PT\",\"@id\":\"https:\\\/\\\/maquinser.com\\\/pt-pt\\\/produto\\\/muratec-mwr120\\\/#primaryimage\",\"url\":\"https:\\\/\\\/maquinser.com\\\/wp-content\\\/uploads\\\/2022\\\/05\\\/web_Muratec_MWR120.jpg\",\"contentUrl\":\"https:\\\/\\\/maquinser.com\\\/wp-content\\\/uploads\\\/2022\\\/05\\\/web_Muratec_MWR120.jpg\",\"width\":945,\"height\":945},{\"@type\":\"BreadcrumbList\",\"@id\":\"https:\\\/\\\/maquinser.com\\\/pt-pt\\\/produto\\\/muratec-mwr120\\\/#breadcrumb\",\"itemListElement\":[{\"@type\":\"ListItem\",\"position\":1,\"name\":\"Portada\",\"item\":\"https:\\\/\\\/maquinser.com\\\/pt-pt\\\/\"},{\"@type\":\"ListItem\",\"position\":2,\"name\":\"Loja\",\"item\":\"https:\\\/\\\/maquinser.com\\\/pt-pt\\\/loja\\\/\"},{\"@type\":\"ListItem\",\"position\":3,\"name\":\"MURATEC MWR120\"}]},{\"@type\":\"WebSite\",\"@id\":\"https:\\\/\\\/maquinser.com\\\/pt-pt\\\/#website\",\"url\":\"https:\\\/\\\/maquinser.com\\\/pt-pt\\\/\",\"name\":\"Maquinser - Maquinaria y Servicios para la Industria Metalmec\u00e1nica\",\"description\":\"\",\"publisher\":{\"@id\":\"https:\\\/\\\/maquinser.com\\\/pt-pt\\\/#organization\"},\"potentialAction\":[{\"@type\":\"SearchAction\",\"target\":{\"@type\":\"EntryPoint\",\"urlTemplate\":\"https:\\\/\\\/maquinser.com\\\/pt-pt\\\/?s={search_term_string}\"},\"query-input\":{\"@type\":\"PropertyValueSpecification\",\"valueRequired\":true,\"valueName\":\"search_term_string\"}}],\"inLanguage\":\"pt-PT\"},{\"@type\":\"Organization\",\"@id\":\"https:\\\/\\\/maquinser.com\\\/pt-pt\\\/#organization\",\"name\":\"Maquinser\",\"url\":\"https:\\\/\\\/maquinser.com\\\/pt-pt\\\/\",\"logo\":{\"@type\":\"ImageObject\",\"inLanguage\":\"pt-PT\",\"@id\":\"https:\\\/\\\/maquinser.com\\\/pt-pt\\\/#\\\/schema\\\/logo\\\/image\\\/\",\"url\":\"http:\\\/\\\/maquinser.com\\\/wp-content\\\/uploads\\\/2016\\\/10\\\/MAQUINSER_Logo_oficial.jpg\",\"contentUrl\":\"http:\\\/\\\/maquinser.com\\\/wp-content\\\/uploads\\\/2016\\\/10\\\/MAQUINSER_Logo_oficial.jpg\",\"width\":1411,\"height\":326,\"caption\":\"Maquinser\"},\"image\":{\"@id\":\"https:\\\/\\\/maquinser.com\\\/pt-pt\\\/#\\\/schema\\\/logo\\\/image\\\/\"},\"sameAs\":[\"http:\\\/\\\/fb.me\\\/Maquinser\",\"https:\\\/\\\/x.com\\\/Maquinser\",\"http:\\\/\\\/maquinser20s.a.\"]}]}<\/script>\n<!-- \/ Yoast SEO plugin. -->","yoast_head_json":{"title":"MURATEC MWR120 - Maquinser - Maquinaria y Servicios para la Industria Metalmec\u00e1nica","robots":{"index":"index","follow":"follow","max-snippet":"max-snippet:-1","max-image-preview":"max-image-preview:large","max-video-preview":"max-video-preview:-1"},"canonical":"https:\/\/maquinser.com\/pt-pt\/produto\/muratec-mwr120\/","og_locale":"pt_PT","og_type":"article","og_title":"MURATEC MWR120 - Maquinser - Maquinaria y Servicios para la Industria Metalmec\u00e1nica","og_description":"[vc_row][vc_column][vc_column_text]Centro de torneamento de alta precis\u00e3o, compacto, com dois fusos e processamento combinado de alta precis\u00e3o da fam\u00edlia MW, equipado com a fun\u00e7\u00e3o do eixo Y. Capacidade de processamento combinado numa m\u00e1quina compacta. A MWR120 mant\u00e9m a estrutura compacta dos tornos CNC de dois fusos da s\u00e9rie MW, mas tamb\u00e9m incorpora as capacidades de processamento&hellip;","og_url":"https:\/\/maquinser.com\/pt-pt\/produto\/muratec-mwr120\/","og_site_name":"Maquinser - Maquinaria y Servicios para la Industria Metalmec\u00e1nica","article_publisher":"http:\/\/fb.me\/Maquinser","article_modified_time":"2023-05-10T14:41:21+00:00","og_image":[{"width":945,"height":945,"url":"https:\/\/maquinser.com\/wp-content\/uploads\/2022\/05\/web_Muratec_MWR120.jpg","type":"image\/jpeg"}],"twitter_card":"summary_large_image","twitter_site":"@Maquinser","twitter_misc":{"Tempo estimado de leitura":"1 minuto"},"schema":{"@context":"https:\/\/schema.org","@graph":[{"@type":"WebPage","@id":"https:\/\/maquinser.com\/pt-pt\/produto\/muratec-mwr120\/","url":"https:\/\/maquinser.com\/pt-pt\/produto\/muratec-mwr120\/","name":"MURATEC MWR120 - Maquinser - Maquinaria y Servicios para la Industria Metalmec\u00e1nica","isPartOf":{"@id":"https:\/\/maquinser.com\/pt-pt\/#website"},"primaryImageOfPage":{"@id":"https:\/\/maquinser.com\/pt-pt\/produto\/muratec-mwr120\/#primaryimage"},"image":{"@id":"https:\/\/maquinser.com\/pt-pt\/produto\/muratec-mwr120\/#primaryimage"},"thumbnailUrl":"https:\/\/maquinser.com\/wp-content\/uploads\/2022\/05\/web_Muratec_MWR120.jpg","datePublished":"2022-05-02T09:01:57+00:00","dateModified":"2023-05-10T14:41:21+00:00","breadcrumb":{"@id":"https:\/\/maquinser.com\/pt-pt\/produto\/muratec-mwr120\/#breadcrumb"},"inLanguage":"pt-PT","potentialAction":[{"@type":"ReadAction","target":["https:\/\/maquinser.com\/pt-pt\/produto\/muratec-mwr120\/"]}]},{"@type":"ImageObject","inLanguage":"pt-PT","@id":"https:\/\/maquinser.com\/pt-pt\/produto\/muratec-mwr120\/#primaryimage","url":"https:\/\/maquinser.com\/wp-content\/uploads\/2022\/05\/web_Muratec_MWR120.jpg","contentUrl":"https:\/\/maquinser.com\/wp-content\/uploads\/2022\/05\/web_Muratec_MWR120.jpg","width":945,"height":945},{"@type":"BreadcrumbList","@id":"https:\/\/maquinser.com\/pt-pt\/produto\/muratec-mwr120\/#breadcrumb","itemListElement":[{"@type":"ListItem","position":1,"name":"Portada","item":"https:\/\/maquinser.com\/pt-pt\/"},{"@type":"ListItem","position":2,"name":"Loja","item":"https:\/\/maquinser.com\/pt-pt\/loja\/"},{"@type":"ListItem","position":3,"name":"MURATEC MWR120"}]},{"@type":"WebSite","@id":"https:\/\/maquinser.com\/pt-pt\/#website","url":"https:\/\/maquinser.com\/pt-pt\/","name":"Maquinser - Maquinaria y Servicios para la Industria Metalmec\u00e1nica","description":"","publisher":{"@id":"https:\/\/maquinser.com\/pt-pt\/#organization"},"potentialAction":[{"@type":"SearchAction","target":{"@type":"EntryPoint","urlTemplate":"https:\/\/maquinser.com\/pt-pt\/?s={search_term_string}"},"query-input":{"@type":"PropertyValueSpecification","valueRequired":true,"valueName":"search_term_string"}}],"inLanguage":"pt-PT"},{"@type":"Organization","@id":"https:\/\/maquinser.com\/pt-pt\/#organization","name":"Maquinser","url":"https:\/\/maquinser.com\/pt-pt\/","logo":{"@type":"ImageObject","inLanguage":"pt-PT","@id":"https:\/\/maquinser.com\/pt-pt\/#\/schema\/logo\/image\/","url":"http:\/\/maquinser.com\/wp-content\/uploads\/2016\/10\/MAQUINSER_Logo_oficial.jpg","contentUrl":"http:\/\/maquinser.com\/wp-content\/uploads\/2016\/10\/MAQUINSER_Logo_oficial.jpg","width":1411,"height":326,"caption":"Maquinser"},"image":{"@id":"https:\/\/maquinser.com\/pt-pt\/#\/schema\/logo\/image\/"},"sameAs":["http:\/\/fb.me\/Maquinser","https:\/\/x.com\/Maquinser","http:\/\/maquinser20s.a."]}]}},"_links":{"self":[{"href":"https:\/\/maquinser.com\/pt-pt\/wp-json\/wp\/v2\/product\/11510","targetHints":{"allow":["GET"]}}],"collection":[{"href":"https:\/\/maquinser.com\/pt-pt\/wp-json\/wp\/v2\/product"}],"about":[{"href":"https:\/\/maquinser.com\/pt-pt\/wp-json\/wp\/v2\/types\/product"}],"replies":[{"embeddable":true,"href":"https:\/\/maquinser.com\/pt-pt\/wp-json\/wp\/v2\/comments?post=11510"}],"wp:featuredmedia":[{"embeddable":true,"href":"https:\/\/maquinser.com\/pt-pt\/wp-json\/wp\/v2\/media\/10862"}],"wp:attachment":[{"href":"https:\/\/maquinser.com\/pt-pt\/wp-json\/wp\/v2\/media?parent=11510"}],"wp:term":[{"taxonomy":"product_brand","embeddable":true,"href":"https:\/\/maquinser.com\/pt-pt\/wp-json\/wp\/v2\/product_brand?post=11510"},{"taxonomy":"product_cat","embeddable":true,"href":"https:\/\/maquinser.com\/pt-pt\/wp-json\/wp\/v2\/product_cat?post=11510"},{"taxonomy":"product_tag","embeddable":true,"href":"https:\/\/maquinser.com\/pt-pt\/wp-json\/wp\/v2\/product_tag?post=11510"}],"curies":[{"name":"wp","href":"https:\/\/api.w.org\/{rel}","templated":true}]}}