{"id":8029,"date":"2019-09-30T12:23:05","date_gmt":"2019-09-30T11:23:05","guid":{"rendered":"http:\/\/maquinser.com\/?page_id=8029"},"modified":"2020-01-22T16:34:23","modified_gmt":"2020-01-22T15:34:23","slug":"open-tech-20","status":"publish","type":"page","link":"https:\/\/maquinser.com\/pt-pt\/open-tech-20\/","title":{"rendered":"OPEN TECH 20"},"content":{"rendered":"[vc_row][vc_column]<div class=\"vcex-spacing wpex-w-100 wpex-clear\" style=\"height:30px\"><\/div>[vc_column_text css_animation=&#8221;fadeIn&#8221;]\n<p style=\"text-align: center;\"><span style=\"font-size: 18px;\"><strong><span style=\"font-size: 16px;\">6 &amp; 7 de fevereiro<\/span><br \/>\n<span style=\"font-size: 21px;\">OPEN TECH &#8217;20<\/span> &#8211; Maquinsertek<br \/>\n<\/strong><span style=\"font-size: 14px;\"><span style=\"font-size: 21px;\">Apresenta\u00e7\u00e3o de Produtos e modelos e instala\u00e7\u00f5es de Maquinser<\/span><br \/>\n<\/span><\/span><span style=\"font-size: 24px;\">Novas instala\u00e7\u00f5es &amp; Nova tecnologia ao seu servi\u00e7o<\/span><\/p>\n[\/vc_column_text]<div class=\"vcex-spacing wpex-w-100 wpex-clear\" style=\"height:25px\"><\/div>[vc_column_text responsive_text=&#8221;true&#8221; css=&#8221;.vc_custom_1569923826096{margin-top: 5px !important;margin-right: 5px !important;margin-bottom: 5px !important;margin-left: 5px !important;padding-top: 2px !important;padding-right: 2px !important;padding-bottom: 2px !important;padding-left: 2px !important;background-color: #ffd6b5 !important;}&#8221;]\n<p style=\"text-align: center;\"><span style=\"font-size: 18px; color: #ff6600;\"><em><strong>Inscreva-se preenchendo o formul\u00e1rio de inscri\u00e7\u00e3o abaixo<\/strong><\/em><\/span><\/p>\n[\/vc_column_text]<div class=\"vcex-spacing wpex-w-100 wpex-clear\" style=\"height:25px\"><\/div>[\/vc_column][\/vc_row][vc_row][vc_column width=&#8221;1\/3&#8243;][vc_column_text css_animation=&#8221;fadeIn&#8221;]<span style=\"font-size: 24px;\"><em><strong>Dias<br \/>\n<\/strong><\/em><\/span><\/p>\n<p><span style=\"font-size: 24px;\">6 &amp; 7 fevereiro 2020<br \/>\n<\/span>[\/vc_column_text]<div class=\"vcex-spacing wpex-w-100 wpex-clear\" style=\"height:30px\"><\/div>[vc_column_text css_animation=&#8221;fadeIn&#8221;][\/vc_column_text][\/vc_column][vc_column width=&#8221;1\/3&#8243;][vc_column_text css_animation=&#8221;fadeIn&#8221;]\n<p style=\"text-align: left;\"><span style=\"font-size: 24px;\"><em><strong>Hora<\/strong><\/em><\/span><\/p>\n<p style=\"text-align: left;\"><span style=\"font-size: 24px;\">A partir das 9h<\/span><span style=\"font-size: 24px;\"><br \/>\n<\/span><\/p>\n[\/vc_column_text]<div class=\"vcex-spacing wpex-w-100 wpex-clear\" style=\"height:30px\"><\/div>[\/vc_column][vc_column width=&#8221;1\/3&#8243;][vc_column_text css_animation=&#8221;fadeIn&#8221;]<span style=\"font-size: 24px;\"><em><strong>Lugar<\/strong><\/em><\/span>[\/vc_column_text][vc_gmaps link=&#8221;#E-8_JTNDaWZyYW1lJTIwc3JjJTNEJTIyaHR0cHMlM0ElMkYlMkZ3d3cuZ29vZ2xlLmNvbSUyRm1hcHMlMkZlbWJlZCUzRnBiJTNEJTIxMW0xOCUyMTFtMTIlMjExbTMlMjExZDMwMDAuNTU2Njg3NzExNzE0NCUyMTJkLTguNTM3MDU0ODg0NTc5MDY0JTIxM2Q0MS4yMzE0MzAyNzkyNzg4OCUyMTJtMyUyMTFmMCUyMTJmMCUyMTNmMCUyMTNtMiUyMTFpMTAyNCUyMTJpNzY4JTIxNGYxMy4xJTIxM20zJTIxMW0yJTIxMXMweGQyNDYxMGVjMjRjNWJiZCUyNTNBMHgxNmI5NDg1MDlkZjQ1OWI5JTIxMnNSLiUyNTIwQ2F1bGlubyUyNTIwMjI2JTI1MkMlMjUyMDQ0NDUtMjU5JTI1MjBBbGZlbmElMjUyQyUyNTIwUG9ydHVnYWwlMjE1ZTAlMjEzbTIlMjExc2VzJTIxMnNlcyUyMTR2MTU3OTcwNjI1NDA5NSUyMTVtMiUyMTFzZXMlMjEyc2VzJTIyJTIwd2lkdGglM0QlMjI2MDAlMjIlMjBoZWlnaHQlM0QlMjIxNTAlMjIlMjBmcmFtZWJvcmRlciUzRCUyMjAlMjIlMjBzdHlsZSUzRCUyMmJvcmRlciUzQTAlM0IlMjIlMjBhbGxvd2Z1bGxzY3JlZW4lM0QlMjIlMjIlM0UlM0MlMkZpZnJhbWUlM0U=&#8221; css_animation=&#8221;fadeIn&#8221;]<div class=\"vcex-spacing wpex-w-100 wpex-clear\" style=\"height:30px\"><\/div>[\/vc_column][\/vc_row][vc_row][vc_column][vc_separator color=&#8221;sky&#8221;][\/vc_column][\/vc_row][vc_row center_row=&#8221;yes&#8221;][vc_column width=&#8221;1\/3&#8243;]<div class=\"vcex-spacing wpex-w-100 wpex-clear\" style=\"height:30px\"><\/div>[\/vc_column][vc_column width=&#8221;1\/3&#8243;]<div class=\"vcex-spacing wpex-w-100 wpex-clear\" style=\"height:10px\"><\/div>[\/vc_column][vc_column width=&#8221;1\/3&#8243;]<div class=\"vcex-spacing wpex-w-100 wpex-clear\" style=\"height:10px\"><\/div>[\/vc_column][\/vc_row][vc_row tablet_fullwidth_cols=&#8221;yes&#8221;][vc_column][vc_message icon_fontawesome=&#8221;fa fa-cog&#8221;]<strong>Open Tech 20<br \/>\n<\/strong><span style=\"font-size: 18px;\">Inscreva-se preenchendo o formulario de inscri\u00e7\u00e3o abaixo ou ligue para +34 93 846 62 28<\/span>[\/vc_message][\/vc_column][\/vc_row][vc_row][vc_column][vc_separator color=&#8221;sky&#8221;][\/vc_column][\/vc_row][vc_row][vc_column]<div class=\"vcex-spacing wpex-w-100 wpex-clear\" style=\"height:30px\"><\/div>[\/vc_column][\/vc_row][vc_row][vc_column]\n<div class=\"wpcf7 no-js\" id=\"wpcf7-f8038-o1\" lang=\"\" dir=\"ltr\" data-wpcf7-id=\"8038\">\n<div class=\"screen-reader-response\"><p role=\"status\" aria-live=\"polite\" aria-atomic=\"true\"><\/p> <ul><\/ul><\/div>\n<form action=\"\/pt-pt\/wp-json\/wp\/v2\/pages\/8029#wpcf7-f8038-o1\" method=\"post\" class=\"wpcf7-form init 8d35e684fd03 cmatic-disconn cmatic-aud-2 cmatic-mapd0-0 cmatic-v097803 cmatic-sent-0 cmatic-total-0\" aria-label=\"Formul\u00e1rio de contacto\" novalidate=\"novalidate\" data-status=\"init\">\n<fieldset class=\"hidden-fields-container\"><input type=\"hidden\" name=\"_wpcf7\" value=\"8038\" \/><input type=\"hidden\" name=\"_wpcf7_version\" value=\"6.1.5\" \/><input type=\"hidden\" name=\"_wpcf7_locale\" value=\"\" \/><input type=\"hidden\" name=\"_wpcf7_unit_tag\" value=\"wpcf7-f8038-o1\" \/><input type=\"hidden\" name=\"_wpcf7_container_post\" value=\"0\" \/><input type=\"hidden\" name=\"_wpcf7_posted_data_hash\" value=\"\" \/><input type=\"hidden\" name=\"_wpcf7_recaptcha_response\" value=\"\" \/>\n<\/fieldset>\n<link rel=\"stylesheet\" href=\"https:\/\/maquinser.com\/wp-content\/plugins\/pdf-forms-for-contact-form-7\/css\/frontend.css\" \/><script type=\"text\/javascript\" src=\"https:\/\/maquinser.com\/wp-content\/plugins\/pdf-forms-for-contact-form-7\/js\/frontend.js?ver=2.2.6\"><\/script><div class=\"vc_row wpb_row vc_row-fluid  \">\n\t<div class=\"vc_col-sm-6 wpb_column clr column_container  \">\n\t\t<p>Nomes e sobrenomes *<br \/>\n<span class=\"wpcf7-form-control-wrap\" data-name=\"your-name\"><input size=\"40\" maxlength=\"400\" class=\"wpcf7-form-control wpcf7-text wpcf7-validates-as-required\" aria-required=\"true\" aria-invalid=\"false\" value=\"\" type=\"text\" name=\"your-name\" \/><\/span>\n\t\t<\/p>\n\t\t<p>companhia *<br \/>\n<span class=\"wpcf7-form-control-wrap\" data-name=\"text-163\"><input size=\"40\" maxlength=\"400\" class=\"wpcf7-form-control wpcf7-text wpcf7-validates-as-required\" aria-required=\"true\" aria-invalid=\"false\" value=\"\" type=\"text\" name=\"text-163\" \/><\/span>\n\t\t<\/p>\n\t\t<p>Telefone *<br \/>\n<span class=\"wpcf7-form-control-wrap\" data-name=\"tel-845\"><input size=\"40\" maxlength=\"400\" class=\"wpcf7-form-control wpcf7-tel wpcf7-validates-as-required wpcf7-text wpcf7-validates-as-tel\" aria-required=\"true\" aria-invalid=\"false\" value=\"\" type=\"tel\" name=\"tel-845\" \/><\/span>\n\t\t<\/p>\n\t\t<p>E-mail *<br \/>\n<span class=\"wpcf7-form-control-wrap\" data-name=\"your-email\"><input size=\"40\" maxlength=\"400\" class=\"wpcf7-form-control wpcf7-email wpcf7-validates-as-required wpcf7-text wpcf7-validates-as-email\" aria-required=\"true\" aria-invalid=\"false\" value=\"\" type=\"email\" name=\"your-email\" \/><\/span>\n\t\t<\/p>\n\t\t<p>Web<br \/>\n<span class=\"wpcf7-form-control-wrap\" data-name=\"url-45\"><input size=\"40\" maxlength=\"400\" class=\"wpcf7-form-control wpcf7-url wpcf7-text wpcf7-validates-as-url\" aria-invalid=\"false\" value=\"\" type=\"url\" name=\"url-45\" \/><\/span>\n\t\t<\/p>\n\t<\/div>\n\t<div class=\"vc_col-sm-6 wpb_column clr column_container  \">\n\t\t<p>Mensagem<br \/>\n<span class=\"wpcf7-form-control-wrap\" data-name=\"your-message\"><textarea cols=\"40\" rows=\"10\" maxlength=\"2000\" class=\"wpcf7-form-control wpcf7-textarea\" aria-invalid=\"false\" name=\"your-message\"><\/textarea><\/span>\n\t\t<\/p>\n\t\t<p style=\"font-size:9px;\">* os campos marcados s\u00e3o obrigat\u00f3rios\n\t\t<\/p>\n\t\t<p>Li e aceito o <a href=\"\/aviso-legal\/\">aviso legal<\/a> e a <a href=\"\/politica-de-privacidad\/\">pol\u00edtica de privacidade<\/a><span class=\"wpcf7-form-control-wrap\" data-name=\"acceptance-249\"><span class=\"wpcf7-form-control wpcf7-acceptance\"><span class=\"wpcf7-list-item\"><input type=\"checkbox\" name=\"acceptance-249\" value=\"1\" aria-invalid=\"false\" \/><\/span><\/span><\/span>\n\t\t<\/p>\n\t\t<p>Dou o meu consentimento \u00e0 MAQUINSER, S.A. para enviar not\u00edcias comerciais e \/ ou novas promo\u00e7\u00f5es dos seus produtos e servi\u00e7os. <span class=\"wpcf7-form-control-wrap\" data-name=\"acceptance-249\"><span class=\"wpcf7-form-control wpcf7-acceptance optional\"><span class=\"wpcf7-list-item\"><input type=\"checkbox\" name=\"acceptance-249\" value=\"1\" aria-invalid=\"false\" \/><\/span><\/span><\/span>\n\t\t<\/p>\n\t\t<p style=\"font-size:9px;\">Para enviar o email, deve aceitar a nossa pol\u00edtica de privacidade\n\t\t<\/p>\n\t\t<p><input class=\"wpcf7-form-control wpcf7-submit has-spinner\" type=\"submit\" value=\"Enviar\" \/>\n\t\t<\/p>\n\t<\/div>\n<\/div><div class=\"wpcf7-response-output\" aria-hidden=\"true\"><\/div>\n<\/form>\n<\/div>\n[\/vc_column][\/vc_row]\n","protected":false},"excerpt":{"rendered":"<p>[vc_row][vc_column][vc_column_text css_animation=&#8221;fadeIn&#8221;] 6 &amp; 7 de fevereiro OPEN TECH &#8217;20 &#8211; Maquinsertek Apresenta\u00e7\u00e3o de Produtos e modelos e instala\u00e7\u00f5es de Maquinser Novas instala\u00e7\u00f5es &amp; Nova tecnologia ao seu servi\u00e7o [\/vc_column_text][vc_column_text responsive_text=&#8221;true&#8221; css=&#8221;.vc_custom_1569923826096{margin-top: 5px !important;margin-right: 5px !important;margin-bottom: 5px !important;margin-left: 5px !important;padding-top: 2px !important;padding-right: 2px !important;padding-bottom: 2px !important;padding-left: 2px !important;background-color: #ffd6b5 !important;}&#8221;] Inscreva-se preenchendo o formul\u00e1rio de&hellip;<\/p>\n","protected":false},"author":2,"featured_media":0,"parent":0,"menu_order":0,"comment_status":"closed","ping_status":"closed","template":"","meta":{"footnotes":""},"class_list":["post-8029","page","type-page","status-publish","hentry","entry","no-media"],"yoast_head":"<!-- This site is optimized with the Yoast SEO plugin v27.5 - https:\/\/yoast.com\/product\/yoast-seo-wordpress\/ -->\n<title>Open Tech 20 - Novas instala\u00e7\u00f5es &amp; Nova tecnologia ao seu servi\u00e7o<\/title>\n<meta name=\"description\" content=\"Open Tech 20 - Apresenta\u00e7\u00e3o de Produtos e modelos e instala\u00e7\u00f5es de Maquinser. Novas instala\u00e7\u00f5es &amp; Nova tecnologia ao seu servi\u00e7o\" \/>\n<meta name=\"robots\" content=\"index, follow, max-snippet:-1, max-image-preview:large, max-video-preview:-1\" \/>\n<link rel=\"canonical\" href=\"https:\/\/maquinser.com\/pt-pt\/open-tech-20\/\" \/>\n<meta property=\"og:locale\" content=\"pt_PT\" \/>\n<meta property=\"og:type\" content=\"article\" \/>\n<meta property=\"og:title\" content=\"Open Tech 20 - Novas instala\u00e7\u00f5es &amp; Nova tecnologia ao seu servi\u00e7o\" \/>\n<meta property=\"og:description\" content=\"Open Tech 20 - Apresenta\u00e7\u00e3o de Produtos e modelos e instala\u00e7\u00f5es de Maquinser. Novas instala\u00e7\u00f5es &amp; Nova tecnologia ao seu servi\u00e7o\" \/>\n<meta property=\"og:url\" content=\"https:\/\/maquinser.com\/pt-pt\/open-tech-20\/\" \/>\n<meta property=\"og:site_name\" content=\"Maquinser - Maquinaria y Servicios para la Industria Metalmec\u00e1nica\" \/>\n<meta property=\"article:publisher\" content=\"http:\/\/fb.me\/Maquinser\" \/>\n<meta property=\"article:modified_time\" content=\"2020-01-22T15:34:23+00:00\" \/>\n<meta name=\"twitter:card\" content=\"summary_large_image\" \/>\n<meta name=\"twitter:site\" content=\"@Maquinser\" \/>\n<meta name=\"twitter:label1\" content=\"Tempo estimado de leitura\" \/>\n\t<meta name=\"twitter:data1\" content=\"2 minutos\" \/>\n<script type=\"application\/ld+json\" class=\"yoast-schema-graph\">{\"@context\":\"https:\\\/\\\/schema.org\",\"@graph\":[{\"@type\":\"WebPage\",\"@id\":\"https:\\\/\\\/maquinser.com\\\/pt-pt\\\/open-tech-20\\\/\",\"url\":\"https:\\\/\\\/maquinser.com\\\/pt-pt\\\/open-tech-20\\\/\",\"name\":\"Open Tech 20 - Novas instala\u00e7\u00f5es & Nova tecnologia ao seu servi\u00e7o\",\"isPartOf\":{\"@id\":\"https:\\\/\\\/maquinser.com\\\/pt-pt\\\/#website\"},\"datePublished\":\"2019-09-30T11:23:05+00:00\",\"dateModified\":\"2020-01-22T15:34:23+00:00\",\"description\":\"Open Tech 20 - Apresenta\u00e7\u00e3o de Produtos e modelos e instala\u00e7\u00f5es de Maquinser. Novas instala\u00e7\u00f5es & Nova tecnologia ao seu servi\u00e7o\",\"breadcrumb\":{\"@id\":\"https:\\\/\\\/maquinser.com\\\/pt-pt\\\/open-tech-20\\\/#breadcrumb\"},\"inLanguage\":\"pt-PT\",\"potentialAction\":[{\"@type\":\"ReadAction\",\"target\":[\"https:\\\/\\\/maquinser.com\\\/pt-pt\\\/open-tech-20\\\/\"]}]},{\"@type\":\"BreadcrumbList\",\"@id\":\"https:\\\/\\\/maquinser.com\\\/pt-pt\\\/open-tech-20\\\/#breadcrumb\",\"itemListElement\":[{\"@type\":\"ListItem\",\"position\":1,\"name\":\"Portada\",\"item\":\"https:\\\/\\\/maquinser.com\\\/pt-pt\\\/\"},{\"@type\":\"ListItem\",\"position\":2,\"name\":\"OPEN TECH 20\"}]},{\"@type\":\"WebSite\",\"@id\":\"https:\\\/\\\/maquinser.com\\\/pt-pt\\\/#website\",\"url\":\"https:\\\/\\\/maquinser.com\\\/pt-pt\\\/\",\"name\":\"Maquinser - Maquinaria y Servicios para la Industria Metalmec\u00e1nica\",\"description\":\"\",\"publisher\":{\"@id\":\"https:\\\/\\\/maquinser.com\\\/pt-pt\\\/#organization\"},\"potentialAction\":[{\"@type\":\"SearchAction\",\"target\":{\"@type\":\"EntryPoint\",\"urlTemplate\":\"https:\\\/\\\/maquinser.com\\\/pt-pt\\\/?s={search_term_string}\"},\"query-input\":{\"@type\":\"PropertyValueSpecification\",\"valueRequired\":true,\"valueName\":\"search_term_string\"}}],\"inLanguage\":\"pt-PT\"},{\"@type\":\"Organization\",\"@id\":\"https:\\\/\\\/maquinser.com\\\/pt-pt\\\/#organization\",\"name\":\"Maquinser\",\"url\":\"https:\\\/\\\/maquinser.com\\\/pt-pt\\\/\",\"logo\":{\"@type\":\"ImageObject\",\"inLanguage\":\"pt-PT\",\"@id\":\"https:\\\/\\\/maquinser.com\\\/pt-pt\\\/#\\\/schema\\\/logo\\\/image\\\/\",\"url\":\"http:\\\/\\\/maquinser.com\\\/wp-content\\\/uploads\\\/2016\\\/10\\\/MAQUINSER_Logo_oficial.jpg\",\"contentUrl\":\"http:\\\/\\\/maquinser.com\\\/wp-content\\\/uploads\\\/2016\\\/10\\\/MAQUINSER_Logo_oficial.jpg\",\"width\":1411,\"height\":326,\"caption\":\"Maquinser\"},\"image\":{\"@id\":\"https:\\\/\\\/maquinser.com\\\/pt-pt\\\/#\\\/schema\\\/logo\\\/image\\\/\"},\"sameAs\":[\"http:\\\/\\\/fb.me\\\/Maquinser\",\"https:\\\/\\\/x.com\\\/Maquinser\",\"http:\\\/\\\/maquinser20s.a.\"]}]}<\/script>\n<!-- \/ Yoast SEO plugin. -->","yoast_head_json":{"title":"Open Tech 20 - Novas instala\u00e7\u00f5es & Nova tecnologia ao seu servi\u00e7o","description":"Open Tech 20 - Apresenta\u00e7\u00e3o de Produtos e modelos e instala\u00e7\u00f5es de Maquinser. Novas instala\u00e7\u00f5es & Nova tecnologia ao seu servi\u00e7o","robots":{"index":"index","follow":"follow","max-snippet":"max-snippet:-1","max-image-preview":"max-image-preview:large","max-video-preview":"max-video-preview:-1"},"canonical":"https:\/\/maquinser.com\/pt-pt\/open-tech-20\/","og_locale":"pt_PT","og_type":"article","og_title":"Open Tech 20 - Novas instala\u00e7\u00f5es & Nova tecnologia ao seu servi\u00e7o","og_description":"Open Tech 20 - Apresenta\u00e7\u00e3o de Produtos e modelos e instala\u00e7\u00f5es de Maquinser. Novas instala\u00e7\u00f5es & Nova tecnologia ao seu servi\u00e7o","og_url":"https:\/\/maquinser.com\/pt-pt\/open-tech-20\/","og_site_name":"Maquinser - Maquinaria y Servicios para la Industria Metalmec\u00e1nica","article_publisher":"http:\/\/fb.me\/Maquinser","article_modified_time":"2020-01-22T15:34:23+00:00","twitter_card":"summary_large_image","twitter_site":"@Maquinser","twitter_misc":{"Tempo estimado de leitura":"2 minutos"},"schema":{"@context":"https:\/\/schema.org","@graph":[{"@type":"WebPage","@id":"https:\/\/maquinser.com\/pt-pt\/open-tech-20\/","url":"https:\/\/maquinser.com\/pt-pt\/open-tech-20\/","name":"Open Tech 20 - Novas instala\u00e7\u00f5es & Nova tecnologia ao seu servi\u00e7o","isPartOf":{"@id":"https:\/\/maquinser.com\/pt-pt\/#website"},"datePublished":"2019-09-30T11:23:05+00:00","dateModified":"2020-01-22T15:34:23+00:00","description":"Open Tech 20 - Apresenta\u00e7\u00e3o de Produtos e modelos e instala\u00e7\u00f5es de Maquinser. Novas instala\u00e7\u00f5es & Nova tecnologia ao seu servi\u00e7o","breadcrumb":{"@id":"https:\/\/maquinser.com\/pt-pt\/open-tech-20\/#breadcrumb"},"inLanguage":"pt-PT","potentialAction":[{"@type":"ReadAction","target":["https:\/\/maquinser.com\/pt-pt\/open-tech-20\/"]}]},{"@type":"BreadcrumbList","@id":"https:\/\/maquinser.com\/pt-pt\/open-tech-20\/#breadcrumb","itemListElement":[{"@type":"ListItem","position":1,"name":"Portada","item":"https:\/\/maquinser.com\/pt-pt\/"},{"@type":"ListItem","position":2,"name":"OPEN TECH 20"}]},{"@type":"WebSite","@id":"https:\/\/maquinser.com\/pt-pt\/#website","url":"https:\/\/maquinser.com\/pt-pt\/","name":"Maquinser - Maquinaria y Servicios para la Industria Metalmec\u00e1nica","description":"","publisher":{"@id":"https:\/\/maquinser.com\/pt-pt\/#organization"},"potentialAction":[{"@type":"SearchAction","target":{"@type":"EntryPoint","urlTemplate":"https:\/\/maquinser.com\/pt-pt\/?s={search_term_string}"},"query-input":{"@type":"PropertyValueSpecification","valueRequired":true,"valueName":"search_term_string"}}],"inLanguage":"pt-PT"},{"@type":"Organization","@id":"https:\/\/maquinser.com\/pt-pt\/#organization","name":"Maquinser","url":"https:\/\/maquinser.com\/pt-pt\/","logo":{"@type":"ImageObject","inLanguage":"pt-PT","@id":"https:\/\/maquinser.com\/pt-pt\/#\/schema\/logo\/image\/","url":"http:\/\/maquinser.com\/wp-content\/uploads\/2016\/10\/MAQUINSER_Logo_oficial.jpg","contentUrl":"http:\/\/maquinser.com\/wp-content\/uploads\/2016\/10\/MAQUINSER_Logo_oficial.jpg","width":1411,"height":326,"caption":"Maquinser"},"image":{"@id":"https:\/\/maquinser.com\/pt-pt\/#\/schema\/logo\/image\/"},"sameAs":["http:\/\/fb.me\/Maquinser","https:\/\/x.com\/Maquinser","http:\/\/maquinser20s.a."]}]}},"_links":{"self":[{"href":"https:\/\/maquinser.com\/pt-pt\/wp-json\/wp\/v2\/pages\/8029","targetHints":{"allow":["GET"]}}],"collection":[{"href":"https:\/\/maquinser.com\/pt-pt\/wp-json\/wp\/v2\/pages"}],"about":[{"href":"https:\/\/maquinser.com\/pt-pt\/wp-json\/wp\/v2\/types\/page"}],"author":[{"embeddable":true,"href":"https:\/\/maquinser.com\/pt-pt\/wp-json\/wp\/v2\/users\/2"}],"replies":[{"embeddable":true,"href":"https:\/\/maquinser.com\/pt-pt\/wp-json\/wp\/v2\/comments?post=8029"}],"version-history":[{"count":14,"href":"https:\/\/maquinser.com\/pt-pt\/wp-json\/wp\/v2\/pages\/8029\/revisions"}],"predecessor-version":[{"id":8369,"href":"https:\/\/maquinser.com\/pt-pt\/wp-json\/wp\/v2\/pages\/8029\/revisions\/8369"}],"wp:attachment":[{"href":"https:\/\/maquinser.com\/pt-pt\/wp-json\/wp\/v2\/media?parent=8029"}],"curies":[{"name":"wp","href":"https:\/\/api.w.org\/{rel}","templated":true}]}}