{"id":3114,"date":"2017-05-11T14:39:08","date_gmt":"2017-05-11T13:39:08","guid":{"rendered":"https:\/\/demo.maquinser.com\/?page_id=3114\/"},"modified":"2017-05-11T14:39:08","modified_gmt":"2017-05-11T13:39:08","slug":"fabricacion-aditiva","status":"publish","type":"page","link":"https:\/\/maquinser.com\/pt-pt\/produtos\/fabricacion-aditiva\/","title":{"rendered":"Fabricaci\u00f3n Aditiva"},"content":{"rendered":"[vc_row center_row=&#8221;yes&#8221;][vc_column width=&#8221;1\/2&#8243;][vc_single_image image=&#8221;2493&#8243;][\/vc_column][vc_column width=&#8221;1\/2&#8243;][vc_column_text]La fabricaci\u00f3n aditiva, pr\u00e1cticamente desconocida hasta hace relativamente poco tiempo, est\u00e1 viviendo un auge sin precedentes debido a que se pueden fabricar componentes de alta complejidad en un tiempo record y a un coste muy competitivo.[\/vc_column_text][\/vc_column][\/vc_row][vc_row center_row=&#8221;yes&#8221; margin_top=&#8221;20&#8243; min_height=&#8221;350px&#8221; id=&#8221;grid-torn-es&#8221; el_class=&#8221;mq_tornos&#8221;][vc_column]<div class=\"vcex-module vcex-portfolio-grid-wrap wpex-clr\"><div class=\"wpex-row vcex-portfolio-grid wpex-clr entries\"><div class=\"portfolio-entry vcex-grid-item span_1_of_6 col col-1 post-2943 entry type-portfolio has-media cat-57 cat-55 cat-58 cat-55 cat-56 cat-55 cat-1578 cat-55 cat-60 cat-55 cat-61 cat-55 translation_priority-1498\"><div class=\"portfolio-entry-inner entry-inner wpex-first-mt-0 wpex-last-mb-0 wpex-clr\"><div class=\"portfolio-entry-media entry-media\"><a href=\"https:\/\/maquinser.com\/pt-pt\/lumex-series-by-matsuura\/\" title=\"Lumex Series by Matsuura\" class=\"portfolio-entry-media-link\"><img decoding=\"async\" width=\"312\" height=\"232\" src=\"https:\/\/maquinser.com\/wp-content\/uploads\/2016\/10\/lumex_logo_312x232.jpg\" class=\"portfolio-entry-img wpex-align-middle\" alt=\"\" loading=\"lazy\" srcset=\"https:\/\/maquinser.com\/wp-content\/uploads\/2016\/10\/lumex_logo_312x232.jpg 312w, https:\/\/maquinser.com\/wp-content\/uploads\/2016\/10\/lumex_logo_312x232-300x223.jpg 300w\" sizes=\"auto, (max-width: 312px) 100vw, 312px\" \/><\/a><\/div><\/div><\/div><div class=\"portfolio-entry vcex-grid-item span_1_of_6 col col-2 post-7964 entry type-portfolio has-media cat-57 cat-55 cat-58 cat-55 cat-56 cat-55 cat-1578 cat-55 cat-61 cat-55 cat-62 cat-55 translation_priority-1498\"><div class=\"portfolio-entry-inner entry-inner wpex-first-mt-0 wpex-last-mb-0 wpex-clr\"><div class=\"portfolio-entry-media entry-media\"><a href=\"https:\/\/maquinser.com\/pt-pt\/hewlett-packard\/\" title=\"Hewlett-Packard\" class=\"portfolio-entry-media-link\"><img decoding=\"async\" width=\"312\" height=\"232\" src=\"https:\/\/maquinser.com\/wp-content\/uploads\/2017\/02\/HP_logo_312x232.jpg\" class=\"portfolio-entry-img wpex-align-middle\" alt=\"\" loading=\"lazy\" srcset=\"https:\/\/maquinser.com\/wp-content\/uploads\/2017\/02\/HP_logo_312x232.jpg 312w, https:\/\/maquinser.com\/wp-content\/uploads\/2017\/02\/HP_logo_312x232-300x223.jpg 300w, https:\/\/maquinser.com\/wp-content\/uploads\/2017\/02\/HP_logo_312x232-151x113.jpg 151w\" sizes=\"auto, (max-width: 312px) 100vw, 312px\" \/><\/a><\/div><\/div><\/div><div class=\"portfolio-entry vcex-grid-item span_1_of_6 col col-3 post-7955 entry type-portfolio has-media cat-57 cat-55 cat-58 cat-55 cat-56 cat-55 cat-1578 cat-55 cat-61 cat-55 cat-62 cat-55 translation_priority-1498\"><div class=\"portfolio-entry-inner entry-inner wpex-first-mt-0 wpex-last-mb-0 wpex-clr\"><div class=\"portfolio-entry-media entry-media\"><a href=\"https:\/\/maquinser.com\/pt-pt\/ge-additive\/\" title=\"GE Additive\" class=\"portfolio-entry-media-link\"><img decoding=\"async\" width=\"1301\" height=\"967\" src=\"https:\/\/maquinser.com\/wp-content\/uploads\/2015\/02\/2024_Representadas_312x232_Colibrium-Additive.jpg\" class=\"portfolio-entry-img wpex-align-middle\" alt=\"\" loading=\"lazy\" \/><\/a><\/div><\/div><\/div><\/div><\/div>[\/vc_column][\/vc_row]\n","protected":false},"excerpt":{"rendered":"<p>[vc_row center_row=&#8221;yes&#8221;][vc_column width=&#8221;1\/2&#8243;][vc_single_image image=&#8221;2493&#8243;][\/vc_column][vc_column width=&#8221;1\/2&#8243;][vc_column_text]La fabricaci\u00f3n aditiva, pr\u00e1cticamente desconocida hasta hace relativamente poco tiempo, est\u00e1 viviendo un auge sin precedentes debido a que se pueden fabricar componentes de alta complejidad en un tiempo record y a un coste muy competitivo.[\/vc_column_text][\/vc_column][\/vc_row][vc_row center_row=&#8221;yes&#8221; margin_top=&#8221;20&#8243; min_height=&#8221;350px&#8221; id=&#8221;grid-torn-es&#8221; el_class=&#8221;mq_tornos&#8221;][vc_column][\/vc_column][\/vc_row]<\/p>\n","protected":false},"author":1,"featured_media":0,"parent":1117,"menu_order":0,"comment_status":"closed","ping_status":"closed","template":"","meta":{"footnotes":""},"class_list":["post-3114","page","type-page","status-publish","hentry","entry","has-media"],"yoast_head":"<!-- This site is optimized with the Yoast SEO plugin v27.2 - https:\/\/yoast.com\/product\/yoast-seo-wordpress\/ -->\n<title>Fabricaci\u00f3n Aditiva - Maquinser - Maquinaria y Servicios para la Industria Metalmec\u00e1nica<\/title>\n<meta name=\"robots\" content=\"index, follow, max-snippet:-1, max-image-preview:large, max-video-preview:-1\" \/>\n<link rel=\"canonical\" href=\"https:\/\/maquinser.com\/pt-pt\/produtos\/fabricacion-aditiva\/\" \/>\n<meta property=\"og:locale\" content=\"pt_PT\" \/>\n<meta property=\"og:type\" content=\"article\" \/>\n<meta property=\"og:title\" content=\"Fabricaci\u00f3n Aditiva - Maquinser - Maquinaria y Servicios para la Industria Metalmec\u00e1nica\" \/>\n<meta property=\"og:description\" content=\"[vc_row center_row=&#8221;yes&#8221;][vc_column width=&#8221;1\/2&#8243;][vc_single_image image=&#8221;2493&#8243;][\/vc_column][vc_column width=&#8221;1\/2&#8243;][vc_column_text]La fabricaci\u00f3n aditiva, pr\u00e1cticamente desconocida hasta hace relativamente poco tiempo, est\u00e1 viviendo un auge sin precedentes debido a que se pueden fabricar componentes de alta complejidad en un tiempo record y a un coste muy competitivo.[\/vc_column_text][\/vc_column][\/vc_row][vc_row center_row=&#8221;yes&#8221; margin_top=&#8221;20&#8243; min_height=&#8221;350px&#8221; id=&#8221;grid-torn-es&#8221; el_class=&#8221;mq_tornos&#8221;][vc_column][\/vc_column][\/vc_row]\" \/>\n<meta property=\"og:url\" content=\"https:\/\/maquinser.com\/pt-pt\/produtos\/fabricacion-aditiva\/\" \/>\n<meta property=\"og:site_name\" content=\"Maquinser - Maquinaria y Servicios para la Industria Metalmec\u00e1nica\" \/>\n<meta property=\"article:publisher\" content=\"http:\/\/fb.me\/Maquinser\" \/>\n<meta name=\"twitter:card\" content=\"summary_large_image\" \/>\n<meta name=\"twitter:site\" content=\"@Maquinser\" \/>\n<meta name=\"twitter:label1\" content=\"Tempo estimado de leitura\" \/>\n\t<meta name=\"twitter:data1\" content=\"1 minuto\" \/>\n<script type=\"application\/ld+json\" class=\"yoast-schema-graph\">{\"@context\":\"https:\/\/schema.org\",\"@graph\":[{\"@type\":\"WebPage\",\"@id\":\"https:\/\/maquinser.com\/pt-pt\/produtos\/fabricacion-aditiva\/\",\"url\":\"https:\/\/maquinser.com\/pt-pt\/produtos\/fabricacion-aditiva\/\",\"name\":\"Fabricaci\u00f3n Aditiva - Maquinser - Maquinaria y Servicios para la Industria Metalmec\u00e1nica\",\"isPartOf\":{\"@id\":\"https:\/\/maquinser.com\/#website\"},\"datePublished\":\"2017-05-11T13:39:08+00:00\",\"breadcrumb\":{\"@id\":\"https:\/\/maquinser.com\/pt-pt\/produtos\/fabricacion-aditiva\/#breadcrumb\"},\"inLanguage\":\"pt-PT\",\"potentialAction\":[{\"@type\":\"ReadAction\",\"target\":[\"https:\/\/maquinser.com\/pt-pt\/produtos\/fabricacion-aditiva\/\"]}]},{\"@type\":\"BreadcrumbList\",\"@id\":\"https:\/\/maquinser.com\/pt-pt\/produtos\/fabricacion-aditiva\/#breadcrumb\",\"itemListElement\":[{\"@type\":\"ListItem\",\"position\":1,\"name\":\"Portada\",\"item\":\"https:\/\/maquinser.com\/pt-pt\/\"},{\"@type\":\"ListItem\",\"position\":2,\"name\":\"Produtos\",\"item\":\"https:\/\/maquinser.com\/pt-pt\/produtos\/\"},{\"@type\":\"ListItem\",\"position\":3,\"name\":\"Fabricaci\u00f3n Aditiva\"}]},{\"@type\":\"WebSite\",\"@id\":\"https:\/\/maquinser.com\/#website\",\"url\":\"https:\/\/maquinser.com\/\",\"name\":\"Maquinser - Maquinaria y Servicios para la Industria Metalmec\u00e1nica\",\"description\":\"\",\"publisher\":{\"@id\":\"https:\/\/maquinser.com\/#organization\"},\"potentialAction\":[{\"@type\":\"SearchAction\",\"target\":{\"@type\":\"EntryPoint\",\"urlTemplate\":\"https:\/\/maquinser.com\/?s={search_term_string}\"},\"query-input\":{\"@type\":\"PropertyValueSpecification\",\"valueRequired\":true,\"valueName\":\"search_term_string\"}}],\"inLanguage\":\"pt-PT\"},{\"@type\":\"Organization\",\"@id\":\"https:\/\/maquinser.com\/#organization\",\"name\":\"Maquinser\",\"url\":\"https:\/\/maquinser.com\/\",\"logo\":{\"@type\":\"ImageObject\",\"inLanguage\":\"pt-PT\",\"@id\":\"https:\/\/maquinser.com\/#\/schema\/logo\/image\/\",\"url\":\"http:\/\/maquinser.com\/wp-content\/uploads\/2016\/10\/MAQUINSER_Logo_oficial.jpg\",\"contentUrl\":\"http:\/\/maquinser.com\/wp-content\/uploads\/2016\/10\/MAQUINSER_Logo_oficial.jpg\",\"width\":1411,\"height\":326,\"caption\":\"Maquinser\"},\"image\":{\"@id\":\"https:\/\/maquinser.com\/#\/schema\/logo\/image\/\"},\"sameAs\":[\"http:\/\/fb.me\/Maquinser\",\"https:\/\/x.com\/Maquinser\",\"http:\/\/maquinser20s.a.\"]}]}<\/script>\n<!-- \/ Yoast SEO plugin. -->","yoast_head_json":{"title":"Fabricaci\u00f3n Aditiva - Maquinser - Maquinaria y Servicios para la Industria Metalmec\u00e1nica","robots":{"index":"index","follow":"follow","max-snippet":"max-snippet:-1","max-image-preview":"max-image-preview:large","max-video-preview":"max-video-preview:-1"},"canonical":"https:\/\/maquinser.com\/pt-pt\/produtos\/fabricacion-aditiva\/","og_locale":"pt_PT","og_type":"article","og_title":"Fabricaci\u00f3n Aditiva - Maquinser - Maquinaria y Servicios para la Industria Metalmec\u00e1nica","og_description":"[vc_row center_row=&#8221;yes&#8221;][vc_column width=&#8221;1\/2&#8243;][vc_single_image image=&#8221;2493&#8243;][\/vc_column][vc_column width=&#8221;1\/2&#8243;][vc_column_text]La fabricaci\u00f3n aditiva, pr\u00e1cticamente desconocida hasta hace relativamente poco tiempo, est\u00e1 viviendo un auge sin precedentes debido a que se pueden fabricar componentes de alta complejidad en un tiempo record y a un coste muy competitivo.[\/vc_column_text][\/vc_column][\/vc_row][vc_row center_row=&#8221;yes&#8221; margin_top=&#8221;20&#8243; min_height=&#8221;350px&#8221; id=&#8221;grid-torn-es&#8221; el_class=&#8221;mq_tornos&#8221;][vc_column][\/vc_column][\/vc_row]","og_url":"https:\/\/maquinser.com\/pt-pt\/produtos\/fabricacion-aditiva\/","og_site_name":"Maquinser - Maquinaria y Servicios para la Industria Metalmec\u00e1nica","article_publisher":"http:\/\/fb.me\/Maquinser","twitter_card":"summary_large_image","twitter_site":"@Maquinser","twitter_misc":{"Tempo estimado de leitura":"1 minuto"},"schema":{"@context":"https:\/\/schema.org","@graph":[{"@type":"WebPage","@id":"https:\/\/maquinser.com\/pt-pt\/produtos\/fabricacion-aditiva\/","url":"https:\/\/maquinser.com\/pt-pt\/produtos\/fabricacion-aditiva\/","name":"Fabricaci\u00f3n Aditiva - Maquinser - Maquinaria y Servicios para la Industria Metalmec\u00e1nica","isPartOf":{"@id":"https:\/\/maquinser.com\/#website"},"datePublished":"2017-05-11T13:39:08+00:00","breadcrumb":{"@id":"https:\/\/maquinser.com\/pt-pt\/produtos\/fabricacion-aditiva\/#breadcrumb"},"inLanguage":"pt-PT","potentialAction":[{"@type":"ReadAction","target":["https:\/\/maquinser.com\/pt-pt\/produtos\/fabricacion-aditiva\/"]}]},{"@type":"BreadcrumbList","@id":"https:\/\/maquinser.com\/pt-pt\/produtos\/fabricacion-aditiva\/#breadcrumb","itemListElement":[{"@type":"ListItem","position":1,"name":"Portada","item":"https:\/\/maquinser.com\/pt-pt\/"},{"@type":"ListItem","position":2,"name":"Produtos","item":"https:\/\/maquinser.com\/pt-pt\/produtos\/"},{"@type":"ListItem","position":3,"name":"Fabricaci\u00f3n Aditiva"}]},{"@type":"WebSite","@id":"https:\/\/maquinser.com\/#website","url":"https:\/\/maquinser.com\/","name":"Maquinser - Maquinaria y Servicios para la Industria Metalmec\u00e1nica","description":"","publisher":{"@id":"https:\/\/maquinser.com\/#organization"},"potentialAction":[{"@type":"SearchAction","target":{"@type":"EntryPoint","urlTemplate":"https:\/\/maquinser.com\/?s={search_term_string}"},"query-input":{"@type":"PropertyValueSpecification","valueRequired":true,"valueName":"search_term_string"}}],"inLanguage":"pt-PT"},{"@type":"Organization","@id":"https:\/\/maquinser.com\/#organization","name":"Maquinser","url":"https:\/\/maquinser.com\/","logo":{"@type":"ImageObject","inLanguage":"pt-PT","@id":"https:\/\/maquinser.com\/#\/schema\/logo\/image\/","url":"http:\/\/maquinser.com\/wp-content\/uploads\/2016\/10\/MAQUINSER_Logo_oficial.jpg","contentUrl":"http:\/\/maquinser.com\/wp-content\/uploads\/2016\/10\/MAQUINSER_Logo_oficial.jpg","width":1411,"height":326,"caption":"Maquinser"},"image":{"@id":"https:\/\/maquinser.com\/#\/schema\/logo\/image\/"},"sameAs":["http:\/\/fb.me\/Maquinser","https:\/\/x.com\/Maquinser","http:\/\/maquinser20s.a."]}]}},"_links":{"self":[{"href":"https:\/\/maquinser.com\/pt-pt\/wp-json\/wp\/v2\/pages\/3114","targetHints":{"allow":["GET"]}}],"collection":[{"href":"https:\/\/maquinser.com\/pt-pt\/wp-json\/wp\/v2\/pages"}],"about":[{"href":"https:\/\/maquinser.com\/pt-pt\/wp-json\/wp\/v2\/types\/page"}],"author":[{"embeddable":true,"href":"https:\/\/maquinser.com\/pt-pt\/wp-json\/wp\/v2\/users\/1"}],"replies":[{"embeddable":true,"href":"https:\/\/maquinser.com\/pt-pt\/wp-json\/wp\/v2\/comments?post=3114"}],"version-history":[{"count":1,"href":"https:\/\/maquinser.com\/pt-pt\/wp-json\/wp\/v2\/pages\/3114\/revisions"}],"predecessor-version":[{"id":3115,"href":"https:\/\/maquinser.com\/pt-pt\/wp-json\/wp\/v2\/pages\/3114\/revisions\/3115"}],"up":[{"embeddable":true,"href":"https:\/\/maquinser.com\/pt-pt\/wp-json\/wp\/v2\/pages\/1117"}],"wp:attachment":[{"href":"https:\/\/maquinser.com\/pt-pt\/wp-json\/wp\/v2\/media?parent=3114"}],"curies":[{"name":"wp","href":"https:\/\/api.w.org\/{rel}","templated":true}]}}