{"id":14312,"date":"2015-03-03T15:41:55","date_gmt":"2015-03-03T14:41:55","guid":{"rendered":"https:\/\/maquinser.com\/?page_id=14312"},"modified":"2025-10-09T12:37:42","modified_gmt":"2025-10-09T10:37:42","slug":"oficinas-south-area","status":"publish","type":"page","link":"https:\/\/maquinser.com\/pt-pt\/empresa\/oficinas-south-area\/","title":{"rendered":"Zona Sul"},"content":{"rendered":"[vc_row margin_bottom=&#8221;20&#8243;][vc_column][\/vc_column][\/vc_row][vc_row][vc_column width=&#8221;1\/3&#8243;][vc_single_image image=&#8221;13369&#8243;][\/vc_column][vc_column width=&#8221;2\/3&#8243;][vc_column_text]\n<p style=\"text-align: justify;\">As instala\u00e7\u00f5es da Zona Sul da MAQUINSER est\u00e3o localizadas em La Rinconada (Sevilha), na Rua Ingeniero Rafael Rubio Elola, n\u00ba 1 (AEROPOLIS &#8211; Parque Cient\u00edfico e Tecnol\u00f3gico Aeroespacial Andaluz), junto \u00e0 f\u00e1brica da Airbus Military, onde se encontram os principais fornecedores do setor aeron\u00e1utico, os nossos principais clientes. Este parque tecnol\u00f3gico est\u00e1 localizado na cintura industrial de Sevilha, junto \u00e0 autoestrada A4 e ao aeroporto, e est\u00e1 bem ligado \u00e0 esta\u00e7\u00e3o AVE e \u00e0 circular SE-30, permitindo-nos servir e responder rapidamente aos nossos clientes. Estas instala\u00e7\u00f5es incluem os departamentos de vendas e de atendimento ao cliente necess\u00e1rios para a Zona Sul.<\/p>\n[\/vc_column_text][\/vc_column][\/vc_row][vc_row][vc_column][vc_gmaps link=&#8221;#E-8_JTNDaWZyYW1lJTIwc3JjJTNEJTIyaHR0cHMlM0ElMkYlMkZ3d3cuZ29vZ2xlLmNvbSUyRm1hcHMlMkZlbWJlZCUzRnBiJTNEJTIxMW0xOCUyMTFtMTIlMjExbTMlMjExZDMxNjguMTg3NjgwNDkxNDIyMyUyMTJkLTUuODYyOTM2NDI0MjQwODQzJTIxM2QzNy40MzI2NzA4NzIwNzM2MSUyMTJtMyUyMTFmMCUyMTJmMCUyMTNmMCUyMTNtMiUyMTFpMTAyNCUyMTJpNzY4JTIxNGYxMy4xJTIxM20zJTIxMW0yJTIxMXMweGQxMjY2NWVjZWViZmQ3YiUyNTNBMHhjMTgyMmM4YmE0YWVjM2RhJTIxMnNBZXJvcG9saXMlMjUyMFBhcnF1ZSUyNTIwVGVjbm9sJTI1QzMlMjVCM2dpY28lMjUyMEFlcm9lc3BhY2lhbCUyNTIwZGUlMjUyMEFuZGFsdWMlMjVDMyUyNUFEYSUyMTVlMCUyMTNtMiUyMTFzZXMlMjEyc2VzJTIxNHYxNzYwMDAyMjI1NjY5JTIxNW0yJTIxMXNlcyUyMTJzZXMlMjIlMjB3aWR0aCUzRCUyMjYwMCUyMiUyMGhlaWdodCUzRCUyMjQ1MCUyMiUyMHN0eWxlJTNEJTIyYm9yZGVyJTNBMCUzQiUyMiUyMGFsbG93ZnVsbHNjcmVlbiUzRCUyMiUyMiUyMGxvYWRpbmclM0QlMjJsYXp5JTIyJTIwcmVmZXJyZXJwb2xpY3klM0QlMjJuby1yZWZlcnJlci13aGVuLWRvd25ncmFkZSUyMiUzRSUzQyUyRmlmcmFtZSUzRQ==&#8221; size=&#8221;300&#8243; css=&#8221;.vc_custom_1760004254466{padding-top: 20px !important;padding-bottom: 20px !important;}&#8221;][vc_column_text css=&#8221;.vc_custom_1760004455949{padding-top: 10px !important;padding-bottom: 10px !important;}&#8221;]La Rinconada (Sevilla), C\/ Ingeniero Rafael Rubio Elola, n\u00ba 1 (AEROPOLIS &#8211; Parque Cient\u00edfico-Tecnol\u00f3gico Aeroespacial de Andaluc\u00eda)[\/vc_column_text][\/vc_column][\/vc_row][vc_row][vc_column][vc_text_separator title=&#8221;EQUIPO&#8221; css=&#8221;.vc_custom_1760004217280{padding-top: 15px !important;padding-bottom: 15px !important;}&#8221;]<div class=\"vcex-module vcex-staff-grid-wrap clr\"><div class=\"wpex-row vcex-staff-grid entries wpex-clr\"><div class=\"staff-entry vcex-grid-item span_1_of_4 col col-1 post-14684 entry type-staff has-media cat-3323 translation_priority-1498\"><div class=\"staff-entry-inner entry-inner wpex-first-mt-0 wpex-last-mb-0 wpex-clr\"><div class=\"staff-entry-media entry-media image-filter-grayscale wpex-mb-20\"><a href=\"https:\/\/maquinser.com\/pt-pt\/estrella-gomez\/\" title=\"Estrella G\u00f3mez\" class=\"staff-entry-media-link\"><img decoding=\"async\" loading=\"lazy\" class=\"staff-entry-media-img staff-entry-img wpex-align-middle wpex-align-middle\" src=\"https:\/\/maquinser.com\/wp-content\/uploads\/2026\/03\/2026_Sur_Estrella_web.jpg\" alt=\"\" width=\"230\" height=\"230\" \/><\/a><\/div><div class=\"staff-entry-details entry-details wpex-first-mt-0 wpex-last-mb-0 wpex-clr\"><h2 class=\"staff-entry-title entry-title wpex-mb-5\"><a href=\"https:\/\/maquinser.com\/pt-pt\/estrella-gomez\/\">Estrella G\u00f3mez<\/a><\/h2><div class=\"staff-entry-excerpt entry-excerpt wpex-my-15 wpex-last-mb-0 wpex-clr\"><p>Administra\u00e7\u00e3o &nbsp; (+34) 95 564 29 92 \u00a0sevimaquinser@maquinser.com<\/p><\/div><\/div><\/div><\/div><div class=\"staff-entry vcex-grid-item span_1_of_4 col col-2 post-12180 entry type-staff has-media cat-3323 translation_priority-1498\"><div class=\"staff-entry-inner entry-inner wpex-first-mt-0 wpex-last-mb-0 wpex-clr\"><div class=\"staff-entry-media entry-media image-filter-grayscale wpex-mb-20\"><a href=\"https:\/\/maquinser.com\/pt-pt\/rafael-moron\/\" title=\"Rafael Mor\u00f3n\" class=\"staff-entry-media-link\"><img decoding=\"async\" loading=\"lazy\" class=\"staff-entry-media-img staff-entry-img wpex-align-middle wpex-align-middle\" src=\"https:\/\/maquinser.com\/wp-content\/uploads\/2015\/04\/Rafa-Moron_web-sq_2025.jpg\" alt=\"\" width=\"230\" height=\"230\" \/><\/a><\/div><div class=\"staff-entry-details entry-details wpex-first-mt-0 wpex-last-mb-0 wpex-clr\"><h2 class=\"staff-entry-title entry-title wpex-mb-5\"><a href=\"https:\/\/maquinser.com\/pt-pt\/rafael-moron\/\">Rafael Mor\u00f3n<\/a><\/h2><div class=\"staff-entry-excerpt entry-excerpt wpex-my-15 wpex-last-mb-0 wpex-clr\"><p>Gestor de Vendas Zona Sul \/ South Area Sales Manager (+34) 618 81 15 41 rmoron@maquinser.com<\/p><\/div><\/div><\/div><\/div><\/div><\/div>[\/vc_column][\/vc_row]\n","protected":false},"excerpt":{"rendered":"<p>[vc_row margin_bottom=&#8221;20&#8243;][vc_column][\/vc_column][\/vc_row][vc_row][vc_column width=&#8221;1\/3&#8243;][vc_single_image image=&#8221;13369&#8243;][\/vc_column][vc_column width=&#8221;2\/3&#8243;][vc_column_text] As instala\u00e7\u00f5es da Zona Sul da MAQUINSER est\u00e3o localizadas em La Rinconada (Sevilha), na Rua Ingeniero Rafael Rubio Elola, n\u00ba 1 (AEROPOLIS &#8211; Parque Cient\u00edfico e Tecnol\u00f3gico Aeroespacial Andaluz), junto \u00e0 f\u00e1brica da Airbus Military, onde se encontram os principais fornecedores do setor aeron\u00e1utico, os nossos principais clientes. Este parque&hellip;<\/p>\n","protected":false},"author":1,"featured_media":0,"parent":11165,"menu_order":0,"comment_status":"closed","ping_status":"closed","template":"","meta":{"footnotes":""},"class_list":["post-14312","page","type-page","status-publish","hentry","entry","has-media"],"yoast_head":"<!-- This site is optimized with the Yoast SEO plugin v27.2 - https:\/\/yoast.com\/product\/yoast-seo-wordpress\/ -->\n<title>Zona Sul - Maquinser - Maquinaria y Servicios para la Industria Metalmec\u00e1nica<\/title>\n<meta name=\"description\" content=\"As instala\u00e7\u00f5es da Zona Sul da MAQUINSER est\u00e3o localizadas em La Rinconada (Sevilha), na Rua Ingeniero Rafael Rubio Elola, n\u00ba 1 AEROPOLIS\" \/>\n<meta name=\"robots\" content=\"index, follow, max-snippet:-1, max-image-preview:large, max-video-preview:-1\" \/>\n<link rel=\"canonical\" href=\"https:\/\/maquinser.com\/pt-pt\/empresa\/oficinas-south-area\/\" \/>\n<meta property=\"og:locale\" content=\"pt_PT\" \/>\n<meta property=\"og:type\" content=\"article\" \/>\n<meta property=\"og:title\" content=\"Zona Sul - Maquinser - Maquinaria y Servicios para la Industria Metalmec\u00e1nica\" \/>\n<meta property=\"og:description\" content=\"As instala\u00e7\u00f5es da Zona Sul da MAQUINSER est\u00e3o localizadas em La Rinconada (Sevilha), na Rua Ingeniero Rafael Rubio Elola, n\u00ba 1 AEROPOLIS\" \/>\n<meta property=\"og:url\" content=\"https:\/\/maquinser.com\/pt-pt\/empresa\/oficinas-south-area\/\" \/>\n<meta property=\"og:site_name\" content=\"Maquinser - Maquinaria y Servicios para la Industria Metalmec\u00e1nica\" \/>\n<meta property=\"article:publisher\" content=\"http:\/\/fb.me\/Maquinser\" \/>\n<meta property=\"article:modified_time\" content=\"2025-10-09T10:37:42+00:00\" \/>\n<meta name=\"twitter:card\" content=\"summary_large_image\" \/>\n<meta name=\"twitter:site\" content=\"@Maquinser\" \/>\n<meta name=\"twitter:label1\" content=\"Tempo estimado de leitura\" \/>\n\t<meta name=\"twitter:data1\" content=\"1 minuto\" \/>\n<script type=\"application\/ld+json\" class=\"yoast-schema-graph\">{\"@context\":\"https:\/\/schema.org\",\"@graph\":[{\"@type\":\"WebPage\",\"@id\":\"https:\/\/maquinser.com\/pt-pt\/empresa\/oficinas-south-area\/\",\"url\":\"https:\/\/maquinser.com\/pt-pt\/empresa\/oficinas-south-area\/\",\"name\":\"Zona Sul - Maquinser - Maquinaria y Servicios para la Industria Metalmec\u00e1nica\",\"isPartOf\":{\"@id\":\"https:\/\/maquinser.com\/#website\"},\"datePublished\":\"2015-03-03T14:41:55+00:00\",\"dateModified\":\"2025-10-09T10:37:42+00:00\",\"description\":\"As instala\u00e7\u00f5es da Zona Sul da MAQUINSER est\u00e3o localizadas em La Rinconada (Sevilha), na Rua Ingeniero Rafael Rubio Elola, n\u00ba 1 AEROPOLIS\",\"breadcrumb\":{\"@id\":\"https:\/\/maquinser.com\/pt-pt\/empresa\/oficinas-south-area\/#breadcrumb\"},\"inLanguage\":\"pt-PT\",\"potentialAction\":[{\"@type\":\"ReadAction\",\"target\":[\"https:\/\/maquinser.com\/pt-pt\/empresa\/oficinas-south-area\/\"]}]},{\"@type\":\"BreadcrumbList\",\"@id\":\"https:\/\/maquinser.com\/pt-pt\/empresa\/oficinas-south-area\/#breadcrumb\",\"itemListElement\":[{\"@type\":\"ListItem\",\"position\":1,\"name\":\"Portada\",\"item\":\"https:\/\/maquinser.com\/pt-pt\/\"},{\"@type\":\"ListItem\",\"position\":2,\"name\":\"Empresa\",\"item\":\"https:\/\/maquinser.com\/pt-pt\/empresa\/\"},{\"@type\":\"ListItem\",\"position\":3,\"name\":\"Zona Sul\"}]},{\"@type\":\"WebSite\",\"@id\":\"https:\/\/maquinser.com\/#website\",\"url\":\"https:\/\/maquinser.com\/\",\"name\":\"Maquinser - Maquinaria y Servicios para la Industria Metalmec\u00e1nica\",\"description\":\"\",\"publisher\":{\"@id\":\"https:\/\/maquinser.com\/#organization\"},\"potentialAction\":[{\"@type\":\"SearchAction\",\"target\":{\"@type\":\"EntryPoint\",\"urlTemplate\":\"https:\/\/maquinser.com\/?s={search_term_string}\"},\"query-input\":{\"@type\":\"PropertyValueSpecification\",\"valueRequired\":true,\"valueName\":\"search_term_string\"}}],\"inLanguage\":\"pt-PT\"},{\"@type\":\"Organization\",\"@id\":\"https:\/\/maquinser.com\/#organization\",\"name\":\"Maquinser\",\"url\":\"https:\/\/maquinser.com\/\",\"logo\":{\"@type\":\"ImageObject\",\"inLanguage\":\"pt-PT\",\"@id\":\"https:\/\/maquinser.com\/#\/schema\/logo\/image\/\",\"url\":\"http:\/\/maquinser.com\/wp-content\/uploads\/2016\/10\/MAQUINSER_Logo_oficial.jpg\",\"contentUrl\":\"http:\/\/maquinser.com\/wp-content\/uploads\/2016\/10\/MAQUINSER_Logo_oficial.jpg\",\"width\":1411,\"height\":326,\"caption\":\"Maquinser\"},\"image\":{\"@id\":\"https:\/\/maquinser.com\/#\/schema\/logo\/image\/\"},\"sameAs\":[\"http:\/\/fb.me\/Maquinser\",\"https:\/\/x.com\/Maquinser\",\"http:\/\/maquinser20s.a.\"]}]}<\/script>\n<!-- \/ Yoast SEO plugin. -->","yoast_head_json":{"title":"Zona Sul - Maquinser - Maquinaria y Servicios para la Industria Metalmec\u00e1nica","description":"As instala\u00e7\u00f5es da Zona Sul da MAQUINSER est\u00e3o localizadas em La Rinconada (Sevilha), na Rua Ingeniero Rafael Rubio Elola, n\u00ba 1 AEROPOLIS","robots":{"index":"index","follow":"follow","max-snippet":"max-snippet:-1","max-image-preview":"max-image-preview:large","max-video-preview":"max-video-preview:-1"},"canonical":"https:\/\/maquinser.com\/pt-pt\/empresa\/oficinas-south-area\/","og_locale":"pt_PT","og_type":"article","og_title":"Zona Sul - Maquinser - Maquinaria y Servicios para la Industria Metalmec\u00e1nica","og_description":"As instala\u00e7\u00f5es da Zona Sul da MAQUINSER est\u00e3o localizadas em La Rinconada (Sevilha), na Rua Ingeniero Rafael Rubio Elola, n\u00ba 1 AEROPOLIS","og_url":"https:\/\/maquinser.com\/pt-pt\/empresa\/oficinas-south-area\/","og_site_name":"Maquinser - Maquinaria y Servicios para la Industria Metalmec\u00e1nica","article_publisher":"http:\/\/fb.me\/Maquinser","article_modified_time":"2025-10-09T10:37:42+00:00","twitter_card":"summary_large_image","twitter_site":"@Maquinser","twitter_misc":{"Tempo estimado de leitura":"1 minuto"},"schema":{"@context":"https:\/\/schema.org","@graph":[{"@type":"WebPage","@id":"https:\/\/maquinser.com\/pt-pt\/empresa\/oficinas-south-area\/","url":"https:\/\/maquinser.com\/pt-pt\/empresa\/oficinas-south-area\/","name":"Zona Sul - Maquinser - Maquinaria y Servicios para la Industria Metalmec\u00e1nica","isPartOf":{"@id":"https:\/\/maquinser.com\/#website"},"datePublished":"2015-03-03T14:41:55+00:00","dateModified":"2025-10-09T10:37:42+00:00","description":"As instala\u00e7\u00f5es da Zona Sul da MAQUINSER est\u00e3o localizadas em La Rinconada (Sevilha), na Rua Ingeniero Rafael Rubio Elola, n\u00ba 1 AEROPOLIS","breadcrumb":{"@id":"https:\/\/maquinser.com\/pt-pt\/empresa\/oficinas-south-area\/#breadcrumb"},"inLanguage":"pt-PT","potentialAction":[{"@type":"ReadAction","target":["https:\/\/maquinser.com\/pt-pt\/empresa\/oficinas-south-area\/"]}]},{"@type":"BreadcrumbList","@id":"https:\/\/maquinser.com\/pt-pt\/empresa\/oficinas-south-area\/#breadcrumb","itemListElement":[{"@type":"ListItem","position":1,"name":"Portada","item":"https:\/\/maquinser.com\/pt-pt\/"},{"@type":"ListItem","position":2,"name":"Empresa","item":"https:\/\/maquinser.com\/pt-pt\/empresa\/"},{"@type":"ListItem","position":3,"name":"Zona Sul"}]},{"@type":"WebSite","@id":"https:\/\/maquinser.com\/#website","url":"https:\/\/maquinser.com\/","name":"Maquinser - Maquinaria y Servicios para la Industria Metalmec\u00e1nica","description":"","publisher":{"@id":"https:\/\/maquinser.com\/#organization"},"potentialAction":[{"@type":"SearchAction","target":{"@type":"EntryPoint","urlTemplate":"https:\/\/maquinser.com\/?s={search_term_string}"},"query-input":{"@type":"PropertyValueSpecification","valueRequired":true,"valueName":"search_term_string"}}],"inLanguage":"pt-PT"},{"@type":"Organization","@id":"https:\/\/maquinser.com\/#organization","name":"Maquinser","url":"https:\/\/maquinser.com\/","logo":{"@type":"ImageObject","inLanguage":"pt-PT","@id":"https:\/\/maquinser.com\/#\/schema\/logo\/image\/","url":"http:\/\/maquinser.com\/wp-content\/uploads\/2016\/10\/MAQUINSER_Logo_oficial.jpg","contentUrl":"http:\/\/maquinser.com\/wp-content\/uploads\/2016\/10\/MAQUINSER_Logo_oficial.jpg","width":1411,"height":326,"caption":"Maquinser"},"image":{"@id":"https:\/\/maquinser.com\/#\/schema\/logo\/image\/"},"sameAs":["http:\/\/fb.me\/Maquinser","https:\/\/x.com\/Maquinser","http:\/\/maquinser20s.a."]}]}},"_links":{"self":[{"href":"https:\/\/maquinser.com\/pt-pt\/wp-json\/wp\/v2\/pages\/14312","targetHints":{"allow":["GET"]}}],"collection":[{"href":"https:\/\/maquinser.com\/pt-pt\/wp-json\/wp\/v2\/pages"}],"about":[{"href":"https:\/\/maquinser.com\/pt-pt\/wp-json\/wp\/v2\/types\/page"}],"author":[{"embeddable":true,"href":"https:\/\/maquinser.com\/pt-pt\/wp-json\/wp\/v2\/users\/1"}],"replies":[{"embeddable":true,"href":"https:\/\/maquinser.com\/pt-pt\/wp-json\/wp\/v2\/comments?post=14312"}],"version-history":[{"count":8,"href":"https:\/\/maquinser.com\/pt-pt\/wp-json\/wp\/v2\/pages\/14312\/revisions"}],"predecessor-version":[{"id":14322,"href":"https:\/\/maquinser.com\/pt-pt\/wp-json\/wp\/v2\/pages\/14312\/revisions\/14322"}],"up":[{"embeddable":true,"href":"https:\/\/maquinser.com\/pt-pt\/wp-json\/wp\/v2\/pages\/11165"}],"wp:attachment":[{"href":"https:\/\/maquinser.com\/pt-pt\/wp-json\/wp\/v2\/media?parent=14312"}],"curies":[{"name":"wp","href":"https:\/\/api.w.org\/{rel}","templated":true}]}}