{"id":1133,"date":"2015-04-15T11:44:19","date_gmt":"2015-04-15T10:44:19","guid":{"rendered":"https:\/\/demo.maquinser.com\/?page_id=1133"},"modified":"2015-05-19T09:41:35","modified_gmt":"2015-05-19T08:41:35","slug":"maquinagem-geral","status":"publish","type":"page","link":"https:\/\/maquinser.com\/pt-pt\/setores\/maquinagem-geral\/","title":{"rendered":"Maquinagem geral"},"content":{"rendered":"[vc_row center_row=&#8221;yes&#8221; bg_color=&#8221;#f7f7f7&#8243; margin_top=&#8221;-40px&#8221; padding_top=&#8221;30px&#8221; padding_bottom=&#8221;30px&#8221;][vc_column][vc_column_text]\n<p style=\"text-align: justify; font-size: 16px;\">A experi\u00eancia da nossa equipa t\u00e9cnica e comercial, somada \u00e0 oferta tecnol\u00f3gica das marcas que representamos, \u00e9 a resposta id\u00f3nea para qualquer necessidade de maquinagem. Para a oficina em subcontrata\u00e7\u00e3o ou para as grandes multinacionais do setor autom\u00f3vel, as solu\u00e7\u00f5es da MAQUINSER adaptam-se \u00e0s dif\u00edceis condi\u00e7\u00f5es de qualidade-pre\u00e7o, com equipamentos facilmente amortiz\u00e1veis.<\/p>\n[\/vc_column_text][\/vc_column][\/vc_row][vc_row center_row=&#8221;yes&#8221; min_height=&#8221;350px&#8221;][vc_column width=&#8221;1\/1&#8243;]<div class=\"vcex-module vcex-portfolio-grid-wrap wpex-clr\"><div class=\"wpex-row vcex-portfolio-grid wpex-clr entries\"><div class=\"portfolio-entry vcex-grid-item span_1_of_6 col col-1 post-1080 entry type-portfolio has-media cat-57 cat-55 cat-58 cat-55 cat-56 cat-55 cat-46 cat-45 cat-60 cat-55 cat-47 cat-45 cat-48 cat-45 cat-49 cat-45 cat-61 cat-55 cat-51 cat-45 translation_priority-1498\"><div class=\"portfolio-entry-inner entry-inner wpex-first-mt-0 wpex-last-mb-0 wpex-clr\"><div class=\"portfolio-entry-media entry-media\"><a href=\"https:\/\/maquinser.com\/pt-pt\/matsuura\/\" title=\"Matsuura\" class=\"portfolio-entry-media-link\"><img decoding=\"async\" width=\"312\" height=\"232\" src=\"https:\/\/maquinser.com\/wp-content\/uploads\/2015\/04\/Matsuura.jpg\" class=\"portfolio-entry-img wpex-align-middle\" alt=\"\" loading=\"lazy\" srcset=\"https:\/\/maquinser.com\/wp-content\/uploads\/2015\/04\/Matsuura.jpg 312w, https:\/\/maquinser.com\/wp-content\/uploads\/2015\/04\/Matsuura-151x113.jpg 151w\" sizes=\"auto, (max-width: 312px) 100vw, 312px\" \/><\/a><\/div><\/div><\/div><div class=\"portfolio-entry vcex-grid-item span_1_of_6 col col-2 post-5561 entry type-portfolio has-media cat-57 cat-55 cat-58 cat-55 cat-56 cat-55 cat-64 cat-63 cat-65 cat-63 cat-66 cat-63 cat-60 cat-55 cat-61 cat-55 cat-67 cat-63 cat-63 cat-68 cat-63 translation_priority-1498\"><div class=\"portfolio-entry-inner entry-inner wpex-first-mt-0 wpex-last-mb-0 wpex-clr\"><div class=\"portfolio-entry-media entry-media\"><a href=\"https:\/\/maquinser.com\/pt-pt\/tsugami\/\" title=\"Tsugami\" class=\"portfolio-entry-media-link\"><img decoding=\"async\" width=\"827\" height=\"460\" src=\"https:\/\/maquinser.com\/wp-content\/uploads\/2018\/12\/Representadas_312x232_Tsugami-01.jpg\" class=\"portfolio-entry-img wpex-align-middle\" alt=\"\" loading=\"lazy\" srcset=\"https:\/\/maquinser.com\/wp-content\/uploads\/2018\/12\/Representadas_312x232_Tsugami-01.jpg 827w, https:\/\/maquinser.com\/wp-content\/uploads\/2018\/12\/Representadas_312x232_Tsugami-01-600x334.jpg 600w, https:\/\/maquinser.com\/wp-content\/uploads\/2018\/12\/Representadas_312x232_Tsugami-01-300x167.jpg 300w, https:\/\/maquinser.com\/wp-content\/uploads\/2018\/12\/Representadas_312x232_Tsugami-01-768x427.jpg 768w\" sizes=\"auto, (max-width: 827px) 100vw, 827px\" \/><\/a><\/div><\/div><\/div><div class=\"portfolio-entry vcex-grid-item span_1_of_6 col col-3 post-1083 entry type-portfolio has-media cat-58 cat-55 cat-65 cat-63 cat-66 cat-63 cat-60 cat-55 cat-67 cat-63 cat-63 cat-68 cat-63\"><div class=\"portfolio-entry-inner entry-inner wpex-first-mt-0 wpex-last-mb-0 wpex-clr\"><div class=\"portfolio-entry-media entry-media\"><a href=\"https:\/\/maquinser.com\/pt-pt\/muratec\/\" title=\"Muratec\" class=\"portfolio-entry-media-link\"><img decoding=\"async\" width=\"312\" height=\"232\" src=\"https:\/\/maquinser.com\/wp-content\/uploads\/2015\/03\/Muratec.jpg\" class=\"portfolio-entry-img wpex-align-middle\" alt=\"\" loading=\"lazy\" srcset=\"https:\/\/maquinser.com\/wp-content\/uploads\/2015\/03\/Muratec.jpg 312w, https:\/\/maquinser.com\/wp-content\/uploads\/2015\/03\/Muratec-300x223.jpg 300w, https:\/\/maquinser.com\/wp-content\/uploads\/2015\/03\/Muratec-151x113.jpg 151w\" sizes=\"auto, (max-width: 312px) 100vw, 312px\" \/><\/a><\/div><\/div><\/div><div class=\"portfolio-entry vcex-grid-item span_1_of_6 col col-4 post-1096 entry type-portfolio has-media cat-64 cat-63 cat-65 cat-63 cat-60 cat-55 cat-67 cat-63\"><div class=\"portfolio-entry-inner entry-inner wpex-first-mt-0 wpex-last-mb-0 wpex-clr\"><div class=\"portfolio-entry-media entry-media\"><a href=\"https:\/\/maquinser.com\/pt-pt\/biglia\/\" title=\"BIGLIA\" class=\"portfolio-entry-media-link\"><img decoding=\"async\" width=\"312\" height=\"232\" src=\"https:\/\/maquinser.com\/wp-content\/uploads\/2015\/03\/biglia.jpg\" class=\"portfolio-entry-img wpex-align-middle\" alt=\"\" loading=\"lazy\" srcset=\"https:\/\/maquinser.com\/wp-content\/uploads\/2015\/03\/biglia.jpg 312w, https:\/\/maquinser.com\/wp-content\/uploads\/2015\/03\/biglia-300x223.jpg 300w, https:\/\/maquinser.com\/wp-content\/uploads\/2015\/03\/biglia-151x113.jpg 151w\" sizes=\"auto, (max-width: 312px) 100vw, 312px\" \/><\/a><\/div><\/div><\/div><div class=\"portfolio-entry vcex-grid-item span_1_of_6 col col-5 post-1109 entry type-portfolio has-media cat-64 cat-63 cat-65 cat-63 cat-60 cat-55 cat-47 cat-45 cat-48 cat-45 cat-49 cat-45 cat-67 cat-63 cat-68 cat-63 translation_priority-1498\"><div class=\"portfolio-entry-inner entry-inner wpex-first-mt-0 wpex-last-mb-0 wpex-clr\"><div class=\"portfolio-entry-media entry-media\"><a href=\"https:\/\/maquinser.com\/pt-pt\/leadwell\/\" title=\"Leadwell\" class=\"portfolio-entry-media-link\"><img decoding=\"async\" width=\"312\" height=\"232\" src=\"https:\/\/maquinser.com\/wp-content\/uploads\/2015\/03\/Leadwell.jpg\" class=\"portfolio-entry-img wpex-align-middle\" alt=\"\" loading=\"lazy\" srcset=\"https:\/\/maquinser.com\/wp-content\/uploads\/2015\/03\/Leadwell.jpg 312w, https:\/\/maquinser.com\/wp-content\/uploads\/2015\/03\/Leadwell-300x223.jpg 300w, https:\/\/maquinser.com\/wp-content\/uploads\/2015\/03\/Leadwell-151x113.jpg 151w\" sizes=\"auto, (max-width: 312px) 100vw, 312px\" \/><\/a><\/div><\/div><\/div><div class=\"portfolio-entry vcex-grid-item span_1_of_6 col col-6 post-1110 entry type-portfolio has-media cat-60 cat-55 cat-49 cat-45\"><div class=\"portfolio-entry-inner entry-inner wpex-first-mt-0 wpex-last-mb-0 wpex-clr\"><div class=\"portfolio-entry-media entry-media\"><a href=\"https:\/\/maquinser.com\/pt-pt\/first\/\" title=\"First\" class=\"portfolio-entry-media-link\"><img decoding=\"async\" width=\"312\" height=\"232\" src=\"https:\/\/maquinser.com\/wp-content\/uploads\/2015\/04\/First.jpg\" class=\"portfolio-entry-img wpex-align-middle\" alt=\"\" loading=\"lazy\" srcset=\"https:\/\/maquinser.com\/wp-content\/uploads\/2015\/04\/First.jpg 312w, https:\/\/maquinser.com\/wp-content\/uploads\/2015\/04\/First-300x223.jpg 300w, https:\/\/maquinser.com\/wp-content\/uploads\/2015\/04\/First-151x113.jpg 151w\" sizes=\"auto, (max-width: 312px) 100vw, 312px\" \/><\/a><\/div><\/div><\/div><div class=\"portfolio-entry vcex-grid-item span_1_of_6 col col-1 post-1087 entry type-portfolio has-media cat-59 cat-55 cat-60 cat-55 cat-47 cat-45 translation_priority-1498\"><div class=\"portfolio-entry-inner entry-inner wpex-first-mt-0 wpex-last-mb-0 wpex-clr\"><div class=\"portfolio-entry-media entry-media\"><a href=\"https:\/\/maquinser.com\/pt-pt\/niigata\/\" title=\"Niigata\" class=\"portfolio-entry-media-link\"><img decoding=\"async\" width=\"312\" height=\"232\" src=\"https:\/\/maquinser.com\/wp-content\/uploads\/2015\/03\/Niigata.jpg\" class=\"portfolio-entry-img wpex-align-middle\" alt=\"\" loading=\"lazy\" srcset=\"https:\/\/maquinser.com\/wp-content\/uploads\/2015\/03\/Niigata.jpg 312w, https:\/\/maquinser.com\/wp-content\/uploads\/2015\/03\/Niigata-300x223.jpg 300w, https:\/\/maquinser.com\/wp-content\/uploads\/2015\/03\/Niigata-151x113.jpg 151w\" sizes=\"auto, (max-width: 312px) 100vw, 312px\" \/><\/a><\/div><\/div><\/div><div class=\"portfolio-entry vcex-grid-item span_1_of_6 col col-2 post-1568 entry type-portfolio has-media cat-57 cat-55 cat-46 cat-45 cat-60 cat-55 cat-47 cat-45 cat-49 cat-45 cat-61 cat-55\"><div class=\"portfolio-entry-inner entry-inner wpex-first-mt-0 wpex-last-mb-0 wpex-clr\"><div class=\"portfolio-entry-media entry-media\"><a href=\"https:\/\/maquinser.com\/pt-pt\/kafo\/\" title=\"KAFO\" class=\"portfolio-entry-media-link\"><img decoding=\"async\" width=\"312\" height=\"232\" src=\"https:\/\/maquinser.com\/wp-content\/uploads\/2015\/06\/kafo.jpg\" class=\"portfolio-entry-img wpex-align-middle\" alt=\"\" loading=\"lazy\" srcset=\"https:\/\/maquinser.com\/wp-content\/uploads\/2015\/06\/kafo.jpg 312w, https:\/\/maquinser.com\/wp-content\/uploads\/2015\/06\/kafo-300x223.jpg 300w, https:\/\/maquinser.com\/wp-content\/uploads\/2015\/06\/kafo-151x113.jpg 151w\" sizes=\"auto, (max-width: 312px) 100vw, 312px\" \/><\/a><\/div><\/div><\/div><div class=\"portfolio-entry vcex-grid-item span_1_of_6 col col-3 post-2943 entry type-portfolio has-media cat-57 cat-55 cat-58 cat-55 cat-56 cat-55 cat-1578 cat-55 cat-60 cat-55 cat-61 cat-55 translation_priority-1498\"><div class=\"portfolio-entry-inner entry-inner wpex-first-mt-0 wpex-last-mb-0 wpex-clr\"><div class=\"portfolio-entry-media entry-media\"><a href=\"https:\/\/maquinser.com\/pt-pt\/lumex-series-by-matsuura\/\" title=\"Lumex Series by Matsuura\" class=\"portfolio-entry-media-link\"><img decoding=\"async\" width=\"312\" height=\"232\" src=\"https:\/\/maquinser.com\/wp-content\/uploads\/2016\/10\/lumex_logo_312x232.jpg\" class=\"portfolio-entry-img wpex-align-middle\" alt=\"\" loading=\"lazy\" srcset=\"https:\/\/maquinser.com\/wp-content\/uploads\/2016\/10\/lumex_logo_312x232.jpg 312w, https:\/\/maquinser.com\/wp-content\/uploads\/2016\/10\/lumex_logo_312x232-300x223.jpg 300w\" sizes=\"auto, (max-width: 312px) 100vw, 312px\" \/><\/a><\/div><\/div><\/div><div class=\"portfolio-entry vcex-grid-item span_1_of_6 col col-4 post-3282 entry type-portfolio has-media cat-57 cat-55 cat-58 cat-55 cat-59 cat-55 cat-46 cat-45 cat-60 cat-55 cat-47 cat-45 cat-48 cat-45 cat-49 cat-45 cat-61 cat-55 cat-51 cat-45 translation_priority-1498\"><div class=\"portfolio-entry-inner entry-inner wpex-first-mt-0 wpex-last-mb-0 wpex-clr\"><div class=\"portfolio-entry-media entry-media\"><a href=\"https:\/\/maquinser.com\/pt-pt\/ken\/\" title=\"Ken\" class=\"portfolio-entry-media-link\"><img decoding=\"async\" width=\"2560\" height=\"1810\" src=\"https:\/\/maquinser.com\/wp-content\/uploads\/2021\/10\/KENLogo_EN-scaled-e1635432578241.jpg\" class=\"portfolio-entry-img wpex-align-middle\" alt=\"\" loading=\"lazy\" \/><\/a><\/div><\/div><\/div><\/div><\/div>[\/vc_column][\/vc_row]\n","protected":false},"excerpt":{"rendered":"<p>[vc_row center_row=&#8221;yes&#8221; bg_color=&#8221;#f7f7f7&#8243; margin_top=&#8221;-40px&#8221; padding_top=&#8221;30px&#8221; padding_bottom=&#8221;30px&#8221;][vc_column][vc_column_text] A experi\u00eancia da nossa equipa t\u00e9cnica e comercial, somada \u00e0 oferta tecnol\u00f3gica das marcas que representamos, \u00e9 a resposta id\u00f3nea para qualquer necessidade de maquinagem. Para a oficina em subcontrata\u00e7\u00e3o ou para as grandes multinacionais do setor autom\u00f3vel, as solu\u00e7\u00f5es da MAQUINSER adaptam-se \u00e0s dif\u00edceis condi\u00e7\u00f5es de qualidade-pre\u00e7o, com&hellip;<\/p>\n","protected":false},"author":1,"featured_media":0,"parent":1127,"menu_order":0,"comment_status":"open","ping_status":"closed","template":"","meta":{"footnotes":""},"class_list":["post-1133","page","type-page","status-publish","hentry","entry","has-media"],"yoast_head":"<!-- This site is optimized with the Yoast SEO plugin v27.2 - https:\/\/yoast.com\/product\/yoast-seo-wordpress\/ -->\n<title>Maquinagem geral - Maquinser - Maquinaria y Servicios para la Industria Metalmec\u00e1nica<\/title>\n<meta name=\"robots\" content=\"index, follow, max-snippet:-1, max-image-preview:large, max-video-preview:-1\" \/>\n<link rel=\"canonical\" href=\"https:\/\/maquinser.com\/pt-pt\/setores\/maquinagem-geral\/\" \/>\n<meta property=\"og:locale\" content=\"pt_PT\" \/>\n<meta property=\"og:type\" content=\"article\" \/>\n<meta property=\"og:title\" content=\"Maquinagem geral - Maquinser - Maquinaria y Servicios para la Industria Metalmec\u00e1nica\" \/>\n<meta property=\"og:description\" content=\"[vc_row center_row=&#8221;yes&#8221; bg_color=&#8221;#f7f7f7&#8243; margin_top=&#8221;-40px&#8221; padding_top=&#8221;30px&#8221; padding_bottom=&#8221;30px&#8221;][vc_column][vc_column_text] A experi\u00eancia da nossa equipa t\u00e9cnica e comercial, somada \u00e0 oferta tecnol\u00f3gica das marcas que representamos, \u00e9 a resposta id\u00f3nea para qualquer necessidade de maquinagem. Para a oficina em subcontrata\u00e7\u00e3o ou para as grandes multinacionais do setor autom\u00f3vel, as solu\u00e7\u00f5es da MAQUINSER adaptam-se \u00e0s dif\u00edceis condi\u00e7\u00f5es de qualidade-pre\u00e7o, com&hellip;\" \/>\n<meta property=\"og:url\" content=\"https:\/\/maquinser.com\/pt-pt\/setores\/maquinagem-geral\/\" \/>\n<meta property=\"og:site_name\" content=\"Maquinser - Maquinaria y Servicios para la Industria Metalmec\u00e1nica\" \/>\n<meta property=\"article:publisher\" content=\"http:\/\/fb.me\/Maquinser\" \/>\n<meta property=\"article:modified_time\" content=\"2015-05-19T08:41:35+00:00\" \/>\n<meta name=\"twitter:card\" content=\"summary_large_image\" \/>\n<meta name=\"twitter:site\" content=\"@Maquinser\" \/>\n<meta name=\"twitter:label1\" content=\"Tempo estimado de leitura\" \/>\n\t<meta name=\"twitter:data1\" content=\"1 minuto\" \/>\n<script type=\"application\/ld+json\" class=\"yoast-schema-graph\">{\"@context\":\"https:\/\/schema.org\",\"@graph\":[{\"@type\":\"WebPage\",\"@id\":\"https:\/\/maquinser.com\/pt-pt\/setores\/maquinagem-geral\/\",\"url\":\"https:\/\/maquinser.com\/pt-pt\/setores\/maquinagem-geral\/\",\"name\":\"Maquinagem geral - Maquinser - Maquinaria y Servicios para la Industria Metalmec\u00e1nica\",\"isPartOf\":{\"@id\":\"https:\/\/maquinser.com\/#website\"},\"datePublished\":\"2015-04-15T10:44:19+00:00\",\"dateModified\":\"2015-05-19T08:41:35+00:00\",\"breadcrumb\":{\"@id\":\"https:\/\/maquinser.com\/pt-pt\/setores\/maquinagem-geral\/#breadcrumb\"},\"inLanguage\":\"pt-PT\",\"potentialAction\":[{\"@type\":\"ReadAction\",\"target\":[\"https:\/\/maquinser.com\/pt-pt\/setores\/maquinagem-geral\/\"]}]},{\"@type\":\"BreadcrumbList\",\"@id\":\"https:\/\/maquinser.com\/pt-pt\/setores\/maquinagem-geral\/#breadcrumb\",\"itemListElement\":[{\"@type\":\"ListItem\",\"position\":1,\"name\":\"Portada\",\"item\":\"https:\/\/maquinser.com\/pt-pt\/\"},{\"@type\":\"ListItem\",\"position\":2,\"name\":\"Setores\",\"item\":\"https:\/\/maquinser.com\/pt-pt\/setores\/\"},{\"@type\":\"ListItem\",\"position\":3,\"name\":\"Maquinagem geral\"}]},{\"@type\":\"WebSite\",\"@id\":\"https:\/\/maquinser.com\/#website\",\"url\":\"https:\/\/maquinser.com\/\",\"name\":\"Maquinser - Maquinaria y Servicios para la Industria Metalmec\u00e1nica\",\"description\":\"\",\"publisher\":{\"@id\":\"https:\/\/maquinser.com\/#organization\"},\"potentialAction\":[{\"@type\":\"SearchAction\",\"target\":{\"@type\":\"EntryPoint\",\"urlTemplate\":\"https:\/\/maquinser.com\/?s={search_term_string}\"},\"query-input\":{\"@type\":\"PropertyValueSpecification\",\"valueRequired\":true,\"valueName\":\"search_term_string\"}}],\"inLanguage\":\"pt-PT\"},{\"@type\":\"Organization\",\"@id\":\"https:\/\/maquinser.com\/#organization\",\"name\":\"Maquinser\",\"url\":\"https:\/\/maquinser.com\/\",\"logo\":{\"@type\":\"ImageObject\",\"inLanguage\":\"pt-PT\",\"@id\":\"https:\/\/maquinser.com\/#\/schema\/logo\/image\/\",\"url\":\"http:\/\/maquinser.com\/wp-content\/uploads\/2016\/10\/MAQUINSER_Logo_oficial.jpg\",\"contentUrl\":\"http:\/\/maquinser.com\/wp-content\/uploads\/2016\/10\/MAQUINSER_Logo_oficial.jpg\",\"width\":1411,\"height\":326,\"caption\":\"Maquinser\"},\"image\":{\"@id\":\"https:\/\/maquinser.com\/#\/schema\/logo\/image\/\"},\"sameAs\":[\"http:\/\/fb.me\/Maquinser\",\"https:\/\/x.com\/Maquinser\",\"http:\/\/maquinser20s.a.\"]}]}<\/script>\n<!-- \/ Yoast SEO plugin. -->","yoast_head_json":{"title":"Maquinagem geral - Maquinser - Maquinaria y Servicios para la Industria Metalmec\u00e1nica","robots":{"index":"index","follow":"follow","max-snippet":"max-snippet:-1","max-image-preview":"max-image-preview:large","max-video-preview":"max-video-preview:-1"},"canonical":"https:\/\/maquinser.com\/pt-pt\/setores\/maquinagem-geral\/","og_locale":"pt_PT","og_type":"article","og_title":"Maquinagem geral - Maquinser - Maquinaria y Servicios para la Industria Metalmec\u00e1nica","og_description":"[vc_row center_row=&#8221;yes&#8221; bg_color=&#8221;#f7f7f7&#8243; margin_top=&#8221;-40px&#8221; padding_top=&#8221;30px&#8221; padding_bottom=&#8221;30px&#8221;][vc_column][vc_column_text] A experi\u00eancia da nossa equipa t\u00e9cnica e comercial, somada \u00e0 oferta tecnol\u00f3gica das marcas que representamos, \u00e9 a resposta id\u00f3nea para qualquer necessidade de maquinagem. Para a oficina em subcontrata\u00e7\u00e3o ou para as grandes multinacionais do setor autom\u00f3vel, as solu\u00e7\u00f5es da MAQUINSER adaptam-se \u00e0s dif\u00edceis condi\u00e7\u00f5es de qualidade-pre\u00e7o, com&hellip;","og_url":"https:\/\/maquinser.com\/pt-pt\/setores\/maquinagem-geral\/","og_site_name":"Maquinser - Maquinaria y Servicios para la Industria Metalmec\u00e1nica","article_publisher":"http:\/\/fb.me\/Maquinser","article_modified_time":"2015-05-19T08:41:35+00:00","twitter_card":"summary_large_image","twitter_site":"@Maquinser","twitter_misc":{"Tempo estimado de leitura":"1 minuto"},"schema":{"@context":"https:\/\/schema.org","@graph":[{"@type":"WebPage","@id":"https:\/\/maquinser.com\/pt-pt\/setores\/maquinagem-geral\/","url":"https:\/\/maquinser.com\/pt-pt\/setores\/maquinagem-geral\/","name":"Maquinagem geral - Maquinser - Maquinaria y Servicios para la Industria Metalmec\u00e1nica","isPartOf":{"@id":"https:\/\/maquinser.com\/#website"},"datePublished":"2015-04-15T10:44:19+00:00","dateModified":"2015-05-19T08:41:35+00:00","breadcrumb":{"@id":"https:\/\/maquinser.com\/pt-pt\/setores\/maquinagem-geral\/#breadcrumb"},"inLanguage":"pt-PT","potentialAction":[{"@type":"ReadAction","target":["https:\/\/maquinser.com\/pt-pt\/setores\/maquinagem-geral\/"]}]},{"@type":"BreadcrumbList","@id":"https:\/\/maquinser.com\/pt-pt\/setores\/maquinagem-geral\/#breadcrumb","itemListElement":[{"@type":"ListItem","position":1,"name":"Portada","item":"https:\/\/maquinser.com\/pt-pt\/"},{"@type":"ListItem","position":2,"name":"Setores","item":"https:\/\/maquinser.com\/pt-pt\/setores\/"},{"@type":"ListItem","position":3,"name":"Maquinagem geral"}]},{"@type":"WebSite","@id":"https:\/\/maquinser.com\/#website","url":"https:\/\/maquinser.com\/","name":"Maquinser - Maquinaria y Servicios para la Industria Metalmec\u00e1nica","description":"","publisher":{"@id":"https:\/\/maquinser.com\/#organization"},"potentialAction":[{"@type":"SearchAction","target":{"@type":"EntryPoint","urlTemplate":"https:\/\/maquinser.com\/?s={search_term_string}"},"query-input":{"@type":"PropertyValueSpecification","valueRequired":true,"valueName":"search_term_string"}}],"inLanguage":"pt-PT"},{"@type":"Organization","@id":"https:\/\/maquinser.com\/#organization","name":"Maquinser","url":"https:\/\/maquinser.com\/","logo":{"@type":"ImageObject","inLanguage":"pt-PT","@id":"https:\/\/maquinser.com\/#\/schema\/logo\/image\/","url":"http:\/\/maquinser.com\/wp-content\/uploads\/2016\/10\/MAQUINSER_Logo_oficial.jpg","contentUrl":"http:\/\/maquinser.com\/wp-content\/uploads\/2016\/10\/MAQUINSER_Logo_oficial.jpg","width":1411,"height":326,"caption":"Maquinser"},"image":{"@id":"https:\/\/maquinser.com\/#\/schema\/logo\/image\/"},"sameAs":["http:\/\/fb.me\/Maquinser","https:\/\/x.com\/Maquinser","http:\/\/maquinser20s.a."]}]}},"_links":{"self":[{"href":"https:\/\/maquinser.com\/pt-pt\/wp-json\/wp\/v2\/pages\/1133","targetHints":{"allow":["GET"]}}],"collection":[{"href":"https:\/\/maquinser.com\/pt-pt\/wp-json\/wp\/v2\/pages"}],"about":[{"href":"https:\/\/maquinser.com\/pt-pt\/wp-json\/wp\/v2\/types\/page"}],"author":[{"embeddable":true,"href":"https:\/\/maquinser.com\/pt-pt\/wp-json\/wp\/v2\/users\/1"}],"replies":[{"embeddable":true,"href":"https:\/\/maquinser.com\/pt-pt\/wp-json\/wp\/v2\/comments?post=1133"}],"version-history":[{"count":0,"href":"https:\/\/maquinser.com\/pt-pt\/wp-json\/wp\/v2\/pages\/1133\/revisions"}],"up":[{"embeddable":true,"href":"https:\/\/maquinser.com\/pt-pt\/wp-json\/wp\/v2\/pages\/1127"}],"wp:attachment":[{"href":"https:\/\/maquinser.com\/pt-pt\/wp-json\/wp\/v2\/media?parent=1133"}],"curies":[{"name":"wp","href":"https:\/\/api.w.org\/{rel}","templated":true}]}}