{"id":1119,"date":"2015-04-15T11:38:05","date_gmt":"2015-04-15T10:38:05","guid":{"rendered":"https:\/\/demo.maquinser.com\/?page_id=1119"},"modified":"2017-05-10T16:52:04","modified_gmt":"2017-05-10T15:52:04","slug":"fresagem","status":"publish","type":"page","link":"https:\/\/maquinser.com\/pt-pt\/produtos\/fresagem\/","title":{"rendered":"Fresagem"},"content":{"rendered":"[vc_row center_row=&#8221;yes&#8221;][vc_column width=&#8221;1\/2&#8243;][vc_single_image image=&#8221;1650&#8243; img_size=&#8221;475&#215;200&#8243;][\/vc_column][vc_column width=&#8221;1\/2&#8243;][vc_column_text]\n<p style=\"text-align: justify; font-size: 16px;\">Em fun\u00e7\u00e3o das suas necessidades, a MAQUINSER disp\u00f5e da m\u00e1quina adequada para as suas necessidades de maquinagem, tanto em centros de maquinagem verticais como centros horizontais, como em 5 eixos, na MAQUINSER apresentamos-lhe a melhor solu\u00e7\u00e3o.<\/p>\n[\/vc_column_text][\/vc_column][\/vc_row][vc_row center_row=&#8221;yes&#8221; margin_top=&#8221;20&#8243; id=&#8221;grid_mec&#8221; el_class=&#8221;mq_fresagem&#8221;][vc_column]<div class=\"vcex-module vcex-portfolio-grid-wrap wpex-clr\"><div class=\"wpex-row vcex-portfolio-grid wpex-clr entries\"><div class=\"portfolio-entry vcex-grid-item span_1_of_6 col col-1 post-7961 entry type-portfolio has-media cat-57 cat-55 cat-59 cat-55 cat-47 cat-45 cat-48 cat-45 cat-49 cat-45 cat-61 cat-55 cat-51 cat-45\"><div class=\"portfolio-entry-inner entry-inner wpex-first-mt-0 wpex-last-mb-0 wpex-clr\"><div class=\"portfolio-entry-media entry-media\"><a href=\"https:\/\/maquinser.com\/pt-pt\/mandelli\/\" title=\"Mandelli\" class=\"portfolio-entry-media-link\"><img decoding=\"async\" width=\"413\" height=\"236\" src=\"https:\/\/maquinser.com\/wp-content\/uploads\/2018\/05\/Representadas_312x232_Mandelli-20.jpg\" class=\"portfolio-entry-img wpex-align-middle\" alt=\"\" loading=\"lazy\" srcset=\"https:\/\/maquinser.com\/wp-content\/uploads\/2018\/05\/Representadas_312x232_Mandelli-20.jpg 413w, https:\/\/maquinser.com\/wp-content\/uploads\/2018\/05\/Representadas_312x232_Mandelli-20-300x171.jpg 300w\" sizes=\"auto, (max-width: 413px) 100vw, 413px\" \/><\/a><\/div><\/div><\/div><div class=\"portfolio-entry vcex-grid-item span_1_of_6 col col-2 post-3282 entry type-portfolio has-media cat-57 cat-55 cat-58 cat-55 cat-59 cat-55 cat-46 cat-45 cat-60 cat-55 cat-47 cat-45 cat-48 cat-45 cat-49 cat-45 cat-61 cat-55 cat-51 cat-45 translation_priority-1498\"><div class=\"portfolio-entry-inner entry-inner wpex-first-mt-0 wpex-last-mb-0 wpex-clr\"><div class=\"portfolio-entry-media entry-media\"><a href=\"https:\/\/maquinser.com\/pt-pt\/ken\/\" title=\"Ken\" class=\"portfolio-entry-media-link\"><img decoding=\"async\" width=\"2560\" height=\"1810\" src=\"https:\/\/maquinser.com\/wp-content\/uploads\/2021\/10\/KENLogo_EN-scaled-e1635432578241.jpg\" class=\"portfolio-entry-img wpex-align-middle\" alt=\"\" loading=\"lazy\" \/><\/a><\/div><\/div><\/div><div class=\"portfolio-entry vcex-grid-item span_1_of_6 col col-3 post-1568 entry type-portfolio has-media cat-57 cat-55 cat-46 cat-45 cat-60 cat-55 cat-47 cat-45 cat-49 cat-45 cat-61 cat-55\"><div class=\"portfolio-entry-inner entry-inner wpex-first-mt-0 wpex-last-mb-0 wpex-clr\"><div class=\"portfolio-entry-media entry-media\"><a href=\"https:\/\/maquinser.com\/pt-pt\/kafo\/\" title=\"KAFO\" class=\"portfolio-entry-media-link\"><img decoding=\"async\" width=\"312\" height=\"232\" src=\"https:\/\/maquinser.com\/wp-content\/uploads\/2015\/06\/kafo.jpg\" class=\"portfolio-entry-img wpex-align-middle\" alt=\"\" loading=\"lazy\" srcset=\"https:\/\/maquinser.com\/wp-content\/uploads\/2015\/06\/kafo.jpg 312w, https:\/\/maquinser.com\/wp-content\/uploads\/2015\/06\/kafo-300x223.jpg 300w, https:\/\/maquinser.com\/wp-content\/uploads\/2015\/06\/kafo-151x113.jpg 151w\" sizes=\"auto, (max-width: 312px) 100vw, 312px\" \/><\/a><\/div><\/div><\/div><div class=\"portfolio-entry vcex-grid-item span_1_of_6 col col-4 post-1087 entry type-portfolio has-media cat-59 cat-55 cat-60 cat-55 cat-47 cat-45 translation_priority-1498\"><div class=\"portfolio-entry-inner entry-inner wpex-first-mt-0 wpex-last-mb-0 wpex-clr\"><div class=\"portfolio-entry-media entry-media\"><a href=\"https:\/\/maquinser.com\/pt-pt\/niigata\/\" title=\"Niigata\" class=\"portfolio-entry-media-link\"><img decoding=\"async\" width=\"312\" height=\"232\" src=\"https:\/\/maquinser.com\/wp-content\/uploads\/2015\/03\/Niigata.jpg\" class=\"portfolio-entry-img wpex-align-middle\" alt=\"\" loading=\"lazy\" srcset=\"https:\/\/maquinser.com\/wp-content\/uploads\/2015\/03\/Niigata.jpg 312w, https:\/\/maquinser.com\/wp-content\/uploads\/2015\/03\/Niigata-300x223.jpg 300w, https:\/\/maquinser.com\/wp-content\/uploads\/2015\/03\/Niigata-151x113.jpg 151w\" sizes=\"auto, (max-width: 312px) 100vw, 312px\" \/><\/a><\/div><\/div><\/div><div class=\"portfolio-entry vcex-grid-item span_1_of_6 col col-5 post-1110 entry type-portfolio has-media cat-60 cat-55 cat-49 cat-45\"><div class=\"portfolio-entry-inner entry-inner wpex-first-mt-0 wpex-last-mb-0 wpex-clr\"><div class=\"portfolio-entry-media entry-media\"><a href=\"https:\/\/maquinser.com\/pt-pt\/first\/\" title=\"First\" class=\"portfolio-entry-media-link\"><img decoding=\"async\" width=\"312\" height=\"232\" src=\"https:\/\/maquinser.com\/wp-content\/uploads\/2015\/04\/First.jpg\" class=\"portfolio-entry-img wpex-align-middle\" alt=\"\" loading=\"lazy\" srcset=\"https:\/\/maquinser.com\/wp-content\/uploads\/2015\/04\/First.jpg 312w, https:\/\/maquinser.com\/wp-content\/uploads\/2015\/04\/First-300x223.jpg 300w, https:\/\/maquinser.com\/wp-content\/uploads\/2015\/04\/First-151x113.jpg 151w\" sizes=\"auto, (max-width: 312px) 100vw, 312px\" \/><\/a><\/div><\/div><\/div><div class=\"portfolio-entry vcex-grid-item span_1_of_6 col col-6 post-1109 entry type-portfolio has-media cat-64 cat-63 cat-65 cat-63 cat-60 cat-55 cat-47 cat-45 cat-48 cat-45 cat-49 cat-45 cat-67 cat-63 cat-68 cat-63 translation_priority-1498\"><div class=\"portfolio-entry-inner entry-inner wpex-first-mt-0 wpex-last-mb-0 wpex-clr\"><div class=\"portfolio-entry-media entry-media\"><a href=\"https:\/\/maquinser.com\/pt-pt\/leadwell\/\" title=\"Leadwell\" class=\"portfolio-entry-media-link\"><img decoding=\"async\" width=\"312\" height=\"232\" src=\"https:\/\/maquinser.com\/wp-content\/uploads\/2015\/03\/Leadwell.jpg\" class=\"portfolio-entry-img wpex-align-middle\" alt=\"\" loading=\"lazy\" srcset=\"https:\/\/maquinser.com\/wp-content\/uploads\/2015\/03\/Leadwell.jpg 312w, https:\/\/maquinser.com\/wp-content\/uploads\/2015\/03\/Leadwell-300x223.jpg 300w, https:\/\/maquinser.com\/wp-content\/uploads\/2015\/03\/Leadwell-151x113.jpg 151w\" sizes=\"auto, (max-width: 312px) 100vw, 312px\" \/><\/a><\/div><\/div><\/div><div class=\"portfolio-entry vcex-grid-item span_1_of_6 col col-1 post-1100 entry type-portfolio has-media cat-57 cat-55 cat-58 cat-55 cat-56 cat-55 cat-48 cat-45 cat-49 cat-45 cat-62 cat-55 translation_priority-1498\"><div class=\"portfolio-entry-inner entry-inner wpex-first-mt-0 wpex-last-mb-0 wpex-clr\"><div class=\"portfolio-entry-media entry-media\"><a href=\"https:\/\/maquinser.com\/pt-pt\/datron\/\" title=\"Datron\" class=\"portfolio-entry-media-link\"><img decoding=\"async\" width=\"312\" height=\"232\" src=\"https:\/\/maquinser.com\/wp-content\/uploads\/2015\/03\/Datron.jpg\" class=\"portfolio-entry-img wpex-align-middle\" alt=\"\" loading=\"lazy\" srcset=\"https:\/\/maquinser.com\/wp-content\/uploads\/2015\/03\/Datron.jpg 312w, https:\/\/maquinser.com\/wp-content\/uploads\/2015\/03\/Datron-300x223.jpg 300w, https:\/\/maquinser.com\/wp-content\/uploads\/2015\/03\/Datron-151x113.jpg 151w\" sizes=\"auto, (max-width: 312px) 100vw, 312px\" \/><\/a><\/div><\/div><\/div><div class=\"portfolio-entry vcex-grid-item span_1_of_6 col col-2 post-1092 entry type-portfolio has-media cat-58 cat-55 cat-47 cat-45 cat-48 cat-45 cat-49 cat-45 cat-50 cat-45\"><div class=\"portfolio-entry-inner entry-inner wpex-first-mt-0 wpex-last-mb-0 wpex-clr\"><div class=\"portfolio-entry-media entry-media\"><a href=\"https:\/\/maquinser.com\/pt-pt\/kira\/\" title=\"Kira\" class=\"portfolio-entry-media-link\"><img decoding=\"async\" width=\"312\" height=\"232\" src=\"https:\/\/maquinser.com\/wp-content\/uploads\/2015\/04\/Kira.jpg\" class=\"portfolio-entry-img wpex-align-middle\" alt=\"\" loading=\"lazy\" srcset=\"https:\/\/maquinser.com\/wp-content\/uploads\/2015\/04\/Kira.jpg 312w, https:\/\/maquinser.com\/wp-content\/uploads\/2015\/04\/Kira-300x223.jpg 300w, https:\/\/maquinser.com\/wp-content\/uploads\/2015\/04\/Kira-151x113.jpg 151w\" sizes=\"auto, (max-width: 312px) 100vw, 312px\" \/><\/a><\/div><\/div><\/div><div class=\"portfolio-entry vcex-grid-item span_1_of_6 col col-3 post-1085 entry type-portfolio has-media cat-57 cat-55 cat-59 cat-55 cat-46 cat-45 cat-47 cat-45 cat-48 cat-45 cat-49 cat-45 cat-61 cat-55 cat-51 cat-45 translation_priority-1498\"><div class=\"portfolio-entry-inner entry-inner wpex-first-mt-0 wpex-last-mb-0 wpex-clr\"><div class=\"portfolio-entry-media entry-media\"><a href=\"https:\/\/maquinser.com\/pt-pt\/snk\/\" title=\"SNK\" class=\"portfolio-entry-media-link\"><img decoding=\"async\" width=\"312\" height=\"232\" src=\"https:\/\/maquinser.com\/wp-content\/uploads\/2015\/03\/SNK.jpg\" class=\"portfolio-entry-img wpex-align-middle\" alt=\"\" loading=\"lazy\" srcset=\"https:\/\/maquinser.com\/wp-content\/uploads\/2015\/03\/SNK.jpg 312w, https:\/\/maquinser.com\/wp-content\/uploads\/2015\/03\/SNK-300x223.jpg 300w, https:\/\/maquinser.com\/wp-content\/uploads\/2015\/03\/SNK-151x113.jpg 151w\" sizes=\"auto, (max-width: 312px) 100vw, 312px\" \/><\/a><\/div><\/div><\/div><div class=\"portfolio-entry vcex-grid-item span_1_of_6 col col-4 post-1080 entry type-portfolio has-media cat-57 cat-55 cat-58 cat-55 cat-56 cat-55 cat-46 cat-45 cat-60 cat-55 cat-47 cat-45 cat-48 cat-45 cat-49 cat-45 cat-61 cat-55 cat-51 cat-45 translation_priority-1498\"><div class=\"portfolio-entry-inner entry-inner wpex-first-mt-0 wpex-last-mb-0 wpex-clr\"><div class=\"portfolio-entry-media entry-media\"><a href=\"https:\/\/maquinser.com\/pt-pt\/matsuura\/\" title=\"Matsuura\" class=\"portfolio-entry-media-link\"><img decoding=\"async\" width=\"312\" height=\"232\" src=\"https:\/\/maquinser.com\/wp-content\/uploads\/2015\/04\/Matsuura.jpg\" class=\"portfolio-entry-img wpex-align-middle\" alt=\"\" loading=\"lazy\" srcset=\"https:\/\/maquinser.com\/wp-content\/uploads\/2015\/04\/Matsuura.jpg 312w, https:\/\/maquinser.com\/wp-content\/uploads\/2015\/04\/Matsuura-151x113.jpg 151w\" sizes=\"auto, (max-width: 312px) 100vw, 312px\" \/><\/a><\/div><\/div><\/div><\/div><\/div>[\/vc_column][\/vc_row]\n","protected":false},"excerpt":{"rendered":"<p>[vc_row center_row=&#8221;yes&#8221;][vc_column width=&#8221;1\/2&#8243;][vc_single_image image=&#8221;1650&#8243; img_size=&#8221;475&#215;200&#8243;][\/vc_column][vc_column width=&#8221;1\/2&#8243;][vc_column_text] Em fun\u00e7\u00e3o das suas necessidades, a MAQUINSER disp\u00f5e da m\u00e1quina adequada para as suas necessidades de maquinagem, tanto em centros de maquinagem verticais como centros horizontais, como em 5 eixos, na MAQUINSER apresentamos-lhe a melhor solu\u00e7\u00e3o. [\/vc_column_text][\/vc_column][\/vc_row][vc_row center_row=&#8221;yes&#8221; margin_top=&#8221;20&#8243; id=&#8221;grid_mec&#8221; el_class=&#8221;mq_fresagem&#8221;][vc_column][\/vc_column][\/vc_row]<\/p>\n","protected":false},"author":1,"featured_media":0,"parent":1117,"menu_order":0,"comment_status":"closed","ping_status":"closed","template":"","meta":{"footnotes":""},"class_list":["post-1119","page","type-page","status-publish","hentry","entry","has-media"],"yoast_head":"<!-- This site is optimized with the Yoast SEO plugin v27.5 - https:\/\/yoast.com\/product\/yoast-seo-wordpress\/ -->\n<title>Fresagem - Maquinser - Maquinaria y Servicios para la Industria Metalmec\u00e1nica<\/title>\n<meta name=\"robots\" content=\"index, follow, max-snippet:-1, max-image-preview:large, max-video-preview:-1\" \/>\n<link rel=\"canonical\" href=\"https:\/\/maquinser.com\/pt-pt\/produtos\/fresagem\/\" \/>\n<meta property=\"og:locale\" content=\"pt_PT\" \/>\n<meta property=\"og:type\" content=\"article\" \/>\n<meta property=\"og:title\" content=\"Fresagem - Maquinser - Maquinaria y Servicios para la Industria Metalmec\u00e1nica\" \/>\n<meta property=\"og:description\" content=\"[vc_row center_row=&#8221;yes&#8221;][vc_column width=&#8221;1\/2&#8243;][vc_single_image image=&#8221;1650&#8243; img_size=&#8221;475&#215;200&#8243;][\/vc_column][vc_column width=&#8221;1\/2&#8243;][vc_column_text] Em fun\u00e7\u00e3o das suas necessidades, a MAQUINSER disp\u00f5e da m\u00e1quina adequada para as suas necessidades de maquinagem, tanto em centros de maquinagem verticais como centros horizontais, como em 5 eixos, na MAQUINSER apresentamos-lhe a melhor solu\u00e7\u00e3o. [\/vc_column_text][\/vc_column][\/vc_row][vc_row center_row=&#8221;yes&#8221; margin_top=&#8221;20&#8243; id=&#8221;grid_mec&#8221; el_class=&#8221;mq_fresagem&#8221;][vc_column][\/vc_column][\/vc_row]\" \/>\n<meta property=\"og:url\" content=\"https:\/\/maquinser.com\/pt-pt\/produtos\/fresagem\/\" \/>\n<meta property=\"og:site_name\" content=\"Maquinser - Maquinaria y Servicios para la Industria Metalmec\u00e1nica\" \/>\n<meta property=\"article:publisher\" content=\"http:\/\/fb.me\/Maquinser\" \/>\n<meta property=\"article:modified_time\" content=\"2017-05-10T15:52:04+00:00\" \/>\n<meta name=\"twitter:card\" content=\"summary_large_image\" \/>\n<meta name=\"twitter:site\" content=\"@Maquinser\" \/>\n<meta name=\"twitter:label1\" content=\"Tempo estimado de leitura\" \/>\n\t<meta name=\"twitter:data1\" content=\"1 minuto\" \/>\n<script type=\"application\/ld+json\" class=\"yoast-schema-graph\">{\"@context\":\"https:\\\/\\\/schema.org\",\"@graph\":[{\"@type\":\"WebPage\",\"@id\":\"https:\\\/\\\/maquinser.com\\\/pt-pt\\\/produtos\\\/fresagem\\\/\",\"url\":\"https:\\\/\\\/maquinser.com\\\/pt-pt\\\/produtos\\\/fresagem\\\/\",\"name\":\"Fresagem - Maquinser - Maquinaria y Servicios para la Industria Metalmec\u00e1nica\",\"isPartOf\":{\"@id\":\"https:\\\/\\\/maquinser.com\\\/pt-pt\\\/#website\"},\"datePublished\":\"2015-04-15T10:38:05+00:00\",\"dateModified\":\"2017-05-10T15:52:04+00:00\",\"breadcrumb\":{\"@id\":\"https:\\\/\\\/maquinser.com\\\/pt-pt\\\/produtos\\\/fresagem\\\/#breadcrumb\"},\"inLanguage\":\"pt-PT\",\"potentialAction\":[{\"@type\":\"ReadAction\",\"target\":[\"https:\\\/\\\/maquinser.com\\\/pt-pt\\\/produtos\\\/fresagem\\\/\"]}]},{\"@type\":\"BreadcrumbList\",\"@id\":\"https:\\\/\\\/maquinser.com\\\/pt-pt\\\/produtos\\\/fresagem\\\/#breadcrumb\",\"itemListElement\":[{\"@type\":\"ListItem\",\"position\":1,\"name\":\"Portada\",\"item\":\"https:\\\/\\\/maquinser.com\\\/pt-pt\\\/\"},{\"@type\":\"ListItem\",\"position\":2,\"name\":\"Produtos\",\"item\":\"https:\\\/\\\/maquinser.com\\\/pt-pt\\\/produtos\\\/\"},{\"@type\":\"ListItem\",\"position\":3,\"name\":\"Fresagem\"}]},{\"@type\":\"WebSite\",\"@id\":\"https:\\\/\\\/maquinser.com\\\/pt-pt\\\/#website\",\"url\":\"https:\\\/\\\/maquinser.com\\\/pt-pt\\\/\",\"name\":\"Maquinser - Maquinaria y Servicios para la Industria Metalmec\u00e1nica\",\"description\":\"\",\"publisher\":{\"@id\":\"https:\\\/\\\/maquinser.com\\\/pt-pt\\\/#organization\"},\"potentialAction\":[{\"@type\":\"SearchAction\",\"target\":{\"@type\":\"EntryPoint\",\"urlTemplate\":\"https:\\\/\\\/maquinser.com\\\/pt-pt\\\/?s={search_term_string}\"},\"query-input\":{\"@type\":\"PropertyValueSpecification\",\"valueRequired\":true,\"valueName\":\"search_term_string\"}}],\"inLanguage\":\"pt-PT\"},{\"@type\":\"Organization\",\"@id\":\"https:\\\/\\\/maquinser.com\\\/pt-pt\\\/#organization\",\"name\":\"Maquinser\",\"url\":\"https:\\\/\\\/maquinser.com\\\/pt-pt\\\/\",\"logo\":{\"@type\":\"ImageObject\",\"inLanguage\":\"pt-PT\",\"@id\":\"https:\\\/\\\/maquinser.com\\\/pt-pt\\\/#\\\/schema\\\/logo\\\/image\\\/\",\"url\":\"http:\\\/\\\/maquinser.com\\\/wp-content\\\/uploads\\\/2016\\\/10\\\/MAQUINSER_Logo_oficial.jpg\",\"contentUrl\":\"http:\\\/\\\/maquinser.com\\\/wp-content\\\/uploads\\\/2016\\\/10\\\/MAQUINSER_Logo_oficial.jpg\",\"width\":1411,\"height\":326,\"caption\":\"Maquinser\"},\"image\":{\"@id\":\"https:\\\/\\\/maquinser.com\\\/pt-pt\\\/#\\\/schema\\\/logo\\\/image\\\/\"},\"sameAs\":[\"http:\\\/\\\/fb.me\\\/Maquinser\",\"https:\\\/\\\/x.com\\\/Maquinser\",\"http:\\\/\\\/maquinser20s.a.\"]}]}<\/script>\n<!-- \/ Yoast SEO plugin. -->","yoast_head_json":{"title":"Fresagem - Maquinser - Maquinaria y Servicios para la Industria Metalmec\u00e1nica","robots":{"index":"index","follow":"follow","max-snippet":"max-snippet:-1","max-image-preview":"max-image-preview:large","max-video-preview":"max-video-preview:-1"},"canonical":"https:\/\/maquinser.com\/pt-pt\/produtos\/fresagem\/","og_locale":"pt_PT","og_type":"article","og_title":"Fresagem - Maquinser - Maquinaria y Servicios para la Industria Metalmec\u00e1nica","og_description":"[vc_row center_row=&#8221;yes&#8221;][vc_column width=&#8221;1\/2&#8243;][vc_single_image image=&#8221;1650&#8243; img_size=&#8221;475&#215;200&#8243;][\/vc_column][vc_column width=&#8221;1\/2&#8243;][vc_column_text] Em fun\u00e7\u00e3o das suas necessidades, a MAQUINSER disp\u00f5e da m\u00e1quina adequada para as suas necessidades de maquinagem, tanto em centros de maquinagem verticais como centros horizontais, como em 5 eixos, na MAQUINSER apresentamos-lhe a melhor solu\u00e7\u00e3o. [\/vc_column_text][\/vc_column][\/vc_row][vc_row center_row=&#8221;yes&#8221; margin_top=&#8221;20&#8243; id=&#8221;grid_mec&#8221; el_class=&#8221;mq_fresagem&#8221;][vc_column][\/vc_column][\/vc_row]","og_url":"https:\/\/maquinser.com\/pt-pt\/produtos\/fresagem\/","og_site_name":"Maquinser - Maquinaria y Servicios para la Industria Metalmec\u00e1nica","article_publisher":"http:\/\/fb.me\/Maquinser","article_modified_time":"2017-05-10T15:52:04+00:00","twitter_card":"summary_large_image","twitter_site":"@Maquinser","twitter_misc":{"Tempo estimado de leitura":"1 minuto"},"schema":{"@context":"https:\/\/schema.org","@graph":[{"@type":"WebPage","@id":"https:\/\/maquinser.com\/pt-pt\/produtos\/fresagem\/","url":"https:\/\/maquinser.com\/pt-pt\/produtos\/fresagem\/","name":"Fresagem - Maquinser - Maquinaria y Servicios para la Industria Metalmec\u00e1nica","isPartOf":{"@id":"https:\/\/maquinser.com\/pt-pt\/#website"},"datePublished":"2015-04-15T10:38:05+00:00","dateModified":"2017-05-10T15:52:04+00:00","breadcrumb":{"@id":"https:\/\/maquinser.com\/pt-pt\/produtos\/fresagem\/#breadcrumb"},"inLanguage":"pt-PT","potentialAction":[{"@type":"ReadAction","target":["https:\/\/maquinser.com\/pt-pt\/produtos\/fresagem\/"]}]},{"@type":"BreadcrumbList","@id":"https:\/\/maquinser.com\/pt-pt\/produtos\/fresagem\/#breadcrumb","itemListElement":[{"@type":"ListItem","position":1,"name":"Portada","item":"https:\/\/maquinser.com\/pt-pt\/"},{"@type":"ListItem","position":2,"name":"Produtos","item":"https:\/\/maquinser.com\/pt-pt\/produtos\/"},{"@type":"ListItem","position":3,"name":"Fresagem"}]},{"@type":"WebSite","@id":"https:\/\/maquinser.com\/pt-pt\/#website","url":"https:\/\/maquinser.com\/pt-pt\/","name":"Maquinser - Maquinaria y Servicios para la Industria Metalmec\u00e1nica","description":"","publisher":{"@id":"https:\/\/maquinser.com\/pt-pt\/#organization"},"potentialAction":[{"@type":"SearchAction","target":{"@type":"EntryPoint","urlTemplate":"https:\/\/maquinser.com\/pt-pt\/?s={search_term_string}"},"query-input":{"@type":"PropertyValueSpecification","valueRequired":true,"valueName":"search_term_string"}}],"inLanguage":"pt-PT"},{"@type":"Organization","@id":"https:\/\/maquinser.com\/pt-pt\/#organization","name":"Maquinser","url":"https:\/\/maquinser.com\/pt-pt\/","logo":{"@type":"ImageObject","inLanguage":"pt-PT","@id":"https:\/\/maquinser.com\/pt-pt\/#\/schema\/logo\/image\/","url":"http:\/\/maquinser.com\/wp-content\/uploads\/2016\/10\/MAQUINSER_Logo_oficial.jpg","contentUrl":"http:\/\/maquinser.com\/wp-content\/uploads\/2016\/10\/MAQUINSER_Logo_oficial.jpg","width":1411,"height":326,"caption":"Maquinser"},"image":{"@id":"https:\/\/maquinser.com\/pt-pt\/#\/schema\/logo\/image\/"},"sameAs":["http:\/\/fb.me\/Maquinser","https:\/\/x.com\/Maquinser","http:\/\/maquinser20s.a."]}]}},"_links":{"self":[{"href":"https:\/\/maquinser.com\/pt-pt\/wp-json\/wp\/v2\/pages\/1119","targetHints":{"allow":["GET"]}}],"collection":[{"href":"https:\/\/maquinser.com\/pt-pt\/wp-json\/wp\/v2\/pages"}],"about":[{"href":"https:\/\/maquinser.com\/pt-pt\/wp-json\/wp\/v2\/types\/page"}],"author":[{"embeddable":true,"href":"https:\/\/maquinser.com\/pt-pt\/wp-json\/wp\/v2\/users\/1"}],"replies":[{"embeddable":true,"href":"https:\/\/maquinser.com\/pt-pt\/wp-json\/wp\/v2\/comments?post=1119"}],"version-history":[{"count":1,"href":"https:\/\/maquinser.com\/pt-pt\/wp-json\/wp\/v2\/pages\/1119\/revisions"}],"predecessor-version":[{"id":3078,"href":"https:\/\/maquinser.com\/pt-pt\/wp-json\/wp\/v2\/pages\/1119\/revisions\/3078"}],"up":[{"embeddable":true,"href":"https:\/\/maquinser.com\/pt-pt\/wp-json\/wp\/v2\/pages\/1117"}],"wp:attachment":[{"href":"https:\/\/maquinser.com\/pt-pt\/wp-json\/wp\/v2\/media?parent=1119"}],"curies":[{"name":"wp","href":"https:\/\/api.w.org\/{rel}","templated":true}]}}