{"id":1117,"date":"2015-04-15T11:37:00","date_gmt":"2015-04-15T10:37:00","guid":{"rendered":"https:\/\/demo.maquinser.com\/?page_id=1117"},"modified":"2015-05-19T09:30:17","modified_gmt":"2015-05-19T08:30:17","slug":"produtos","status":"publish","type":"page","link":"https:\/\/maquinser.com\/pt-pt\/produtos\/","title":{"rendered":"Produtos"},"content":{"rendered":"[vc_row margin_bottom=&#8221;30&#8243; bg_color=&#8221;#f5f5f5&#8243; center_row=&#8221;yes&#8221; margin_top=&#8221;-40&#8243; padding_top=&#8221;20&#8243; padding_bottom=&#8221;20&#8243;][vc_column width=&#8221;1\/1&#8243;][vc_column_text]\n<p class=\"western\" lang=\"es-ES\" style=\"text-align: justify; font-size: 16px;\" align=\"justify\">Mais de 40 anos a trabalhar com as mais importantes empresas de maquinagem permitiram que a MAQUINSER se especializasse em todos os setores em que se aplica a maquinagem.<\/p>\n<p class=\"western\" lang=\"es-ES\" style=\"text-align: justify; font-size: 16px;\" align=\"justify\">E com cada aplica\u00e7\u00e3o o nosso departamento de Engenharia personalizou cada uma das nossas m\u00e1quinas a cada tipologia de pe\u00e7a de forma que o arranque seja o mais simples poss\u00edvel para aqueles clientes que confiam na MAQUINSER.<\/p>\n<p class=\"western\" lang=\"es-ES\" style=\"text-align: justify; font-size: 16px;\" align=\"justify\">Pioneiros em muitas das novas tecnologias de maquinagem, como na maquinagem de alta velocidade, a maquinagem de 5 eixos ou os sistemas de torneamento de cabe\u00e7a dupla com carga integrada, fornecemos ao mercado nacional mais de 1.500 m\u00e1quinas de CNC durante este per\u00edodo.<\/p>\n<p class=\"western\" lang=\"es-ES\" style=\"text-align: justify; font-size: 16px;\" align=\"justify\">Na MAQUINSER podemos oferecer as solu\u00e7\u00f5es certas que os nossos clientes necessitam, desde a m\u00e1quina mais simples e de baixo pre\u00e7o, at\u00e9 ao sistema produtivo mais complexo.<\/p>\n[\/vc_column_text][\/vc_column][\/vc_row][vc_row center_row=&#8221;yes&#8221;][vc_column width=&#8221;1\/2&#8243;]<div class=\"vcex-module vcex-teaser vcex-teaser-four wpex-border wpex-border-solid wpex-border-gray-200\"><div class=\"vcex-teaser-content clr wpex-p-20\"><h2 class=\"vcex-teaser-heading wpex-heading wpex-text-lg\"><a href=\"http:\/\/maquinser.com\/pt-pt\/productos\/fresagem\/\" title=\"FRESAGEM\" class=\"wpex-no-underline\">FRESAGEM<\/a><\/h2><div class=\"vcex-teaser-text wpex-mt-10 wpex-last-mb-0 wpex-clr\"><p>Em fun\u00e7\u00e3o das suas necessidades, a MAQUINSER disp\u00f5e da m\u00e1quina adequada para as suas necessidades de maquinagem, tanto em centros de maquinagem verticais como centros horizontais, como em 5 eixos, na MAQUINSER apresentamos-lhe a melhor solu\u00e7\u00e3o.<\/p>\n<\/div><\/div><\/div>[\/vc_column][vc_column width=&#8221;1\/2&#8243;]<div class=\"vcex-module vcex-teaser vcex-teaser-four wpex-border wpex-border-solid wpex-border-gray-200\"><div class=\"vcex-teaser-content clr wpex-p-20\"><h2 class=\"vcex-teaser-heading wpex-heading wpex-text-lg\"><a href=\"http:\/\/maquinser.com\/pt-pt\/productos\/torneamento\/\" title=\"TORNEAMENTO\" class=\"wpex-no-underline\">TORNEAMENTO<\/a><\/h2><div class=\"vcex-teaser-text wpex-mt-10 wpex-last-mb-0 wpex-clr\"><p>Dispomos de uma vasta gama de solu\u00e7\u00f5es para o torneamento desde os 2 eixos at\u00e9 \u00e0s mais sofisticadas m\u00e1quinas de torres m\u00faltiplas com mais de 20 eixos ou os sistemas de carga robotizada para implementar diretamente na sua linha de produ\u00e7\u00e3o.<\/p>\n<\/div><\/div><\/div>[\/vc_column][\/vc_row][vc_row center_row=&#8221;yes&#8221; parallax_mobile=&#8221;&#8221; video_bg=&#8221;&#8221;][vc_column width=&#8221;1\/2&#8243;]<div class=\"vcex-module vcex-teaser vcex-teaser-four wpex-border wpex-border-solid wpex-border-gray-200\"><div class=\"vcex-teaser-content clr wpex-p-20\"><h2 class=\"vcex-teaser-heading wpex-heading wpex-text-lg\"><a href=\"http:\/\/maquinser.com\/pt-pt\/productos\/retificacao\/\" title=\"RETIFICA\u00c7\u00c3O\" class=\"wpex-no-underline\">RETIFICA\u00c7\u00c3O<\/a><\/h2><div class=\"vcex-teaser-text wpex-mt-10 wpex-last-mb-0 wpex-clr\"><p>A MAQUINSER disp\u00f5e de uma vast\u00edssima gama de retificadores cil\u00edndricos, tangenciais e perfiladoras de alta precis\u00e3o.<\/p>\n<\/div><\/div><\/div>[\/vc_column][vc_column width=&#8221;1\/2&#8243;]<div class=\"vcex-module vcex-teaser vcex-teaser-four wpex-border wpex-border-solid wpex-border-gray-200\"><div class=\"vcex-teaser-content clr wpex-p-20\"><h2 class=\"vcex-teaser-heading wpex-heading wpex-text-lg\"><a href=\"http:\/\/maquinser.com\/pt-pt\/productos\/lavagem\" title=\"LAVAGEM\" class=\"wpex-no-underline\">LAVAGEM<\/a><\/h2><div class=\"vcex-teaser-text wpex-mt-10 wpex-last-mb-0 wpex-clr\"><p>A MAQUINSER disp\u00f5e de uma vast\u00edssima gama de retificadores cil\u00edndricos, tangenciais e perfiladoras de alta precis\u00e3o.<\/p>\n<\/div><\/div><\/div>[\/vc_column][\/vc_row]\n","protected":false},"excerpt":{"rendered":"<p>[vc_row margin_bottom=&#8221;30&#8243; bg_color=&#8221;#f5f5f5&#8243; center_row=&#8221;yes&#8221; margin_top=&#8221;-40&#8243; padding_top=&#8221;20&#8243; padding_bottom=&#8221;20&#8243;][vc_column width=&#8221;1\/1&#8243;][vc_column_text] Mais de 40 anos a trabalhar com as mais importantes empresas de maquinagem permitiram que a MAQUINSER se especializasse em todos os setores em que se aplica a maquinagem. E com cada aplica\u00e7\u00e3o o nosso departamento de Engenharia personalizou cada uma das nossas m\u00e1quinas a cada tipologia&hellip;<\/p>\n","protected":false},"author":1,"featured_media":0,"parent":0,"menu_order":0,"comment_status":"open","ping_status":"closed","template":"","meta":{"footnotes":""},"class_list":["post-1117","page","type-page","status-publish","hentry","entry","no-media"],"yoast_head":"<!-- This site is optimized with the Yoast SEO plugin v27.2 - https:\/\/yoast.com\/product\/yoast-seo-wordpress\/ -->\n<title>Produtos - Maquinser - Maquinaria y Servicios para la Industria Metalmec\u00e1nica<\/title>\n<meta name=\"robots\" content=\"index, follow, max-snippet:-1, max-image-preview:large, max-video-preview:-1\" \/>\n<link rel=\"canonical\" href=\"https:\/\/maquinser.com\/pt-pt\/produtos\/\" \/>\n<meta property=\"og:locale\" content=\"pt_PT\" \/>\n<meta property=\"og:type\" content=\"article\" \/>\n<meta property=\"og:title\" content=\"Produtos - Maquinser - Maquinaria y Servicios para la Industria Metalmec\u00e1nica\" \/>\n<meta property=\"og:description\" content=\"[vc_row margin_bottom=&#8221;30&#8243; bg_color=&#8221;#f5f5f5&#8243; center_row=&#8221;yes&#8221; margin_top=&#8221;-40&#8243; padding_top=&#8221;20&#8243; padding_bottom=&#8221;20&#8243;][vc_column width=&#8221;1\/1&#8243;][vc_column_text] Mais de 40 anos a trabalhar com as mais importantes empresas de maquinagem permitiram que a MAQUINSER se especializasse em todos os setores em que se aplica a maquinagem. E com cada aplica\u00e7\u00e3o o nosso departamento de Engenharia personalizou cada uma das nossas m\u00e1quinas a cada tipologia&hellip;\" \/>\n<meta property=\"og:url\" content=\"https:\/\/maquinser.com\/pt-pt\/produtos\/\" \/>\n<meta property=\"og:site_name\" content=\"Maquinser - Maquinaria y Servicios para la Industria Metalmec\u00e1nica\" \/>\n<meta property=\"article:publisher\" content=\"http:\/\/fb.me\/Maquinser\" \/>\n<meta property=\"article:modified_time\" content=\"2015-05-19T08:30:17+00:00\" \/>\n<meta name=\"twitter:card\" content=\"summary_large_image\" \/>\n<meta name=\"twitter:site\" content=\"@Maquinser\" \/>\n<meta name=\"twitter:label1\" content=\"Tempo estimado de leitura\" \/>\n\t<meta name=\"twitter:data1\" content=\"2 minutos\" \/>\n<script type=\"application\/ld+json\" class=\"yoast-schema-graph\">{\"@context\":\"https:\/\/schema.org\",\"@graph\":[{\"@type\":\"WebPage\",\"@id\":\"https:\/\/maquinser.com\/pt-pt\/produtos\/\",\"url\":\"https:\/\/maquinser.com\/pt-pt\/produtos\/\",\"name\":\"Produtos - Maquinser - Maquinaria y Servicios para la Industria Metalmec\u00e1nica\",\"isPartOf\":{\"@id\":\"https:\/\/maquinser.com\/#website\"},\"datePublished\":\"2015-04-15T10:37:00+00:00\",\"dateModified\":\"2015-05-19T08:30:17+00:00\",\"breadcrumb\":{\"@id\":\"https:\/\/maquinser.com\/pt-pt\/produtos\/#breadcrumb\"},\"inLanguage\":\"pt-PT\",\"potentialAction\":[{\"@type\":\"ReadAction\",\"target\":[\"https:\/\/maquinser.com\/pt-pt\/produtos\/\"]}]},{\"@type\":\"BreadcrumbList\",\"@id\":\"https:\/\/maquinser.com\/pt-pt\/produtos\/#breadcrumb\",\"itemListElement\":[{\"@type\":\"ListItem\",\"position\":1,\"name\":\"Portada\",\"item\":\"https:\/\/maquinser.com\/pt-pt\/\"},{\"@type\":\"ListItem\",\"position\":2,\"name\":\"Produtos\"}]},{\"@type\":\"WebSite\",\"@id\":\"https:\/\/maquinser.com\/#website\",\"url\":\"https:\/\/maquinser.com\/\",\"name\":\"Maquinser - Maquinaria y Servicios para la Industria Metalmec\u00e1nica\",\"description\":\"\",\"publisher\":{\"@id\":\"https:\/\/maquinser.com\/#organization\"},\"potentialAction\":[{\"@type\":\"SearchAction\",\"target\":{\"@type\":\"EntryPoint\",\"urlTemplate\":\"https:\/\/maquinser.com\/?s={search_term_string}\"},\"query-input\":{\"@type\":\"PropertyValueSpecification\",\"valueRequired\":true,\"valueName\":\"search_term_string\"}}],\"inLanguage\":\"pt-PT\"},{\"@type\":\"Organization\",\"@id\":\"https:\/\/maquinser.com\/#organization\",\"name\":\"Maquinser\",\"url\":\"https:\/\/maquinser.com\/\",\"logo\":{\"@type\":\"ImageObject\",\"inLanguage\":\"pt-PT\",\"@id\":\"https:\/\/maquinser.com\/#\/schema\/logo\/image\/\",\"url\":\"http:\/\/maquinser.com\/wp-content\/uploads\/2016\/10\/MAQUINSER_Logo_oficial.jpg\",\"contentUrl\":\"http:\/\/maquinser.com\/wp-content\/uploads\/2016\/10\/MAQUINSER_Logo_oficial.jpg\",\"width\":1411,\"height\":326,\"caption\":\"Maquinser\"},\"image\":{\"@id\":\"https:\/\/maquinser.com\/#\/schema\/logo\/image\/\"},\"sameAs\":[\"http:\/\/fb.me\/Maquinser\",\"https:\/\/x.com\/Maquinser\",\"http:\/\/maquinser20s.a.\"]}]}<\/script>\n<!-- \/ Yoast SEO plugin. -->","yoast_head_json":{"title":"Produtos - Maquinser - Maquinaria y Servicios para la Industria Metalmec\u00e1nica","robots":{"index":"index","follow":"follow","max-snippet":"max-snippet:-1","max-image-preview":"max-image-preview:large","max-video-preview":"max-video-preview:-1"},"canonical":"https:\/\/maquinser.com\/pt-pt\/produtos\/","og_locale":"pt_PT","og_type":"article","og_title":"Produtos - Maquinser - Maquinaria y Servicios para la Industria Metalmec\u00e1nica","og_description":"[vc_row margin_bottom=&#8221;30&#8243; bg_color=&#8221;#f5f5f5&#8243; center_row=&#8221;yes&#8221; margin_top=&#8221;-40&#8243; padding_top=&#8221;20&#8243; padding_bottom=&#8221;20&#8243;][vc_column width=&#8221;1\/1&#8243;][vc_column_text] Mais de 40 anos a trabalhar com as mais importantes empresas de maquinagem permitiram que a MAQUINSER se especializasse em todos os setores em que se aplica a maquinagem. E com cada aplica\u00e7\u00e3o o nosso departamento de Engenharia personalizou cada uma das nossas m\u00e1quinas a cada tipologia&hellip;","og_url":"https:\/\/maquinser.com\/pt-pt\/produtos\/","og_site_name":"Maquinser - Maquinaria y Servicios para la Industria Metalmec\u00e1nica","article_publisher":"http:\/\/fb.me\/Maquinser","article_modified_time":"2015-05-19T08:30:17+00:00","twitter_card":"summary_large_image","twitter_site":"@Maquinser","twitter_misc":{"Tempo estimado de leitura":"2 minutos"},"schema":{"@context":"https:\/\/schema.org","@graph":[{"@type":"WebPage","@id":"https:\/\/maquinser.com\/pt-pt\/produtos\/","url":"https:\/\/maquinser.com\/pt-pt\/produtos\/","name":"Produtos - Maquinser - Maquinaria y Servicios para la Industria Metalmec\u00e1nica","isPartOf":{"@id":"https:\/\/maquinser.com\/#website"},"datePublished":"2015-04-15T10:37:00+00:00","dateModified":"2015-05-19T08:30:17+00:00","breadcrumb":{"@id":"https:\/\/maquinser.com\/pt-pt\/produtos\/#breadcrumb"},"inLanguage":"pt-PT","potentialAction":[{"@type":"ReadAction","target":["https:\/\/maquinser.com\/pt-pt\/produtos\/"]}]},{"@type":"BreadcrumbList","@id":"https:\/\/maquinser.com\/pt-pt\/produtos\/#breadcrumb","itemListElement":[{"@type":"ListItem","position":1,"name":"Portada","item":"https:\/\/maquinser.com\/pt-pt\/"},{"@type":"ListItem","position":2,"name":"Produtos"}]},{"@type":"WebSite","@id":"https:\/\/maquinser.com\/#website","url":"https:\/\/maquinser.com\/","name":"Maquinser - Maquinaria y Servicios para la Industria Metalmec\u00e1nica","description":"","publisher":{"@id":"https:\/\/maquinser.com\/#organization"},"potentialAction":[{"@type":"SearchAction","target":{"@type":"EntryPoint","urlTemplate":"https:\/\/maquinser.com\/?s={search_term_string}"},"query-input":{"@type":"PropertyValueSpecification","valueRequired":true,"valueName":"search_term_string"}}],"inLanguage":"pt-PT"},{"@type":"Organization","@id":"https:\/\/maquinser.com\/#organization","name":"Maquinser","url":"https:\/\/maquinser.com\/","logo":{"@type":"ImageObject","inLanguage":"pt-PT","@id":"https:\/\/maquinser.com\/#\/schema\/logo\/image\/","url":"http:\/\/maquinser.com\/wp-content\/uploads\/2016\/10\/MAQUINSER_Logo_oficial.jpg","contentUrl":"http:\/\/maquinser.com\/wp-content\/uploads\/2016\/10\/MAQUINSER_Logo_oficial.jpg","width":1411,"height":326,"caption":"Maquinser"},"image":{"@id":"https:\/\/maquinser.com\/#\/schema\/logo\/image\/"},"sameAs":["http:\/\/fb.me\/Maquinser","https:\/\/x.com\/Maquinser","http:\/\/maquinser20s.a."]}]}},"_links":{"self":[{"href":"https:\/\/maquinser.com\/pt-pt\/wp-json\/wp\/v2\/pages\/1117","targetHints":{"allow":["GET"]}}],"collection":[{"href":"https:\/\/maquinser.com\/pt-pt\/wp-json\/wp\/v2\/pages"}],"about":[{"href":"https:\/\/maquinser.com\/pt-pt\/wp-json\/wp\/v2\/types\/page"}],"author":[{"embeddable":true,"href":"https:\/\/maquinser.com\/pt-pt\/wp-json\/wp\/v2\/users\/1"}],"replies":[{"embeddable":true,"href":"https:\/\/maquinser.com\/pt-pt\/wp-json\/wp\/v2\/comments?post=1117"}],"version-history":[{"count":0,"href":"https:\/\/maquinser.com\/pt-pt\/wp-json\/wp\/v2\/pages\/1117\/revisions"}],"wp:attachment":[{"href":"https:\/\/maquinser.com\/pt-pt\/wp-json\/wp\/v2\/media?parent=1117"}],"curies":[{"name":"wp","href":"https:\/\/api.w.org\/{rel}","templated":true}]}}