{"id":1115,"date":"2015-04-15T11:33:57","date_gmt":"2015-04-15T10:33:57","guid":{"rendered":"https:\/\/demo.maquinser.com\/?page_id=1115"},"modified":"2024-01-23T11:45:22","modified_gmt":"2024-01-23T10:45:22","slug":"delegacao-portugal","status":"publish","type":"page","link":"https:\/\/maquinser.com\/pt-pt\/empresa\/delegacao-portugal\/","title":{"rendered":"Delega\u00e7\u00e3o Portugal"},"content":{"rendered":"[vc_row margin_bottom=&#8221;10&#8243;][vc_column][vc_single_image image=&#8221;7610&#8243;][vc_column_text css=&#8221;.vc_custom_1565031305035{padding-top: 20px !important;}&#8221;]Rua do Caulino, 226, \/ 4445-259 Alfena\u2013 OPORTO \/ PORTUGAL \/ Tel. +351 229 42 65 33 \/ M\u00f3v. +351 910 62 88 21 \/ Fax. +351 229 42 11 31[\/vc_column_text][\/vc_column][\/vc_row][vc_row margin_bottom=&#8221;20&#8243;][vc_column width=&#8221;1\/3&#8243;][vc_gmaps link=&#8221;#E-8_JTNDaWZyYW1lJTIwc3JjJTNEJTIyaHR0cHMlM0ElMkYlMkZ3d3cuZ29vZ2xlLmNvbSUyRm1hcHMlMkZlbWJlZCUzRnBiJTNEJTIxMW0xOCUyMTFtMTIlMjExbTMlMjExZDMwMDAuNTU2Njg3NzExNzE0NCUyMTJkLTguNTM3MDU0ODg0NTc5MDY0JTIxM2Q0MS4yMzE0MzAyNzkyNzg4OCUyMTJtMyUyMTFmMCUyMTJmMCUyMTNmMCUyMTNtMiUyMTFpMTAyNCUyMTJpNzY4JTIxNGYxMy4xJTIxM20zJTIxMW0yJTIxMXMweGQyNDYxMGVjMjRjNWJiZCUyNTNBMHgxNmI5NDg1MDlkZjQ1OWI5JTIxMnNSLiUyQkNhdWxpbm8lMkIyMjYlMjUyQyUyQjQ0NDUtMjU5JTJCQWxmZW5hJTI1MkMlMkJQb3J0dWdhbCUyMTVlMCUyMTNtMiUyMTFzZXMlMjEyc2VzJTIxNHYxNTU4NDU2MTc1ODYyJTIxNW0yJTIxMXNlcyUyMTJzZXMlMjIlMjB3aWR0aCUzRCUyMjYwMCUyMiUyMGhlaWdodCUzRCUyMjQ1MCUyMiUyMGZyYW1lYm9yZGVyJTNEJTIyMCUyMiUyMHN0eWxlJTNEJTIyYm9yZGVyJTNBMCUyMiUyMGFsbG93ZnVsbHNjcmVlbiUzRSUzQyUyRmlmcmFtZSUzRQ==&#8221; size=&#8221;300&#8243;][\/vc_column][vc_column width=&#8221;2\/3&#8243;][vc_column_text]\n<p style=\"text-align: justify;\">Os escrit\u00f3rios da MAQUINSER em Portugal est\u00e3o situados perto do Porto, na \u00e1rea industrial e pr\u00f3ximos do aeroporto, na vizinha cidade da Maia. \u00c0 frente da filial lusa est\u00e1 In\u00e1cio Sousa, profissional do setor de reconhecido prest\u00edgio e com uma vasta trajet\u00f3ria ao servi\u00e7o da m\u00e1quina-ferramenta.<\/p>\n<p style=\"text-align: justify;\">Com \u00f3timas comunica\u00e7\u00f5es, as instala\u00e7\u00f5es da nossa filial podem responder rapidamente aos pedidos dos nossos clientes. Estas instala\u00e7\u00f5es incluem os departamentos de Vendas e Assist\u00eancia ao Cliente que o pa\u00eds vizinho necessita.<\/p>\n[\/vc_column_text][\/vc_column][\/vc_row][vc_row][vc_column][vc_text_separator title=&#8221;Equipo&#8221; css=&#8221;.vc_custom_1621509077082{padding-bottom: 20px !important;}&#8221;][\/vc_column][\/vc_row][vc_row][vc_column]<div class=\"vcex-module vcex-staff-grid-wrap clr\"><div class=\"wpex-row vcex-staff-grid entries wpex-clr match-height-grid\"><div class=\"staff-entry vcex-grid-item span_1_of_4 col col-1 post-12187 entry type-staff has-media cat-3260 translation_priority-1498\"><div class=\"staff-entry-inner entry-inner wpex-first-mt-0 wpex-last-mb-0 wpex-clr\"><div class=\"staff-entry-media entry-media image-filter-grayscale wpex-mb-20\"><a href=\"https:\/\/maquinser.com\/wp-content\/uploads\/2021\/05\/Inacio.jpg\" title=\"In\u00e1cio Sousa\" class=\"staff-entry-media-link wpex-lightbox\" data-show_title=\"false\"><img decoding=\"async\" loading=\"lazy\" class=\"staff-entry-media-img staff-entry-img wpex-align-middle wpex-align-middle\" src=\"https:\/\/maquinser.com\/wp-content\/uploads\/2021\/05\/Inacio.jpg\" alt=\"\" width=\"293\" height=\"340\" \/><\/a><\/div><div class=\"staff-entry-details entry-details wpex-first-mt-0 wpex-last-mb-0 wpex-clr\"><div class=\"match-height-content\"><h2 class=\"staff-entry-title entry-title wpex-mb-5\">In\u00e1cio Sousa<\/h2><div class=\"staff-entry-excerpt entry-excerpt wpex-my-15 wpex-last-mb-0 wpex-clr\"><p><strong>Gerente<\/strong><\/p>\n<p><i class=\"fa fa-phone\"><\/i> <strong>+351 910 628 821<\/strong><br \/>\n<i class=\"fa fa-envelope\"><\/i> <a href=\"mailto:isousa@maquinser.com\"><strong>isousa@maquinser.com<\/strong><\/a><\/p>\n<\/div><\/div><\/div><\/div><\/div><div class=\"staff-entry vcex-grid-item span_1_of_4 col col-2 post-12196 entry type-staff has-media cat-3260 translation_priority-1498\"><div class=\"staff-entry-inner entry-inner wpex-first-mt-0 wpex-last-mb-0 wpex-clr\"><div class=\"staff-entry-media entry-media image-filter-grayscale wpex-mb-20\"><a href=\"https:\/\/maquinser.com\/wp-content\/uploads\/2021\/05\/PXL_20241108_095433828.MP-EDIT-EDIT3-scaled.jpg\" title=\"Rui Pinho\" class=\"staff-entry-media-link wpex-lightbox\" data-show_title=\"false\"><img decoding=\"async\" loading=\"lazy\" class=\"staff-entry-media-img staff-entry-img wpex-align-middle wpex-align-middle\" src=\"https:\/\/maquinser.com\/wp-content\/uploads\/2021\/05\/PXL_20241108_095433828.MP-EDIT-EDIT3-scaled.jpg\" alt=\"\" width=\"2474\" height=\"2560\" \/><\/a><\/div><div class=\"staff-entry-details entry-details wpex-first-mt-0 wpex-last-mb-0 wpex-clr\"><div class=\"match-height-content\"><h2 class=\"staff-entry-title entry-title wpex-mb-5\">Rui Pinho<\/h2><div class=\"staff-entry-excerpt entry-excerpt wpex-my-15 wpex-last-mb-0 wpex-clr\"><p><strong>T\u00e9cnico Comercial<br \/>\n<\/strong><\/p>\n<p><strong>+351 910 573 425<\/strong><br \/>\n<i class=\"fa fa-envelope\"><\/i> <a href=\"mailto:rpinho@maquinser.com\"><strong>rpinho@maquinser.com<\/strong><\/a><\/p>\n<\/div><\/div><\/div><\/div><\/div><div class=\"staff-entry vcex-grid-item span_1_of_4 col col-3 post-12197 entry type-staff has-media cat-3260 translation_priority-1498\"><div class=\"staff-entry-inner entry-inner wpex-first-mt-0 wpex-last-mb-0 wpex-clr\"><div class=\"staff-entry-media entry-media image-filter-grayscale wpex-mb-20\"><a href=\"https:\/\/maquinser.com\/wp-content\/uploads\/2021\/05\/Tiago.jpg\" title=\"Tiago Gomes\" class=\"staff-entry-media-link wpex-lightbox\" data-show_title=\"false\"><img decoding=\"async\" loading=\"lazy\" class=\"staff-entry-media-img staff-entry-img wpex-align-middle wpex-align-middle\" src=\"https:\/\/maquinser.com\/wp-content\/uploads\/2021\/05\/Tiago.jpg\" alt=\"\" width=\"292\" height=\"340\" \/><\/a><\/div><div class=\"staff-entry-details entry-details wpex-first-mt-0 wpex-last-mb-0 wpex-clr\"><div class=\"match-height-content\"><h2 class=\"staff-entry-title entry-title wpex-mb-5\">Tiago Gomes<\/h2><div class=\"staff-entry-excerpt entry-excerpt wpex-my-15 wpex-last-mb-0 wpex-clr\"><p><strong>Departamento T\u00e9cnico<br \/>\n<\/strong><\/p>\n<p><i class=\"fa fa-envelope\"><\/i> <a href=\"mailto:tgomes@maquinser.com\"><strong>tgomes@maquinser.com<\/strong><\/a><\/p>\n<\/div><\/div><\/div><\/div><\/div><div class=\"staff-entry vcex-grid-item span_1_of_4 col col-4 post-12198 entry type-staff has-media cat-3260 translation_priority-1498\"><div class=\"staff-entry-inner entry-inner wpex-first-mt-0 wpex-last-mb-0 wpex-clr\"><div class=\"staff-entry-media entry-media image-filter-grayscale wpex-mb-20\"><a href=\"https:\/\/maquinser.com\/wp-content\/uploads\/2021\/05\/Diana.jpg\" title=\"Diana Pereira\" class=\"staff-entry-media-link wpex-lightbox\" data-show_title=\"false\"><img decoding=\"async\" loading=\"lazy\" class=\"staff-entry-media-img staff-entry-img wpex-align-middle wpex-align-middle\" src=\"https:\/\/maquinser.com\/wp-content\/uploads\/2021\/05\/Diana.jpg\" alt=\"\" width=\"292\" height=\"340\" \/><\/a><\/div><div class=\"staff-entry-details entry-details wpex-first-mt-0 wpex-last-mb-0 wpex-clr\"><div class=\"match-height-content\"><h2 class=\"staff-entry-title entry-title wpex-mb-5\">Diana Pereira<\/h2><div class=\"staff-entry-excerpt entry-excerpt wpex-my-15 wpex-last-mb-0 wpex-clr\"><p><strong>Administraci\u00f3n<\/strong><\/p>\n<p><i class=\"fa fa-phone\"><\/i> <strong>+351 22 942 65 33<\/strong><br \/>\n<i class=\"fa fa-envelope\"><\/i> <a href=\"mailto:maquinsertek@maquinser.com\"><strong>maquinsertek@maquinser.com<\/strong><\/a><\/p>\n<\/div><\/div><\/div><\/div><\/div><\/div><\/div>[\/vc_column][\/vc_row]\n","protected":false},"excerpt":{"rendered":"<p>[vc_row margin_bottom=&#8221;10&#8243;][vc_column][vc_single_image image=&#8221;7610&#8243;][vc_column_text css=&#8221;.vc_custom_1565031305035{padding-top: 20px !important;}&#8221;]Rua do Caulino, 226, \/ 4445-259 Alfena\u2013 OPORTO \/ PORTUGAL \/ Tel. +351 229 42 65 33 \/ M\u00f3v. +351 910 62 88 21 \/ Fax. +351 229 42 11 31[\/vc_column_text][\/vc_column][\/vc_row][vc_row margin_bottom=&#8221;20&#8243;][vc_column width=&#8221;1\/3&#8243;][vc_gmaps link=&#8221;#E-8_JTNDaWZyYW1lJTIwc3JjJTNEJTIyaHR0cHMlM0ElMkYlMkZ3d3cuZ29vZ2xlLmNvbSUyRm1hcHMlMkZlbWJlZCUzRnBiJTNEJTIxMW0xOCUyMTFtMTIlMjExbTMlMjExZDMwMDAuNTU2Njg3NzExNzE0NCUyMTJkLTguNTM3MDU0ODg0NTc5MDY0JTIxM2Q0MS4yMzE0MzAyNzkyNzg4OCUyMTJtMyUyMTFmMCUyMTJmMCUyMTNmMCUyMTNtMiUyMTFpMTAyNCUyMTJpNzY4JTIxNGYxMy4xJTIxM20zJTIxMW0yJTIxMXMweGQyNDYxMGVjMjRjNWJiZCUyNTNBMHgxNmI5NDg1MDlkZjQ1OWI5JTIxMnNSLiUyQkNhdWxpbm8lMkIyMjYlMjUyQyUyQjQ0NDUtMjU5JTJCQWxmZW5hJTI1MkMlMkJQb3J0dWdhbCUyMTVlMCUyMTNtMiUyMTFzZXMlMjEyc2VzJTIxNHYxNTU4NDU2MTc1ODYyJTIxNW0yJTIxMXNlcyUyMTJzZXMlMjIlMjB3aWR0aCUzRCUyMjYwMCUyMiUyMGhlaWdodCUzRCUyMjQ1MCUyMiUyMGZyYW1lYm9yZGVyJTNEJTIyMCUyMiUyMHN0eWxlJTNEJTIyYm9yZGVyJTNBMCUyMiUyMGFsbG93ZnVsbHNjcmVlbiUzRSUzQyUyRmlmcmFtZSUzRQ==&#8221; size=&#8221;300&#8243;][\/vc_column][vc_column width=&#8221;2\/3&#8243;][vc_column_text] Os escrit\u00f3rios da MAQUINSER em Portugal est\u00e3o situados perto do Porto, na \u00e1rea industrial&hellip;<\/p>\n","protected":false},"author":1,"featured_media":0,"parent":11165,"menu_order":0,"comment_status":"open","ping_status":"closed","template":"","meta":{"footnotes":""},"class_list":["post-1115","page","type-page","status-publish","hentry","entry","has-media"],"yoast_head":"<!-- This site is optimized with the Yoast SEO plugin v27.5 - https:\/\/yoast.com\/product\/yoast-seo-wordpress\/ -->\n<title>Delega\u00e7\u00e3o Portugal - Maquinser - Maquinaria y Servicios para la Industria Metalmec\u00e1nica<\/title>\n<meta name=\"robots\" content=\"index, follow, max-snippet:-1, max-image-preview:large, max-video-preview:-1\" \/>\n<link rel=\"canonical\" href=\"https:\/\/maquinser.com\/pt-pt\/empresa\/delegacao-portugal\/\" \/>\n<meta property=\"og:locale\" content=\"pt_PT\" \/>\n<meta property=\"og:type\" content=\"article\" \/>\n<meta property=\"og:title\" content=\"Delega\u00e7\u00e3o Portugal - Maquinser - Maquinaria y Servicios para la Industria Metalmec\u00e1nica\" \/>\n<meta property=\"og:description\" content=\"[vc_row margin_bottom=&#8221;10&#8243;][vc_column][vc_single_image image=&#8221;7610&#8243;][vc_column_text css=&#8221;.vc_custom_1565031305035{padding-top: 20px !important;}&#8221;]Rua do Caulino, 226, \/ 4445-259 Alfena\u2013 OPORTO \/ PORTUGAL \/ Tel. +351 229 42 65 33 \/ M\u00f3v. +351 910 62 88 21 \/ Fax. +351 229 42 11 31[\/vc_column_text][\/vc_column][\/vc_row][vc_row margin_bottom=&#8221;20&#8243;][vc_column width=&#8221;1\/3&#8243;][vc_gmaps link=&#8221;#E-8_JTNDaWZyYW1lJTIwc3JjJTNEJTIyaHR0cHMlM0ElMkYlMkZ3d3cuZ29vZ2xlLmNvbSUyRm1hcHMlMkZlbWJlZCUzRnBiJTNEJTIxMW0xOCUyMTFtMTIlMjExbTMlMjExZDMwMDAuNTU2Njg3NzExNzE0NCUyMTJkLTguNTM3MDU0ODg0NTc5MDY0JTIxM2Q0MS4yMzE0MzAyNzkyNzg4OCUyMTJtMyUyMTFmMCUyMTJmMCUyMTNmMCUyMTNtMiUyMTFpMTAyNCUyMTJpNzY4JTIxNGYxMy4xJTIxM20zJTIxMW0yJTIxMXMweGQyNDYxMGVjMjRjNWJiZCUyNTNBMHgxNmI5NDg1MDlkZjQ1OWI5JTIxMnNSLiUyQkNhdWxpbm8lMkIyMjYlMjUyQyUyQjQ0NDUtMjU5JTJCQWxmZW5hJTI1MkMlMkJQb3J0dWdhbCUyMTVlMCUyMTNtMiUyMTFzZXMlMjEyc2VzJTIxNHYxNTU4NDU2MTc1ODYyJTIxNW0yJTIxMXNlcyUyMTJzZXMlMjIlMjB3aWR0aCUzRCUyMjYwMCUyMiUyMGhlaWdodCUzRCUyMjQ1MCUyMiUyMGZyYW1lYm9yZGVyJTNEJTIyMCUyMiUyMHN0eWxlJTNEJTIyYm9yZGVyJTNBMCUyMiUyMGFsbG93ZnVsbHNjcmVlbiUzRSUzQyUyRmlmcmFtZSUzRQ==&#8221; size=&#8221;300&#8243;][\/vc_column][vc_column width=&#8221;2\/3&#8243;][vc_column_text] Os escrit\u00f3rios da MAQUINSER em Portugal est\u00e3o situados perto do Porto, na \u00e1rea industrial&hellip;\" \/>\n<meta property=\"og:url\" content=\"https:\/\/maquinser.com\/pt-pt\/empresa\/delegacao-portugal\/\" \/>\n<meta property=\"og:site_name\" content=\"Maquinser - Maquinaria y Servicios para la Industria Metalmec\u00e1nica\" \/>\n<meta property=\"article:publisher\" content=\"http:\/\/fb.me\/Maquinser\" \/>\n<meta property=\"article:modified_time\" content=\"2024-01-23T10:45:22+00:00\" \/>\n<meta name=\"twitter:card\" content=\"summary_large_image\" \/>\n<meta name=\"twitter:site\" content=\"@Maquinser\" \/>\n<meta name=\"twitter:label1\" content=\"Tempo estimado de leitura\" \/>\n\t<meta name=\"twitter:data1\" content=\"1 minuto\" \/>\n<script type=\"application\/ld+json\" class=\"yoast-schema-graph\">{\"@context\":\"https:\\\/\\\/schema.org\",\"@graph\":[{\"@type\":\"WebPage\",\"@id\":\"https:\\\/\\\/maquinser.com\\\/pt-pt\\\/empresa\\\/delegacao-portugal\\\/\",\"url\":\"https:\\\/\\\/maquinser.com\\\/pt-pt\\\/empresa\\\/delegacao-portugal\\\/\",\"name\":\"Delega\u00e7\u00e3o Portugal - Maquinser - Maquinaria y Servicios para la Industria Metalmec\u00e1nica\",\"isPartOf\":{\"@id\":\"https:\\\/\\\/maquinser.com\\\/pt-pt\\\/#website\"},\"datePublished\":\"2015-04-15T10:33:57+00:00\",\"dateModified\":\"2024-01-23T10:45:22+00:00\",\"breadcrumb\":{\"@id\":\"https:\\\/\\\/maquinser.com\\\/pt-pt\\\/empresa\\\/delegacao-portugal\\\/#breadcrumb\"},\"inLanguage\":\"pt-PT\",\"potentialAction\":[{\"@type\":\"ReadAction\",\"target\":[\"https:\\\/\\\/maquinser.com\\\/pt-pt\\\/empresa\\\/delegacao-portugal\\\/\"]}]},{\"@type\":\"BreadcrumbList\",\"@id\":\"https:\\\/\\\/maquinser.com\\\/pt-pt\\\/empresa\\\/delegacao-portugal\\\/#breadcrumb\",\"itemListElement\":[{\"@type\":\"ListItem\",\"position\":1,\"name\":\"Portada\",\"item\":\"https:\\\/\\\/maquinser.com\\\/pt-pt\\\/\"},{\"@type\":\"ListItem\",\"position\":2,\"name\":\"Empresa\",\"item\":\"https:\\\/\\\/maquinser.com\\\/pt-pt\\\/empresa\\\/\"},{\"@type\":\"ListItem\",\"position\":3,\"name\":\"Delega\u00e7\u00e3o Portugal\"}]},{\"@type\":\"WebSite\",\"@id\":\"https:\\\/\\\/maquinser.com\\\/pt-pt\\\/#website\",\"url\":\"https:\\\/\\\/maquinser.com\\\/pt-pt\\\/\",\"name\":\"Maquinser - Maquinaria y Servicios para la Industria Metalmec\u00e1nica\",\"description\":\"\",\"publisher\":{\"@id\":\"https:\\\/\\\/maquinser.com\\\/pt-pt\\\/#organization\"},\"potentialAction\":[{\"@type\":\"SearchAction\",\"target\":{\"@type\":\"EntryPoint\",\"urlTemplate\":\"https:\\\/\\\/maquinser.com\\\/pt-pt\\\/?s={search_term_string}\"},\"query-input\":{\"@type\":\"PropertyValueSpecification\",\"valueRequired\":true,\"valueName\":\"search_term_string\"}}],\"inLanguage\":\"pt-PT\"},{\"@type\":\"Organization\",\"@id\":\"https:\\\/\\\/maquinser.com\\\/pt-pt\\\/#organization\",\"name\":\"Maquinser\",\"url\":\"https:\\\/\\\/maquinser.com\\\/pt-pt\\\/\",\"logo\":{\"@type\":\"ImageObject\",\"inLanguage\":\"pt-PT\",\"@id\":\"https:\\\/\\\/maquinser.com\\\/pt-pt\\\/#\\\/schema\\\/logo\\\/image\\\/\",\"url\":\"http:\\\/\\\/maquinser.com\\\/wp-content\\\/uploads\\\/2016\\\/10\\\/MAQUINSER_Logo_oficial.jpg\",\"contentUrl\":\"http:\\\/\\\/maquinser.com\\\/wp-content\\\/uploads\\\/2016\\\/10\\\/MAQUINSER_Logo_oficial.jpg\",\"width\":1411,\"height\":326,\"caption\":\"Maquinser\"},\"image\":{\"@id\":\"https:\\\/\\\/maquinser.com\\\/pt-pt\\\/#\\\/schema\\\/logo\\\/image\\\/\"},\"sameAs\":[\"http:\\\/\\\/fb.me\\\/Maquinser\",\"https:\\\/\\\/x.com\\\/Maquinser\",\"http:\\\/\\\/maquinser20s.a.\"]}]}<\/script>\n<!-- \/ Yoast SEO plugin. -->","yoast_head_json":{"title":"Delega\u00e7\u00e3o Portugal - Maquinser - Maquinaria y Servicios para la Industria Metalmec\u00e1nica","robots":{"index":"index","follow":"follow","max-snippet":"max-snippet:-1","max-image-preview":"max-image-preview:large","max-video-preview":"max-video-preview:-1"},"canonical":"https:\/\/maquinser.com\/pt-pt\/empresa\/delegacao-portugal\/","og_locale":"pt_PT","og_type":"article","og_title":"Delega\u00e7\u00e3o Portugal - Maquinser - Maquinaria y Servicios para la Industria Metalmec\u00e1nica","og_description":"[vc_row margin_bottom=&#8221;10&#8243;][vc_column][vc_single_image image=&#8221;7610&#8243;][vc_column_text css=&#8221;.vc_custom_1565031305035{padding-top: 20px !important;}&#8221;]Rua do Caulino, 226, \/ 4445-259 Alfena\u2013 OPORTO \/ PORTUGAL \/ Tel. +351 229 42 65 33 \/ M\u00f3v. +351 910 62 88 21 \/ Fax. +351 229 42 11 31[\/vc_column_text][\/vc_column][\/vc_row][vc_row margin_bottom=&#8221;20&#8243;][vc_column width=&#8221;1\/3&#8243;][vc_gmaps link=&#8221;#E-8_JTNDaWZyYW1lJTIwc3JjJTNEJTIyaHR0cHMlM0ElMkYlMkZ3d3cuZ29vZ2xlLmNvbSUyRm1hcHMlMkZlbWJlZCUzRnBiJTNEJTIxMW0xOCUyMTFtMTIlMjExbTMlMjExZDMwMDAuNTU2Njg3NzExNzE0NCUyMTJkLTguNTM3MDU0ODg0NTc5MDY0JTIxM2Q0MS4yMzE0MzAyNzkyNzg4OCUyMTJtMyUyMTFmMCUyMTJmMCUyMTNmMCUyMTNtMiUyMTFpMTAyNCUyMTJpNzY4JTIxNGYxMy4xJTIxM20zJTIxMW0yJTIxMXMweGQyNDYxMGVjMjRjNWJiZCUyNTNBMHgxNmI5NDg1MDlkZjQ1OWI5JTIxMnNSLiUyQkNhdWxpbm8lMkIyMjYlMjUyQyUyQjQ0NDUtMjU5JTJCQWxmZW5hJTI1MkMlMkJQb3J0dWdhbCUyMTVlMCUyMTNtMiUyMTFzZXMlMjEyc2VzJTIxNHYxNTU4NDU2MTc1ODYyJTIxNW0yJTIxMXNlcyUyMTJzZXMlMjIlMjB3aWR0aCUzRCUyMjYwMCUyMiUyMGhlaWdodCUzRCUyMjQ1MCUyMiUyMGZyYW1lYm9yZGVyJTNEJTIyMCUyMiUyMHN0eWxlJTNEJTIyYm9yZGVyJTNBMCUyMiUyMGFsbG93ZnVsbHNjcmVlbiUzRSUzQyUyRmlmcmFtZSUzRQ==&#8221; size=&#8221;300&#8243;][\/vc_column][vc_column width=&#8221;2\/3&#8243;][vc_column_text] Os escrit\u00f3rios da MAQUINSER em Portugal est\u00e3o situados perto do Porto, na \u00e1rea industrial&hellip;","og_url":"https:\/\/maquinser.com\/pt-pt\/empresa\/delegacao-portugal\/","og_site_name":"Maquinser - Maquinaria y Servicios para la Industria Metalmec\u00e1nica","article_publisher":"http:\/\/fb.me\/Maquinser","article_modified_time":"2024-01-23T10:45:22+00:00","twitter_card":"summary_large_image","twitter_site":"@Maquinser","twitter_misc":{"Tempo estimado de leitura":"1 minuto"},"schema":{"@context":"https:\/\/schema.org","@graph":[{"@type":"WebPage","@id":"https:\/\/maquinser.com\/pt-pt\/empresa\/delegacao-portugal\/","url":"https:\/\/maquinser.com\/pt-pt\/empresa\/delegacao-portugal\/","name":"Delega\u00e7\u00e3o Portugal - Maquinser - Maquinaria y Servicios para la Industria Metalmec\u00e1nica","isPartOf":{"@id":"https:\/\/maquinser.com\/pt-pt\/#website"},"datePublished":"2015-04-15T10:33:57+00:00","dateModified":"2024-01-23T10:45:22+00:00","breadcrumb":{"@id":"https:\/\/maquinser.com\/pt-pt\/empresa\/delegacao-portugal\/#breadcrumb"},"inLanguage":"pt-PT","potentialAction":[{"@type":"ReadAction","target":["https:\/\/maquinser.com\/pt-pt\/empresa\/delegacao-portugal\/"]}]},{"@type":"BreadcrumbList","@id":"https:\/\/maquinser.com\/pt-pt\/empresa\/delegacao-portugal\/#breadcrumb","itemListElement":[{"@type":"ListItem","position":1,"name":"Portada","item":"https:\/\/maquinser.com\/pt-pt\/"},{"@type":"ListItem","position":2,"name":"Empresa","item":"https:\/\/maquinser.com\/pt-pt\/empresa\/"},{"@type":"ListItem","position":3,"name":"Delega\u00e7\u00e3o Portugal"}]},{"@type":"WebSite","@id":"https:\/\/maquinser.com\/pt-pt\/#website","url":"https:\/\/maquinser.com\/pt-pt\/","name":"Maquinser - Maquinaria y Servicios para la Industria Metalmec\u00e1nica","description":"","publisher":{"@id":"https:\/\/maquinser.com\/pt-pt\/#organization"},"potentialAction":[{"@type":"SearchAction","target":{"@type":"EntryPoint","urlTemplate":"https:\/\/maquinser.com\/pt-pt\/?s={search_term_string}"},"query-input":{"@type":"PropertyValueSpecification","valueRequired":true,"valueName":"search_term_string"}}],"inLanguage":"pt-PT"},{"@type":"Organization","@id":"https:\/\/maquinser.com\/pt-pt\/#organization","name":"Maquinser","url":"https:\/\/maquinser.com\/pt-pt\/","logo":{"@type":"ImageObject","inLanguage":"pt-PT","@id":"https:\/\/maquinser.com\/pt-pt\/#\/schema\/logo\/image\/","url":"http:\/\/maquinser.com\/wp-content\/uploads\/2016\/10\/MAQUINSER_Logo_oficial.jpg","contentUrl":"http:\/\/maquinser.com\/wp-content\/uploads\/2016\/10\/MAQUINSER_Logo_oficial.jpg","width":1411,"height":326,"caption":"Maquinser"},"image":{"@id":"https:\/\/maquinser.com\/pt-pt\/#\/schema\/logo\/image\/"},"sameAs":["http:\/\/fb.me\/Maquinser","https:\/\/x.com\/Maquinser","http:\/\/maquinser20s.a."]}]}},"_links":{"self":[{"href":"https:\/\/maquinser.com\/pt-pt\/wp-json\/wp\/v2\/pages\/1115","targetHints":{"allow":["GET"]}}],"collection":[{"href":"https:\/\/maquinser.com\/pt-pt\/wp-json\/wp\/v2\/pages"}],"about":[{"href":"https:\/\/maquinser.com\/pt-pt\/wp-json\/wp\/v2\/types\/page"}],"author":[{"embeddable":true,"href":"https:\/\/maquinser.com\/pt-pt\/wp-json\/wp\/v2\/users\/1"}],"replies":[{"embeddable":true,"href":"https:\/\/maquinser.com\/pt-pt\/wp-json\/wp\/v2\/comments?post=1115"}],"version-history":[{"count":5,"href":"https:\/\/maquinser.com\/pt-pt\/wp-json\/wp\/v2\/pages\/1115\/revisions"}],"predecessor-version":[{"id":7849,"href":"https:\/\/maquinser.com\/pt-pt\/wp-json\/wp\/v2\/pages\/1115\/revisions\/7849"}],"up":[{"embeddable":true,"href":"https:\/\/maquinser.com\/pt-pt\/wp-json\/wp\/v2\/pages\/11165"}],"wp:attachment":[{"href":"https:\/\/maquinser.com\/pt-pt\/wp-json\/wp\/v2\/media?parent=1115"}],"curies":[{"name":"wp","href":"https:\/\/api.w.org\/{rel}","templated":true}]}}