{"id":6621,"date":"2018-12-11T12:28:53","date_gmt":"2018-12-11T11:28:53","guid":{"rendered":"http:\/\/maquinser.com\/?post_type=product&#038;p=6621"},"modified":"2022-02-22T10:57:15","modified_gmt":"2022-02-22T09:57:15","slug":"tsugami-b0208-we","status":"publish","type":"product","link":"https:\/\/maquinser.com\/en\/product\/tsugami-b0208-we\/","title":{"rendered":"Tsugami B0208 WE"},"content":{"rendered":"<p><strong>TSUGAMI B0208 WE &#8211; MAXIMUM PRODUCTIVITY<\/strong><\/p>\n<p>Tsugami B0208 WE is a Swiss Type lathe \u00f820 mm with 8 linear axes and 2 C axes (10 CNC axes). Undoubtedly the most productive machine on the market. With very compact kinematics, two independent combs and highly optimised non-productive times, it enables time savings on all workpieces up to \u00f820 mm.<\/p>\n<p>Its counter-operation system with eight tools, four of them motorised (including two radial tools) and with Y-axis allows, in turn, a completely symmetrical distribution of machining time between spindle and counter-spindle, regardless of the type of operation to be carried out.<\/p>\n<p>As with the rest of the Tsugami range, this is a machine with the latest technologies. Not only are the spindle and tailstock fitted with built-in liquid-cooled motors, but the guidebush itself is built-in motor, eliminating all belt drive. The fact that no belts are mounted on the guidebush makes the change from guidebush to guidebushless machining of short workpieces even more straightforward.<\/p>\n<p>The Abile automatic programming software, included in the machine&#8217;s basic package, allows the generation of programs from solids, their virtual simulation, collision checking and time calculation. Manual programming is also possible via its FANUC 31i-B control.<\/p>\n<p>And all this with the precision and reliability that has always characterised <a href=\"http:\/\/maquinser.com\/tsugami\/\" target=\"_blank\" rel=\"noopener\">Tsugami<\/a>. products.<\/p>\n<p>&nbsp;<\/p>\n","protected":false},"excerpt":{"rendered":"<p>TSUGAMI B0208 WE &#8211; MAXIMUM PRODUCTIVITY Tsugami B0208 WE is a Swiss Type lathe \u00f820 mm with 8 linear axes and 2 C axes (10 CNC axes). Undoubtedly the most productive machine on the market. With very compact kinematics, two independent combs and highly optimised non-productive times, it enables time savings on all workpieces up&hellip;<\/p>\n","protected":false},"featured_media":7855,"comment_status":"closed","ping_status":"closed","template":"","meta":[],"product_brand":[356],"product_cat":[679,701,697],"product_tag":[],"class_list":{"0":"post-6621","1":"product","2":"type-product","3":"status-publish","4":"has-post-thumbnail","6":"product_brand-tsugami","7":"product_cat-cnc","8":"product_cat-swivel-head-turning","9":"product_cat-turning","10":"entry","11":"has-media","13":"first","14":"instock","15":"featured","16":"shipping-taxable","17":"product-type-simple","18":"col","19":"wpex-woo-entry","20":"span_1_of_4"},"yoast_head":"<!-- This site is optimized with the Yoast SEO plugin v27.2 - https:\/\/yoast.com\/product\/yoast-seo-wordpress\/ -->\n<title>TSUGAMI B0208 WE<\/title>\n<meta name=\"description\" content=\"Tsugami B0208 WE es un torno de cabezal m\u00f3vil \u00f820 mm con 8 ejes lineales y 2 ejes C (10 ejes CNC). Sin lugar a dudas, la m\u00e1quina m\u00e1s productiva del mercado.\" \/>\n<meta name=\"robots\" content=\"index, follow, max-snippet:-1, max-image-preview:large, max-video-preview:-1\" \/>\n<link rel=\"canonical\" href=\"https:\/\/maquinser.com\/en\/product\/tsugami-b0208-we\/\" \/>\n<meta property=\"og:locale\" content=\"en_US\" \/>\n<meta property=\"og:type\" content=\"article\" \/>\n<meta property=\"og:title\" content=\"TSUGAMI B0208 WE\" \/>\n<meta property=\"og:description\" content=\"Tsugami B0208 WE es un torno de cabezal m\u00f3vil \u00f820 mm con 8 ejes lineales y 2 ejes C (10 ejes CNC). Sin lugar a dudas, la m\u00e1quina m\u00e1s productiva del mercado.\" \/>\n<meta property=\"og:url\" content=\"https:\/\/maquinser.com\/en\/product\/tsugami-b0208-we\/\" \/>\n<meta property=\"og:site_name\" content=\"Maquinser - Maquinaria y Servicios para la Industria Metalmec\u00e1nica\" \/>\n<meta property=\"article:publisher\" content=\"http:\/\/fb.me\/Maquinser\" \/>\n<meta property=\"article:modified_time\" content=\"2022-02-22T09:57:15+00:00\" \/>\n<meta property=\"og:image\" content=\"https:\/\/maquinser.com\/wp-content\/uploads\/2018\/12\/web_tsugami_B0208WE.jpg\" \/>\n\t<meta property=\"og:image:width\" content=\"945\" \/>\n\t<meta property=\"og:image:height\" content=\"945\" \/>\n\t<meta property=\"og:image:type\" content=\"image\/jpeg\" \/>\n<meta name=\"twitter:card\" content=\"summary_large_image\" \/>\n<meta name=\"twitter:site\" content=\"@Maquinser\" \/>\n<meta name=\"twitter:label1\" content=\"Est. reading time\" \/>\n\t<meta name=\"twitter:data1\" content=\"1 minute\" \/>\n<script type=\"application\/ld+json\" class=\"yoast-schema-graph\">{\"@context\":\"https:\/\/schema.org\",\"@graph\":[{\"@type\":\"WebPage\",\"@id\":\"https:\/\/maquinser.com\/en\/product\/tsugami-b0208-we\/\",\"url\":\"https:\/\/maquinser.com\/en\/product\/tsugami-b0208-we\/\",\"name\":\"TSUGAMI B0208 WE\",\"isPartOf\":{\"@id\":\"https:\/\/maquinser.com\/#website\"},\"primaryImageOfPage\":{\"@id\":\"https:\/\/maquinser.com\/en\/product\/tsugami-b0208-we\/#primaryimage\"},\"image\":{\"@id\":\"https:\/\/maquinser.com\/en\/product\/tsugami-b0208-we\/#primaryimage\"},\"thumbnailUrl\":\"https:\/\/maquinser.com\/wp-content\/uploads\/2018\/12\/web_tsugami_B0208WE.jpg\",\"datePublished\":\"2018-12-11T11:28:53+00:00\",\"dateModified\":\"2022-02-22T09:57:15+00:00\",\"description\":\"Tsugami B0208 WE es un torno de cabezal m\u00f3vil \u00f820 mm con 8 ejes lineales y 2 ejes C (10 ejes CNC). Sin lugar a dudas, la m\u00e1quina m\u00e1s productiva del mercado.\",\"breadcrumb\":{\"@id\":\"https:\/\/maquinser.com\/en\/product\/tsugami-b0208-we\/#breadcrumb\"},\"inLanguage\":\"en-US\",\"potentialAction\":[{\"@type\":\"ReadAction\",\"target\":[\"https:\/\/maquinser.com\/en\/product\/tsugami-b0208-we\/\"]}]},{\"@type\":\"ImageObject\",\"inLanguage\":\"en-US\",\"@id\":\"https:\/\/maquinser.com\/en\/product\/tsugami-b0208-we\/#primaryimage\",\"url\":\"https:\/\/maquinser.com\/wp-content\/uploads\/2018\/12\/web_tsugami_B0208WE.jpg\",\"contentUrl\":\"https:\/\/maquinser.com\/wp-content\/uploads\/2018\/12\/web_tsugami_B0208WE.jpg\",\"width\":945,\"height\":945},{\"@type\":\"BreadcrumbList\",\"@id\":\"https:\/\/maquinser.com\/en\/product\/tsugami-b0208-we\/#breadcrumb\",\"itemListElement\":[{\"@type\":\"ListItem\",\"position\":1,\"name\":\"Portada\",\"item\":\"https:\/\/maquinser.com\/en\/\"},{\"@type\":\"ListItem\",\"position\":2,\"name\":\"Cat\u00e1logo\",\"item\":\"https:\/\/maquinser.com\/catalogo\/\"},{\"@type\":\"ListItem\",\"position\":3,\"name\":\"Tsugami B0208 WE\"}]},{\"@type\":\"WebSite\",\"@id\":\"https:\/\/maquinser.com\/#website\",\"url\":\"https:\/\/maquinser.com\/\",\"name\":\"Maquinser - Maquinaria y Servicios para la Industria Metalmec\u00e1nica\",\"description\":\"\",\"publisher\":{\"@id\":\"https:\/\/maquinser.com\/#organization\"},\"potentialAction\":[{\"@type\":\"SearchAction\",\"target\":{\"@type\":\"EntryPoint\",\"urlTemplate\":\"https:\/\/maquinser.com\/?s={search_term_string}\"},\"query-input\":{\"@type\":\"PropertyValueSpecification\",\"valueRequired\":true,\"valueName\":\"search_term_string\"}}],\"inLanguage\":\"en-US\"},{\"@type\":\"Organization\",\"@id\":\"https:\/\/maquinser.com\/#organization\",\"name\":\"Maquinser\",\"url\":\"https:\/\/maquinser.com\/\",\"logo\":{\"@type\":\"ImageObject\",\"inLanguage\":\"en-US\",\"@id\":\"https:\/\/maquinser.com\/#\/schema\/logo\/image\/\",\"url\":\"http:\/\/maquinser.com\/wp-content\/uploads\/2016\/10\/MAQUINSER_Logo_oficial.jpg\",\"contentUrl\":\"http:\/\/maquinser.com\/wp-content\/uploads\/2016\/10\/MAQUINSER_Logo_oficial.jpg\",\"width\":1411,\"height\":326,\"caption\":\"Maquinser\"},\"image\":{\"@id\":\"https:\/\/maquinser.com\/#\/schema\/logo\/image\/\"},\"sameAs\":[\"http:\/\/fb.me\/Maquinser\",\"https:\/\/x.com\/Maquinser\",\"http:\/\/maquinser20s.a.\"]}]}<\/script>\n<!-- \/ Yoast SEO plugin. -->","yoast_head_json":{"title":"TSUGAMI B0208 WE","description":"Tsugami B0208 WE es un torno de cabezal m\u00f3vil \u00f820 mm con 8 ejes lineales y 2 ejes C (10 ejes CNC). Sin lugar a dudas, la m\u00e1quina m\u00e1s productiva del mercado.","robots":{"index":"index","follow":"follow","max-snippet":"max-snippet:-1","max-image-preview":"max-image-preview:large","max-video-preview":"max-video-preview:-1"},"canonical":"https:\/\/maquinser.com\/en\/product\/tsugami-b0208-we\/","og_locale":"en_US","og_type":"article","og_title":"TSUGAMI B0208 WE","og_description":"Tsugami B0208 WE es un torno de cabezal m\u00f3vil \u00f820 mm con 8 ejes lineales y 2 ejes C (10 ejes CNC). Sin lugar a dudas, la m\u00e1quina m\u00e1s productiva del mercado.","og_url":"https:\/\/maquinser.com\/en\/product\/tsugami-b0208-we\/","og_site_name":"Maquinser - Maquinaria y Servicios para la Industria Metalmec\u00e1nica","article_publisher":"http:\/\/fb.me\/Maquinser","article_modified_time":"2022-02-22T09:57:15+00:00","og_image":[{"width":945,"height":945,"url":"https:\/\/maquinser.com\/wp-content\/uploads\/2018\/12\/web_tsugami_B0208WE.jpg","type":"image\/jpeg"}],"twitter_card":"summary_large_image","twitter_site":"@Maquinser","twitter_misc":{"Est. reading time":"1 minute"},"schema":{"@context":"https:\/\/schema.org","@graph":[{"@type":"WebPage","@id":"https:\/\/maquinser.com\/en\/product\/tsugami-b0208-we\/","url":"https:\/\/maquinser.com\/en\/product\/tsugami-b0208-we\/","name":"TSUGAMI B0208 WE","isPartOf":{"@id":"https:\/\/maquinser.com\/#website"},"primaryImageOfPage":{"@id":"https:\/\/maquinser.com\/en\/product\/tsugami-b0208-we\/#primaryimage"},"image":{"@id":"https:\/\/maquinser.com\/en\/product\/tsugami-b0208-we\/#primaryimage"},"thumbnailUrl":"https:\/\/maquinser.com\/wp-content\/uploads\/2018\/12\/web_tsugami_B0208WE.jpg","datePublished":"2018-12-11T11:28:53+00:00","dateModified":"2022-02-22T09:57:15+00:00","description":"Tsugami B0208 WE es un torno de cabezal m\u00f3vil \u00f820 mm con 8 ejes lineales y 2 ejes C (10 ejes CNC). Sin lugar a dudas, la m\u00e1quina m\u00e1s productiva del mercado.","breadcrumb":{"@id":"https:\/\/maquinser.com\/en\/product\/tsugami-b0208-we\/#breadcrumb"},"inLanguage":"en-US","potentialAction":[{"@type":"ReadAction","target":["https:\/\/maquinser.com\/en\/product\/tsugami-b0208-we\/"]}]},{"@type":"ImageObject","inLanguage":"en-US","@id":"https:\/\/maquinser.com\/en\/product\/tsugami-b0208-we\/#primaryimage","url":"https:\/\/maquinser.com\/wp-content\/uploads\/2018\/12\/web_tsugami_B0208WE.jpg","contentUrl":"https:\/\/maquinser.com\/wp-content\/uploads\/2018\/12\/web_tsugami_B0208WE.jpg","width":945,"height":945},{"@type":"BreadcrumbList","@id":"https:\/\/maquinser.com\/en\/product\/tsugami-b0208-we\/#breadcrumb","itemListElement":[{"@type":"ListItem","position":1,"name":"Portada","item":"https:\/\/maquinser.com\/en\/"},{"@type":"ListItem","position":2,"name":"Cat\u00e1logo","item":"https:\/\/maquinser.com\/catalogo\/"},{"@type":"ListItem","position":3,"name":"Tsugami B0208 WE"}]},{"@type":"WebSite","@id":"https:\/\/maquinser.com\/#website","url":"https:\/\/maquinser.com\/","name":"Maquinser - Maquinaria y Servicios para la Industria Metalmec\u00e1nica","description":"","publisher":{"@id":"https:\/\/maquinser.com\/#organization"},"potentialAction":[{"@type":"SearchAction","target":{"@type":"EntryPoint","urlTemplate":"https:\/\/maquinser.com\/?s={search_term_string}"},"query-input":{"@type":"PropertyValueSpecification","valueRequired":true,"valueName":"search_term_string"}}],"inLanguage":"en-US"},{"@type":"Organization","@id":"https:\/\/maquinser.com\/#organization","name":"Maquinser","url":"https:\/\/maquinser.com\/","logo":{"@type":"ImageObject","inLanguage":"en-US","@id":"https:\/\/maquinser.com\/#\/schema\/logo\/image\/","url":"http:\/\/maquinser.com\/wp-content\/uploads\/2016\/10\/MAQUINSER_Logo_oficial.jpg","contentUrl":"http:\/\/maquinser.com\/wp-content\/uploads\/2016\/10\/MAQUINSER_Logo_oficial.jpg","width":1411,"height":326,"caption":"Maquinser"},"image":{"@id":"https:\/\/maquinser.com\/#\/schema\/logo\/image\/"},"sameAs":["http:\/\/fb.me\/Maquinser","https:\/\/x.com\/Maquinser","http:\/\/maquinser20s.a."]}]}},"_links":{"self":[{"href":"https:\/\/maquinser.com\/en\/wp-json\/wp\/v2\/product\/6621","targetHints":{"allow":["GET"]}}],"collection":[{"href":"https:\/\/maquinser.com\/en\/wp-json\/wp\/v2\/product"}],"about":[{"href":"https:\/\/maquinser.com\/en\/wp-json\/wp\/v2\/types\/product"}],"replies":[{"embeddable":true,"href":"https:\/\/maquinser.com\/en\/wp-json\/wp\/v2\/comments?post=6621"}],"wp:featuredmedia":[{"embeddable":true,"href":"https:\/\/maquinser.com\/en\/wp-json\/wp\/v2\/media\/7855"}],"wp:attachment":[{"href":"https:\/\/maquinser.com\/en\/wp-json\/wp\/v2\/media?parent=6621"}],"wp:term":[{"taxonomy":"product_brand","embeddable":true,"href":"https:\/\/maquinser.com\/en\/wp-json\/wp\/v2\/product_brand?post=6621"},{"taxonomy":"product_cat","embeddable":true,"href":"https:\/\/maquinser.com\/en\/wp-json\/wp\/v2\/product_cat?post=6621"},{"taxonomy":"product_tag","embeddable":true,"href":"https:\/\/maquinser.com\/en\/wp-json\/wp\/v2\/product_tag?post=6621"}],"curies":[{"name":"wp","href":"https:\/\/api.w.org\/{rel}","templated":true}]}}