{"id":6615,"date":"2018-12-11T11:21:23","date_gmt":"2018-12-11T10:21:23","guid":{"rendered":"http:\/\/maquinser.com\/?post_type=product&#038;p=6615"},"modified":"2020-07-22T11:17:06","modified_gmt":"2020-07-22T10:17:06","slug":"tsugami-b0386e-iii","status":"publish","type":"product","link":"https:\/\/maquinser.com\/en\/product\/tsugami-b0386e-iii\/","title":{"rendered":"Tsugami B0386E-III"},"content":{"rendered":"<p><strong>TSUGAMI B0386E-III , SWISS TYPE PRODUCTIVITY WITH FIXED HEADSTOCK STRENGTH<\/strong><\/p>\n<p>Tsugami B0386E-III is a machine that combines the best of two worlds. Its moving swiss type kinematics gives it a productivity unmatched by its fixed headstock competitors. At the same time, the fact that it is a \u00f838 mm machine, designed from the outset for that diameter, means that its rigidity and power characteristics are second to none.<\/p>\n<p>Its almost 5 ton bed, its 7 kW spindle or its optional powered tools of up to 2.5 kW speak for themselves to make it clear that there are no limits for this machine.<\/p>\n<p>When we get to its kinematics, with 6 linear axes plus 2 C axes, we find a very fast machine, with two solidary combs and a Y-axis counter-operation system that can hold up to 8 driven tools. Overall, it can mount up to 41 tools (with optional tool holders), of which up to 24 could be motorized.<\/p>\n<p>Spindle, backspindle and guidebush are equipped with built-in motors without belts, which are very dynamic for work with maximum acceleration and better precision in indexing. Working without a guidebush is possible for workpieces up to 70 mm in length.<\/p>\n<p>The Abile automatic programming software, included in the basic machine package, allows the generation of programs from solids, their virtual simulation, collision checking and time calculation. Manual programming is also possible through its FANUC 32i-B control.<\/p>\n<p>&nbsp;<\/p>\n<p>&nbsp;<\/p>\n<p>&nbsp;<\/p>\n","protected":false},"excerpt":{"rendered":"<p>TSUGAMI B0386E-III , SWISS TYPE PRODUCTIVITY WITH FIXED HEADSTOCK STRENGTH Tsugami B0386E-III is a machine that combines the best of two worlds. Its moving swiss type kinematics gives it a productivity unmatched by its fixed headstock competitors. At the same time, the fact that it is a \u00f838 mm machine, designed from the outset for&hellip;<\/p>\n","protected":false},"featured_media":6392,"comment_status":"closed","ping_status":"closed","template":"","meta":[],"product_brand":[356],"product_cat":[679,701,697],"product_tag":[],"class_list":{"0":"post-6615","1":"product","2":"type-product","3":"status-publish","4":"has-post-thumbnail","6":"product_brand-tsugami","7":"product_cat-cnc","8":"product_cat-swivel-head-turning","9":"product_cat-turning","10":"entry","11":"has-media","13":"first","14":"instock","15":"featured","16":"shipping-taxable","17":"product-type-simple","18":"col","19":"wpex-woo-entry","20":"span_1_of_4"},"yoast_head":"<!-- This site is optimized with the Yoast SEO plugin v27.2 - https:\/\/yoast.com\/product\/yoast-seo-wordpress\/ -->\n<title>Tsugami B0386E-III<\/title>\n<meta name=\"description\" content=\"Tsugami B0386E-III es una m\u00e1quina que combina lo mejor de dos mundos. Su cinem\u00e1tica de cabezal m\u00f3vil le confiere una productividad inalcanzable para sus competidores de cabezal fijo.\" \/>\n<meta name=\"robots\" content=\"index, follow, max-snippet:-1, max-image-preview:large, max-video-preview:-1\" \/>\n<link rel=\"canonical\" href=\"https:\/\/maquinser.com\/en\/product\/tsugami-b0386e-iii\/\" \/>\n<meta property=\"og:locale\" content=\"en_US\" \/>\n<meta property=\"og:type\" content=\"article\" \/>\n<meta property=\"og:title\" content=\"Tsugami B0386E-III\" \/>\n<meta property=\"og:description\" content=\"Tsugami B0386E-III es una m\u00e1quina que combina lo mejor de dos mundos. Su cinem\u00e1tica de cabezal m\u00f3vil le confiere una productividad inalcanzable para sus competidores de cabezal fijo.\" \/>\n<meta property=\"og:url\" content=\"https:\/\/maquinser.com\/en\/product\/tsugami-b0386e-iii\/\" \/>\n<meta property=\"og:site_name\" content=\"Maquinser - Maquinaria y Servicios para la Industria Metalmec\u00e1nica\" \/>\n<meta property=\"article:publisher\" content=\"http:\/\/fb.me\/Maquinser\" \/>\n<meta property=\"article:modified_time\" content=\"2020-07-22T10:17:06+00:00\" \/>\n<meta property=\"og:image\" content=\"https:\/\/maquinser.com\/wp-content\/uploads\/2018\/11\/web_tsugami_B0386E-III.jpg\" \/>\n\t<meta property=\"og:image:width\" content=\"945\" \/>\n\t<meta property=\"og:image:height\" content=\"945\" \/>\n\t<meta property=\"og:image:type\" content=\"image\/jpeg\" \/>\n<meta name=\"twitter:card\" content=\"summary_large_image\" \/>\n<meta name=\"twitter:site\" content=\"@Maquinser\" \/>\n<meta name=\"twitter:label1\" content=\"Est. reading time\" \/>\n\t<meta name=\"twitter:data1\" content=\"1 minute\" \/>\n<script type=\"application\/ld+json\" class=\"yoast-schema-graph\">{\"@context\":\"https:\/\/schema.org\",\"@graph\":[{\"@type\":\"WebPage\",\"@id\":\"https:\/\/maquinser.com\/en\/product\/tsugami-b0386e-iii\/\",\"url\":\"https:\/\/maquinser.com\/en\/product\/tsugami-b0386e-iii\/\",\"name\":\"Tsugami B0386E-III\",\"isPartOf\":{\"@id\":\"https:\/\/maquinser.com\/#website\"},\"primaryImageOfPage\":{\"@id\":\"https:\/\/maquinser.com\/en\/product\/tsugami-b0386e-iii\/#primaryimage\"},\"image\":{\"@id\":\"https:\/\/maquinser.com\/en\/product\/tsugami-b0386e-iii\/#primaryimage\"},\"thumbnailUrl\":\"https:\/\/maquinser.com\/wp-content\/uploads\/2018\/11\/web_tsugami_B0386E-III.jpg\",\"datePublished\":\"2018-12-11T10:21:23+00:00\",\"dateModified\":\"2020-07-22T10:17:06+00:00\",\"description\":\"Tsugami B0386E-III es una m\u00e1quina que combina lo mejor de dos mundos. Su cinem\u00e1tica de cabezal m\u00f3vil le confiere una productividad inalcanzable para sus competidores de cabezal fijo.\",\"breadcrumb\":{\"@id\":\"https:\/\/maquinser.com\/en\/product\/tsugami-b0386e-iii\/#breadcrumb\"},\"inLanguage\":\"en-US\",\"potentialAction\":[{\"@type\":\"ReadAction\",\"target\":[\"https:\/\/maquinser.com\/en\/product\/tsugami-b0386e-iii\/\"]}]},{\"@type\":\"ImageObject\",\"inLanguage\":\"en-US\",\"@id\":\"https:\/\/maquinser.com\/en\/product\/tsugami-b0386e-iii\/#primaryimage\",\"url\":\"https:\/\/maquinser.com\/wp-content\/uploads\/2018\/11\/web_tsugami_B0386E-III.jpg\",\"contentUrl\":\"https:\/\/maquinser.com\/wp-content\/uploads\/2018\/11\/web_tsugami_B0386E-III.jpg\",\"width\":945,\"height\":945},{\"@type\":\"BreadcrumbList\",\"@id\":\"https:\/\/maquinser.com\/en\/product\/tsugami-b0386e-iii\/#breadcrumb\",\"itemListElement\":[{\"@type\":\"ListItem\",\"position\":1,\"name\":\"Portada\",\"item\":\"https:\/\/maquinser.com\/en\/\"},{\"@type\":\"ListItem\",\"position\":2,\"name\":\"Cat\u00e1logo\",\"item\":\"https:\/\/maquinser.com\/en\/shop\/\"},{\"@type\":\"ListItem\",\"position\":3,\"name\":\"Tsugami B0386E-III\"}]},{\"@type\":\"WebSite\",\"@id\":\"https:\/\/maquinser.com\/#website\",\"url\":\"https:\/\/maquinser.com\/\",\"name\":\"Maquinser - Maquinaria y Servicios para la Industria Metalmec\u00e1nica\",\"description\":\"\",\"publisher\":{\"@id\":\"https:\/\/maquinser.com\/#organization\"},\"potentialAction\":[{\"@type\":\"SearchAction\",\"target\":{\"@type\":\"EntryPoint\",\"urlTemplate\":\"https:\/\/maquinser.com\/?s={search_term_string}\"},\"query-input\":{\"@type\":\"PropertyValueSpecification\",\"valueRequired\":true,\"valueName\":\"search_term_string\"}}],\"inLanguage\":\"en-US\"},{\"@type\":\"Organization\",\"@id\":\"https:\/\/maquinser.com\/#organization\",\"name\":\"Maquinser\",\"url\":\"https:\/\/maquinser.com\/\",\"logo\":{\"@type\":\"ImageObject\",\"inLanguage\":\"en-US\",\"@id\":\"https:\/\/maquinser.com\/#\/schema\/logo\/image\/\",\"url\":\"http:\/\/maquinser.com\/wp-content\/uploads\/2016\/10\/MAQUINSER_Logo_oficial.jpg\",\"contentUrl\":\"http:\/\/maquinser.com\/wp-content\/uploads\/2016\/10\/MAQUINSER_Logo_oficial.jpg\",\"width\":1411,\"height\":326,\"caption\":\"Maquinser\"},\"image\":{\"@id\":\"https:\/\/maquinser.com\/#\/schema\/logo\/image\/\"},\"sameAs\":[\"http:\/\/fb.me\/Maquinser\",\"https:\/\/x.com\/Maquinser\",\"http:\/\/maquinser20s.a.\"]}]}<\/script>\n<!-- \/ Yoast SEO plugin. -->","yoast_head_json":{"title":"Tsugami B0386E-III","description":"Tsugami B0386E-III es una m\u00e1quina que combina lo mejor de dos mundos. Su cinem\u00e1tica de cabezal m\u00f3vil le confiere una productividad inalcanzable para sus competidores de cabezal fijo.","robots":{"index":"index","follow":"follow","max-snippet":"max-snippet:-1","max-image-preview":"max-image-preview:large","max-video-preview":"max-video-preview:-1"},"canonical":"https:\/\/maquinser.com\/en\/product\/tsugami-b0386e-iii\/","og_locale":"en_US","og_type":"article","og_title":"Tsugami B0386E-III","og_description":"Tsugami B0386E-III es una m\u00e1quina que combina lo mejor de dos mundos. Su cinem\u00e1tica de cabezal m\u00f3vil le confiere una productividad inalcanzable para sus competidores de cabezal fijo.","og_url":"https:\/\/maquinser.com\/en\/product\/tsugami-b0386e-iii\/","og_site_name":"Maquinser - Maquinaria y Servicios para la Industria Metalmec\u00e1nica","article_publisher":"http:\/\/fb.me\/Maquinser","article_modified_time":"2020-07-22T10:17:06+00:00","og_image":[{"width":945,"height":945,"url":"https:\/\/maquinser.com\/wp-content\/uploads\/2018\/11\/web_tsugami_B0386E-III.jpg","type":"image\/jpeg"}],"twitter_card":"summary_large_image","twitter_site":"@Maquinser","twitter_misc":{"Est. reading time":"1 minute"},"schema":{"@context":"https:\/\/schema.org","@graph":[{"@type":"WebPage","@id":"https:\/\/maquinser.com\/en\/product\/tsugami-b0386e-iii\/","url":"https:\/\/maquinser.com\/en\/product\/tsugami-b0386e-iii\/","name":"Tsugami B0386E-III","isPartOf":{"@id":"https:\/\/maquinser.com\/#website"},"primaryImageOfPage":{"@id":"https:\/\/maquinser.com\/en\/product\/tsugami-b0386e-iii\/#primaryimage"},"image":{"@id":"https:\/\/maquinser.com\/en\/product\/tsugami-b0386e-iii\/#primaryimage"},"thumbnailUrl":"https:\/\/maquinser.com\/wp-content\/uploads\/2018\/11\/web_tsugami_B0386E-III.jpg","datePublished":"2018-12-11T10:21:23+00:00","dateModified":"2020-07-22T10:17:06+00:00","description":"Tsugami B0386E-III es una m\u00e1quina que combina lo mejor de dos mundos. Su cinem\u00e1tica de cabezal m\u00f3vil le confiere una productividad inalcanzable para sus competidores de cabezal fijo.","breadcrumb":{"@id":"https:\/\/maquinser.com\/en\/product\/tsugami-b0386e-iii\/#breadcrumb"},"inLanguage":"en-US","potentialAction":[{"@type":"ReadAction","target":["https:\/\/maquinser.com\/en\/product\/tsugami-b0386e-iii\/"]}]},{"@type":"ImageObject","inLanguage":"en-US","@id":"https:\/\/maquinser.com\/en\/product\/tsugami-b0386e-iii\/#primaryimage","url":"https:\/\/maquinser.com\/wp-content\/uploads\/2018\/11\/web_tsugami_B0386E-III.jpg","contentUrl":"https:\/\/maquinser.com\/wp-content\/uploads\/2018\/11\/web_tsugami_B0386E-III.jpg","width":945,"height":945},{"@type":"BreadcrumbList","@id":"https:\/\/maquinser.com\/en\/product\/tsugami-b0386e-iii\/#breadcrumb","itemListElement":[{"@type":"ListItem","position":1,"name":"Portada","item":"https:\/\/maquinser.com\/en\/"},{"@type":"ListItem","position":2,"name":"Cat\u00e1logo","item":"https:\/\/maquinser.com\/en\/shop\/"},{"@type":"ListItem","position":3,"name":"Tsugami B0386E-III"}]},{"@type":"WebSite","@id":"https:\/\/maquinser.com\/#website","url":"https:\/\/maquinser.com\/","name":"Maquinser - Maquinaria y Servicios para la Industria Metalmec\u00e1nica","description":"","publisher":{"@id":"https:\/\/maquinser.com\/#organization"},"potentialAction":[{"@type":"SearchAction","target":{"@type":"EntryPoint","urlTemplate":"https:\/\/maquinser.com\/?s={search_term_string}"},"query-input":{"@type":"PropertyValueSpecification","valueRequired":true,"valueName":"search_term_string"}}],"inLanguage":"en-US"},{"@type":"Organization","@id":"https:\/\/maquinser.com\/#organization","name":"Maquinser","url":"https:\/\/maquinser.com\/","logo":{"@type":"ImageObject","inLanguage":"en-US","@id":"https:\/\/maquinser.com\/#\/schema\/logo\/image\/","url":"http:\/\/maquinser.com\/wp-content\/uploads\/2016\/10\/MAQUINSER_Logo_oficial.jpg","contentUrl":"http:\/\/maquinser.com\/wp-content\/uploads\/2016\/10\/MAQUINSER_Logo_oficial.jpg","width":1411,"height":326,"caption":"Maquinser"},"image":{"@id":"https:\/\/maquinser.com\/#\/schema\/logo\/image\/"},"sameAs":["http:\/\/fb.me\/Maquinser","https:\/\/x.com\/Maquinser","http:\/\/maquinser20s.a."]}]}},"_links":{"self":[{"href":"https:\/\/maquinser.com\/en\/wp-json\/wp\/v2\/product\/6615","targetHints":{"allow":["GET"]}}],"collection":[{"href":"https:\/\/maquinser.com\/en\/wp-json\/wp\/v2\/product"}],"about":[{"href":"https:\/\/maquinser.com\/en\/wp-json\/wp\/v2\/types\/product"}],"replies":[{"embeddable":true,"href":"https:\/\/maquinser.com\/en\/wp-json\/wp\/v2\/comments?post=6615"}],"wp:featuredmedia":[{"embeddable":true,"href":"https:\/\/maquinser.com\/en\/wp-json\/wp\/v2\/media\/6392"}],"wp:attachment":[{"href":"https:\/\/maquinser.com\/en\/wp-json\/wp\/v2\/media?parent=6615"}],"wp:term":[{"taxonomy":"product_brand","embeddable":true,"href":"https:\/\/maquinser.com\/en\/wp-json\/wp\/v2\/product_brand?post=6615"},{"taxonomy":"product_cat","embeddable":true,"href":"https:\/\/maquinser.com\/en\/wp-json\/wp\/v2\/product_cat?post=6615"},{"taxonomy":"product_tag","embeddable":true,"href":"https:\/\/maquinser.com\/en\/wp-json\/wp\/v2\/product_tag?post=6615"}],"curies":[{"name":"wp","href":"https:\/\/api.w.org\/{rel}","templated":true}]}}