{"id":2155,"date":"2016-06-14T08:30:32","date_gmt":"2016-06-14T07:30:32","guid":{"rendered":"https:\/\/demo.maquinser.com\/en\/?page_id=2155"},"modified":"2016-06-14T08:30:32","modified_gmt":"2016-06-14T07:30:32","slug":"automotive","status":"publish","type":"page","link":"https:\/\/maquinser.com\/en\/sectors\/automotive\/","title":{"rendered":"Automotive"},"content":{"rendered":"[vc_row center_row=&#8221;yes&#8221; bg_color=&#8221;#f7f7f7&#8243; margin_top=&#8221;-40px&#8221; padding_top=&#8221;30px&#8221; padding_bottom=&#8221;30px&#8221;][vc_column][vc_column_text]\n<p style=\"text-align: justify; font-size: 16px;\">The demanding automotive needs production strategies increasingly competitive: high precision levels, zero defects, flexibility, reduced delivery times; we have concrete answers for these requirements.<\/p>\n<p style=\"text-align: justify; font-size: 16px;\">Our offer, uestra oferta, key element in a workshop, consists of automatized machines for unattended production, with flexible configurations comparable\u00a0 to any transfer or special, with paralel twin spindle, twin turret with up to 30 (15&#215;2) live tools and assisted by one or two gantry robots. Work i`, pieza clave en el taller, se compone de m\u00e1quinas automatizadas para producir de manera desasistida, con configuraciones tan flexibles que las podr\u00edan equiparar a cualquier tr\u00e1nsfer o especial, de doble cabezal paralelo, doble torreta con hasta 30 (15\u00d72) herramientas motorizadas y asistidos por uno o dos robots tipo Gantry. Islas de trabajo con piezas acabadas en una sola operaci\u00f3n, o perfectamente integrables entre si para crear l\u00edneas completas de mecanizado.<\/p>\n[\/vc_column_text][\/vc_column][\/vc_row][vc_row center_row=&#8221;yes&#8221; min_height=&#8221;350px&#8221;][vc_column width=&#8221;1\/1&#8243;]<div class=\"vcex-module vcex-portfolio-grid-wrap wpex-clr\"><div class=\"wpex-row vcex-portfolio-grid wpex-clr entries\"><div class=\"portfolio-entry vcex-grid-item span_1_of_6 col col-1 post-1077 entry type-portfolio has-media cat-76 cat-75 cat-77 cat-75 cat-80 cat-75 cat-84 cat-73 cat-85 cat-73 cat-78 cat-75 cat-81 cat-75 cat-86 cat-73 cat-96 cat-73 cat-87 cat-73 translation_priority-1497\"><div class=\"portfolio-entry-inner entry-inner wpex-first-mt-0 wpex-last-mb-0 wpex-clr\"><div class=\"portfolio-entry-media entry-media\"><a href=\"https:\/\/maquinser.com\/en\/matsuura\/\" title=\"Matsuura\" class=\"portfolio-entry-media-link\"><img decoding=\"async\" width=\"312\" height=\"232\" src=\"https:\/\/maquinser.com\/wp-content\/uploads\/2015\/04\/Matsuura.jpg\" class=\"portfolio-entry-img wpex-align-middle\" alt=\"\" loading=\"lazy\" srcset=\"https:\/\/maquinser.com\/wp-content\/uploads\/2015\/04\/Matsuura.jpg 312w, https:\/\/maquinser.com\/wp-content\/uploads\/2015\/04\/Matsuura-151x113.jpg 151w\" sizes=\"auto, (max-width: 312px) 100vw, 312px\" \/><\/a><\/div><\/div><\/div><div class=\"portfolio-entry vcex-grid-item span_1_of_6 col col-2 post-2242 entry type-portfolio has-media cat-77 cat-75 cat-92 cat-89 cat-80 cat-75 cat-93 cat-89 cat-91 cat-89 cat-94 cat-89\"><div class=\"portfolio-entry-inner entry-inner wpex-first-mt-0 wpex-last-mb-0 wpex-clr\"><div class=\"portfolio-entry-media entry-media\"><a href=\"https:\/\/maquinser.com\/en\/muratec\/\" title=\"Muratec\" class=\"portfolio-entry-media-link\"><img decoding=\"async\" width=\"312\" height=\"232\" src=\"https:\/\/maquinser.com\/wp-content\/uploads\/2015\/03\/Muratec.jpg\" class=\"portfolio-entry-img wpex-align-middle\" alt=\"\" loading=\"lazy\" srcset=\"https:\/\/maquinser.com\/wp-content\/uploads\/2015\/03\/Muratec.jpg 312w, https:\/\/maquinser.com\/wp-content\/uploads\/2015\/03\/Muratec-300x223.jpg 300w, https:\/\/maquinser.com\/wp-content\/uploads\/2015\/03\/Muratec-151x113.jpg 151w\" sizes=\"auto, (max-width: 312px) 100vw, 312px\" \/><\/a><\/div><\/div><\/div><div class=\"portfolio-entry vcex-grid-item span_1_of_6 col col-3 post-4867 entry type-portfolio has-media cat-76 cat-75 cat-77 cat-75 cat-90 cat-89 cat-92 cat-89 cat-80 cat-75 cat-89 cat-78 cat-75 cat-81 cat-75 cat-93 cat-89 cat-91 cat-89 cat-94 cat-89 translation_priority-1497\"><div class=\"portfolio-entry-inner entry-inner wpex-first-mt-0 wpex-last-mb-0 wpex-clr\"><div class=\"portfolio-entry-media entry-media\"><a href=\"https:\/\/maquinser.com\/en\/tsugami\/\" title=\"Tsugami\" class=\"portfolio-entry-media-link\"><img decoding=\"async\" width=\"827\" height=\"460\" src=\"https:\/\/maquinser.com\/wp-content\/uploads\/2018\/12\/Representadas_312x232_Tsugami-01.jpg\" class=\"portfolio-entry-img wpex-align-middle\" alt=\"\" loading=\"lazy\" srcset=\"https:\/\/maquinser.com\/wp-content\/uploads\/2018\/12\/Representadas_312x232_Tsugami-01.jpg 827w, https:\/\/maquinser.com\/wp-content\/uploads\/2018\/12\/Representadas_312x232_Tsugami-01-600x334.jpg 600w, https:\/\/maquinser.com\/wp-content\/uploads\/2018\/12\/Representadas_312x232_Tsugami-01-300x167.jpg 300w, https:\/\/maquinser.com\/wp-content\/uploads\/2018\/12\/Representadas_312x232_Tsugami-01-768x427.jpg 768w\" sizes=\"auto, (max-width: 827px) 100vw, 827px\" \/><\/a><\/div><\/div><\/div><div class=\"portfolio-entry vcex-grid-item span_1_of_6 col col-4 post-2240 entry type-portfolio has-media cat-76 cat-75 cat-77 cat-75 cat-78 cat-75 cat-86 cat-73 cat-82 cat-75 cat-87 cat-73 translation_priority-1497\"><div class=\"portfolio-entry-inner entry-inner wpex-first-mt-0 wpex-last-mb-0 wpex-clr\"><div class=\"portfolio-entry-media entry-media\"><a href=\"https:\/\/maquinser.com\/en\/datron\/\" title=\"Datron\" class=\"portfolio-entry-media-link\"><img decoding=\"async\" width=\"312\" height=\"232\" src=\"https:\/\/maquinser.com\/wp-content\/uploads\/2015\/03\/Datron.jpg\" class=\"portfolio-entry-img wpex-align-middle\" alt=\"\" loading=\"lazy\" srcset=\"https:\/\/maquinser.com\/wp-content\/uploads\/2015\/03\/Datron.jpg 312w, https:\/\/maquinser.com\/wp-content\/uploads\/2015\/03\/Datron-300x223.jpg 300w, https:\/\/maquinser.com\/wp-content\/uploads\/2015\/03\/Datron-151x113.jpg 151w\" sizes=\"auto, (max-width: 312px) 100vw, 312px\" \/><\/a><\/div><\/div><\/div><div class=\"portfolio-entry vcex-grid-item span_1_of_6 col col-5 post-2244 entry type-portfolio has-media cat-76 cat-75 cat-77 cat-75 cat-81 cat-75 cat-82 cat-75 translation_priority-1497\"><div class=\"portfolio-entry-inner entry-inner wpex-first-mt-0 wpex-last-mb-0 wpex-clr\"><div class=\"portfolio-entry-media entry-media\"><a href=\"https:\/\/maquinser.com\/en\/bray\/\" title=\"Bray\" class=\"portfolio-entry-media-link\"><img decoding=\"async\" width=\"312\" height=\"232\" src=\"https:\/\/maquinser.com\/wp-content\/uploads\/2015\/02\/Representadas_312x232_Bray.jpg\" class=\"portfolio-entry-img wpex-align-middle\" alt=\"\" loading=\"lazy\" \/><\/a><\/div><\/div><\/div><div class=\"portfolio-entry vcex-grid-item span_1_of_6 col col-6 post-2499 entry type-portfolio has-media cat-127 cat-75 cat-107 cat-76 cat-75 cat-77 cat-75 cat-80 cat-75 cat-78 cat-75 cat-81 cat-75 translation_priority-1497\"><div class=\"portfolio-entry-inner entry-inner wpex-first-mt-0 wpex-last-mb-0 wpex-clr\"><div class=\"portfolio-entry-media entry-media\"><a href=\"https:\/\/maquinser.com\/en\/lumex-series\/\" title=\"Lumex Series by Matsuura\" class=\"portfolio-entry-media-link\"><img decoding=\"async\" width=\"312\" height=\"232\" src=\"https:\/\/maquinser.com\/wp-content\/uploads\/2016\/10\/lumex_logo_312x232.jpg\" class=\"portfolio-entry-img wpex-align-middle\" alt=\"\" loading=\"lazy\" srcset=\"https:\/\/maquinser.com\/wp-content\/uploads\/2016\/10\/lumex_logo_312x232.jpg 312w, https:\/\/maquinser.com\/wp-content\/uploads\/2016\/10\/lumex_logo_312x232-300x223.jpg 300w, https:\/\/maquinser.com\/wp-content\/uploads\/2016\/10\/lumex_logo_312x232-151x113.jpg 151w\" sizes=\"auto, (max-width: 312px) 100vw, 312px\" \/><\/a><\/div><\/div><\/div><div class=\"portfolio-entry vcex-grid-item span_1_of_6 col col-1 post-3259 entry type-portfolio has-media cat-127 cat-75 cat-76 cat-75 cat-77 cat-75 cat-78 cat-75 cat-81 cat-75 cat-82 cat-75 translation_priority-1497\"><div class=\"portfolio-entry-inner entry-inner wpex-first-mt-0 wpex-last-mb-0 wpex-clr\"><div class=\"portfolio-entry-media entry-media\"><a href=\"https:\/\/maquinser.com\/en\/hewlett-packard\/\" title=\"Hewlett-Packard\" class=\"portfolio-entry-media-link\"><img decoding=\"async\" width=\"312\" height=\"232\" src=\"https:\/\/maquinser.com\/wp-content\/uploads\/2017\/02\/HP_logo_312x232.jpg\" class=\"portfolio-entry-img wpex-align-middle\" alt=\"\" loading=\"lazy\" srcset=\"https:\/\/maquinser.com\/wp-content\/uploads\/2017\/02\/HP_logo_312x232.jpg 312w, https:\/\/maquinser.com\/wp-content\/uploads\/2017\/02\/HP_logo_312x232-300x223.jpg 300w, https:\/\/maquinser.com\/wp-content\/uploads\/2017\/02\/HP_logo_312x232-151x113.jpg 151w\" sizes=\"auto, (max-width: 312px) 100vw, 312px\" \/><\/a><\/div><\/div><\/div><div class=\"portfolio-entry vcex-grid-item span_1_of_6 col col-2 post-3248 entry type-portfolio has-media cat-76 cat-75 cat-77 cat-75 cat-80 cat-75 cat-84 cat-73 cat-85 cat-73 cat-79 cat-75 cat-81 cat-75 cat-86 cat-73 cat-96 cat-73 cat-87 cat-73 translation_priority-1497\"><div class=\"portfolio-entry-inner entry-inner wpex-first-mt-0 wpex-last-mb-0 wpex-clr\"><div class=\"portfolio-entry-media entry-media\"><a href=\"https:\/\/maquinser.com\/en\/ken\/\" title=\"Ken\" class=\"portfolio-entry-media-link\"><img decoding=\"async\" width=\"2560\" height=\"1810\" src=\"https:\/\/maquinser.com\/wp-content\/uploads\/2021\/10\/KENLogo_EN-scaled-e1635432578241.jpg\" class=\"portfolio-entry-img wpex-align-middle\" alt=\"\" loading=\"lazy\" \/><\/a><\/div><\/div><\/div><div class=\"portfolio-entry vcex-grid-item span_1_of_6 col col-3 post-4859 entry type-portfolio has-media cat-77 cat-75 cat-80 cat-75 cat-84 cat-73 cat-85 cat-73 cat-81 cat-75 cat-86 cat-73 translation_priority-1497\"><div class=\"portfolio-entry-inner entry-inner wpex-first-mt-0 wpex-last-mb-0 wpex-clr\"><div class=\"portfolio-entry-media entry-media\"><a href=\"https:\/\/maquinser.com\/en\/kira\/\" title=\"Kira\" class=\"portfolio-entry-media-link\"><img decoding=\"async\" width=\"650\" height=\"483\" src=\"https:\/\/maquinser.com\/wp-content\/uploads\/2018\/01\/Representadas_312x232_Kira.jpg\" class=\"portfolio-entry-img wpex-align-middle\" alt=\"\" loading=\"lazy\" srcset=\"https:\/\/maquinser.com\/wp-content\/uploads\/2018\/01\/Representadas_312x232_Kira.jpg 650w, https:\/\/maquinser.com\/wp-content\/uploads\/2018\/01\/Representadas_312x232_Kira-600x446.jpg 600w, https:\/\/maquinser.com\/wp-content\/uploads\/2018\/01\/Representadas_312x232_Kira-300x223.jpg 300w, https:\/\/maquinser.com\/wp-content\/uploads\/2018\/01\/Representadas_312x232_Kira-151x113.jpg 151w\" sizes=\"auto, (max-width: 650px) 100vw, 650px\" \/><\/a><\/div><\/div><\/div><div class=\"portfolio-entry vcex-grid-item span_1_of_6 col col-4 post-4862 entry type-portfolio has-media cat-77 cat-75 cat-88 cat-73 cat-85 cat-73 cat-86 cat-73 translation_priority-1497\"><div class=\"portfolio-entry-inner entry-inner wpex-first-mt-0 wpex-last-mb-0 wpex-clr\"><div class=\"portfolio-entry-media entry-media\"><a href=\"https:\/\/maquinser.com\/en\/first\/\" title=\"First\" class=\"portfolio-entry-media-link\"><img decoding=\"async\" width=\"650\" height=\"483\" src=\"https:\/\/maquinser.com\/wp-content\/uploads\/2018\/01\/Representadas_312x232_FIRST.jpg\" class=\"portfolio-entry-img wpex-align-middle\" alt=\"\" loading=\"lazy\" srcset=\"https:\/\/maquinser.com\/wp-content\/uploads\/2018\/01\/Representadas_312x232_FIRST.jpg 650w, https:\/\/maquinser.com\/wp-content\/uploads\/2018\/01\/Representadas_312x232_FIRST-600x446.jpg 600w, https:\/\/maquinser.com\/wp-content\/uploads\/2018\/01\/Representadas_312x232_FIRST-300x223.jpg 300w, https:\/\/maquinser.com\/wp-content\/uploads\/2018\/01\/Representadas_312x232_FIRST-151x113.jpg 151w\" sizes=\"auto, (max-width: 650px) 100vw, 650px\" \/><\/a><\/div><\/div><\/div><div class=\"portfolio-entry vcex-grid-item span_1_of_6 col col-5 post-7952 entry type-portfolio has-media cat-127 cat-75 cat-76 cat-75 cat-77 cat-75 cat-78 cat-75 cat-81 cat-75 cat-82 cat-75 translation_priority-1497\"><div class=\"portfolio-entry-inner entry-inner wpex-first-mt-0 wpex-last-mb-0 wpex-clr\"><div class=\"portfolio-entry-media entry-media\"><a href=\"https:\/\/maquinser.com\/en\/colibrium-additive\/\" title=\"Colibrium Additive\" class=\"portfolio-entry-media-link\"><img decoding=\"async\" width=\"1301\" height=\"967\" src=\"https:\/\/maquinser.com\/wp-content\/uploads\/2015\/02\/2024_Representadas_312x232_Colibrium-Additive.jpg\" class=\"portfolio-entry-img wpex-align-middle\" alt=\"\" loading=\"lazy\" \/><\/a><\/div><\/div><\/div><\/div><\/div>[\/vc_column][\/vc_row]\n","protected":false},"excerpt":{"rendered":"<p>[vc_row center_row=&#8221;yes&#8221; bg_color=&#8221;#f7f7f7&#8243; margin_top=&#8221;-40px&#8221; padding_top=&#8221;30px&#8221; padding_bottom=&#8221;30px&#8221;][vc_column][vc_column_text] The demanding automotive needs production strategies increasingly competitive: high precision levels, zero defects, flexibility, reduced delivery times; we have concrete answers for these requirements. Our offer, uestra oferta, key element in a workshop, consists of automatized machines for unattended production, with flexible configurations comparable\u00a0 to any transfer or special,&hellip;<\/p>\n","protected":false},"author":2,"featured_media":0,"parent":2087,"menu_order":0,"comment_status":"open","ping_status":"closed","template":"","meta":{"footnotes":""},"class_list":["post-2155","page","type-page","status-publish","hentry","entry","has-media"],"yoast_head":"<!-- This site is optimized with the Yoast SEO plugin v27.2 - https:\/\/yoast.com\/product\/yoast-seo-wordpress\/ -->\n<title>Automotive - Maquinser - Maquinaria y Servicios para la Industria Metalmec\u00e1nica<\/title>\n<meta name=\"robots\" content=\"index, follow, max-snippet:-1, max-image-preview:large, max-video-preview:-1\" \/>\n<link rel=\"canonical\" href=\"https:\/\/maquinser.com\/en\/sectors\/automotive\/\" \/>\n<meta property=\"og:locale\" content=\"en_US\" \/>\n<meta property=\"og:type\" content=\"article\" \/>\n<meta property=\"og:title\" content=\"Automotive - Maquinser - Maquinaria y Servicios para la Industria Metalmec\u00e1nica\" \/>\n<meta property=\"og:description\" content=\"[vc_row center_row=&#8221;yes&#8221; bg_color=&#8221;#f7f7f7&#8243; margin_top=&#8221;-40px&#8221; padding_top=&#8221;30px&#8221; padding_bottom=&#8221;30px&#8221;][vc_column][vc_column_text] The demanding automotive needs production strategies increasingly competitive: high precision levels, zero defects, flexibility, reduced delivery times; we have concrete answers for these requirements. Our offer, uestra oferta, key element in a workshop, consists of automatized machines for unattended production, with flexible configurations comparable\u00a0 to any transfer or special,&hellip;\" \/>\n<meta property=\"og:url\" content=\"https:\/\/maquinser.com\/en\/sectors\/automotive\/\" \/>\n<meta property=\"og:site_name\" content=\"Maquinser - Maquinaria y Servicios para la Industria Metalmec\u00e1nica\" \/>\n<meta property=\"article:publisher\" content=\"http:\/\/fb.me\/Maquinser\" \/>\n<meta name=\"twitter:card\" content=\"summary_large_image\" \/>\n<meta name=\"twitter:site\" content=\"@Maquinser\" \/>\n<meta name=\"twitter:label1\" content=\"Est. reading time\" \/>\n\t<meta name=\"twitter:data1\" content=\"1 minute\" \/>\n<script type=\"application\/ld+json\" class=\"yoast-schema-graph\">{\"@context\":\"https:\/\/schema.org\",\"@graph\":[{\"@type\":\"WebPage\",\"@id\":\"https:\/\/maquinser.com\/en\/sectors\/automotive\/\",\"url\":\"https:\/\/maquinser.com\/en\/sectors\/automotive\/\",\"name\":\"Automotive - Maquinser - Maquinaria y Servicios para la Industria Metalmec\u00e1nica\",\"isPartOf\":{\"@id\":\"https:\/\/maquinser.com\/#website\"},\"datePublished\":\"2016-06-14T07:30:32+00:00\",\"breadcrumb\":{\"@id\":\"https:\/\/maquinser.com\/en\/sectors\/automotive\/#breadcrumb\"},\"inLanguage\":\"en-US\",\"potentialAction\":[{\"@type\":\"ReadAction\",\"target\":[\"https:\/\/maquinser.com\/en\/sectors\/automotive\/\"]}]},{\"@type\":\"BreadcrumbList\",\"@id\":\"https:\/\/maquinser.com\/en\/sectors\/automotive\/#breadcrumb\",\"itemListElement\":[{\"@type\":\"ListItem\",\"position\":1,\"name\":\"Portada\",\"item\":\"https:\/\/maquinser.com\/en\/\"},{\"@type\":\"ListItem\",\"position\":2,\"name\":\"Sectors\",\"item\":\"https:\/\/maquinser.com\/en\/sectors\/\"},{\"@type\":\"ListItem\",\"position\":3,\"name\":\"Automotive\"}]},{\"@type\":\"WebSite\",\"@id\":\"https:\/\/maquinser.com\/#website\",\"url\":\"https:\/\/maquinser.com\/\",\"name\":\"Maquinser - Maquinaria y Servicios para la Industria Metalmec\u00e1nica\",\"description\":\"\",\"publisher\":{\"@id\":\"https:\/\/maquinser.com\/#organization\"},\"potentialAction\":[{\"@type\":\"SearchAction\",\"target\":{\"@type\":\"EntryPoint\",\"urlTemplate\":\"https:\/\/maquinser.com\/?s={search_term_string}\"},\"query-input\":{\"@type\":\"PropertyValueSpecification\",\"valueRequired\":true,\"valueName\":\"search_term_string\"}}],\"inLanguage\":\"en-US\"},{\"@type\":\"Organization\",\"@id\":\"https:\/\/maquinser.com\/#organization\",\"name\":\"Maquinser\",\"url\":\"https:\/\/maquinser.com\/\",\"logo\":{\"@type\":\"ImageObject\",\"inLanguage\":\"en-US\",\"@id\":\"https:\/\/maquinser.com\/#\/schema\/logo\/image\/\",\"url\":\"http:\/\/maquinser.com\/wp-content\/uploads\/2016\/10\/MAQUINSER_Logo_oficial.jpg\",\"contentUrl\":\"http:\/\/maquinser.com\/wp-content\/uploads\/2016\/10\/MAQUINSER_Logo_oficial.jpg\",\"width\":1411,\"height\":326,\"caption\":\"Maquinser\"},\"image\":{\"@id\":\"https:\/\/maquinser.com\/#\/schema\/logo\/image\/\"},\"sameAs\":[\"http:\/\/fb.me\/Maquinser\",\"https:\/\/x.com\/Maquinser\",\"http:\/\/maquinser20s.a.\"]}]}<\/script>\n<!-- \/ Yoast SEO plugin. -->","yoast_head_json":{"title":"Automotive - Maquinser - Maquinaria y Servicios para la Industria Metalmec\u00e1nica","robots":{"index":"index","follow":"follow","max-snippet":"max-snippet:-1","max-image-preview":"max-image-preview:large","max-video-preview":"max-video-preview:-1"},"canonical":"https:\/\/maquinser.com\/en\/sectors\/automotive\/","og_locale":"en_US","og_type":"article","og_title":"Automotive - Maquinser - Maquinaria y Servicios para la Industria Metalmec\u00e1nica","og_description":"[vc_row center_row=&#8221;yes&#8221; bg_color=&#8221;#f7f7f7&#8243; margin_top=&#8221;-40px&#8221; padding_top=&#8221;30px&#8221; padding_bottom=&#8221;30px&#8221;][vc_column][vc_column_text] The demanding automotive needs production strategies increasingly competitive: high precision levels, zero defects, flexibility, reduced delivery times; we have concrete answers for these requirements. Our offer, uestra oferta, key element in a workshop, consists of automatized machines for unattended production, with flexible configurations comparable\u00a0 to any transfer or special,&hellip;","og_url":"https:\/\/maquinser.com\/en\/sectors\/automotive\/","og_site_name":"Maquinser - Maquinaria y Servicios para la Industria Metalmec\u00e1nica","article_publisher":"http:\/\/fb.me\/Maquinser","twitter_card":"summary_large_image","twitter_site":"@Maquinser","twitter_misc":{"Est. reading time":"1 minute"},"schema":{"@context":"https:\/\/schema.org","@graph":[{"@type":"WebPage","@id":"https:\/\/maquinser.com\/en\/sectors\/automotive\/","url":"https:\/\/maquinser.com\/en\/sectors\/automotive\/","name":"Automotive - Maquinser - Maquinaria y Servicios para la Industria Metalmec\u00e1nica","isPartOf":{"@id":"https:\/\/maquinser.com\/#website"},"datePublished":"2016-06-14T07:30:32+00:00","breadcrumb":{"@id":"https:\/\/maquinser.com\/en\/sectors\/automotive\/#breadcrumb"},"inLanguage":"en-US","potentialAction":[{"@type":"ReadAction","target":["https:\/\/maquinser.com\/en\/sectors\/automotive\/"]}]},{"@type":"BreadcrumbList","@id":"https:\/\/maquinser.com\/en\/sectors\/automotive\/#breadcrumb","itemListElement":[{"@type":"ListItem","position":1,"name":"Portada","item":"https:\/\/maquinser.com\/en\/"},{"@type":"ListItem","position":2,"name":"Sectors","item":"https:\/\/maquinser.com\/en\/sectors\/"},{"@type":"ListItem","position":3,"name":"Automotive"}]},{"@type":"WebSite","@id":"https:\/\/maquinser.com\/#website","url":"https:\/\/maquinser.com\/","name":"Maquinser - Maquinaria y Servicios para la Industria Metalmec\u00e1nica","description":"","publisher":{"@id":"https:\/\/maquinser.com\/#organization"},"potentialAction":[{"@type":"SearchAction","target":{"@type":"EntryPoint","urlTemplate":"https:\/\/maquinser.com\/?s={search_term_string}"},"query-input":{"@type":"PropertyValueSpecification","valueRequired":true,"valueName":"search_term_string"}}],"inLanguage":"en-US"},{"@type":"Organization","@id":"https:\/\/maquinser.com\/#organization","name":"Maquinser","url":"https:\/\/maquinser.com\/","logo":{"@type":"ImageObject","inLanguage":"en-US","@id":"https:\/\/maquinser.com\/#\/schema\/logo\/image\/","url":"http:\/\/maquinser.com\/wp-content\/uploads\/2016\/10\/MAQUINSER_Logo_oficial.jpg","contentUrl":"http:\/\/maquinser.com\/wp-content\/uploads\/2016\/10\/MAQUINSER_Logo_oficial.jpg","width":1411,"height":326,"caption":"Maquinser"},"image":{"@id":"https:\/\/maquinser.com\/#\/schema\/logo\/image\/"},"sameAs":["http:\/\/fb.me\/Maquinser","https:\/\/x.com\/Maquinser","http:\/\/maquinser20s.a."]}]}},"_links":{"self":[{"href":"https:\/\/maquinser.com\/en\/wp-json\/wp\/v2\/pages\/2155","targetHints":{"allow":["GET"]}}],"collection":[{"href":"https:\/\/maquinser.com\/en\/wp-json\/wp\/v2\/pages"}],"about":[{"href":"https:\/\/maquinser.com\/en\/wp-json\/wp\/v2\/types\/page"}],"author":[{"embeddable":true,"href":"https:\/\/maquinser.com\/en\/wp-json\/wp\/v2\/users\/2"}],"replies":[{"embeddable":true,"href":"https:\/\/maquinser.com\/en\/wp-json\/wp\/v2\/comments?post=2155"}],"version-history":[{"count":0,"href":"https:\/\/maquinser.com\/en\/wp-json\/wp\/v2\/pages\/2155\/revisions"}],"up":[{"embeddable":true,"href":"https:\/\/maquinser.com\/en\/wp-json\/wp\/v2\/pages\/2087"}],"wp:attachment":[{"href":"https:\/\/maquinser.com\/en\/wp-json\/wp\/v2\/media?parent=2155"}],"curies":[{"name":"wp","href":"https:\/\/api.w.org\/{rel}","templated":true}]}}