{"id":2136,"date":"2016-06-14T08:36:46","date_gmt":"2016-06-14T07:36:46","guid":{"rendered":"https:\/\/demo.maquinser.com\/en\/?page_id=2136"},"modified":"2016-06-14T08:36:46","modified_gmt":"2016-06-14T07:36:46","slug":"softmaterials","status":"publish","type":"page","link":"https:\/\/maquinser.com\/en\/sectors\/softmaterials\/","title":{"rendered":"Softmaterials"},"content":{"rendered":"[vc_row center_row=&#8221;yes&#8221; bg_color=&#8221;#f7f7f7&#8243; margin_top=&#8221;-40px&#8221; padding_top=&#8221;30px&#8221; padding_bottom=&#8221;30px&#8221;][vc_column][vc_column_text]\n<p style=\"text-align: justify; font-size: 16px;\">The strong implementation of strong materials, such as composites in aerospace or automotive industry, has meant a great development of new materials for machining. The special malleability specifications of these materials to be mac fuerte implantaci\u00f3n de nuevos materiales, como los composites en la industria aeroespacial o del autom\u00f3vil, ha supuesto un gran desarrollo de nuevos materiales con necesidad de mecanizar por arranque de viruta. Las especiales caracter\u00edsticas de maleabilidad de estos materiales demandan de sistemas de sujeci\u00f3n espec\u00edficos y de herramientas y estrategias de corte concretos, donde la experiencia de MAQUINSER puede ofrecerle la soluci\u00f3n m\u00e1s \u00f3ptima.<\/p>\n[\/vc_column_text][\/vc_column][\/vc_row][vc_row center_row=&#8221;yes&#8221; min_height=&#8221;350px&#8221;][vc_column width=&#8221;1\/1&#8243;]<div class=\"vcex-module vcex-portfolio-grid-wrap wpex-clr\"><div class=\"wpex-row vcex-portfolio-grid wpex-clr entries\"><div class=\"portfolio-entry vcex-grid-item span_1_of_6 col col-1 post-2240 entry type-portfolio has-media cat-76 cat-75 cat-77 cat-75 cat-78 cat-75 cat-86 cat-73 cat-82 cat-75 cat-87 cat-73 translation_priority-1497\"><div class=\"portfolio-entry-inner entry-inner wpex-first-mt-0 wpex-last-mb-0 wpex-clr\"><div class=\"portfolio-entry-media entry-media\"><a href=\"https:\/\/maquinser.com\/en\/datron\/\" title=\"Datron\" class=\"portfolio-entry-media-link\"><img decoding=\"async\" width=\"312\" height=\"232\" src=\"https:\/\/maquinser.com\/wp-content\/uploads\/2015\/03\/Datron.jpg\" class=\"portfolio-entry-img wpex-align-middle\" alt=\"\" loading=\"lazy\" srcset=\"https:\/\/maquinser.com\/wp-content\/uploads\/2015\/03\/Datron.jpg 312w, https:\/\/maquinser.com\/wp-content\/uploads\/2015\/03\/Datron-300x223.jpg 300w, https:\/\/maquinser.com\/wp-content\/uploads\/2015\/03\/Datron-151x113.jpg 151w\" sizes=\"auto, (max-width: 312px) 100vw, 312px\" \/><\/a><\/div><\/div><\/div><div class=\"portfolio-entry vcex-grid-item span_1_of_6 col col-2 post-2244 entry type-portfolio has-media cat-76 cat-75 cat-77 cat-75 cat-81 cat-75 cat-82 cat-75 translation_priority-1497\"><div class=\"portfolio-entry-inner entry-inner wpex-first-mt-0 wpex-last-mb-0 wpex-clr\"><div class=\"portfolio-entry-media entry-media\"><a href=\"https:\/\/maquinser.com\/en\/bray\/\" title=\"Bray\" class=\"portfolio-entry-media-link\"><img decoding=\"async\" width=\"312\" height=\"232\" src=\"https:\/\/maquinser.com\/wp-content\/uploads\/2015\/02\/Representadas_312x232_Bray.jpg\" class=\"portfolio-entry-img wpex-align-middle\" alt=\"\" loading=\"lazy\" \/><\/a><\/div><\/div><\/div><div class=\"portfolio-entry vcex-grid-item span_1_of_6 col col-3 post-3259 entry type-portfolio has-media cat-127 cat-75 cat-76 cat-75 cat-77 cat-75 cat-78 cat-75 cat-81 cat-75 cat-82 cat-75 translation_priority-1497\"><div class=\"portfolio-entry-inner entry-inner wpex-first-mt-0 wpex-last-mb-0 wpex-clr\"><div class=\"portfolio-entry-media entry-media\"><a href=\"https:\/\/maquinser.com\/en\/hewlett-packard\/\" title=\"Hewlett-Packard\" class=\"portfolio-entry-media-link\"><img decoding=\"async\" width=\"312\" height=\"232\" src=\"https:\/\/maquinser.com\/wp-content\/uploads\/2017\/02\/HP_logo_312x232.jpg\" class=\"portfolio-entry-img wpex-align-middle\" alt=\"\" loading=\"lazy\" srcset=\"https:\/\/maquinser.com\/wp-content\/uploads\/2017\/02\/HP_logo_312x232.jpg 312w, https:\/\/maquinser.com\/wp-content\/uploads\/2017\/02\/HP_logo_312x232-300x223.jpg 300w, https:\/\/maquinser.com\/wp-content\/uploads\/2017\/02\/HP_logo_312x232-151x113.jpg 151w\" sizes=\"auto, (max-width: 312px) 100vw, 312px\" \/><\/a><\/div><\/div><\/div><div class=\"portfolio-entry vcex-grid-item span_1_of_6 col col-4 post-7952 entry type-portfolio has-media cat-127 cat-75 cat-76 cat-75 cat-77 cat-75 cat-78 cat-75 cat-81 cat-75 cat-82 cat-75 translation_priority-1497\"><div class=\"portfolio-entry-inner entry-inner wpex-first-mt-0 wpex-last-mb-0 wpex-clr\"><div class=\"portfolio-entry-media entry-media\"><a href=\"https:\/\/maquinser.com\/en\/colibrium-additive\/\" title=\"Colibrium Additive\" class=\"portfolio-entry-media-link\"><img decoding=\"async\" width=\"1301\" height=\"967\" src=\"https:\/\/maquinser.com\/wp-content\/uploads\/2015\/02\/2024_Representadas_312x232_Colibrium-Additive.jpg\" class=\"portfolio-entry-img wpex-align-middle\" alt=\"\" loading=\"lazy\" \/><\/a><\/div><\/div><\/div><\/div><\/div>[\/vc_column][\/vc_row]\n","protected":false},"excerpt":{"rendered":"<p>[vc_row center_row=&#8221;yes&#8221; bg_color=&#8221;#f7f7f7&#8243; margin_top=&#8221;-40px&#8221; padding_top=&#8221;30px&#8221; padding_bottom=&#8221;30px&#8221;][vc_column][vc_column_text] The strong implementation of strong materials, such as composites in aerospace or automotive industry, has meant a great development of new materials for machining. The special malleability specifications of these materials to be mac fuerte implantaci\u00f3n de nuevos materiales, como los composites en la industria aeroespacial o del autom\u00f3vil,&hellip;<\/p>\n","protected":false},"author":2,"featured_media":0,"parent":2087,"menu_order":0,"comment_status":"open","ping_status":"open","template":"","meta":{"footnotes":""},"class_list":["post-2136","page","type-page","status-publish","hentry","entry","has-media"],"yoast_head":"<!-- This site is optimized with the Yoast SEO plugin v27.2 - https:\/\/yoast.com\/product\/yoast-seo-wordpress\/ -->\n<title>Softmaterials - Maquinser - Maquinaria y Servicios para la Industria Metalmec\u00e1nica<\/title>\n<meta name=\"robots\" content=\"index, follow, max-snippet:-1, max-image-preview:large, max-video-preview:-1\" \/>\n<link rel=\"canonical\" href=\"https:\/\/maquinser.com\/en\/sectors\/softmaterials\/\" \/>\n<meta property=\"og:locale\" content=\"en_US\" \/>\n<meta property=\"og:type\" content=\"article\" \/>\n<meta property=\"og:title\" content=\"Softmaterials - Maquinser - Maquinaria y Servicios para la Industria Metalmec\u00e1nica\" \/>\n<meta property=\"og:description\" content=\"[vc_row center_row=&#8221;yes&#8221; bg_color=&#8221;#f7f7f7&#8243; margin_top=&#8221;-40px&#8221; padding_top=&#8221;30px&#8221; padding_bottom=&#8221;30px&#8221;][vc_column][vc_column_text] The strong implementation of strong materials, such as composites in aerospace or automotive industry, has meant a great development of new materials for machining. The special malleability specifications of these materials to be mac fuerte implantaci\u00f3n de nuevos materiales, como los composites en la industria aeroespacial o del autom\u00f3vil,&hellip;\" \/>\n<meta property=\"og:url\" content=\"https:\/\/maquinser.com\/en\/sectors\/softmaterials\/\" \/>\n<meta property=\"og:site_name\" content=\"Maquinser - Maquinaria y Servicios para la Industria Metalmec\u00e1nica\" \/>\n<meta property=\"article:publisher\" content=\"http:\/\/fb.me\/Maquinser\" \/>\n<meta name=\"twitter:card\" content=\"summary_large_image\" \/>\n<meta name=\"twitter:site\" content=\"@Maquinser\" \/>\n<meta name=\"twitter:label1\" content=\"Est. reading time\" \/>\n\t<meta name=\"twitter:data1\" content=\"1 minute\" \/>\n<script type=\"application\/ld+json\" class=\"yoast-schema-graph\">{\"@context\":\"https:\/\/schema.org\",\"@graph\":[{\"@type\":\"WebPage\",\"@id\":\"https:\/\/maquinser.com\/en\/sectors\/softmaterials\/\",\"url\":\"https:\/\/maquinser.com\/en\/sectors\/softmaterials\/\",\"name\":\"Softmaterials - Maquinser - Maquinaria y Servicios para la Industria Metalmec\u00e1nica\",\"isPartOf\":{\"@id\":\"https:\/\/maquinser.com\/#website\"},\"datePublished\":\"2016-06-14T07:36:46+00:00\",\"breadcrumb\":{\"@id\":\"https:\/\/maquinser.com\/en\/sectors\/softmaterials\/#breadcrumb\"},\"inLanguage\":\"en-US\",\"potentialAction\":[{\"@type\":\"ReadAction\",\"target\":[\"https:\/\/maquinser.com\/en\/sectors\/softmaterials\/\"]}]},{\"@type\":\"BreadcrumbList\",\"@id\":\"https:\/\/maquinser.com\/en\/sectors\/softmaterials\/#breadcrumb\",\"itemListElement\":[{\"@type\":\"ListItem\",\"position\":1,\"name\":\"Portada\",\"item\":\"https:\/\/maquinser.com\/en\/\"},{\"@type\":\"ListItem\",\"position\":2,\"name\":\"Sectors\",\"item\":\"https:\/\/maquinser.com\/en\/sectors\/\"},{\"@type\":\"ListItem\",\"position\":3,\"name\":\"Softmaterials\"}]},{\"@type\":\"WebSite\",\"@id\":\"https:\/\/maquinser.com\/#website\",\"url\":\"https:\/\/maquinser.com\/\",\"name\":\"Maquinser - Maquinaria y Servicios para la Industria Metalmec\u00e1nica\",\"description\":\"\",\"publisher\":{\"@id\":\"https:\/\/maquinser.com\/#organization\"},\"potentialAction\":[{\"@type\":\"SearchAction\",\"target\":{\"@type\":\"EntryPoint\",\"urlTemplate\":\"https:\/\/maquinser.com\/?s={search_term_string}\"},\"query-input\":{\"@type\":\"PropertyValueSpecification\",\"valueRequired\":true,\"valueName\":\"search_term_string\"}}],\"inLanguage\":\"en-US\"},{\"@type\":\"Organization\",\"@id\":\"https:\/\/maquinser.com\/#organization\",\"name\":\"Maquinser\",\"url\":\"https:\/\/maquinser.com\/\",\"logo\":{\"@type\":\"ImageObject\",\"inLanguage\":\"en-US\",\"@id\":\"https:\/\/maquinser.com\/#\/schema\/logo\/image\/\",\"url\":\"http:\/\/maquinser.com\/wp-content\/uploads\/2016\/10\/MAQUINSER_Logo_oficial.jpg\",\"contentUrl\":\"http:\/\/maquinser.com\/wp-content\/uploads\/2016\/10\/MAQUINSER_Logo_oficial.jpg\",\"width\":1411,\"height\":326,\"caption\":\"Maquinser\"},\"image\":{\"@id\":\"https:\/\/maquinser.com\/#\/schema\/logo\/image\/\"},\"sameAs\":[\"http:\/\/fb.me\/Maquinser\",\"https:\/\/x.com\/Maquinser\",\"http:\/\/maquinser20s.a.\"]}]}<\/script>\n<!-- \/ Yoast SEO plugin. -->","yoast_head_json":{"title":"Softmaterials - Maquinser - Maquinaria y Servicios para la Industria Metalmec\u00e1nica","robots":{"index":"index","follow":"follow","max-snippet":"max-snippet:-1","max-image-preview":"max-image-preview:large","max-video-preview":"max-video-preview:-1"},"canonical":"https:\/\/maquinser.com\/en\/sectors\/softmaterials\/","og_locale":"en_US","og_type":"article","og_title":"Softmaterials - Maquinser - Maquinaria y Servicios para la Industria Metalmec\u00e1nica","og_description":"[vc_row center_row=&#8221;yes&#8221; bg_color=&#8221;#f7f7f7&#8243; margin_top=&#8221;-40px&#8221; padding_top=&#8221;30px&#8221; padding_bottom=&#8221;30px&#8221;][vc_column][vc_column_text] The strong implementation of strong materials, such as composites in aerospace or automotive industry, has meant a great development of new materials for machining. The special malleability specifications of these materials to be mac fuerte implantaci\u00f3n de nuevos materiales, como los composites en la industria aeroespacial o del autom\u00f3vil,&hellip;","og_url":"https:\/\/maquinser.com\/en\/sectors\/softmaterials\/","og_site_name":"Maquinser - Maquinaria y Servicios para la Industria Metalmec\u00e1nica","article_publisher":"http:\/\/fb.me\/Maquinser","twitter_card":"summary_large_image","twitter_site":"@Maquinser","twitter_misc":{"Est. reading time":"1 minute"},"schema":{"@context":"https:\/\/schema.org","@graph":[{"@type":"WebPage","@id":"https:\/\/maquinser.com\/en\/sectors\/softmaterials\/","url":"https:\/\/maquinser.com\/en\/sectors\/softmaterials\/","name":"Softmaterials - Maquinser - Maquinaria y Servicios para la Industria Metalmec\u00e1nica","isPartOf":{"@id":"https:\/\/maquinser.com\/#website"},"datePublished":"2016-06-14T07:36:46+00:00","breadcrumb":{"@id":"https:\/\/maquinser.com\/en\/sectors\/softmaterials\/#breadcrumb"},"inLanguage":"en-US","potentialAction":[{"@type":"ReadAction","target":["https:\/\/maquinser.com\/en\/sectors\/softmaterials\/"]}]},{"@type":"BreadcrumbList","@id":"https:\/\/maquinser.com\/en\/sectors\/softmaterials\/#breadcrumb","itemListElement":[{"@type":"ListItem","position":1,"name":"Portada","item":"https:\/\/maquinser.com\/en\/"},{"@type":"ListItem","position":2,"name":"Sectors","item":"https:\/\/maquinser.com\/en\/sectors\/"},{"@type":"ListItem","position":3,"name":"Softmaterials"}]},{"@type":"WebSite","@id":"https:\/\/maquinser.com\/#website","url":"https:\/\/maquinser.com\/","name":"Maquinser - Maquinaria y Servicios para la Industria Metalmec\u00e1nica","description":"","publisher":{"@id":"https:\/\/maquinser.com\/#organization"},"potentialAction":[{"@type":"SearchAction","target":{"@type":"EntryPoint","urlTemplate":"https:\/\/maquinser.com\/?s={search_term_string}"},"query-input":{"@type":"PropertyValueSpecification","valueRequired":true,"valueName":"search_term_string"}}],"inLanguage":"en-US"},{"@type":"Organization","@id":"https:\/\/maquinser.com\/#organization","name":"Maquinser","url":"https:\/\/maquinser.com\/","logo":{"@type":"ImageObject","inLanguage":"en-US","@id":"https:\/\/maquinser.com\/#\/schema\/logo\/image\/","url":"http:\/\/maquinser.com\/wp-content\/uploads\/2016\/10\/MAQUINSER_Logo_oficial.jpg","contentUrl":"http:\/\/maquinser.com\/wp-content\/uploads\/2016\/10\/MAQUINSER_Logo_oficial.jpg","width":1411,"height":326,"caption":"Maquinser"},"image":{"@id":"https:\/\/maquinser.com\/#\/schema\/logo\/image\/"},"sameAs":["http:\/\/fb.me\/Maquinser","https:\/\/x.com\/Maquinser","http:\/\/maquinser20s.a."]}]}},"_links":{"self":[{"href":"https:\/\/maquinser.com\/en\/wp-json\/wp\/v2\/pages\/2136","targetHints":{"allow":["GET"]}}],"collection":[{"href":"https:\/\/maquinser.com\/en\/wp-json\/wp\/v2\/pages"}],"about":[{"href":"https:\/\/maquinser.com\/en\/wp-json\/wp\/v2\/types\/page"}],"author":[{"embeddable":true,"href":"https:\/\/maquinser.com\/en\/wp-json\/wp\/v2\/users\/2"}],"replies":[{"embeddable":true,"href":"https:\/\/maquinser.com\/en\/wp-json\/wp\/v2\/comments?post=2136"}],"version-history":[{"count":0,"href":"https:\/\/maquinser.com\/en\/wp-json\/wp\/v2\/pages\/2136\/revisions"}],"up":[{"embeddable":true,"href":"https:\/\/maquinser.com\/en\/wp-json\/wp\/v2\/pages\/2087"}],"wp:attachment":[{"href":"https:\/\/maquinser.com\/en\/wp-json\/wp\/v2\/media?parent=2136"}],"curies":[{"name":"wp","href":"https:\/\/api.w.org\/{rel}","templated":true}]}}